{"id":851,"date":"2021-05-25T17:37:11","date_gmt":"2021-05-25T17:37:11","guid":{"rendered":"https:\/\/dorasilagyi.hu\/?post_type=product&#038;p=851"},"modified":"2026-03-02T08:05:32","modified_gmt":"2026-03-02T08:05:32","slug":"cleo-nyaklanc","status":"publish","type":"product","link":"https:\/\/dorasilagyi.hu\/en\/product\/cleo-nyaklanc\/","title":{"rendered":"&#039;Cleo&#039; necklace"},"content":{"rendered":"<p><span style=\"font-weight: 400;\">Material: sterling silver or 14 carat gold (yellow, pink, white)<\/span> <span style=\"font-weight: 400;\">Optional gemstones for silver: sapphire (dark blue, pink, yellow)<\/span> Optional gemstones for the 14k gold version: sapphire, moissanite (colorless), cognac diamond. <span style=\"font-weight: 400;\">If you require a different gemstone-metal alloy combination, please contact us for a custom order. <\/span><a href=\"\/en\/about\/connect\/\"><b>HERE<\/b><\/a><span style=\"font-weight: 400;\">!<\/span><\/p>","protected":false},"excerpt":{"rendered":"<p><span style=\"font-weight: 400;\">The Cleo pendant and earrings were born as part of a collection inspired by the typical forms of Egyptian art. With its understated shape and small size, the earring&#039;s harmonious proportions and lines make it an eternal accessory for everyday life.<br \/>\nAvailable in silver or 14k gold with a round cut gemstone (3mm diameter). Chain type: snake chain, length 42 cm.<\/span><\/p>\n<p>&nbsp;<\/p>\n<p>&nbsp;<\/p>","protected":false},"featured_media":1291,"template":"","meta":{"_et_pb_use_builder":"off","_et_pb_old_content":"<span style=\"font-weight: 400\">Anyag: sterling ez\u00fcst, vagy 14kar\u00e1tos arany (s\u00e1rga, roz\u00e9, feh\u00e9r)<\/span>\r\n\r\n<span style=\"font-weight: 400\">V\u00e1laszthat\u00f3 dr\u00e1gak\u00f6vek ez\u00fcsth\u00f6z: zaf\u00edr (s\u00f6t\u00e9tk\u00e9k, r\u00f3zsasz\u00edn, s\u00e1rga)<\/span>\r\n\r\nV\u00e1laszthat\u00f3 dr\u00e1gak\u00f6vek 14kar\u00e1tos arany verzi\u00f3hoz: zaf\u00edr, moissanit (sz\u00edntelen), konyak gy\u00e9m\u00e1nt. Megrendel\u00e9s eset\u00e9n megjegyz\u00e9sben, vagy emailben jelezd a v\u00e1lasztott dr\u00e1gak\u00f6vet \u00e9s \u00e1rnyalat\u00e1t.\r\n\r\n<span style=\"font-weight: 400\">M\u00e1sfajta dr\u00e1gak\u0151-f\u00e9m\u00f6tv\u00f6zet kombin\u00e1ci\u00f3 ig\u00e9ny\u00e9nek eset\u00e9n vedd fel vel\u00fcnk a kapcsolatot egyedi megrendel\u00e9shez, <\/span><a href=\"\/about\/connect\"><b>ITT<\/b><\/a><span style=\"font-weight: 400\">!<\/span>","_et_gb_content_width":"","_monsterinsights_skip_tracking":false,"_monsterinsights_sitenote_active":false,"_monsterinsights_sitenote_note":"","_monsterinsights_sitenote_category":0},"product_cat":[132,128,131],"product_tag":[51,39],"class_list":["post-851","product","type-product","status-publish","has-post-thumbnail","hentry","product_cat-ready-to-ship","product_cat-nyaklanc-medal","product_cat-ezust-ekszer","product_tag-nyaklanc","product_tag-sterling-ezust"],"yoast_head":"<!-- This site is optimized with the Yoast SEO plugin v19.9 - https:\/\/yoast.com\/wordpress\/plugins\/seo\/ -->\n<title>&#039;Cleo&#039; nyakl\u00e1nc &mdash; Dora Silagyi Jewellery<\/title>\n<meta name=\"description\" content=\"Az egyiptomi m\u0171v\u00e9szet jellegzetes form\u00e1i \u00e1ltal inspir\u00e1lt kollekci\u00f3 darabjak\u00e9nt sz\u00fcletett meg a Cleo med\u00e1l \u00e9s f\u00fclbeval\u00f3. A med\u00e1l visszafogott form\u00e1j\u00e1val \u00e9s kis m\u00e9ret\u00e9vel, a f\u00fclbeval\u00f3 harmonikus ar\u00e1nyaival \u00e9s vonalaival \u00f6r\u00f6k kieg\u00e9sz\u00edt\u0151 a mindennapokban.\" \/>\n<meta name=\"robots\" content=\"index, follow, max-snippet:-1, max-image-preview:large, max-video-preview:-1\" \/>\n<link rel=\"canonical\" href=\"https:\/\/dorasilagyi.hu\/en\/product\/cleo-nyaklanc\/\" \/>\n<meta property=\"og:locale\" content=\"en_GB\" \/>\n<meta property=\"og:type\" content=\"article\" \/>\n<meta property=\"og:title\" content=\"&#039;Cleo&#039; nyakl\u00e1nc &mdash; Dora Silagyi Jewellery\" \/>\n<meta property=\"og:description\" content=\"Az egyiptomi m\u0171v\u00e9szet jellegzetes form\u00e1i \u00e1ltal inspir\u00e1lt kollekci\u00f3 darabjak\u00e9nt sz\u00fcletett meg a Cleo med\u00e1l \u00e9s f\u00fclbeval\u00f3. A med\u00e1l visszafogott form\u00e1j\u00e1val \u00e9s kis m\u00e9ret\u00e9vel, a f\u00fclbeval\u00f3 harmonikus ar\u00e1nyaival \u00e9s vonalaival \u00f6r\u00f6k kieg\u00e9sz\u00edt\u0151 a mindennapokban.\" \/>\n<meta property=\"og:url\" content=\"https:\/\/dorasilagyi.hu\/en\/product\/cleo-nyaklanc\/\" \/>\n<meta property=\"og:site_name\" content=\"Dora Silagyi Jewellery\" \/>\n<meta property=\"article:publisher\" content=\"https:\/\/www.facebook.com\/Dora-Silagyi-Jewellery-109313484673073\" \/>\n<meta property=\"article:modified_time\" content=\"2026-03-02T08:05:32+00:00\" \/>\n<meta property=\"og:image\" content=\"https:\/\/dorasilagyi.hu\/wp-content\/uploads\/2021\/05\/Cleo-2.jpg\" \/>\n\t<meta property=\"og:image:width\" content=\"729\" \/>\n\t<meta property=\"og:image:height\" content=\"1080\" \/>\n\t<meta property=\"og:image:type\" content=\"image\/jpeg\" \/>\n<meta name=\"twitter:card\" content=\"summary_large_image\" \/>\n<meta name=\"twitter:label1\" content=\"Estimated reading time\" \/>\n\t<meta name=\"twitter:data1\" content=\"1 minute\" \/>\n<script type=\"application\/ld+json\" class=\"yoast-schema-graph\">{\"@context\":\"https:\/\/schema.org\",\"@graph\":[{\"@type\":\"WebPage\",\"@id\":\"https:\/\/dorasilagyi.hu\/termek\/cleo-nyaklanc\/\",\"url\":\"https:\/\/dorasilagyi.hu\/termek\/cleo-nyaklanc\/\",\"name\":\"'Cleo' nyakl\u00e1nc &mdash; Dora Silagyi Jewellery\",\"isPartOf\":{\"@id\":\"https:\/\/dorasilagyi.hu\/#website\"},\"datePublished\":\"2021-05-25T17:37:11+00:00\",\"dateModified\":\"2026-03-02T08:05:32+00:00\",\"description\":\"Az egyiptomi m\u0171v\u00e9szet jellegzetes form\u00e1i \u00e1ltal inspir\u00e1lt kollekci\u00f3 darabjak\u00e9nt sz\u00fcletett meg a Cleo med\u00e1l \u00e9s f\u00fclbeval\u00f3. A med\u00e1l visszafogott form\u00e1j\u00e1val \u00e9s kis m\u00e9ret\u00e9vel, a f\u00fclbeval\u00f3 harmonikus ar\u00e1nyaival \u00e9s vonalaival \u00f6r\u00f6k kieg\u00e9sz\u00edt\u0151 a mindennapokban.\",\"breadcrumb\":{\"@id\":\"https:\/\/dorasilagyi.hu\/termek\/cleo-nyaklanc\/#breadcrumb\"},\"inLanguage\":\"en-GB\",\"potentialAction\":[{\"@type\":\"ReadAction\",\"target\":[\"https:\/\/dorasilagyi.hu\/termek\/cleo-nyaklanc\/\"]}]},{\"@type\":\"BreadcrumbList\",\"@id\":\"https:\/\/dorasilagyi.hu\/termek\/cleo-nyaklanc\/#breadcrumb\",\"itemListElement\":[{\"@type\":\"ListItem\",\"position\":1,\"name\":\"Kezd\u0151lap\",\"item\":\"https:\/\/dorasilagyi.hu\/\"},{\"@type\":\"ListItem\",\"position\":2,\"name\":\"Shop\",\"item\":\"https:\/\/dorasilagyi.hu\/shop\/\"},{\"@type\":\"ListItem\",\"position\":3,\"name\":\"&#8216;Cleo&#8217; nyakl\u00e1nc\"}]},{\"@type\":\"WebSite\",\"@id\":\"https:\/\/dorasilagyi.hu\/#website\",\"url\":\"https:\/\/dorasilagyi.hu\/\",\"name\":\"Dora Silagyi Jewellery\",\"description\":\"Sophisticated, timeless jewellery design\",\"publisher\":{\"@id\":\"https:\/\/dorasilagyi.hu\/#organization\"},\"potentialAction\":[{\"@type\":\"SearchAction\",\"target\":{\"@type\":\"EntryPoint\",\"urlTemplate\":\"https:\/\/dorasilagyi.hu\/?s={search_term_string}\"},\"query-input\":\"required name=search_term_string\"}],\"inLanguage\":\"en-GB\"},{\"@type\":\"Organization\",\"@id\":\"https:\/\/dorasilagyi.hu\/#organization\",\"name\":\"Dora Silagyi Jewellery\",\"url\":\"https:\/\/dorasilagyi.hu\/\",\"logo\":{\"@type\":\"ImageObject\",\"inLanguage\":\"en-GB\",\"@id\":\"https:\/\/dorasilagyi.hu\/#\/schema\/logo\/image\/\",\"url\":\"https:\/\/dorasilagyi.hu\/wp-content\/uploads\/2021\/05\/logowebre.png\",\"contentUrl\":\"https:\/\/dorasilagyi.hu\/wp-content\/uploads\/2021\/05\/logowebre.png\",\"width\":586,\"height\":431,\"caption\":\"Dora Silagyi Jewellery\"},\"image\":{\"@id\":\"https:\/\/dorasilagyi.hu\/#\/schema\/logo\/image\/\"},\"sameAs\":[\"https:\/\/www.instagram.com\/dorasilagyi\/\",\"https:\/\/www.facebook.com\/Dora-Silagyi-Jewellery-109313484673073\"]}]}<\/script>\n<!-- \/ Yoast SEO plugin. -->","yoast_head_json":{"title":"'Cleo' nyakl\u00e1nc &mdash; Dora Silagyi Jewellery","description":"Az egyiptomi m\u0171v\u00e9szet jellegzetes form\u00e1i \u00e1ltal inspir\u00e1lt kollekci\u00f3 darabjak\u00e9nt sz\u00fcletett meg a Cleo med\u00e1l \u00e9s f\u00fclbeval\u00f3. A med\u00e1l visszafogott form\u00e1j\u00e1val \u00e9s kis m\u00e9ret\u00e9vel, a f\u00fclbeval\u00f3 harmonikus ar\u00e1nyaival \u00e9s vonalaival \u00f6r\u00f6k kieg\u00e9sz\u00edt\u0151 a mindennapokban.","robots":{"index":"index","follow":"follow","max-snippet":"max-snippet:-1","max-image-preview":"max-image-preview:large","max-video-preview":"max-video-preview:-1"},"canonical":"https:\/\/dorasilagyi.hu\/en\/product\/cleo-nyaklanc\/","og_locale":"en_GB","og_type":"article","og_title":"'Cleo' nyakl\u00e1nc &mdash; Dora Silagyi Jewellery","og_description":"Az egyiptomi m\u0171v\u00e9szet jellegzetes form\u00e1i \u00e1ltal inspir\u00e1lt kollekci\u00f3 darabjak\u00e9nt sz\u00fcletett meg a Cleo med\u00e1l \u00e9s f\u00fclbeval\u00f3. A med\u00e1l visszafogott form\u00e1j\u00e1val \u00e9s kis m\u00e9ret\u00e9vel, a f\u00fclbeval\u00f3 harmonikus ar\u00e1nyaival \u00e9s vonalaival \u00f6r\u00f6k kieg\u00e9sz\u00edt\u0151 a mindennapokban.","og_url":"https:\/\/dorasilagyi.hu\/en\/product\/cleo-nyaklanc\/","og_site_name":"Dora Silagyi Jewellery","article_publisher":"https:\/\/www.facebook.com\/Dora-Silagyi-Jewellery-109313484673073","article_modified_time":"2026-03-02T08:05:32+00:00","og_image":[{"width":729,"height":1080,"url":"https:\/\/dorasilagyi.hu\/wp-content\/uploads\/2021\/05\/Cleo-2.jpg","type":"image\/jpeg"}],"twitter_card":"summary_large_image","twitter_misc":{"Estimated reading time":"1 minute"},"schema":{"@context":"https:\/\/schema.org","@graph":[{"@type":"WebPage","@id":"https:\/\/dorasilagyi.hu\/termek\/cleo-nyaklanc\/","url":"https:\/\/dorasilagyi.hu\/termek\/cleo-nyaklanc\/","name":"'Cleo' nyakl\u00e1nc &mdash; Dora Silagyi Jewellery","isPartOf":{"@id":"https:\/\/dorasilagyi.hu\/#website"},"datePublished":"2021-05-25T17:37:11+00:00","dateModified":"2026-03-02T08:05:32+00:00","description":"Az egyiptomi m\u0171v\u00e9szet jellegzetes form\u00e1i \u00e1ltal inspir\u00e1lt kollekci\u00f3 darabjak\u00e9nt sz\u00fcletett meg a Cleo med\u00e1l \u00e9s f\u00fclbeval\u00f3. A med\u00e1l visszafogott form\u00e1j\u00e1val \u00e9s kis m\u00e9ret\u00e9vel, a f\u00fclbeval\u00f3 harmonikus ar\u00e1nyaival \u00e9s vonalaival \u00f6r\u00f6k kieg\u00e9sz\u00edt\u0151 a mindennapokban.","breadcrumb":{"@id":"https:\/\/dorasilagyi.hu\/termek\/cleo-nyaklanc\/#breadcrumb"},"inLanguage":"en-GB","potentialAction":[{"@type":"ReadAction","target":["https:\/\/dorasilagyi.hu\/termek\/cleo-nyaklanc\/"]}]},{"@type":"BreadcrumbList","@id":"https:\/\/dorasilagyi.hu\/termek\/cleo-nyaklanc\/#breadcrumb","itemListElement":[{"@type":"ListItem","position":1,"name":"Kezd\u0151lap","item":"https:\/\/dorasilagyi.hu\/"},{"@type":"ListItem","position":2,"name":"Shop","item":"https:\/\/dorasilagyi.hu\/shop\/"},{"@type":"ListItem","position":3,"name":"&#8216;Cleo&#8217; nyakl\u00e1nc"}]},{"@type":"WebSite","@id":"https:\/\/dorasilagyi.hu\/#website","url":"https:\/\/dorasilagyi.hu\/","name":"Dora Silagyi Jewellery","description":"Sophisticated, timeless jewellery design","publisher":{"@id":"https:\/\/dorasilagyi.hu\/#organization"},"potentialAction":[{"@type":"SearchAction","target":{"@type":"EntryPoint","urlTemplate":"https:\/\/dorasilagyi.hu\/?s={search_term_string}"},"query-input":"required name=search_term_string"}],"inLanguage":"en-GB"},{"@type":"Organization","@id":"https:\/\/dorasilagyi.hu\/#organization","name":"Dora Silagyi Jewellery","url":"https:\/\/dorasilagyi.hu\/","logo":{"@type":"ImageObject","inLanguage":"en-GB","@id":"https:\/\/dorasilagyi.hu\/#\/schema\/logo\/image\/","url":"https:\/\/dorasilagyi.hu\/wp-content\/uploads\/2021\/05\/logowebre.png","contentUrl":"https:\/\/dorasilagyi.hu\/wp-content\/uploads\/2021\/05\/logowebre.png","width":586,"height":431,"caption":"Dora Silagyi Jewellery"},"image":{"@id":"https:\/\/dorasilagyi.hu\/#\/schema\/logo\/image\/"},"sameAs":["https:\/\/www.instagram.com\/dorasilagyi\/","https:\/\/www.facebook.com\/Dora-Silagyi-Jewellery-109313484673073"]}]}},"_links":{"self":[{"href":"https:\/\/dorasilagyi.hu\/en\/wp-json\/wp\/v2\/product\/851","targetHints":{"allow":["GET"]}}],"collection":[{"href":"https:\/\/dorasilagyi.hu\/en\/wp-json\/wp\/v2\/product"}],"about":[{"href":"https:\/\/dorasilagyi.hu\/en\/wp-json\/wp\/v2\/types\/product"}],"wp:featuredmedia":[{"embeddable":true,"href":"https:\/\/dorasilagyi.hu\/en\/wp-json\/wp\/v2\/media\/1291"}],"wp:attachment":[{"href":"https:\/\/dorasilagyi.hu\/en\/wp-json\/wp\/v2\/media?parent=851"}],"wp:term":[{"taxonomy":"product_cat","embeddable":true,"href":"https:\/\/dorasilagyi.hu\/en\/wp-json\/wp\/v2\/product_cat?post=851"},{"taxonomy":"product_tag","embeddable":true,"href":"https:\/\/dorasilagyi.hu\/en\/wp-json\/wp\/v2\/product_tag?post=851"}],"curies":[{"name":"wp","href":"https:\/\/api.w.org\/{rel}","templated":true}]}}