{"id":845,"date":"2021-05-25T16:50:34","date_gmt":"2021-05-25T16:50:34","guid":{"rendered":"https:\/\/dorasilagyi.hu\/?post_type=product&#038;p=845"},"modified":"2025-10-19T21:19:41","modified_gmt":"2025-10-19T21:19:41","slug":"cleo-fulbevalo","status":"publish","type":"product","link":"https:\/\/dorasilagyi.hu\/en\/product\/cleo-fulbevalo\/","title":{"rendered":"&#039;Cleo&#039; earrings"},"content":{"rendered":"<p>If the jewelry is currently out of stock, please allow 3-4 weeks for production.<\/p>","protected":false},"excerpt":{"rendered":"<p><span style=\"font-weight: 400;\">It was born as a piece of a collection inspired by the typical forms of Egyptian art <em>Cleo<\/em> pendant and earrings. With the restrained shape and small size of the pendant, and the harmonious proportions and lines of the earrings, it is a timeless accessory for everyday life.\u00a0<\/span><\/p>","protected":false},"featured_media":229725,"template":"","meta":{"_et_pb_use_builder":"off","_et_pb_old_content":"<span style=\"font-weight: 400\">Anyag: sterling ez\u00fcst \/ ez\u00fcst futtatott roz\u00e9 arannyal \/ ez\u00fcst futtatott s\u00e1rga arannyal<\/span><span style=\"font-weight: 400\">\r\n<\/span><span style=\"font-weight: 400\">\u00c1r: ez\u00fcst 28.000 Ft \/ ez\u00fcst alap futtatott arany 35.000 Ft<\/span>","_et_gb_content_width":"","_monsterinsights_skip_tracking":false,"_monsterinsights_sitenote_active":false,"_monsterinsights_sitenote_note":"","_monsterinsights_sitenote_category":0},"product_cat":[131],"product_tag":[50,39],"class_list":["post-845","product","type-product","status-publish","has-post-thumbnail","hentry","product_cat-ezust-ekszer","product_tag-fulbevalo","product_tag-sterling-ezust"],"yoast_head":"<!-- This site is optimized with the Yoast SEO plugin v19.9 - https:\/\/yoast.com\/wordpress\/plugins\/seo\/ -->\n<title>&#039;Cleo&#039; f\u00fclbeval\u00f3 &mdash; Dora Silagyi Jewellery<\/title>\n<meta name=\"description\" content=\"Az egyiptomi m\u0171v\u00e9szet jellegzetes form\u00e1i \u00e1ltal inspir\u00e1lt kollekci\u00f3 darabjak\u00e9nt sz\u00fcletett meg a Cleo med\u00e1l \u00e9s f\u00fclbeval\u00f3. A med\u00e1l visszafogott form\u00e1j\u00e1val \u00e9s kis m\u00e9ret\u00e9vel, a f\u00fclbeval\u00f3 harmonikus ar\u00e1nyaival \u00e9s vonalaival \u00f6r\u00f6k kieg\u00e9sz\u00edt\u0151 a mindennapokban. El\u00e9rthet\u0151 ez\u00fcst, s\u00e1rga vagy roz\u00e9 arannyal futtatott ez\u00fcst alap\u00fa verzi\u00f3ban.\" \/>\n<meta name=\"robots\" content=\"index, follow, max-snippet:-1, max-image-preview:large, max-video-preview:-1\" \/>\n<link rel=\"canonical\" href=\"https:\/\/dorasilagyi.hu\/en\/product\/cleo-fulbevalo\/\" \/>\n<meta property=\"og:locale\" content=\"en_GB\" \/>\n<meta property=\"og:type\" content=\"article\" \/>\n<meta property=\"og:title\" content=\"&#039;Cleo&#039; f\u00fclbeval\u00f3 &mdash; Dora Silagyi Jewellery\" \/>\n<meta property=\"og:description\" content=\"Az egyiptomi m\u0171v\u00e9szet jellegzetes form\u00e1i \u00e1ltal inspir\u00e1lt kollekci\u00f3 darabjak\u00e9nt sz\u00fcletett meg a Cleo med\u00e1l \u00e9s f\u00fclbeval\u00f3. A med\u00e1l visszafogott form\u00e1j\u00e1val \u00e9s kis m\u00e9ret\u00e9vel, a f\u00fclbeval\u00f3 harmonikus ar\u00e1nyaival \u00e9s vonalaival \u00f6r\u00f6k kieg\u00e9sz\u00edt\u0151 a mindennapokban. El\u00e9rthet\u0151 ez\u00fcst, s\u00e1rga vagy roz\u00e9 arannyal futtatott ez\u00fcst alap\u00fa verzi\u00f3ban.\" \/>\n<meta property=\"og:url\" content=\"https:\/\/dorasilagyi.hu\/en\/product\/cleo-fulbevalo\/\" \/>\n<meta property=\"og:site_name\" content=\"Dora Silagyi Jewellery\" \/>\n<meta property=\"article:publisher\" content=\"https:\/\/www.facebook.com\/Dora-Silagyi-Jewellery-109313484673073\" \/>\n<meta property=\"article:modified_time\" content=\"2025-10-19T21:19:41+00:00\" \/>\n<meta property=\"og:image\" content=\"https:\/\/dorasilagyi.hu\/wp-content\/uploads\/2021\/05\/CR7A8428sdd-scaled.jpg\" \/>\n\t<meta property=\"og:image:width\" content=\"1707\" \/>\n\t<meta property=\"og:image:height\" content=\"2560\" \/>\n\t<meta property=\"og:image:type\" content=\"image\/jpeg\" \/>\n<meta name=\"twitter:card\" content=\"summary_large_image\" \/>\n<meta name=\"twitter:label1\" content=\"Estimated reading time\" \/>\n\t<meta name=\"twitter:data1\" content=\"2 minutes\" \/>\n<script type=\"application\/ld+json\" class=\"yoast-schema-graph\">{\"@context\":\"https:\/\/schema.org\",\"@graph\":[{\"@type\":\"WebPage\",\"@id\":\"https:\/\/dorasilagyi.hu\/termek\/cleo-fulbevalo\/\",\"url\":\"https:\/\/dorasilagyi.hu\/termek\/cleo-fulbevalo\/\",\"name\":\"'Cleo' f\u00fclbeval\u00f3 &mdash; Dora Silagyi Jewellery\",\"isPartOf\":{\"@id\":\"https:\/\/dorasilagyi.hu\/#website\"},\"datePublished\":\"2021-05-25T16:50:34+00:00\",\"dateModified\":\"2025-10-19T21:19:41+00:00\",\"description\":\"Az egyiptomi m\u0171v\u00e9szet jellegzetes form\u00e1i \u00e1ltal inspir\u00e1lt kollekci\u00f3 darabjak\u00e9nt sz\u00fcletett meg a Cleo med\u00e1l \u00e9s f\u00fclbeval\u00f3. A med\u00e1l visszafogott form\u00e1j\u00e1val \u00e9s kis m\u00e9ret\u00e9vel, a f\u00fclbeval\u00f3 harmonikus ar\u00e1nyaival \u00e9s vonalaival \u00f6r\u00f6k kieg\u00e9sz\u00edt\u0151 a mindennapokban. El\u00e9rthet\u0151 ez\u00fcst, s\u00e1rga vagy roz\u00e9 arannyal futtatott ez\u00fcst alap\u00fa verzi\u00f3ban.\",\"breadcrumb\":{\"@id\":\"https:\/\/dorasilagyi.hu\/termek\/cleo-fulbevalo\/#breadcrumb\"},\"inLanguage\":\"en-GB\",\"potentialAction\":[{\"@type\":\"ReadAction\",\"target\":[\"https:\/\/dorasilagyi.hu\/termek\/cleo-fulbevalo\/\"]}]},{\"@type\":\"BreadcrumbList\",\"@id\":\"https:\/\/dorasilagyi.hu\/termek\/cleo-fulbevalo\/#breadcrumb\",\"itemListElement\":[{\"@type\":\"ListItem\",\"position\":1,\"name\":\"Kezd\u0151lap\",\"item\":\"https:\/\/dorasilagyi.hu\/\"},{\"@type\":\"ListItem\",\"position\":2,\"name\":\"Shop\",\"item\":\"https:\/\/dorasilagyi.hu\/shop\/\"},{\"@type\":\"ListItem\",\"position\":3,\"name\":\"&#8216;Cleo&#8217; f\u00fclbeval\u00f3\"}]},{\"@type\":\"WebSite\",\"@id\":\"https:\/\/dorasilagyi.hu\/#website\",\"url\":\"https:\/\/dorasilagyi.hu\/\",\"name\":\"Dora Silagyi Jewellery\",\"description\":\"Sophisticated, timeless jewellery design\",\"publisher\":{\"@id\":\"https:\/\/dorasilagyi.hu\/#organization\"},\"potentialAction\":[{\"@type\":\"SearchAction\",\"target\":{\"@type\":\"EntryPoint\",\"urlTemplate\":\"https:\/\/dorasilagyi.hu\/?s={search_term_string}\"},\"query-input\":\"required name=search_term_string\"}],\"inLanguage\":\"en-GB\"},{\"@type\":\"Organization\",\"@id\":\"https:\/\/dorasilagyi.hu\/#organization\",\"name\":\"Dora Silagyi Jewellery\",\"url\":\"https:\/\/dorasilagyi.hu\/\",\"logo\":{\"@type\":\"ImageObject\",\"inLanguage\":\"en-GB\",\"@id\":\"https:\/\/dorasilagyi.hu\/#\/schema\/logo\/image\/\",\"url\":\"https:\/\/dorasilagyi.hu\/wp-content\/uploads\/2021\/05\/logowebre.png\",\"contentUrl\":\"https:\/\/dorasilagyi.hu\/wp-content\/uploads\/2021\/05\/logowebre.png\",\"width\":586,\"height\":431,\"caption\":\"Dora Silagyi Jewellery\"},\"image\":{\"@id\":\"https:\/\/dorasilagyi.hu\/#\/schema\/logo\/image\/\"},\"sameAs\":[\"https:\/\/www.instagram.com\/dorasilagyi\/\",\"https:\/\/www.facebook.com\/Dora-Silagyi-Jewellery-109313484673073\"]}]}<\/script>\n<!-- \/ Yoast SEO plugin. -->","yoast_head_json":{"title":"'Cleo' f\u00fclbeval\u00f3 &mdash; Dora Silagyi Jewellery","description":"Az egyiptomi m\u0171v\u00e9szet jellegzetes form\u00e1i \u00e1ltal inspir\u00e1lt kollekci\u00f3 darabjak\u00e9nt sz\u00fcletett meg a Cleo med\u00e1l \u00e9s f\u00fclbeval\u00f3. A med\u00e1l visszafogott form\u00e1j\u00e1val \u00e9s kis m\u00e9ret\u00e9vel, a f\u00fclbeval\u00f3 harmonikus ar\u00e1nyaival \u00e9s vonalaival \u00f6r\u00f6k kieg\u00e9sz\u00edt\u0151 a mindennapokban. El\u00e9rthet\u0151 ez\u00fcst, s\u00e1rga vagy roz\u00e9 arannyal futtatott ez\u00fcst alap\u00fa verzi\u00f3ban.","robots":{"index":"index","follow":"follow","max-snippet":"max-snippet:-1","max-image-preview":"max-image-preview:large","max-video-preview":"max-video-preview:-1"},"canonical":"https:\/\/dorasilagyi.hu\/en\/product\/cleo-fulbevalo\/","og_locale":"en_GB","og_type":"article","og_title":"'Cleo' f\u00fclbeval\u00f3 &mdash; Dora Silagyi Jewellery","og_description":"Az egyiptomi m\u0171v\u00e9szet jellegzetes form\u00e1i \u00e1ltal inspir\u00e1lt kollekci\u00f3 darabjak\u00e9nt sz\u00fcletett meg a Cleo med\u00e1l \u00e9s f\u00fclbeval\u00f3. A med\u00e1l visszafogott form\u00e1j\u00e1val \u00e9s kis m\u00e9ret\u00e9vel, a f\u00fclbeval\u00f3 harmonikus ar\u00e1nyaival \u00e9s vonalaival \u00f6r\u00f6k kieg\u00e9sz\u00edt\u0151 a mindennapokban. El\u00e9rthet\u0151 ez\u00fcst, s\u00e1rga vagy roz\u00e9 arannyal futtatott ez\u00fcst alap\u00fa verzi\u00f3ban.","og_url":"https:\/\/dorasilagyi.hu\/en\/product\/cleo-fulbevalo\/","og_site_name":"Dora Silagyi Jewellery","article_publisher":"https:\/\/www.facebook.com\/Dora-Silagyi-Jewellery-109313484673073","article_modified_time":"2025-10-19T21:19:41+00:00","og_image":[{"width":1707,"height":2560,"url":"https:\/\/dorasilagyi.hu\/wp-content\/uploads\/2021\/05\/CR7A8428sdd-scaled.jpg","type":"image\/jpeg"}],"twitter_card":"summary_large_image","twitter_misc":{"Estimated reading time":"2 minutes"},"schema":{"@context":"https:\/\/schema.org","@graph":[{"@type":"WebPage","@id":"https:\/\/dorasilagyi.hu\/termek\/cleo-fulbevalo\/","url":"https:\/\/dorasilagyi.hu\/termek\/cleo-fulbevalo\/","name":"'Cleo' f\u00fclbeval\u00f3 &mdash; Dora Silagyi Jewellery","isPartOf":{"@id":"https:\/\/dorasilagyi.hu\/#website"},"datePublished":"2021-05-25T16:50:34+00:00","dateModified":"2025-10-19T21:19:41+00:00","description":"Az egyiptomi m\u0171v\u00e9szet jellegzetes form\u00e1i \u00e1ltal inspir\u00e1lt kollekci\u00f3 darabjak\u00e9nt sz\u00fcletett meg a Cleo med\u00e1l \u00e9s f\u00fclbeval\u00f3. A med\u00e1l visszafogott form\u00e1j\u00e1val \u00e9s kis m\u00e9ret\u00e9vel, a f\u00fclbeval\u00f3 harmonikus ar\u00e1nyaival \u00e9s vonalaival \u00f6r\u00f6k kieg\u00e9sz\u00edt\u0151 a mindennapokban. El\u00e9rthet\u0151 ez\u00fcst, s\u00e1rga vagy roz\u00e9 arannyal futtatott ez\u00fcst alap\u00fa verzi\u00f3ban.","breadcrumb":{"@id":"https:\/\/dorasilagyi.hu\/termek\/cleo-fulbevalo\/#breadcrumb"},"inLanguage":"en-GB","potentialAction":[{"@type":"ReadAction","target":["https:\/\/dorasilagyi.hu\/termek\/cleo-fulbevalo\/"]}]},{"@type":"BreadcrumbList","@id":"https:\/\/dorasilagyi.hu\/termek\/cleo-fulbevalo\/#breadcrumb","itemListElement":[{"@type":"ListItem","position":1,"name":"Kezd\u0151lap","item":"https:\/\/dorasilagyi.hu\/"},{"@type":"ListItem","position":2,"name":"Shop","item":"https:\/\/dorasilagyi.hu\/shop\/"},{"@type":"ListItem","position":3,"name":"&#8216;Cleo&#8217; f\u00fclbeval\u00f3"}]},{"@type":"WebSite","@id":"https:\/\/dorasilagyi.hu\/#website","url":"https:\/\/dorasilagyi.hu\/","name":"Dora Silagyi Jewellery","description":"Sophisticated, timeless jewellery design","publisher":{"@id":"https:\/\/dorasilagyi.hu\/#organization"},"potentialAction":[{"@type":"SearchAction","target":{"@type":"EntryPoint","urlTemplate":"https:\/\/dorasilagyi.hu\/?s={search_term_string}"},"query-input":"required name=search_term_string"}],"inLanguage":"en-GB"},{"@type":"Organization","@id":"https:\/\/dorasilagyi.hu\/#organization","name":"Dora Silagyi Jewellery","url":"https:\/\/dorasilagyi.hu\/","logo":{"@type":"ImageObject","inLanguage":"en-GB","@id":"https:\/\/dorasilagyi.hu\/#\/schema\/logo\/image\/","url":"https:\/\/dorasilagyi.hu\/wp-content\/uploads\/2021\/05\/logowebre.png","contentUrl":"https:\/\/dorasilagyi.hu\/wp-content\/uploads\/2021\/05\/logowebre.png","width":586,"height":431,"caption":"Dora Silagyi Jewellery"},"image":{"@id":"https:\/\/dorasilagyi.hu\/#\/schema\/logo\/image\/"},"sameAs":["https:\/\/www.instagram.com\/dorasilagyi\/","https:\/\/www.facebook.com\/Dora-Silagyi-Jewellery-109313484673073"]}]}},"_links":{"self":[{"href":"https:\/\/dorasilagyi.hu\/en\/wp-json\/wp\/v2\/product\/845","targetHints":{"allow":["GET"]}}],"collection":[{"href":"https:\/\/dorasilagyi.hu\/en\/wp-json\/wp\/v2\/product"}],"about":[{"href":"https:\/\/dorasilagyi.hu\/en\/wp-json\/wp\/v2\/types\/product"}],"wp:featuredmedia":[{"embeddable":true,"href":"https:\/\/dorasilagyi.hu\/en\/wp-json\/wp\/v2\/media\/229725"}],"wp:attachment":[{"href":"https:\/\/dorasilagyi.hu\/en\/wp-json\/wp\/v2\/media?parent=845"}],"wp:term":[{"taxonomy":"product_cat","embeddable":true,"href":"https:\/\/dorasilagyi.hu\/en\/wp-json\/wp\/v2\/product_cat?post=845"},{"taxonomy":"product_tag","embeddable":true,"href":"https:\/\/dorasilagyi.hu\/en\/wp-json\/wp\/v2\/product_tag?post=845"}],"curies":[{"name":"wp","href":"https:\/\/api.w.org\/{rel}","templated":true}]}}