{"id":835,"date":"2021-05-25T16:42:13","date_gmt":"2021-05-25T16:42:13","guid":{"rendered":"https:\/\/dorasilagyi.hu\/?post_type=product&#038;p=835"},"modified":"2025-10-19T21:20:32","modified_gmt":"2025-10-19T21:20:32","slug":"eunoia-fulbevalo","status":"publish","type":"product","link":"https:\/\/dorasilagyi.hu\/en\/product\/eunoia-fulbevalo\/","title":{"rendered":"&#039;Eunoia&#039; earrings"},"content":{"rendered":"<p>[et_pb_section fb_built=&#8221;1&#8243; _builder_version=&#8221;3.22&#8243; custom_padding=&#8221;0px||||false|false&#8221; da_disable_devices=&#8221;off|off|off&#8221; da_is_popup=&#8221;off&#8221; da_exit_intent=&#8221;off&#8221; da_has_close=&#8221;on&#8221; da_alt_close=&#8221;off&#8221; da_dark_close=&#8221;off&#8221; da_not_modal=&#8221;on&#8221; da_is_singular=&#8221;off&#8221; da_with_loader=&#8221;off&#8221; da_has_shadow=&#8221;on&#8221;][et_pb_row column_structure=&#8221;1_2,1_2&#8243; _builder_version=&#8221;3.25&#8243; background_size=&#8221;initial&#8221; background_position=&#8221;top_left&#8221; background_repeat=&#8221;repeat&#8221; width=&#8221;100%&#8221; custom_padding=&#8221;0px||||false|false&#8221;][et_pb_column type=&#8221;1_2&#8243; _builder_version=&#8221;3.25&#8243; custom_padding=&#8221;|||&#8221; custom_padding__hover=&#8221;|||&#8221;][et_pb_wc_images _builder_version=&#8221;4.9.4&#8243; _module_preset=&#8221;default&#8221;][\/et_pb_wc_images][\/et_pb_column][et_pb_column type=&#8221;1_2&#8243; _builder_version=&#8221;3.25&#8243; custom_padding=&#8221;|||&#8221; custom_padding__hover=&#8221;|||&#8221;][et_pb_wc_breadcrumb _builder_version=&#8221;4.9.4&#8243; body_font=&#8221;|600||on|||||&#8221; body_font_size=&#8221;11px&#8221; body_letter_spacing=&#8221;1px&#8221;][\/et_pb_wc_breadcrumb][et_pb_wc_title _builder_version=&#8221;4.9.4&#8243; header_font=&#8221;Montserrat|||on|||||&#8221; header_text_color=&#8221;#903519&#8243; header_font_size=&#8221;27px&#8221;][\/et_pb_wc_title][et_pb_wc_price _builder_version=&#8221;4.9.4&#8243; body_font=&#8221;|300|||||||&#8221; body_text_color=&#8221;#000000&#8243; body_font_size=&#8221;17px&#8221;][\/et_pb_wc_price][et_pb_divider color=&#8221;rgba(0,0,0,0.15)&#8221; _builder_version=&#8221;4.9.4&#8243; _module_preset=&#8221;default&#8221;][\/et_pb_divider][et_pb_wc_description _builder_version=&#8221;4.9.4&#8243; body_font=&#8221;Cormorant Garamond||||||||&#8221; body_text_color=&#8221;rgba(0,0,0,0.67)&#8221; body_font_size=&#8221;1.2vw&#8221; body_line_height=&#8221;1.3em&#8221;][\/et_pb_wc_description][et_pb_wc_add_to_cart _builder_version=&#8221;4.9.4&#8243; fields_background_color=&#8221;RGBA(0,0,0,0)&#8221; fields_text_color=&#8221;#000000&#8243; fields_focus_background_color=&#8221;#FFFFFF&#8221; fields_focus_text_color=&#8221;#000000&#8243; dropdown_menus_background_color=&#8221;#FFFFFF&#8221; dropdown_menus_text_color=&#8221;rgba(0,0,0,0.39)&#8221; dropdown_menus_focus_background_color=&#8221;#FFFFFF&#8221; dropdown_menus_focus_text_color=&#8221;#903519&#8243; body_font=&#8221;|700||on|||||&#8221; body_text_color=&#8221;#000000&#8243; custom_button=&#8221;on&#8221; button_text_color=&#8221;#000000&#8243; button_border_width=&#8221;1px&#8221; button_border_color=&#8221;#000000&#8243; button_border_radius=&#8221;1px&#8221; button_font=&#8221;|700|||||||&#8221; button_icon=&#8221;%%43%%&#8221; button_custom_padding=&#8221;20px|30px|20px|20px|true|false&#8221; border_color_all_fields=&#8221;#000000&#8243; button_bg_color__hover_enabled=&#8221;on|hover&#8221; button_bg_color__hover=&#8221;#903519&#8243; button_bg_enable_color__hover=&#8221;on&#8221; button_border_color__hover_enabled=&#8221;on|hover&#8221; button_border_color__hover=&#8221;#903519&#8243; button_text_color__hover_enabled=&#8221;on|hover&#8221; button_text_color__hover=&#8221;#FFFFFF&#8221;][\/et_pb_wc_add_to_cart][\/et_pb_column][\/et_pb_row][et_pb_row _builder_version=&#8221;4.9.4&#8243; _module_preset=&#8221;default&#8221; width=&#8221;100%&#8221; max_width=&#8221;100%&#8221;][et_pb_column type=&#8221;4_4&#8243; _builder_version=&#8221;4.9.4&#8243; _module_preset=&#8221;default&#8221;][et_pb_tabs active_tab_background_color=&#8221;#FFFFFF&#8221; inactive_tab_background_color=&#8221;#FFFFFF&#8221; active_tab_text_color=&#8221;#000000&#8243; _builder_version=&#8221;4.9.4&#8243; _module_preset=&#8221;default&#8221; tab_text_color=&#8221;rgba(0,0,0,0.41)&#8221; body_font=&#8221;Cormorant Garamond||||||||&#8221; body_font_size=&#8221;17px&#8221; body_line_height=&#8221;1.6em&#8221; tab_font=&#8221;|700||on|||||&#8221; tab_font_size=&#8221;12px&#8221; tab_letter_spacing=&#8221;1px&#8221;][et_pb_tab title=&#8221;Egy\u00e9b inform\u00e1ci\u00f3k&#8221; _builder_version=&#8221;4.9.4&#8243; _dynamic_attributes=&#8221;content&#8221; _module_preset=&#8221;default&#8221;]@ET-DC@eyJkeW5hbWljIjp0cnVlLCJjb250ZW50IjoicHJvZHVjdF9kZXNjcmlwdGlvbiIsInNldHRpbmdzIjp7ImJlZm9yZSI6IiIsImFmdGVyIjoiIn19@[\/et_pb_tab][et_pb_tab title=&#8221;Hogyan jut el hozz\u00e1d?&#8221; _builder_version=&#8221;4.9.4&#8243; _module_preset=&#8221;default&#8221; body_font=&#8221;Cormorant Garamond||||||||&#8221; body_text_color=&#8221;#000000&#8243; body_font_size=&#8221;1.1vw&#8221;]<\/p>\n<p><span style=\"font-weight: 400;\">We avoid stockpiling unnecessary stock, so if you buy from us by pre-order, you can count on an average delivery time of two weeks. In exchange for your patience, these special pieces are made just for you, in Dorka&#039;s workshop in P\u00e9cs.<\/span><\/p>\n<p><span style=\"font-weight: 400;\">It may happen that the ordered jewelry is currently in stock, in which case the process will be faster, we will try to ship them as soon as possible!<\/span><\/p>\n<p><span style=\"font-weight: 400;\">There are currently three delivery methods to choose from, you can select the desired option during the ordering process<\/span><\/p>\n<ol>\n<li style=\"font-weight: 400;\" aria-level=\"1\"><span style=\"font-weight: 400;\"><strong>Studio pickup<\/strong> \u2013 P\u00e9cs, at a pre-arranged time.<\/span><\/li>\n<li style=\"font-weight: 400;\" aria-level=\"1\"><span style=\"font-weight: 400;\"><strong>Foxpost parcel machine<\/strong> - during the ordering process, you can select the desired pick-up point.<\/span><\/li>\n<li style=\"font-weight: 400;\" aria-level=\"1\"><span style=\"font-weight: 400;\"><strong>Foxpost home delivery<\/strong> - after two unsuccessful delivery attempts, the delivery of the package may be delayed.<\/span><\/li>\n<\/ol>\n<p><span style=\"font-weight: 400;\">For more detailed information, see <a href=\"https:\/\/dorasilagyi.hu\/en\/szallitas-atvetel\/\">Delivery\/Receipt<\/a><\/span><span style=\"font-weight: 400;\">\u00a0I found it in the menu item.<\/span><\/p>\n<p><span style=\"font-weight: 400;\">If you have any further questions, contact us at <a href=\"mailto:studio@dorasilagyi.hu\">studio@dorasilagyi.hu<\/a> at e-mail address.<\/span><\/p>\n<p>[\/et_pb_tab][et_pb_tab title=&#8221;V\u00e9lem\u00e9nyek&#8221; _builder_version=&#8221;4.9.4&#8243; _dynamic_attributes=&#8221;content&#8221; _module_preset=&#8221;default&#8221;]@ET-DC@eyJkeW5hbWljIjp0cnVlLCJjb250ZW50IjoicHJvZHVjdF9yZXZpZXdzIiwic2V0dGluZ3MiOnsiYmVmb3JlIjoiIiwiYWZ0ZXIiOiIifX0=@[\/et_pb_tab][\/et_pb_tabs][\/et_pb_column][\/et_pb_row][et_pb_row _builder_version=&#8221;3.25&#8243; background_size=&#8221;initial&#8221; background_position=&#8221;top_left&#8221; background_repeat=&#8221;repeat&#8221; width=&#8221;100%&#8221;][et_pb_column type=&#8221;4_4&#8243; _builder_version=&#8221;3.25&#8243; custom_padding=&#8221;|||&#8221; custom_padding__hover=&#8221;|||&#8221;][et_pb_wc_upsells _builder_version=&#8221;3.0.47&#8243;][\/et_pb_wc_upsells][et_pb_wc_related_products hover_overlay_color=&#8221;rgba(244,244,242,0.43)&#8221; hover_icon=&#8221;%%52%%&#8221; _builder_version=&#8221;4.9.4&#8243; title_font=&#8221;Montserrat|700||on|||||&#8221; title_text_align=&#8221;center&#8221; title_text_color=&#8221;#903519&#8243; title_font_size=&#8221;15px&#8221; title_letter_spacing=&#8221;1px&#8221; title_line_height=&#8221;2.7em&#8221;][\/et_pb_wc_related_products][\/et_pb_column][\/et_pb_row][\/et_pb_section]<\/p>","protected":false},"excerpt":{"rendered":"<p><span style=\"font-weight: 400;\">Greek&#039;<em>eunoia<\/em>&#039;, the latest collection was named after the phrase, in which the same shape is repeated as the main element of the bracelet and earrings. By cutting off the strict edges of the square and dissolving its perpendicular lines, the reimagined geometric form, cast in silver, also became the perfect ambassador of the brand&#039;s feminine, refined characteristics. The shape is unusual, but in its atmosphere - true to its fantasy name - it radiates balance.\u00a0<\/span><span style=\"font-weight: 400;\"><br \/>\n<\/span><\/p>","protected":false},"featured_media":229723,"template":"","meta":{"_et_pb_use_builder":"on","_et_pb_old_content":"<span style=\"font-weight: 400\">Anyag: sterling ez\u00fcst \/ Ez\u00fcst futtatott roz\u00e9 arany, vagy ez\u00fcst futtatott s\u00e1rga arany opci\u00f3 ig\u00e9ny\u00e9nek eset\u00e9n vedd fel vel\u00fcnk a kapcsolatot a studio@dorasilagyi.hu email c\u00edmen!<\/span><span style=\"font-weight: 400\">\r\n<\/span>","_et_gb_content_width":"","_monsterinsights_skip_tracking":false,"_monsterinsights_sitenote_active":false,"_monsterinsights_sitenote_note":"","_monsterinsights_sitenote_category":0},"product_cat":[130,131],"product_tag":[39],"class_list":["post-835","product","type-product","status-publish","has-post-thumbnail","hentry","product_cat-fulbevalo","product_cat-ezust-ekszer","product_tag-sterling-ezust"],"yoast_head":"<!-- This site is optimized with the Yoast SEO plugin v19.9 - https:\/\/yoast.com\/wordpress\/plugins\/seo\/ -->\n<title>&#039;Eunoia&#039; f\u00fclbeval\u00f3 &mdash; Dora Silagyi Jewellery<\/title>\n<meta name=\"description\" content=\"G\u00f6r\u00f6g \u2019eunoia\u2019 kifejez\u00e9s ut\u00e1n kapta nev\u00e9t a leg\u00fajabb kollekci\u00f3, melyben ugyan az a forma ism\u00e9tl\u0151dik mind a gy\u0171r\u0171, mind a kark\u00f6t\u0151 \u00e9s a f\u00fclbeval\u00f3 f\u0151 elemek\u00e9nt. A n\u00e9gyzet szigor\u00fa \u00e9leinek lefarag\u00e1s\u00e1val \u00e9s mer\u0151leges vonalainak felold\u00e1s\u00e1val, az \u00fajragondolt geometriai forma ez\u00fcstbe \u00f6ntve szint\u00e9n a m\u00e1rka n\u0151ies, kifinomult ismertet\u0151jegyeinek t\u00f6k\u00e9letes nagyk\u00f6vet\u00e9v\u00e9 v\u00e1lt. A forma szokatlan, hangulat\u00e1ban \u2013 fant\u00e1zianev\u00e9hez h\u0171en \u2013 m\u00e9gis kiegyens\u00falyozotts\u00e1got sug\u00e1roz.\u00a0\" \/>\n<meta name=\"robots\" content=\"index, follow, max-snippet:-1, max-image-preview:large, max-video-preview:-1\" \/>\n<link rel=\"canonical\" href=\"https:\/\/dorasilagyi.hu\/en\/product\/eunoia-fulbevalo\/\" \/>\n<meta property=\"og:locale\" content=\"en_GB\" \/>\n<meta property=\"og:type\" content=\"article\" \/>\n<meta property=\"og:title\" content=\"&#039;Eunoia&#039; f\u00fclbeval\u00f3 &mdash; Dora Silagyi Jewellery\" \/>\n<meta property=\"og:description\" content=\"G\u00f6r\u00f6g \u2019eunoia\u2019 kifejez\u00e9s ut\u00e1n kapta nev\u00e9t a leg\u00fajabb kollekci\u00f3, melyben ugyan az a forma ism\u00e9tl\u0151dik mind a gy\u0171r\u0171, mind a kark\u00f6t\u0151 \u00e9s a f\u00fclbeval\u00f3 f\u0151 elemek\u00e9nt. A n\u00e9gyzet szigor\u00fa \u00e9leinek lefarag\u00e1s\u00e1val \u00e9s mer\u0151leges vonalainak felold\u00e1s\u00e1val, az \u00fajragondolt geometriai forma ez\u00fcstbe \u00f6ntve szint\u00e9n a m\u00e1rka n\u0151ies, kifinomult ismertet\u0151jegyeinek t\u00f6k\u00e9letes nagyk\u00f6vet\u00e9v\u00e9 v\u00e1lt. A forma szokatlan, hangulat\u00e1ban \u2013 fant\u00e1zianev\u00e9hez h\u0171en \u2013 m\u00e9gis kiegyens\u00falyozotts\u00e1got sug\u00e1roz.\u00a0\" \/>\n<meta property=\"og:url\" content=\"https:\/\/dorasilagyi.hu\/en\/product\/eunoia-fulbevalo\/\" \/>\n<meta property=\"og:site_name\" content=\"Dora Silagyi Jewellery\" \/>\n<meta property=\"article:publisher\" content=\"https:\/\/www.facebook.com\/Dora-Silagyi-Jewellery-109313484673073\" \/>\n<meta property=\"article:modified_time\" content=\"2025-10-19T21:20:32+00:00\" \/>\n<meta property=\"og:image\" content=\"https:\/\/dorasilagyi.hu\/wp-content\/uploads\/2021\/05\/CR7A8344sdd-scaled.jpg\" \/>\n\t<meta property=\"og:image:width\" content=\"1706\" \/>\n\t<meta property=\"og:image:height\" content=\"2560\" \/>\n\t<meta property=\"og:image:type\" content=\"image\/jpeg\" \/>\n<meta name=\"twitter:card\" content=\"summary_large_image\" \/>\n<meta name=\"twitter:label1\" content=\"Estimated reading time\" \/>\n\t<meta name=\"twitter:data1\" content=\"2 minutes\" \/>\n<script type=\"application\/ld+json\" class=\"yoast-schema-graph\">{\"@context\":\"https:\/\/schema.org\",\"@graph\":[{\"@type\":\"WebPage\",\"@id\":\"https:\/\/dorasilagyi.hu\/termek\/eunoia-fulbevalo\/\",\"url\":\"https:\/\/dorasilagyi.hu\/termek\/eunoia-fulbevalo\/\",\"name\":\"'Eunoia' f\u00fclbeval\u00f3 &mdash; Dora Silagyi Jewellery\",\"isPartOf\":{\"@id\":\"https:\/\/dorasilagyi.hu\/#website\"},\"datePublished\":\"2021-05-25T16:42:13+00:00\",\"dateModified\":\"2025-10-19T21:20:32+00:00\",\"description\":\"G\u00f6r\u00f6g \u2019eunoia\u2019 kifejez\u00e9s ut\u00e1n kapta nev\u00e9t a leg\u00fajabb kollekci\u00f3, melyben ugyan az a forma ism\u00e9tl\u0151dik mind a gy\u0171r\u0171, mind a kark\u00f6t\u0151 \u00e9s a f\u00fclbeval\u00f3 f\u0151 elemek\u00e9nt. A n\u00e9gyzet szigor\u00fa \u00e9leinek lefarag\u00e1s\u00e1val \u00e9s mer\u0151leges vonalainak felold\u00e1s\u00e1val, az \u00fajragondolt geometriai forma ez\u00fcstbe \u00f6ntve szint\u00e9n a m\u00e1rka n\u0151ies, kifinomult ismertet\u0151jegyeinek t\u00f6k\u00e9letes nagyk\u00f6vet\u00e9v\u00e9 v\u00e1lt. A forma szokatlan, hangulat\u00e1ban \u2013 fant\u00e1zianev\u00e9hez h\u0171en \u2013 m\u00e9gis kiegyens\u00falyozotts\u00e1got sug\u00e1roz.\u00a0\",\"breadcrumb\":{\"@id\":\"https:\/\/dorasilagyi.hu\/termek\/eunoia-fulbevalo\/#breadcrumb\"},\"inLanguage\":\"en-GB\",\"potentialAction\":[{\"@type\":\"ReadAction\",\"target\":[\"https:\/\/dorasilagyi.hu\/termek\/eunoia-fulbevalo\/\"]}]},{\"@type\":\"BreadcrumbList\",\"@id\":\"https:\/\/dorasilagyi.hu\/termek\/eunoia-fulbevalo\/#breadcrumb\",\"itemListElement\":[{\"@type\":\"ListItem\",\"position\":1,\"name\":\"Kezd\u0151lap\",\"item\":\"https:\/\/dorasilagyi.hu\/\"},{\"@type\":\"ListItem\",\"position\":2,\"name\":\"Shop\",\"item\":\"https:\/\/dorasilagyi.hu\/shop\/\"},{\"@type\":\"ListItem\",\"position\":3,\"name\":\"&#8216;Eunoia&#8217; f\u00fclbeval\u00f3\"}]},{\"@type\":\"WebSite\",\"@id\":\"https:\/\/dorasilagyi.hu\/#website\",\"url\":\"https:\/\/dorasilagyi.hu\/\",\"name\":\"Dora Silagyi Jewellery\",\"description\":\"Sophisticated, timeless jewellery design\",\"publisher\":{\"@id\":\"https:\/\/dorasilagyi.hu\/#organization\"},\"potentialAction\":[{\"@type\":\"SearchAction\",\"target\":{\"@type\":\"EntryPoint\",\"urlTemplate\":\"https:\/\/dorasilagyi.hu\/?s={search_term_string}\"},\"query-input\":\"required name=search_term_string\"}],\"inLanguage\":\"en-GB\"},{\"@type\":\"Organization\",\"@id\":\"https:\/\/dorasilagyi.hu\/#organization\",\"name\":\"Dora Silagyi Jewellery\",\"url\":\"https:\/\/dorasilagyi.hu\/\",\"logo\":{\"@type\":\"ImageObject\",\"inLanguage\":\"en-GB\",\"@id\":\"https:\/\/dorasilagyi.hu\/#\/schema\/logo\/image\/\",\"url\":\"https:\/\/dorasilagyi.hu\/wp-content\/uploads\/2021\/05\/logowebre.png\",\"contentUrl\":\"https:\/\/dorasilagyi.hu\/wp-content\/uploads\/2021\/05\/logowebre.png\",\"width\":586,\"height\":431,\"caption\":\"Dora Silagyi Jewellery\"},\"image\":{\"@id\":\"https:\/\/dorasilagyi.hu\/#\/schema\/logo\/image\/\"},\"sameAs\":[\"https:\/\/www.instagram.com\/dorasilagyi\/\",\"https:\/\/www.facebook.com\/Dora-Silagyi-Jewellery-109313484673073\"]}]}<\/script>\n<!-- \/ Yoast SEO plugin. -->","yoast_head_json":{"title":"'Eunoia' f\u00fclbeval\u00f3 &mdash; Dora Silagyi Jewellery","description":"G\u00f6r\u00f6g \u2019eunoia\u2019 kifejez\u00e9s ut\u00e1n kapta nev\u00e9t a leg\u00fajabb kollekci\u00f3, melyben ugyan az a forma ism\u00e9tl\u0151dik mind a gy\u0171r\u0171, mind a kark\u00f6t\u0151 \u00e9s a f\u00fclbeval\u00f3 f\u0151 elemek\u00e9nt. A n\u00e9gyzet szigor\u00fa \u00e9leinek lefarag\u00e1s\u00e1val \u00e9s mer\u0151leges vonalainak felold\u00e1s\u00e1val, az \u00fajragondolt geometriai forma ez\u00fcstbe \u00f6ntve szint\u00e9n a m\u00e1rka n\u0151ies, kifinomult ismertet\u0151jegyeinek t\u00f6k\u00e9letes nagyk\u00f6vet\u00e9v\u00e9 v\u00e1lt. A forma szokatlan, hangulat\u00e1ban \u2013 fant\u00e1zianev\u00e9hez h\u0171en \u2013 m\u00e9gis kiegyens\u00falyozotts\u00e1got sug\u00e1roz.\u00a0","robots":{"index":"index","follow":"follow","max-snippet":"max-snippet:-1","max-image-preview":"max-image-preview:large","max-video-preview":"max-video-preview:-1"},"canonical":"https:\/\/dorasilagyi.hu\/en\/product\/eunoia-fulbevalo\/","og_locale":"en_GB","og_type":"article","og_title":"'Eunoia' f\u00fclbeval\u00f3 &mdash; Dora Silagyi Jewellery","og_description":"G\u00f6r\u00f6g \u2019eunoia\u2019 kifejez\u00e9s ut\u00e1n kapta nev\u00e9t a leg\u00fajabb kollekci\u00f3, melyben ugyan az a forma ism\u00e9tl\u0151dik mind a gy\u0171r\u0171, mind a kark\u00f6t\u0151 \u00e9s a f\u00fclbeval\u00f3 f\u0151 elemek\u00e9nt. A n\u00e9gyzet szigor\u00fa \u00e9leinek lefarag\u00e1s\u00e1val \u00e9s mer\u0151leges vonalainak felold\u00e1s\u00e1val, az \u00fajragondolt geometriai forma ez\u00fcstbe \u00f6ntve szint\u00e9n a m\u00e1rka n\u0151ies, kifinomult ismertet\u0151jegyeinek t\u00f6k\u00e9letes nagyk\u00f6vet\u00e9v\u00e9 v\u00e1lt. A forma szokatlan, hangulat\u00e1ban \u2013 fant\u00e1zianev\u00e9hez h\u0171en \u2013 m\u00e9gis kiegyens\u00falyozotts\u00e1got sug\u00e1roz.\u00a0","og_url":"https:\/\/dorasilagyi.hu\/en\/product\/eunoia-fulbevalo\/","og_site_name":"Dora Silagyi Jewellery","article_publisher":"https:\/\/www.facebook.com\/Dora-Silagyi-Jewellery-109313484673073","article_modified_time":"2025-10-19T21:20:32+00:00","og_image":[{"width":1706,"height":2560,"url":"https:\/\/dorasilagyi.hu\/wp-content\/uploads\/2021\/05\/CR7A8344sdd-scaled.jpg","type":"image\/jpeg"}],"twitter_card":"summary_large_image","twitter_misc":{"Estimated reading time":"2 minutes"},"schema":{"@context":"https:\/\/schema.org","@graph":[{"@type":"WebPage","@id":"https:\/\/dorasilagyi.hu\/termek\/eunoia-fulbevalo\/","url":"https:\/\/dorasilagyi.hu\/termek\/eunoia-fulbevalo\/","name":"'Eunoia' f\u00fclbeval\u00f3 &mdash; Dora Silagyi Jewellery","isPartOf":{"@id":"https:\/\/dorasilagyi.hu\/#website"},"datePublished":"2021-05-25T16:42:13+00:00","dateModified":"2025-10-19T21:20:32+00:00","description":"G\u00f6r\u00f6g \u2019eunoia\u2019 kifejez\u00e9s ut\u00e1n kapta nev\u00e9t a leg\u00fajabb kollekci\u00f3, melyben ugyan az a forma ism\u00e9tl\u0151dik mind a gy\u0171r\u0171, mind a kark\u00f6t\u0151 \u00e9s a f\u00fclbeval\u00f3 f\u0151 elemek\u00e9nt. A n\u00e9gyzet szigor\u00fa \u00e9leinek lefarag\u00e1s\u00e1val \u00e9s mer\u0151leges vonalainak felold\u00e1s\u00e1val, az \u00fajragondolt geometriai forma ez\u00fcstbe \u00f6ntve szint\u00e9n a m\u00e1rka n\u0151ies, kifinomult ismertet\u0151jegyeinek t\u00f6k\u00e9letes nagyk\u00f6vet\u00e9v\u00e9 v\u00e1lt. A forma szokatlan, hangulat\u00e1ban \u2013 fant\u00e1zianev\u00e9hez h\u0171en \u2013 m\u00e9gis kiegyens\u00falyozotts\u00e1got sug\u00e1roz.\u00a0","breadcrumb":{"@id":"https:\/\/dorasilagyi.hu\/termek\/eunoia-fulbevalo\/#breadcrumb"},"inLanguage":"en-GB","potentialAction":[{"@type":"ReadAction","target":["https:\/\/dorasilagyi.hu\/termek\/eunoia-fulbevalo\/"]}]},{"@type":"BreadcrumbList","@id":"https:\/\/dorasilagyi.hu\/termek\/eunoia-fulbevalo\/#breadcrumb","itemListElement":[{"@type":"ListItem","position":1,"name":"Kezd\u0151lap","item":"https:\/\/dorasilagyi.hu\/"},{"@type":"ListItem","position":2,"name":"Shop","item":"https:\/\/dorasilagyi.hu\/shop\/"},{"@type":"ListItem","position":3,"name":"&#8216;Eunoia&#8217; f\u00fclbeval\u00f3"}]},{"@type":"WebSite","@id":"https:\/\/dorasilagyi.hu\/#website","url":"https:\/\/dorasilagyi.hu\/","name":"Dora Silagyi Jewellery","description":"Sophisticated, timeless jewellery design","publisher":{"@id":"https:\/\/dorasilagyi.hu\/#organization"},"potentialAction":[{"@type":"SearchAction","target":{"@type":"EntryPoint","urlTemplate":"https:\/\/dorasilagyi.hu\/?s={search_term_string}"},"query-input":"required name=search_term_string"}],"inLanguage":"en-GB"},{"@type":"Organization","@id":"https:\/\/dorasilagyi.hu\/#organization","name":"Dora Silagyi Jewellery","url":"https:\/\/dorasilagyi.hu\/","logo":{"@type":"ImageObject","inLanguage":"en-GB","@id":"https:\/\/dorasilagyi.hu\/#\/schema\/logo\/image\/","url":"https:\/\/dorasilagyi.hu\/wp-content\/uploads\/2021\/05\/logowebre.png","contentUrl":"https:\/\/dorasilagyi.hu\/wp-content\/uploads\/2021\/05\/logowebre.png","width":586,"height":431,"caption":"Dora Silagyi Jewellery"},"image":{"@id":"https:\/\/dorasilagyi.hu\/#\/schema\/logo\/image\/"},"sameAs":["https:\/\/www.instagram.com\/dorasilagyi\/","https:\/\/www.facebook.com\/Dora-Silagyi-Jewellery-109313484673073"]}]}},"_links":{"self":[{"href":"https:\/\/dorasilagyi.hu\/en\/wp-json\/wp\/v2\/product\/835","targetHints":{"allow":["GET"]}}],"collection":[{"href":"https:\/\/dorasilagyi.hu\/en\/wp-json\/wp\/v2\/product"}],"about":[{"href":"https:\/\/dorasilagyi.hu\/en\/wp-json\/wp\/v2\/types\/product"}],"wp:featuredmedia":[{"embeddable":true,"href":"https:\/\/dorasilagyi.hu\/en\/wp-json\/wp\/v2\/media\/229723"}],"wp:attachment":[{"href":"https:\/\/dorasilagyi.hu\/en\/wp-json\/wp\/v2\/media?parent=835"}],"wp:term":[{"taxonomy":"product_cat","embeddable":true,"href":"https:\/\/dorasilagyi.hu\/en\/wp-json\/wp\/v2\/product_cat?post=835"},{"taxonomy":"product_tag","embeddable":true,"href":"https:\/\/dorasilagyi.hu\/en\/wp-json\/wp\/v2\/product_tag?post=835"}],"curies":[{"name":"wp","href":"https:\/\/api.w.org\/{rel}","templated":true}]}}