{"id":784,"date":"2021-05-25T14:31:16","date_gmt":"2021-05-25T14:31:16","guid":{"rendered":"https:\/\/dorasilagyi.hu\/?post_type=product&#038;p=784"},"modified":"2026-03-02T08:06:34","modified_gmt":"2026-03-02T08:06:34","slug":"flaneur","status":"publish","type":"product","link":"https:\/\/dorasilagyi.hu\/en\/product\/flaneur\/","title":{"rendered":"&#039;Flaneur&#039; M silver earrings"},"content":{"rendered":"<p><span style=\"font-weight: 400;\">Material: sterling silver<\/span><\/p>\n<p>&nbsp;<\/p>","protected":false},"excerpt":{"rendered":"<p><span style=\"font-weight: 400;\">The brand&#039;s first earring design is a <em>&#039;flaneur&#039;<\/em> It is named after a French phrase. Symbolizing the light-hearted joy of leisurely contemplation and observation, and the atmosphere of long, aimless city walks, the earrings are available in two sizes. The delicate, elegant piece fits comfortably on the earlobe, and the complex shape of the jewelry shows a different image from different angles.\u00a0<\/span><\/p>","protected":false},"featured_media":1290,"template":"","meta":{"_et_pb_use_builder":"off","_et_pb_old_content":"<span style=\"font-weight: 400\">M\u00e9retek: S, M<\/span><span style=\"font-weight: 400\">\r\n<\/span><span style=\"font-weight: 400\">Anyag: sterling ez\u00fcst \/ ez\u00fcst futtatott roz\u00e9 arannyal \/ ez\u00fcst futtatott s\u00e1rga arannyal<\/span><span style=\"font-weight: 400\">\r\n<\/span>\r\n\r\n\u00a0","_et_gb_content_width":"","_monsterinsights_skip_tracking":false,"_monsterinsights_sitenote_active":false,"_monsterinsights_sitenote_note":"","_monsterinsights_sitenote_category":0},"product_cat":[132,130,131],"product_tag":[],"class_list":["post-784","product","type-product","status-publish","has-post-thumbnail","hentry","product_cat-ready-to-ship","product_cat-fulbevalo","product_cat-ezust-ekszer","pa_meret-m-meret","pa_meret-s-meret"],"yoast_head":"<!-- This site is optimized with the Yoast SEO plugin v19.9 - https:\/\/yoast.com\/wordpress\/plugins\/seo\/ -->\n<title>&#039;Flaneur&#039; M ez\u00fcst f\u00fclbeval\u00f3 &mdash; Dora Silagyi Jewellery<\/title>\n<meta name=\"description\" content=\"A m\u00e1rka els\u0151 f\u00fclbeval\u00f3 diz\u00e1jnja a \u2019flaneur\u2019 francia kifejez\u00e9s ut\u00e1n kapta nev\u00e9t. A r\u00e1\u00e9r\u0151s szeml\u00e9l\u0151d\u00e9s \u00e9s megfigyel\u00e9s tev\u00e9kenys\u00e9g\u00e9nek k\u00f6nnyed \u00f6r\u00f6m\u00e9t, a hossz\u00fa, c\u00e9ltalan v\u00e1rosi s\u00e9t\u00e1k hangulat\u00e1t szimboliz\u00e1l\u00f3 f\u00fclbeval\u00f3 k\u00e9t m\u00e9retben \u00e9rhet\u0151 el.\u00a0 A finom, eleg\u00e1ns darab k\u00e9nyelmesen illeszkedik a f\u00fclcimp\u00e1hoz, az \u00e9kszer \u00f6sszetett form\u00e1ja k\u00fcl\u00f6nb\u00f6z\u0151 n\u00e9zetekb\u0151l k\u00fcl\u00f6nb\u00f6z\u0151 k\u00e9pet mutat. Rendelhet\u0151 ez\u00fcstb\u0151l, s\u00e1rga vagy roz\u00e9 arannyal futtatott ez\u00fcst alap\u00fa verzi\u00f3ban.\" \/>\n<meta name=\"robots\" content=\"index, follow, max-snippet:-1, max-image-preview:large, max-video-preview:-1\" \/>\n<link rel=\"canonical\" href=\"https:\/\/dorasilagyi.hu\/en\/product\/flaneur\/\" \/>\n<meta property=\"og:locale\" content=\"en_GB\" \/>\n<meta property=\"og:type\" content=\"article\" \/>\n<meta property=\"og:title\" content=\"&#039;Flaneur&#039; M ez\u00fcst f\u00fclbeval\u00f3 &mdash; Dora Silagyi Jewellery\" \/>\n<meta property=\"og:description\" content=\"A m\u00e1rka els\u0151 f\u00fclbeval\u00f3 diz\u00e1jnja a \u2019flaneur\u2019 francia kifejez\u00e9s ut\u00e1n kapta nev\u00e9t. A r\u00e1\u00e9r\u0151s szeml\u00e9l\u0151d\u00e9s \u00e9s megfigyel\u00e9s tev\u00e9kenys\u00e9g\u00e9nek k\u00f6nnyed \u00f6r\u00f6m\u00e9t, a hossz\u00fa, c\u00e9ltalan v\u00e1rosi s\u00e9t\u00e1k hangulat\u00e1t szimboliz\u00e1l\u00f3 f\u00fclbeval\u00f3 k\u00e9t m\u00e9retben \u00e9rhet\u0151 el.\u00a0 A finom, eleg\u00e1ns darab k\u00e9nyelmesen illeszkedik a f\u00fclcimp\u00e1hoz, az \u00e9kszer \u00f6sszetett form\u00e1ja k\u00fcl\u00f6nb\u00f6z\u0151 n\u00e9zetekb\u0151l k\u00fcl\u00f6nb\u00f6z\u0151 k\u00e9pet mutat. Rendelhet\u0151 ez\u00fcstb\u0151l, s\u00e1rga vagy roz\u00e9 arannyal futtatott ez\u00fcst alap\u00fa verzi\u00f3ban.\" \/>\n<meta property=\"og:url\" content=\"https:\/\/dorasilagyi.hu\/en\/product\/flaneur\/\" \/>\n<meta property=\"og:site_name\" content=\"Dora Silagyi Jewellery\" \/>\n<meta property=\"article:publisher\" content=\"https:\/\/www.facebook.com\/Dora-Silagyi-Jewellery-109313484673073\" \/>\n<meta property=\"article:modified_time\" content=\"2026-03-02T08:06:34+00:00\" \/>\n<meta property=\"og:image\" content=\"https:\/\/dorasilagyi.hu\/wp-content\/uploads\/2021\/05\/zsff.jpg\" \/>\n\t<meta property=\"og:image:width\" content=\"1000\" \/>\n\t<meta property=\"og:image:height\" content=\"1494\" \/>\n\t<meta property=\"og:image:type\" content=\"image\/jpeg\" \/>\n<meta name=\"twitter:card\" content=\"summary_large_image\" \/>\n<meta name=\"twitter:label1\" content=\"Estimated reading time\" \/>\n\t<meta name=\"twitter:data1\" content=\"1 minute\" \/>\n<script type=\"application\/ld+json\" class=\"yoast-schema-graph\">{\"@context\":\"https:\/\/schema.org\",\"@graph\":[{\"@type\":\"WebPage\",\"@id\":\"https:\/\/dorasilagyi.hu\/termek\/flaneur\/\",\"url\":\"https:\/\/dorasilagyi.hu\/termek\/flaneur\/\",\"name\":\"'Flaneur' M ez\u00fcst f\u00fclbeval\u00f3 &mdash; Dora Silagyi Jewellery\",\"isPartOf\":{\"@id\":\"https:\/\/dorasilagyi.hu\/#website\"},\"datePublished\":\"2021-05-25T14:31:16+00:00\",\"dateModified\":\"2026-03-02T08:06:34+00:00\",\"description\":\"A m\u00e1rka els\u0151 f\u00fclbeval\u00f3 diz\u00e1jnja a \u2019flaneur\u2019 francia kifejez\u00e9s ut\u00e1n kapta nev\u00e9t. A r\u00e1\u00e9r\u0151s szeml\u00e9l\u0151d\u00e9s \u00e9s megfigyel\u00e9s tev\u00e9kenys\u00e9g\u00e9nek k\u00f6nnyed \u00f6r\u00f6m\u00e9t, a hossz\u00fa, c\u00e9ltalan v\u00e1rosi s\u00e9t\u00e1k hangulat\u00e1t szimboliz\u00e1l\u00f3 f\u00fclbeval\u00f3 k\u00e9t m\u00e9retben \u00e9rhet\u0151 el.\u00a0 A finom, eleg\u00e1ns darab k\u00e9nyelmesen illeszkedik a f\u00fclcimp\u00e1hoz, az \u00e9kszer \u00f6sszetett form\u00e1ja k\u00fcl\u00f6nb\u00f6z\u0151 n\u00e9zetekb\u0151l k\u00fcl\u00f6nb\u00f6z\u0151 k\u00e9pet mutat. Rendelhet\u0151 ez\u00fcstb\u0151l, s\u00e1rga vagy roz\u00e9 arannyal futtatott ez\u00fcst alap\u00fa verzi\u00f3ban.\",\"breadcrumb\":{\"@id\":\"https:\/\/dorasilagyi.hu\/termek\/flaneur\/#breadcrumb\"},\"inLanguage\":\"en-GB\",\"potentialAction\":[{\"@type\":\"ReadAction\",\"target\":[\"https:\/\/dorasilagyi.hu\/termek\/flaneur\/\"]}]},{\"@type\":\"BreadcrumbList\",\"@id\":\"https:\/\/dorasilagyi.hu\/termek\/flaneur\/#breadcrumb\",\"itemListElement\":[{\"@type\":\"ListItem\",\"position\":1,\"name\":\"Kezd\u0151lap\",\"item\":\"https:\/\/dorasilagyi.hu\/\"},{\"@type\":\"ListItem\",\"position\":2,\"name\":\"Shop\",\"item\":\"https:\/\/dorasilagyi.hu\/shop\/\"},{\"@type\":\"ListItem\",\"position\":3,\"name\":\"&#8216;Flaneur&#8217; M ez\u00fcst f\u00fclbeval\u00f3\"}]},{\"@type\":\"WebSite\",\"@id\":\"https:\/\/dorasilagyi.hu\/#website\",\"url\":\"https:\/\/dorasilagyi.hu\/\",\"name\":\"Dora Silagyi Jewellery\",\"description\":\"Sophisticated, timeless jewellery design\",\"publisher\":{\"@id\":\"https:\/\/dorasilagyi.hu\/#organization\"},\"potentialAction\":[{\"@type\":\"SearchAction\",\"target\":{\"@type\":\"EntryPoint\",\"urlTemplate\":\"https:\/\/dorasilagyi.hu\/?s={search_term_string}\"},\"query-input\":\"required name=search_term_string\"}],\"inLanguage\":\"en-GB\"},{\"@type\":\"Organization\",\"@id\":\"https:\/\/dorasilagyi.hu\/#organization\",\"name\":\"Dora Silagyi Jewellery\",\"url\":\"https:\/\/dorasilagyi.hu\/\",\"logo\":{\"@type\":\"ImageObject\",\"inLanguage\":\"en-GB\",\"@id\":\"https:\/\/dorasilagyi.hu\/#\/schema\/logo\/image\/\",\"url\":\"https:\/\/dorasilagyi.hu\/wp-content\/uploads\/2021\/05\/logowebre.png\",\"contentUrl\":\"https:\/\/dorasilagyi.hu\/wp-content\/uploads\/2021\/05\/logowebre.png\",\"width\":586,\"height\":431,\"caption\":\"Dora Silagyi Jewellery\"},\"image\":{\"@id\":\"https:\/\/dorasilagyi.hu\/#\/schema\/logo\/image\/\"},\"sameAs\":[\"https:\/\/www.instagram.com\/dorasilagyi\/\",\"https:\/\/www.facebook.com\/Dora-Silagyi-Jewellery-109313484673073\"]}]}<\/script>\n<!-- \/ Yoast SEO plugin. -->","yoast_head_json":{"title":"'Flaneur' M ez\u00fcst f\u00fclbeval\u00f3 &mdash; Dora Silagyi Jewellery","description":"A m\u00e1rka els\u0151 f\u00fclbeval\u00f3 diz\u00e1jnja a \u2019flaneur\u2019 francia kifejez\u00e9s ut\u00e1n kapta nev\u00e9t. A r\u00e1\u00e9r\u0151s szeml\u00e9l\u0151d\u00e9s \u00e9s megfigyel\u00e9s tev\u00e9kenys\u00e9g\u00e9nek k\u00f6nnyed \u00f6r\u00f6m\u00e9t, a hossz\u00fa, c\u00e9ltalan v\u00e1rosi s\u00e9t\u00e1k hangulat\u00e1t szimboliz\u00e1l\u00f3 f\u00fclbeval\u00f3 k\u00e9t m\u00e9retben \u00e9rhet\u0151 el.\u00a0 A finom, eleg\u00e1ns darab k\u00e9nyelmesen illeszkedik a f\u00fclcimp\u00e1hoz, az \u00e9kszer \u00f6sszetett form\u00e1ja k\u00fcl\u00f6nb\u00f6z\u0151 n\u00e9zetekb\u0151l k\u00fcl\u00f6nb\u00f6z\u0151 k\u00e9pet mutat. Rendelhet\u0151 ez\u00fcstb\u0151l, s\u00e1rga vagy roz\u00e9 arannyal futtatott ez\u00fcst alap\u00fa verzi\u00f3ban.","robots":{"index":"index","follow":"follow","max-snippet":"max-snippet:-1","max-image-preview":"max-image-preview:large","max-video-preview":"max-video-preview:-1"},"canonical":"https:\/\/dorasilagyi.hu\/en\/product\/flaneur\/","og_locale":"en_GB","og_type":"article","og_title":"'Flaneur' M ez\u00fcst f\u00fclbeval\u00f3 &mdash; Dora Silagyi Jewellery","og_description":"A m\u00e1rka els\u0151 f\u00fclbeval\u00f3 diz\u00e1jnja a \u2019flaneur\u2019 francia kifejez\u00e9s ut\u00e1n kapta nev\u00e9t. A r\u00e1\u00e9r\u0151s szeml\u00e9l\u0151d\u00e9s \u00e9s megfigyel\u00e9s tev\u00e9kenys\u00e9g\u00e9nek k\u00f6nnyed \u00f6r\u00f6m\u00e9t, a hossz\u00fa, c\u00e9ltalan v\u00e1rosi s\u00e9t\u00e1k hangulat\u00e1t szimboliz\u00e1l\u00f3 f\u00fclbeval\u00f3 k\u00e9t m\u00e9retben \u00e9rhet\u0151 el.\u00a0 A finom, eleg\u00e1ns darab k\u00e9nyelmesen illeszkedik a f\u00fclcimp\u00e1hoz, az \u00e9kszer \u00f6sszetett form\u00e1ja k\u00fcl\u00f6nb\u00f6z\u0151 n\u00e9zetekb\u0151l k\u00fcl\u00f6nb\u00f6z\u0151 k\u00e9pet mutat. Rendelhet\u0151 ez\u00fcstb\u0151l, s\u00e1rga vagy roz\u00e9 arannyal futtatott ez\u00fcst alap\u00fa verzi\u00f3ban.","og_url":"https:\/\/dorasilagyi.hu\/en\/product\/flaneur\/","og_site_name":"Dora Silagyi Jewellery","article_publisher":"https:\/\/www.facebook.com\/Dora-Silagyi-Jewellery-109313484673073","article_modified_time":"2026-03-02T08:06:34+00:00","og_image":[{"width":1000,"height":1494,"url":"https:\/\/dorasilagyi.hu\/wp-content\/uploads\/2021\/05\/zsff.jpg","type":"image\/jpeg"}],"twitter_card":"summary_large_image","twitter_misc":{"Estimated reading time":"1 minute"},"schema":{"@context":"https:\/\/schema.org","@graph":[{"@type":"WebPage","@id":"https:\/\/dorasilagyi.hu\/termek\/flaneur\/","url":"https:\/\/dorasilagyi.hu\/termek\/flaneur\/","name":"'Flaneur' M ez\u00fcst f\u00fclbeval\u00f3 &mdash; Dora Silagyi Jewellery","isPartOf":{"@id":"https:\/\/dorasilagyi.hu\/#website"},"datePublished":"2021-05-25T14:31:16+00:00","dateModified":"2026-03-02T08:06:34+00:00","description":"A m\u00e1rka els\u0151 f\u00fclbeval\u00f3 diz\u00e1jnja a \u2019flaneur\u2019 francia kifejez\u00e9s ut\u00e1n kapta nev\u00e9t. A r\u00e1\u00e9r\u0151s szeml\u00e9l\u0151d\u00e9s \u00e9s megfigyel\u00e9s tev\u00e9kenys\u00e9g\u00e9nek k\u00f6nnyed \u00f6r\u00f6m\u00e9t, a hossz\u00fa, c\u00e9ltalan v\u00e1rosi s\u00e9t\u00e1k hangulat\u00e1t szimboliz\u00e1l\u00f3 f\u00fclbeval\u00f3 k\u00e9t m\u00e9retben \u00e9rhet\u0151 el.\u00a0 A finom, eleg\u00e1ns darab k\u00e9nyelmesen illeszkedik a f\u00fclcimp\u00e1hoz, az \u00e9kszer \u00f6sszetett form\u00e1ja k\u00fcl\u00f6nb\u00f6z\u0151 n\u00e9zetekb\u0151l k\u00fcl\u00f6nb\u00f6z\u0151 k\u00e9pet mutat. Rendelhet\u0151 ez\u00fcstb\u0151l, s\u00e1rga vagy roz\u00e9 arannyal futtatott ez\u00fcst alap\u00fa verzi\u00f3ban.","breadcrumb":{"@id":"https:\/\/dorasilagyi.hu\/termek\/flaneur\/#breadcrumb"},"inLanguage":"en-GB","potentialAction":[{"@type":"ReadAction","target":["https:\/\/dorasilagyi.hu\/termek\/flaneur\/"]}]},{"@type":"BreadcrumbList","@id":"https:\/\/dorasilagyi.hu\/termek\/flaneur\/#breadcrumb","itemListElement":[{"@type":"ListItem","position":1,"name":"Kezd\u0151lap","item":"https:\/\/dorasilagyi.hu\/"},{"@type":"ListItem","position":2,"name":"Shop","item":"https:\/\/dorasilagyi.hu\/shop\/"},{"@type":"ListItem","position":3,"name":"&#8216;Flaneur&#8217; M ez\u00fcst f\u00fclbeval\u00f3"}]},{"@type":"WebSite","@id":"https:\/\/dorasilagyi.hu\/#website","url":"https:\/\/dorasilagyi.hu\/","name":"Dora Silagyi Jewellery","description":"Sophisticated, timeless jewellery design","publisher":{"@id":"https:\/\/dorasilagyi.hu\/#organization"},"potentialAction":[{"@type":"SearchAction","target":{"@type":"EntryPoint","urlTemplate":"https:\/\/dorasilagyi.hu\/?s={search_term_string}"},"query-input":"required name=search_term_string"}],"inLanguage":"en-GB"},{"@type":"Organization","@id":"https:\/\/dorasilagyi.hu\/#organization","name":"Dora Silagyi Jewellery","url":"https:\/\/dorasilagyi.hu\/","logo":{"@type":"ImageObject","inLanguage":"en-GB","@id":"https:\/\/dorasilagyi.hu\/#\/schema\/logo\/image\/","url":"https:\/\/dorasilagyi.hu\/wp-content\/uploads\/2021\/05\/logowebre.png","contentUrl":"https:\/\/dorasilagyi.hu\/wp-content\/uploads\/2021\/05\/logowebre.png","width":586,"height":431,"caption":"Dora Silagyi Jewellery"},"image":{"@id":"https:\/\/dorasilagyi.hu\/#\/schema\/logo\/image\/"},"sameAs":["https:\/\/www.instagram.com\/dorasilagyi\/","https:\/\/www.facebook.com\/Dora-Silagyi-Jewellery-109313484673073"]}]}},"_links":{"self":[{"href":"https:\/\/dorasilagyi.hu\/en\/wp-json\/wp\/v2\/product\/784","targetHints":{"allow":["GET"]}}],"collection":[{"href":"https:\/\/dorasilagyi.hu\/en\/wp-json\/wp\/v2\/product"}],"about":[{"href":"https:\/\/dorasilagyi.hu\/en\/wp-json\/wp\/v2\/types\/product"}],"wp:featuredmedia":[{"embeddable":true,"href":"https:\/\/dorasilagyi.hu\/en\/wp-json\/wp\/v2\/media\/1290"}],"wp:attachment":[{"href":"https:\/\/dorasilagyi.hu\/en\/wp-json\/wp\/v2\/media?parent=784"}],"wp:term":[{"taxonomy":"product_cat","embeddable":true,"href":"https:\/\/dorasilagyi.hu\/en\/wp-json\/wp\/v2\/product_cat?post=784"},{"taxonomy":"product_tag","embeddable":true,"href":"https:\/\/dorasilagyi.hu\/en\/wp-json\/wp\/v2\/product_tag?post=784"}],"curies":[{"name":"wp","href":"https:\/\/api.w.org\/{rel}","templated":true}]}}