{"id":233143,"date":"2026-03-23T12:53:22","date_gmt":"2026-03-23T12:53:22","guid":{"rendered":"https:\/\/dorasilagyi.hu\/?post_type=product&#038;p=233143"},"modified":"2026-04-04T14:21:21","modified_gmt":"2026-04-04T14:21:21","slug":"lava-petite-14karatos-arany-gyuru-gyemanttal","status":"publish","type":"product","link":"https:\/\/dorasilagyi.hu\/en\/product\/lava-petite-14karatos-arany-gyuru-gyemanttal\/","title":{"rendered":"LAVA PETITE 14kar\u00e1tos arany gy\u0171r\u0171 gy\u00e9m\u00e1nttal"},"content":{"rendered":"<p>Szem\u00e9lyre szabhat\u00f3 design \u2013 STANDARD DSJ fazon<\/p>\n<p>Tetszik a forma, de m\u00e1s dr\u00e1gak\u0151vel, elt\u00e9r\u0151 m\u00e9ret\u0171 vagy sz\u00edn\u0171 gy\u00e9m\u00e1nttal, esetleg m\u00e1s \u00e1rnyalat\u00fa arany\u00f6tv\u00f6zetben k\u00e9pzeled el?<br \/>\nA LAVA PETITE gy\u0171r\u0171 teljes k\u00f6r\u0171en szem\u00e9lyre szabhat\u00f3, \u00edgy olyan \u00e9kszer k\u00e9sz\u00fclhet bel\u0151le, amely val\u00f3ban hozz\u00e1d illik.<\/p>\n<p>Egyedi (CUSTOM) gy\u0171r\u0171 k\u00e9sz\u00edt\u00e9s\u00e9vel kapcsolatban vedd fel vel\u00fcnk a kapcsolatot a<br \/>\nstudio@dorasilagyi.hu e-mail c\u00edmen \u2014 \u00f6r\u00f6mmel egyeztetj\u00fck veled a r\u00e9szleteket, \u00e9s szem\u00e9lyre szabott \u00e1raj\u00e1nlatot k\u00e9sz\u00edt\u00fcnk.<\/p>\n<p>Elk\u00e9sz\u00edt\u00e9si id\u0151<br \/>\nDr\u00e1gak\u00f6ves \u00e9kszer custom megrendel\u00e9se eset\u00e9n a v\u00e1rhat\u00f3 elk\u00e9sz\u00edt\u00e9si id\u0151<br \/>\nkb. 5\u20136 h\u00e9t a megrendel\u00e9st\u0151l sz\u00e1m\u00edtva.<\/p>\n<p>K\u00e9szleten l\u00e9v\u0151 darabok<br \/>\nAz azonnal el\u00e9rhet\u0151 \u00e9kszereink ak\u00e1r 3 munkanapon bel\u00fcl n\u00e1lad lehetnek.<\/p>\n<p>Szem\u00e9lyes pr\u00f3ba<br \/>\nHa sz\u00edvesen felpr\u00f3b\u00e1ln\u00e1d a gy\u0171r\u0171t, egyeztess\u00fcnk id\u0151pontot p\u00e9csi st\u00fadi\u00f3nkba \u2014 szeretettel v\u00e1runk.<\/p>","protected":false},"excerpt":{"rendered":"<p>A klasszikus solitaire gy\u0171r\u0171 hagyom\u00e1nya tal\u00e1lkozik a LAVA kollekci\u00f3 term\u00e9szetk\u00f6zeli, organikus inspir\u00e1ci\u00f3j\u00e1val.<\/p>\n<p>A rusztikus arany text\u00fara \u00e9s a finoman pol\u00edrozott foglalat kontrasztja k\u00fcl\u00f6nleges m\u00e9lys\u00e9get ad az \u00e9kszernek \u2013 egyszerre kort\u00e1rs \u00e9s id\u0151tlen. Letisztult ar\u00e1nyai visszafogott eleganci\u00e1t sug\u00e1roznak, \u00edgy a gy\u0171r\u0171 t\u00f6k\u00e9letes v\u00e1laszt\u00e1s mindennapi viseletre vagy k\u00fcl\u00f6nleges jelent\u00e9s\u0171 aj\u00e1nd\u00e9kk\u00e9nt is.<\/p>\n<p>14 kar\u00e1tos s\u00e1rga arany<br \/>\n0,1 ct term\u00e9szetes brili\u00e1ns csiszol\u00e1s\u00fa gy\u00e9m\u00e1nt (cca 3 mm)<br \/>\negyedi tervez\u00e9s\u0171 n\u00e9gy karmos foglalat<\/p>\n<p>K\u00e9szleten 1 db, 50-es m\u00e9ret. <\/p>\n<p>M\u00e9retigaz\u00edt\u00e1si ig\u00e9ny eset\u00e9n k\u00e9rj\u00fck, vedd fel vel\u00fcnk a kapcsolatot a<br \/>\nstudio@dorasilagyi.hu e-mail c\u00edmen.<\/p>","protected":false},"featured_media":233166,"template":"","meta":{"_et_pb_use_builder":"","_et_pb_old_content":"","_et_gb_content_width":"","_monsterinsights_skip_tracking":false,"_monsterinsights_sitenote_active":false,"_monsterinsights_sitenote_note":"","_monsterinsights_sitenote_category":0},"product_cat":[133,132,126,129],"product_tag":[],"class_list":["post-233143","product","type-product","status-publish","has-post-thumbnail","hentry","product_cat-new-arrivals","product_cat-ready-to-ship","product_cat-eljegyzesi-gyuru","product_cat-gyuru"],"yoast_head":"<!-- This site is optimized with the Yoast SEO plugin v19.9 - https:\/\/yoast.com\/wordpress\/plugins\/seo\/ -->\n<title>LAVA PETITE 14kar\u00e1tos arany gy\u0171r\u0171 gy\u00e9m\u00e1nttal &mdash; Dora Silagyi Jewellery %<\/title>\n<meta name=\"description\" content=\"14kar\u00e1tos s\u00e1rg arany eljegyz\u00e9si gy\u0171r\u0171 z\u00f6ld term\u00e9szetes zaf\u00edrral 14carat gold engagement ring with organic texture %\" \/>\n<meta name=\"robots\" content=\"index, follow, max-snippet:-1, max-image-preview:large, max-video-preview:-1\" \/>\n<link rel=\"canonical\" href=\"https:\/\/dorasilagyi.hu\/en\/product\/lava-petite-14karatos-arany-gyuru-gyemanttal\/\" \/>\n<meta property=\"og:locale\" content=\"en_GB\" \/>\n<meta property=\"og:type\" content=\"article\" \/>\n<meta property=\"og:title\" content=\"LAVA PETITE 14kar\u00e1tos arany gy\u0171r\u0171 gy\u00e9m\u00e1nttal &mdash; Dora Silagyi Jewellery %\" \/>\n<meta property=\"og:description\" content=\"14kar\u00e1tos s\u00e1rg arany eljegyz\u00e9si gy\u0171r\u0171 z\u00f6ld term\u00e9szetes zaf\u00edrral 14carat gold engagement ring with organic texture %\" \/>\n<meta property=\"og:url\" content=\"https:\/\/dorasilagyi.hu\/en\/product\/lava-petite-14karatos-arany-gyuru-gyemanttal\/\" \/>\n<meta property=\"og:site_name\" content=\"Dora Silagyi Jewellery\" \/>\n<meta property=\"article:publisher\" content=\"https:\/\/www.facebook.com\/Dora-Silagyi-Jewellery-109313484673073\" \/>\n<meta property=\"article:modified_time\" content=\"2026-04-04T14:21:21+00:00\" \/>\n<meta property=\"og:image\" content=\"https:\/\/dorasilagyi.hu\/wp-content\/uploads\/2026\/03\/IGP5328-scaled.jpg\" \/>\n\t<meta property=\"og:image:width\" content=\"1714\" \/>\n\t<meta property=\"og:image:height\" content=\"2560\" \/>\n\t<meta property=\"og:image:type\" content=\"image\/jpeg\" \/>\n<meta name=\"twitter:card\" content=\"summary_large_image\" \/>\n<meta name=\"twitter:label1\" content=\"Estimated reading time\" \/>\n\t<meta name=\"twitter:data1\" content=\"1 minute\" \/>\n<script type=\"application\/ld+json\" class=\"yoast-schema-graph\">{\"@context\":\"https:\/\/schema.org\",\"@graph\":[{\"@type\":\"WebPage\",\"@id\":\"https:\/\/dorasilagyi.hu\/termek\/lava-petite-14karatos-arany-gyuru-gyemanttal\/\",\"url\":\"https:\/\/dorasilagyi.hu\/termek\/lava-petite-14karatos-arany-gyuru-gyemanttal\/\",\"name\":\"LAVA PETITE 14kar\u00e1tos arany gy\u0171r\u0171 gy\u00e9m\u00e1nttal &mdash; Dora Silagyi Jewellery %\",\"isPartOf\":{\"@id\":\"https:\/\/dorasilagyi.hu\/#website\"},\"datePublished\":\"2026-03-23T12:53:22+00:00\",\"dateModified\":\"2026-04-04T14:21:21+00:00\",\"description\":\"14kar\u00e1tos s\u00e1rg arany eljegyz\u00e9si gy\u0171r\u0171 z\u00f6ld term\u00e9szetes zaf\u00edrral 14carat gold engagement ring with organic texture %\",\"breadcrumb\":{\"@id\":\"https:\/\/dorasilagyi.hu\/termek\/lava-petite-14karatos-arany-gyuru-gyemanttal\/#breadcrumb\"},\"inLanguage\":\"en-GB\",\"potentialAction\":[{\"@type\":\"ReadAction\",\"target\":[\"https:\/\/dorasilagyi.hu\/termek\/lava-petite-14karatos-arany-gyuru-gyemanttal\/\"]}]},{\"@type\":\"BreadcrumbList\",\"@id\":\"https:\/\/dorasilagyi.hu\/termek\/lava-petite-14karatos-arany-gyuru-gyemanttal\/#breadcrumb\",\"itemListElement\":[{\"@type\":\"ListItem\",\"position\":1,\"name\":\"Kezd\u0151lap\",\"item\":\"https:\/\/dorasilagyi.hu\/\"},{\"@type\":\"ListItem\",\"position\":2,\"name\":\"Shop\",\"item\":\"https:\/\/dorasilagyi.hu\/shop\/\"},{\"@type\":\"ListItem\",\"position\":3,\"name\":\"LAVA PETITE 14kar\u00e1tos arany gy\u0171r\u0171 gy\u00e9m\u00e1nttal\"}]},{\"@type\":\"WebSite\",\"@id\":\"https:\/\/dorasilagyi.hu\/#website\",\"url\":\"https:\/\/dorasilagyi.hu\/\",\"name\":\"Dora Silagyi Jewellery\",\"description\":\"Sophisticated, timeless jewellery design\",\"publisher\":{\"@id\":\"https:\/\/dorasilagyi.hu\/#organization\"},\"potentialAction\":[{\"@type\":\"SearchAction\",\"target\":{\"@type\":\"EntryPoint\",\"urlTemplate\":\"https:\/\/dorasilagyi.hu\/?s={search_term_string}\"},\"query-input\":\"required name=search_term_string\"}],\"inLanguage\":\"en-GB\"},{\"@type\":\"Organization\",\"@id\":\"https:\/\/dorasilagyi.hu\/#organization\",\"name\":\"Dora Silagyi Jewellery\",\"url\":\"https:\/\/dorasilagyi.hu\/\",\"logo\":{\"@type\":\"ImageObject\",\"inLanguage\":\"en-GB\",\"@id\":\"https:\/\/dorasilagyi.hu\/#\/schema\/logo\/image\/\",\"url\":\"https:\/\/dorasilagyi.hu\/wp-content\/uploads\/2021\/05\/logowebre.png\",\"contentUrl\":\"https:\/\/dorasilagyi.hu\/wp-content\/uploads\/2021\/05\/logowebre.png\",\"width\":586,\"height\":431,\"caption\":\"Dora Silagyi Jewellery\"},\"image\":{\"@id\":\"https:\/\/dorasilagyi.hu\/#\/schema\/logo\/image\/\"},\"sameAs\":[\"https:\/\/www.instagram.com\/dorasilagyi\/\",\"https:\/\/www.facebook.com\/Dora-Silagyi-Jewellery-109313484673073\"]}]}<\/script>\n<!-- \/ Yoast SEO plugin. -->","yoast_head_json":{"title":"LAVA PETITE 14kar\u00e1tos arany gy\u0171r\u0171 gy\u00e9m\u00e1nttal &mdash; Dora Silagyi Jewellery %","description":"14kar\u00e1tos s\u00e1rg arany eljegyz\u00e9si gy\u0171r\u0171 z\u00f6ld term\u00e9szetes zaf\u00edrral 14carat gold engagement ring with organic texture %","robots":{"index":"index","follow":"follow","max-snippet":"max-snippet:-1","max-image-preview":"max-image-preview:large","max-video-preview":"max-video-preview:-1"},"canonical":"https:\/\/dorasilagyi.hu\/en\/product\/lava-petite-14karatos-arany-gyuru-gyemanttal\/","og_locale":"en_GB","og_type":"article","og_title":"LAVA PETITE 14kar\u00e1tos arany gy\u0171r\u0171 gy\u00e9m\u00e1nttal &mdash; Dora Silagyi Jewellery %","og_description":"14kar\u00e1tos s\u00e1rg arany eljegyz\u00e9si gy\u0171r\u0171 z\u00f6ld term\u00e9szetes zaf\u00edrral 14carat gold engagement ring with organic texture %","og_url":"https:\/\/dorasilagyi.hu\/en\/product\/lava-petite-14karatos-arany-gyuru-gyemanttal\/","og_site_name":"Dora Silagyi Jewellery","article_publisher":"https:\/\/www.facebook.com\/Dora-Silagyi-Jewellery-109313484673073","article_modified_time":"2026-04-04T14:21:21+00:00","og_image":[{"width":1714,"height":2560,"url":"https:\/\/dorasilagyi.hu\/wp-content\/uploads\/2026\/03\/IGP5328-scaled.jpg","type":"image\/jpeg"}],"twitter_card":"summary_large_image","twitter_misc":{"Estimated reading time":"1 minute"},"schema":{"@context":"https:\/\/schema.org","@graph":[{"@type":"WebPage","@id":"https:\/\/dorasilagyi.hu\/termek\/lava-petite-14karatos-arany-gyuru-gyemanttal\/","url":"https:\/\/dorasilagyi.hu\/termek\/lava-petite-14karatos-arany-gyuru-gyemanttal\/","name":"LAVA PETITE 14kar\u00e1tos arany gy\u0171r\u0171 gy\u00e9m\u00e1nttal &mdash; Dora Silagyi Jewellery %","isPartOf":{"@id":"https:\/\/dorasilagyi.hu\/#website"},"datePublished":"2026-03-23T12:53:22+00:00","dateModified":"2026-04-04T14:21:21+00:00","description":"14kar\u00e1tos s\u00e1rg arany eljegyz\u00e9si gy\u0171r\u0171 z\u00f6ld term\u00e9szetes zaf\u00edrral 14carat gold engagement ring with organic texture %","breadcrumb":{"@id":"https:\/\/dorasilagyi.hu\/termek\/lava-petite-14karatos-arany-gyuru-gyemanttal\/#breadcrumb"},"inLanguage":"en-GB","potentialAction":[{"@type":"ReadAction","target":["https:\/\/dorasilagyi.hu\/termek\/lava-petite-14karatos-arany-gyuru-gyemanttal\/"]}]},{"@type":"BreadcrumbList","@id":"https:\/\/dorasilagyi.hu\/termek\/lava-petite-14karatos-arany-gyuru-gyemanttal\/#breadcrumb","itemListElement":[{"@type":"ListItem","position":1,"name":"Kezd\u0151lap","item":"https:\/\/dorasilagyi.hu\/"},{"@type":"ListItem","position":2,"name":"Shop","item":"https:\/\/dorasilagyi.hu\/shop\/"},{"@type":"ListItem","position":3,"name":"LAVA PETITE 14kar\u00e1tos arany gy\u0171r\u0171 gy\u00e9m\u00e1nttal"}]},{"@type":"WebSite","@id":"https:\/\/dorasilagyi.hu\/#website","url":"https:\/\/dorasilagyi.hu\/","name":"Dora Silagyi Jewellery","description":"Sophisticated, timeless jewellery design","publisher":{"@id":"https:\/\/dorasilagyi.hu\/#organization"},"potentialAction":[{"@type":"SearchAction","target":{"@type":"EntryPoint","urlTemplate":"https:\/\/dorasilagyi.hu\/?s={search_term_string}"},"query-input":"required name=search_term_string"}],"inLanguage":"en-GB"},{"@type":"Organization","@id":"https:\/\/dorasilagyi.hu\/#organization","name":"Dora Silagyi Jewellery","url":"https:\/\/dorasilagyi.hu\/","logo":{"@type":"ImageObject","inLanguage":"en-GB","@id":"https:\/\/dorasilagyi.hu\/#\/schema\/logo\/image\/","url":"https:\/\/dorasilagyi.hu\/wp-content\/uploads\/2021\/05\/logowebre.png","contentUrl":"https:\/\/dorasilagyi.hu\/wp-content\/uploads\/2021\/05\/logowebre.png","width":586,"height":431,"caption":"Dora Silagyi Jewellery"},"image":{"@id":"https:\/\/dorasilagyi.hu\/#\/schema\/logo\/image\/"},"sameAs":["https:\/\/www.instagram.com\/dorasilagyi\/","https:\/\/www.facebook.com\/Dora-Silagyi-Jewellery-109313484673073"]}]}},"_links":{"self":[{"href":"https:\/\/dorasilagyi.hu\/en\/wp-json\/wp\/v2\/product\/233143","targetHints":{"allow":["GET"]}}],"collection":[{"href":"https:\/\/dorasilagyi.hu\/en\/wp-json\/wp\/v2\/product"}],"about":[{"href":"https:\/\/dorasilagyi.hu\/en\/wp-json\/wp\/v2\/types\/product"}],"wp:featuredmedia":[{"embeddable":true,"href":"https:\/\/dorasilagyi.hu\/en\/wp-json\/wp\/v2\/media\/233166"}],"wp:attachment":[{"href":"https:\/\/dorasilagyi.hu\/en\/wp-json\/wp\/v2\/media?parent=233143"}],"wp:term":[{"taxonomy":"product_cat","embeddable":true,"href":"https:\/\/dorasilagyi.hu\/en\/wp-json\/wp\/v2\/product_cat?post=233143"},{"taxonomy":"product_tag","embeddable":true,"href":"https:\/\/dorasilagyi.hu\/en\/wp-json\/wp\/v2\/product_tag?post=233143"}],"curies":[{"name":"wp","href":"https:\/\/api.w.org\/{rel}","templated":true}]}}