{"id":233022,"date":"2025-12-13T13:53:53","date_gmt":"2025-12-13T13:53:53","guid":{"rendered":"https:\/\/dorasilagyi.hu\/?post_type=product&#038;p=233022"},"modified":"2026-01-26T16:58:08","modified_gmt":"2026-01-26T16:58:08","slug":"sapphire-dream-14karatos-nyaklanc","status":"publish","type":"product","link":"https:\/\/dorasilagyi.hu\/en\/product\/sapphire-dream-14karatos-nyaklanc\/","title":{"rendered":"&#8216;Sapphire Dream&#8217; OOAK 14kar\u00e1tos arany nyakl\u00e1nc (SOLD OUT)"},"content":{"rendered":"","protected":false},"excerpt":{"rendered":"<p>Kifinomult, eleg\u00e1ns nyakl\u00e1nc term\u00e9szetes m\u00e9ly z\u00f6ld, egyedi hossz\u00fa emerald csiszol\u00e1s\u00fa zaf\u00edr dr\u00e1gak\u00f6ves med\u00e1llal.<br \/>\nOne piece.<br \/>\nZaf\u00edr m\u00e9retei: 0.78 ct, 8.3 x 3 mm.<br \/>\nMed\u00e1l m\u00e9rete: cca 12 mm.<\/p>","protected":false},"featured_media":233029,"template":"","meta":{"_et_pb_use_builder":"","_et_pb_old_content":"","_et_gb_content_width":"","_monsterinsights_skip_tracking":false,"_monsterinsights_sitenote_active":false,"_monsterinsights_sitenote_note":"","_monsterinsights_sitenote_category":0},"product_cat":[128],"product_tag":[],"class_list":["post-233022","product","type-product","status-publish","has-post-thumbnail","hentry","product_cat-nyaklanc-medal"],"yoast_head":"<!-- This site is optimized with the Yoast SEO plugin v19.9 - https:\/\/yoast.com\/wordpress\/plugins\/seo\/ -->\n<title>&#039;Sapphire Dream&#039; OOAK 14kar\u00e1tos arany nyakl\u00e1nc (SOLD OUT) &mdash; Dora Silagyi Jewellery<\/title>\n<meta name=\"robots\" content=\"index, follow, max-snippet:-1, max-image-preview:large, max-video-preview:-1\" \/>\n<link rel=\"canonical\" href=\"https:\/\/dorasilagyi.hu\/en\/product\/sapphire-dream-14karatos-nyaklanc\/\" \/>\n<meta property=\"og:locale\" content=\"en_GB\" \/>\n<meta property=\"og:type\" content=\"article\" \/>\n<meta property=\"og:title\" content=\"&#039;Sapphire Dream&#039; OOAK 14kar\u00e1tos arany nyakl\u00e1nc (SOLD OUT) &mdash; Dora Silagyi Jewellery\" \/>\n<meta property=\"og:description\" content=\"Kifinomult, eleg\u00e1ns nyakl\u00e1nc term\u00e9szetes m\u00e9ly z\u00f6ld, egyedi hossz\u00fa emerald csiszol\u00e1s\u00fa zaf\u00edr dr\u00e1gak\u00f6ves med\u00e1llal. Egyetlen darab. Zaf\u00edr m\u00e9retei: 0.78 ct, 8.3 x 3 mm. Med\u00e1l m\u00e9rete: cca 12 mm.\" \/>\n<meta property=\"og:url\" content=\"https:\/\/dorasilagyi.hu\/en\/product\/sapphire-dream-14karatos-nyaklanc\/\" \/>\n<meta property=\"og:site_name\" content=\"Dora Silagyi Jewellery\" \/>\n<meta property=\"article:publisher\" content=\"https:\/\/www.facebook.com\/Dora-Silagyi-Jewellery-109313484673073\" \/>\n<meta property=\"article:modified_time\" content=\"2026-01-26T16:58:08+00:00\" \/>\n<meta property=\"og:image\" content=\"https:\/\/dorasilagyi.hu\/wp-content\/uploads\/2025\/12\/IGP4943-scaled.jpg\" \/>\n\t<meta property=\"og:image:width\" content=\"1714\" \/>\n\t<meta property=\"og:image:height\" content=\"2560\" \/>\n\t<meta property=\"og:image:type\" content=\"image\/jpeg\" \/>\n<meta name=\"twitter:card\" content=\"summary_large_image\" \/>\n<script type=\"application\/ld+json\" class=\"yoast-schema-graph\">{\"@context\":\"https:\/\/schema.org\",\"@graph\":[{\"@type\":\"WebPage\",\"@id\":\"https:\/\/dorasilagyi.hu\/termek\/sapphire-dream-14karatos-nyaklanc\/\",\"url\":\"https:\/\/dorasilagyi.hu\/termek\/sapphire-dream-14karatos-nyaklanc\/\",\"name\":\"'Sapphire Dream' OOAK 14kar\u00e1tos arany nyakl\u00e1nc (SOLD OUT) &mdash; Dora Silagyi Jewellery\",\"isPartOf\":{\"@id\":\"https:\/\/dorasilagyi.hu\/#website\"},\"datePublished\":\"2025-12-13T13:53:53+00:00\",\"dateModified\":\"2026-01-26T16:58:08+00:00\",\"breadcrumb\":{\"@id\":\"https:\/\/dorasilagyi.hu\/termek\/sapphire-dream-14karatos-nyaklanc\/#breadcrumb\"},\"inLanguage\":\"en-GB\",\"potentialAction\":[{\"@type\":\"ReadAction\",\"target\":[\"https:\/\/dorasilagyi.hu\/termek\/sapphire-dream-14karatos-nyaklanc\/\"]}]},{\"@type\":\"BreadcrumbList\",\"@id\":\"https:\/\/dorasilagyi.hu\/termek\/sapphire-dream-14karatos-nyaklanc\/#breadcrumb\",\"itemListElement\":[{\"@type\":\"ListItem\",\"position\":1,\"name\":\"Kezd\u0151lap\",\"item\":\"https:\/\/dorasilagyi.hu\/\"},{\"@type\":\"ListItem\",\"position\":2,\"name\":\"Shop\",\"item\":\"https:\/\/dorasilagyi.hu\/shop\/\"},{\"@type\":\"ListItem\",\"position\":3,\"name\":\"&#8216;Sapphire Dream&#8217; OOAK 14kar\u00e1tos arany nyakl\u00e1nc (SOLD OUT)\"}]},{\"@type\":\"WebSite\",\"@id\":\"https:\/\/dorasilagyi.hu\/#website\",\"url\":\"https:\/\/dorasilagyi.hu\/\",\"name\":\"Dora Silagyi Jewellery\",\"description\":\"Sophisticated, timeless jewellery design\",\"publisher\":{\"@id\":\"https:\/\/dorasilagyi.hu\/#organization\"},\"potentialAction\":[{\"@type\":\"SearchAction\",\"target\":{\"@type\":\"EntryPoint\",\"urlTemplate\":\"https:\/\/dorasilagyi.hu\/?s={search_term_string}\"},\"query-input\":\"required name=search_term_string\"}],\"inLanguage\":\"en-GB\"},{\"@type\":\"Organization\",\"@id\":\"https:\/\/dorasilagyi.hu\/#organization\",\"name\":\"Dora Silagyi Jewellery\",\"url\":\"https:\/\/dorasilagyi.hu\/\",\"logo\":{\"@type\":\"ImageObject\",\"inLanguage\":\"en-GB\",\"@id\":\"https:\/\/dorasilagyi.hu\/#\/schema\/logo\/image\/\",\"url\":\"https:\/\/dorasilagyi.hu\/wp-content\/uploads\/2021\/05\/logowebre.png\",\"contentUrl\":\"https:\/\/dorasilagyi.hu\/wp-content\/uploads\/2021\/05\/logowebre.png\",\"width\":586,\"height\":431,\"caption\":\"Dora Silagyi Jewellery\"},\"image\":{\"@id\":\"https:\/\/dorasilagyi.hu\/#\/schema\/logo\/image\/\"},\"sameAs\":[\"https:\/\/www.instagram.com\/dorasilagyi\/\",\"https:\/\/www.facebook.com\/Dora-Silagyi-Jewellery-109313484673073\"]}]}<\/script>\n<!-- \/ Yoast SEO plugin. -->","yoast_head_json":{"title":"'Sapphire Dream' OOAK 14kar\u00e1tos arany nyakl\u00e1nc (SOLD OUT) &mdash; Dora Silagyi Jewellery","robots":{"index":"index","follow":"follow","max-snippet":"max-snippet:-1","max-image-preview":"max-image-preview:large","max-video-preview":"max-video-preview:-1"},"canonical":"https:\/\/dorasilagyi.hu\/en\/product\/sapphire-dream-14karatos-nyaklanc\/","og_locale":"en_GB","og_type":"article","og_title":"'Sapphire Dream' OOAK 14kar\u00e1tos arany nyakl\u00e1nc (SOLD OUT) &mdash; Dora Silagyi Jewellery","og_description":"Kifinomult, eleg\u00e1ns nyakl\u00e1nc term\u00e9szetes m\u00e9ly z\u00f6ld, egyedi hossz\u00fa emerald csiszol\u00e1s\u00fa zaf\u00edr dr\u00e1gak\u00f6ves med\u00e1llal. Egyetlen darab. Zaf\u00edr m\u00e9retei: 0.78 ct, 8.3 x 3 mm. Med\u00e1l m\u00e9rete: cca 12 mm.","og_url":"https:\/\/dorasilagyi.hu\/en\/product\/sapphire-dream-14karatos-nyaklanc\/","og_site_name":"Dora Silagyi Jewellery","article_publisher":"https:\/\/www.facebook.com\/Dora-Silagyi-Jewellery-109313484673073","article_modified_time":"2026-01-26T16:58:08+00:00","og_image":[{"width":1714,"height":2560,"url":"https:\/\/dorasilagyi.hu\/wp-content\/uploads\/2025\/12\/IGP4943-scaled.jpg","type":"image\/jpeg"}],"twitter_card":"summary_large_image","schema":{"@context":"https:\/\/schema.org","@graph":[{"@type":"WebPage","@id":"https:\/\/dorasilagyi.hu\/termek\/sapphire-dream-14karatos-nyaklanc\/","url":"https:\/\/dorasilagyi.hu\/termek\/sapphire-dream-14karatos-nyaklanc\/","name":"'Sapphire Dream' OOAK 14kar\u00e1tos arany nyakl\u00e1nc (SOLD OUT) &mdash; Dora Silagyi Jewellery","isPartOf":{"@id":"https:\/\/dorasilagyi.hu\/#website"},"datePublished":"2025-12-13T13:53:53+00:00","dateModified":"2026-01-26T16:58:08+00:00","breadcrumb":{"@id":"https:\/\/dorasilagyi.hu\/termek\/sapphire-dream-14karatos-nyaklanc\/#breadcrumb"},"inLanguage":"en-GB","potentialAction":[{"@type":"ReadAction","target":["https:\/\/dorasilagyi.hu\/termek\/sapphire-dream-14karatos-nyaklanc\/"]}]},{"@type":"BreadcrumbList","@id":"https:\/\/dorasilagyi.hu\/termek\/sapphire-dream-14karatos-nyaklanc\/#breadcrumb","itemListElement":[{"@type":"ListItem","position":1,"name":"Kezd\u0151lap","item":"https:\/\/dorasilagyi.hu\/"},{"@type":"ListItem","position":2,"name":"Shop","item":"https:\/\/dorasilagyi.hu\/shop\/"},{"@type":"ListItem","position":3,"name":"&#8216;Sapphire Dream&#8217; OOAK 14kar\u00e1tos arany nyakl\u00e1nc (SOLD OUT)"}]},{"@type":"WebSite","@id":"https:\/\/dorasilagyi.hu\/#website","url":"https:\/\/dorasilagyi.hu\/","name":"Dora Silagyi Jewellery","description":"Sophisticated, timeless jewellery design","publisher":{"@id":"https:\/\/dorasilagyi.hu\/#organization"},"potentialAction":[{"@type":"SearchAction","target":{"@type":"EntryPoint","urlTemplate":"https:\/\/dorasilagyi.hu\/?s={search_term_string}"},"query-input":"required name=search_term_string"}],"inLanguage":"en-GB"},{"@type":"Organization","@id":"https:\/\/dorasilagyi.hu\/#organization","name":"Dora Silagyi Jewellery","url":"https:\/\/dorasilagyi.hu\/","logo":{"@type":"ImageObject","inLanguage":"en-GB","@id":"https:\/\/dorasilagyi.hu\/#\/schema\/logo\/image\/","url":"https:\/\/dorasilagyi.hu\/wp-content\/uploads\/2021\/05\/logowebre.png","contentUrl":"https:\/\/dorasilagyi.hu\/wp-content\/uploads\/2021\/05\/logowebre.png","width":586,"height":431,"caption":"Dora Silagyi Jewellery"},"image":{"@id":"https:\/\/dorasilagyi.hu\/#\/schema\/logo\/image\/"},"sameAs":["https:\/\/www.instagram.com\/dorasilagyi\/","https:\/\/www.facebook.com\/Dora-Silagyi-Jewellery-109313484673073"]}]}},"_links":{"self":[{"href":"https:\/\/dorasilagyi.hu\/en\/wp-json\/wp\/v2\/product\/233022","targetHints":{"allow":["GET"]}}],"collection":[{"href":"https:\/\/dorasilagyi.hu\/en\/wp-json\/wp\/v2\/product"}],"about":[{"href":"https:\/\/dorasilagyi.hu\/en\/wp-json\/wp\/v2\/types\/product"}],"wp:featuredmedia":[{"embeddable":true,"href":"https:\/\/dorasilagyi.hu\/en\/wp-json\/wp\/v2\/media\/233029"}],"wp:attachment":[{"href":"https:\/\/dorasilagyi.hu\/en\/wp-json\/wp\/v2\/media?parent=233022"}],"wp:term":[{"taxonomy":"product_cat","embeddable":true,"href":"https:\/\/dorasilagyi.hu\/en\/wp-json\/wp\/v2\/product_cat?post=233022"},{"taxonomy":"product_tag","embeddable":true,"href":"https:\/\/dorasilagyi.hu\/en\/wp-json\/wp\/v2\/product_tag?post=233022"}],"curies":[{"name":"wp","href":"https:\/\/api.w.org\/{rel}","templated":true}]}}