{"id":233019,"date":"2025-12-13T13:36:52","date_gmt":"2025-12-13T13:36:52","guid":{"rendered":"https:\/\/dorasilagyi.hu\/?post_type=product&#038;p=233019"},"modified":"2025-12-27T19:27:40","modified_gmt":"2025-12-27T19:27:40","slug":"aria-14karatos-arany-fulbevalo","status":"publish","type":"product","link":"https:\/\/dorasilagyi.hu\/en\/product\/aria-14karatos-arany-fulbevalo\/","title":{"rendered":"ARIA 14kar\u00e1tos arany f\u00fclbeval\u00f3"},"content":{"rendered":"","protected":false},"excerpt":{"rendered":"<p>A t\u00f6k\u00e9letes designer f\u00fclbeval\u00f3 mindennapokra tervezve. Az ARIA karikagy\u0171r\u0171 fazon j\u00e1t\u00e9kos, kecses hull\u00e1mai ez\u00fattal m\u00e1r f\u00fclbeval\u00f3 form\u00e1j\u00e1ban is el\u00e9rhet\u0151k.<br \/>\nK\u00e9nyelmes, k\u00f6nnyed \u00e9kszer k\u00f6rbe\u00f6leli a f\u00fclcimp\u00e1t. Stiftes-stekkeres megold\u00e1ssal.<br \/>\n14kar\u00e1tos arany<br \/>\nK\u00c9SZLETEN 1 p\u00e1r<\/p>","protected":false},"featured_media":233020,"template":"","meta":{"_et_pb_use_builder":"","_et_pb_old_content":"","_et_gb_content_width":"","_monsterinsights_skip_tracking":false,"_monsterinsights_sitenote_active":false,"_monsterinsights_sitenote_note":"","_monsterinsights_sitenote_category":0},"product_cat":[133,132,130,15],"product_tag":[],"class_list":["post-233019","product","type-product","status-publish","has-post-thumbnail","hentry","product_cat-new-arrivals","product_cat-ready-to-ship","product_cat-fulbevalo","product_cat-egyeb"],"yoast_head":"<!-- This site is optimized with the Yoast SEO plugin v19.9 - https:\/\/yoast.com\/wordpress\/plugins\/seo\/ -->\n<title>ARIA 14kar\u00e1tos arany f\u00fclbeval\u00f3 &mdash; Dora Silagyi Jewellery<\/title>\n<meta name=\"robots\" content=\"index, follow, max-snippet:-1, max-image-preview:large, max-video-preview:-1\" \/>\n<link rel=\"canonical\" href=\"https:\/\/dorasilagyi.hu\/en\/product\/aria-14karatos-arany-fulbevalo\/\" \/>\n<meta property=\"og:locale\" content=\"en_GB\" \/>\n<meta property=\"og:type\" content=\"article\" \/>\n<meta property=\"og:title\" content=\"ARIA 14kar\u00e1tos arany f\u00fclbeval\u00f3 &mdash; Dora Silagyi Jewellery\" \/>\n<meta property=\"og:description\" content=\"A t\u00f6k\u00e9letes designer f\u00fclbeval\u00f3 mindennapokra tervezve. Az ARIA karikagy\u0171r\u0171 fazon j\u00e1t\u00e9kos, kecses hull\u00e1mai ez\u00fattal m\u00e1r f\u00fclbeval\u00f3 form\u00e1j\u00e1ban is el\u00e9rhet\u0151k. K\u00e9nyelmes, k\u00f6nnyed \u00e9kszer k\u00f6rbe\u00f6leli a f\u00fclcimp\u00e1t. Stiftes-stekkeres megold\u00e1ssal. 14kar\u00e1tos arany K\u00c9SZLETEN 1 p\u00e1r\" \/>\n<meta property=\"og:url\" content=\"https:\/\/dorasilagyi.hu\/en\/product\/aria-14karatos-arany-fulbevalo\/\" \/>\n<meta property=\"og:site_name\" content=\"Dora Silagyi Jewellery\" \/>\n<meta property=\"article:publisher\" content=\"https:\/\/www.facebook.com\/Dora-Silagyi-Jewellery-109313484673073\" \/>\n<meta property=\"article:modified_time\" content=\"2025-12-27T19:27:40+00:00\" \/>\n<meta property=\"og:image\" content=\"https:\/\/dorasilagyi.hu\/wp-content\/uploads\/2025\/12\/ARIA2-scaled.jpg\" \/>\n\t<meta property=\"og:image:width\" content=\"1714\" \/>\n\t<meta property=\"og:image:height\" content=\"2560\" \/>\n\t<meta property=\"og:image:type\" content=\"image\/jpeg\" \/>\n<meta name=\"twitter:card\" content=\"summary_large_image\" \/>\n<script type=\"application\/ld+json\" class=\"yoast-schema-graph\">{\"@context\":\"https:\/\/schema.org\",\"@graph\":[{\"@type\":\"WebPage\",\"@id\":\"https:\/\/dorasilagyi.hu\/termek\/aria-14karatos-arany-fulbevalo\/\",\"url\":\"https:\/\/dorasilagyi.hu\/termek\/aria-14karatos-arany-fulbevalo\/\",\"name\":\"ARIA 14kar\u00e1tos arany f\u00fclbeval\u00f3 &mdash; Dora Silagyi Jewellery\",\"isPartOf\":{\"@id\":\"https:\/\/dorasilagyi.hu\/#website\"},\"datePublished\":\"2025-12-13T13:36:52+00:00\",\"dateModified\":\"2025-12-27T19:27:40+00:00\",\"breadcrumb\":{\"@id\":\"https:\/\/dorasilagyi.hu\/termek\/aria-14karatos-arany-fulbevalo\/#breadcrumb\"},\"inLanguage\":\"en-GB\",\"potentialAction\":[{\"@type\":\"ReadAction\",\"target\":[\"https:\/\/dorasilagyi.hu\/termek\/aria-14karatos-arany-fulbevalo\/\"]}]},{\"@type\":\"BreadcrumbList\",\"@id\":\"https:\/\/dorasilagyi.hu\/termek\/aria-14karatos-arany-fulbevalo\/#breadcrumb\",\"itemListElement\":[{\"@type\":\"ListItem\",\"position\":1,\"name\":\"Kezd\u0151lap\",\"item\":\"https:\/\/dorasilagyi.hu\/\"},{\"@type\":\"ListItem\",\"position\":2,\"name\":\"Shop\",\"item\":\"https:\/\/dorasilagyi.hu\/shop\/\"},{\"@type\":\"ListItem\",\"position\":3,\"name\":\"ARIA 14kar\u00e1tos arany f\u00fclbeval\u00f3\"}]},{\"@type\":\"WebSite\",\"@id\":\"https:\/\/dorasilagyi.hu\/#website\",\"url\":\"https:\/\/dorasilagyi.hu\/\",\"name\":\"Dora Silagyi Jewellery\",\"description\":\"Sophisticated, timeless jewellery design\",\"publisher\":{\"@id\":\"https:\/\/dorasilagyi.hu\/#organization\"},\"potentialAction\":[{\"@type\":\"SearchAction\",\"target\":{\"@type\":\"EntryPoint\",\"urlTemplate\":\"https:\/\/dorasilagyi.hu\/?s={search_term_string}\"},\"query-input\":\"required name=search_term_string\"}],\"inLanguage\":\"en-GB\"},{\"@type\":\"Organization\",\"@id\":\"https:\/\/dorasilagyi.hu\/#organization\",\"name\":\"Dora Silagyi Jewellery\",\"url\":\"https:\/\/dorasilagyi.hu\/\",\"logo\":{\"@type\":\"ImageObject\",\"inLanguage\":\"en-GB\",\"@id\":\"https:\/\/dorasilagyi.hu\/#\/schema\/logo\/image\/\",\"url\":\"https:\/\/dorasilagyi.hu\/wp-content\/uploads\/2021\/05\/logowebre.png\",\"contentUrl\":\"https:\/\/dorasilagyi.hu\/wp-content\/uploads\/2021\/05\/logowebre.png\",\"width\":586,\"height\":431,\"caption\":\"Dora Silagyi Jewellery\"},\"image\":{\"@id\":\"https:\/\/dorasilagyi.hu\/#\/schema\/logo\/image\/\"},\"sameAs\":[\"https:\/\/www.instagram.com\/dorasilagyi\/\",\"https:\/\/www.facebook.com\/Dora-Silagyi-Jewellery-109313484673073\"]}]}<\/script>\n<!-- \/ Yoast SEO plugin. -->","yoast_head_json":{"title":"ARIA 14kar\u00e1tos arany f\u00fclbeval\u00f3 &mdash; Dora Silagyi Jewellery","robots":{"index":"index","follow":"follow","max-snippet":"max-snippet:-1","max-image-preview":"max-image-preview:large","max-video-preview":"max-video-preview:-1"},"canonical":"https:\/\/dorasilagyi.hu\/en\/product\/aria-14karatos-arany-fulbevalo\/","og_locale":"en_GB","og_type":"article","og_title":"ARIA 14kar\u00e1tos arany f\u00fclbeval\u00f3 &mdash; Dora Silagyi Jewellery","og_description":"A t\u00f6k\u00e9letes designer f\u00fclbeval\u00f3 mindennapokra tervezve. Az ARIA karikagy\u0171r\u0171 fazon j\u00e1t\u00e9kos, kecses hull\u00e1mai ez\u00fattal m\u00e1r f\u00fclbeval\u00f3 form\u00e1j\u00e1ban is el\u00e9rhet\u0151k. K\u00e9nyelmes, k\u00f6nnyed \u00e9kszer k\u00f6rbe\u00f6leli a f\u00fclcimp\u00e1t. Stiftes-stekkeres megold\u00e1ssal. 14kar\u00e1tos arany K\u00c9SZLETEN 1 p\u00e1r","og_url":"https:\/\/dorasilagyi.hu\/en\/product\/aria-14karatos-arany-fulbevalo\/","og_site_name":"Dora Silagyi Jewellery","article_publisher":"https:\/\/www.facebook.com\/Dora-Silagyi-Jewellery-109313484673073","article_modified_time":"2025-12-27T19:27:40+00:00","og_image":[{"width":1714,"height":2560,"url":"https:\/\/dorasilagyi.hu\/wp-content\/uploads\/2025\/12\/ARIA2-scaled.jpg","type":"image\/jpeg"}],"twitter_card":"summary_large_image","schema":{"@context":"https:\/\/schema.org","@graph":[{"@type":"WebPage","@id":"https:\/\/dorasilagyi.hu\/termek\/aria-14karatos-arany-fulbevalo\/","url":"https:\/\/dorasilagyi.hu\/termek\/aria-14karatos-arany-fulbevalo\/","name":"ARIA 14kar\u00e1tos arany f\u00fclbeval\u00f3 &mdash; Dora Silagyi Jewellery","isPartOf":{"@id":"https:\/\/dorasilagyi.hu\/#website"},"datePublished":"2025-12-13T13:36:52+00:00","dateModified":"2025-12-27T19:27:40+00:00","breadcrumb":{"@id":"https:\/\/dorasilagyi.hu\/termek\/aria-14karatos-arany-fulbevalo\/#breadcrumb"},"inLanguage":"en-GB","potentialAction":[{"@type":"ReadAction","target":["https:\/\/dorasilagyi.hu\/termek\/aria-14karatos-arany-fulbevalo\/"]}]},{"@type":"BreadcrumbList","@id":"https:\/\/dorasilagyi.hu\/termek\/aria-14karatos-arany-fulbevalo\/#breadcrumb","itemListElement":[{"@type":"ListItem","position":1,"name":"Kezd\u0151lap","item":"https:\/\/dorasilagyi.hu\/"},{"@type":"ListItem","position":2,"name":"Shop","item":"https:\/\/dorasilagyi.hu\/shop\/"},{"@type":"ListItem","position":3,"name":"ARIA 14kar\u00e1tos arany f\u00fclbeval\u00f3"}]},{"@type":"WebSite","@id":"https:\/\/dorasilagyi.hu\/#website","url":"https:\/\/dorasilagyi.hu\/","name":"Dora Silagyi Jewellery","description":"Sophisticated, timeless jewellery design","publisher":{"@id":"https:\/\/dorasilagyi.hu\/#organization"},"potentialAction":[{"@type":"SearchAction","target":{"@type":"EntryPoint","urlTemplate":"https:\/\/dorasilagyi.hu\/?s={search_term_string}"},"query-input":"required name=search_term_string"}],"inLanguage":"en-GB"},{"@type":"Organization","@id":"https:\/\/dorasilagyi.hu\/#organization","name":"Dora Silagyi Jewellery","url":"https:\/\/dorasilagyi.hu\/","logo":{"@type":"ImageObject","inLanguage":"en-GB","@id":"https:\/\/dorasilagyi.hu\/#\/schema\/logo\/image\/","url":"https:\/\/dorasilagyi.hu\/wp-content\/uploads\/2021\/05\/logowebre.png","contentUrl":"https:\/\/dorasilagyi.hu\/wp-content\/uploads\/2021\/05\/logowebre.png","width":586,"height":431,"caption":"Dora Silagyi Jewellery"},"image":{"@id":"https:\/\/dorasilagyi.hu\/#\/schema\/logo\/image\/"},"sameAs":["https:\/\/www.instagram.com\/dorasilagyi\/","https:\/\/www.facebook.com\/Dora-Silagyi-Jewellery-109313484673073"]}]}},"_links":{"self":[{"href":"https:\/\/dorasilagyi.hu\/en\/wp-json\/wp\/v2\/product\/233019","targetHints":{"allow":["GET"]}}],"collection":[{"href":"https:\/\/dorasilagyi.hu\/en\/wp-json\/wp\/v2\/product"}],"about":[{"href":"https:\/\/dorasilagyi.hu\/en\/wp-json\/wp\/v2\/types\/product"}],"wp:featuredmedia":[{"embeddable":true,"href":"https:\/\/dorasilagyi.hu\/en\/wp-json\/wp\/v2\/media\/233020"}],"wp:attachment":[{"href":"https:\/\/dorasilagyi.hu\/en\/wp-json\/wp\/v2\/media?parent=233019"}],"wp:term":[{"taxonomy":"product_cat","embeddable":true,"href":"https:\/\/dorasilagyi.hu\/en\/wp-json\/wp\/v2\/product_cat?post=233019"},{"taxonomy":"product_tag","embeddable":true,"href":"https:\/\/dorasilagyi.hu\/en\/wp-json\/wp\/v2\/product_tag?post=233019"}],"curies":[{"name":"wp","href":"https:\/\/api.w.org\/{rel}","templated":true}]}}