{"id":233015,"date":"2025-12-10T15:14:33","date_gmt":"2025-12-10T15:14:33","guid":{"rendered":"https:\/\/dorasilagyi.hu\/?post_type=product&#038;p=233015"},"modified":"2026-03-02T07:25:41","modified_gmt":"2026-03-02T07:25:41","slug":"metanoia-ooak-14karatos-arany-gyuru-kek-zafirral-2","status":"publish","type":"product","link":"https:\/\/dorasilagyi.hu\/en\/product\/metanoia-ooak-14karatos-arany-gyuru-kek-zafirral-2\/","title":{"rendered":"METANOIA OOAK 14k gold ring with sapphire"},"content":{"rendered":"<p>A wavy ring bar with enough character, with a special, individual gemstone, is the perfect designer piece: unique, modern, elegant and bold.<br \/>\nThe unique design of the jewelry can be worn perfectly in a set. It can be plain or with pav\u00e9 setting running along the ring band, and smaller diamonds can be added as part of a custom order.<br \/>\nThe jewelry can be viewed and tried on in our studio in P\u00e9cs, at a pre-arranged time.<br \/>\nTo order a custom set or if you need a size adjustment, contact the studio at studio@dorasilagyi.hu!<\/p>\n<h1 data-start=\"147\" data-end=\"192\"><strong data-start=\"149\" data-end=\"192\">\u00c9kszerkateg\u00f3ri\u00e1k \u2013 R\u00e9szletes Magyar\u00e1zat<\/strong><\/h1>\n<h2 data-start=\"853\" data-end=\"878\"><strong data-start=\"856\" data-end=\"878\">CUSTOM \/Rendelhet\u0151 ak\u00e1r szem\u00e9lyre szabva\/<\/strong><\/h2>\n<p data-start=\"879\" data-end=\"1087\">A \u201cCustom\u201d jelz\u00e9s\u0171 \u00e9kszerek alap fazonjai a webshopban felt\u00fcntetett \u00e1ron rendelhet\u0151k, a megjel\u00f6lt m\u00e9retekben. Ha ett\u0151l elt\u00e9r\u0151 m\u00e9retre van sz\u00fcks\u00e9ged, ezt e-mailben jelezd fel\u00e9nk, \u00e9s egyedi \u00e1raj\u00e1nlatot k\u00fcld\u00fcnk.<\/p>\n<p data-start=\"1089\" data-end=\"1264\">A legt\u00f6bb Custom \u00e9kszer k\u00e9rhet\u0151 <strong data-start=\"1121\" data-end=\"1154\">s\u00e1rga-, feh\u00e9r- vagy roz\u00e9arany<\/strong> kivitelben. Pezsg\u0151- vagy r\u00f3zsaarany, illetve <strong data-start=\"1200\" data-end=\"1220\">18 kar\u00e1tos arany<\/strong> ig\u00e9ny eset\u00e9n szint\u00e9n e-mailben egyeztet\u00fcnk.<\/p>\n<p data-start=\"1266\" data-end=\"1733\"><strong data-start=\"1266\" data-end=\"1350\">Dr\u00e1gak\u00f6ves Custom \u00e9kszerek eset\u00e9n az \u00e9kszer teljes m\u00e9rt\u00e9kben szem\u00e9lyre szabhat\u00f3.<\/strong> Az adott modell (p\u00e9ld\u00e1ul a Lava solitaire gy\u0171r\u0171) k\u00e9rhet\u0151 m\u00e1s dr\u00e1gak\u0151vel \u2013 p\u00e9ld\u00e1ul smaragddal \u2013, illetve m\u00e1s dr\u00e1gak\u0151fajt\u00e1val, m\u00e9rettel vagy csiszol\u00e1si form\u00e1val is.<br data-start=\"1496\" data-end=\"1499\" \/>Ilyen ig\u00e9ny eset\u00e9n <strong data-start=\"1518\" data-end=\"1555\">minden esetben egyedi \u00e1raj\u00e1nlatot<\/strong> k\u00e9sz\u00edt\u00fcnk a v\u00e1lasztott dr\u00e1gak\u0151 tulajdons\u00e1gai alapj\u00e1n. K\u00e9rj\u00fck, vedd fel vel\u00fcnk a kapcsolatot e-mailben, ahol ismertetj\u00fck az el\u00e9rhet\u0151 k\u00f6veket \u00e9s egyeztetj\u00fck a tov\u00e1bbi r\u00e9szleteket.<\/p>\n<p data-start=\"1735\" data-end=\"1905\">Ha az \u00e9kszer vagy a k\u00edv\u00e1nt m\u00e9ret \u00e9ppen nincs k\u00e9szleten, a gy\u00e1rt\u00e1si id\u0151vel k\u00e9rj\u00fck sz\u00e1molj, amely \u00e1tlagosan <strong data-start=\"1841\" data-end=\"1852\">4\u20136 h\u00e9t<\/strong>, dr\u00e1gak\u00f6ves darabokn\u00e1l pedig ak\u00e1r hosszabb is lehet.<\/p>\n<h2 data-start=\"1912\" data-end=\"1932\"><strong data-start=\"1915\" data-end=\"1932\">READY-TO-SHIP \/K\u00e9szleten l\u00e9v\u0151 term\u00e9k\/<\/strong><\/h2>\n<p data-start=\"1933\" data-end=\"2177\">A \u201cReady to Ship\u201d &#8211; K\u00c9SZLETEN jel\u00f6l\u00e9s azt jelzi, hogy az \u00e9kszer <strong data-start=\"1985\" data-end=\"2005\">azonnal el\u00e9rhet\u0151<\/strong>, nincs sz\u00fcks\u00e9g gy\u00e1rt\u00e1si id\u0151re. Ezek jellemz\u0151en egyetlen, vagy k\u00e9szleten tartott Custom darabok.<br data-start=\"2108\" data-end=\"2111\" \/>A st\u00fadi\u00f3nkban szem\u00e9lyesen is <strong data-start=\"2140\" data-end=\"2176\">megtekinthet\u0151k \u00e9s felpr\u00f3b\u00e1lhat\u00f3k<\/strong>.<\/p>\n<h2 data-start=\"194\" data-end=\"221\"><strong data-start=\"197\" data-end=\"221\">OOAK \u2013 One of a Kind<\/strong><\/h2>\n<p data-start=\"222\" data-end=\"439\">A \u201cOne of a Kind\u201d \u00e9kszerek val\u00f3ban egyetlen, megism\u00e9telhetetlen darabok. Egyedis\u00e9g\u00fcket a k\u00fcl\u00f6nleges, term\u00e9szetes dr\u00e1gak\u00f6vek p\u00e1ratlan form\u00e1ja, sz\u00ednj\u00e1t\u00e9ka \u00e9s karaktere adja \u2013 ezekb\u0151l nincs k\u00e9t teljesen azonos a vil\u00e1gon.<\/p>\n<p data-start=\"441\" data-end=\"846\">Ha az adott OOAK darab m\u00e1r elkelt, de hasonl\u00f3 st\u00edlus\u00fa \u00e9kszer \u00e9rdekelne, \u00edrj nek\u00fcnk a <strong data-start=\"526\" data-end=\"551\"><a class=\"decorated-link cursor-pointer\" rel=\"noopener\" data-start=\"528\" data-end=\"549\">studio@dorasilagyi.hu<\/a><\/strong> c\u00edmre. T\u00e1j\u00e9koztatunk az aktu\u00e1lisan el\u00e9rhet\u0151, hasonl\u00f3 karakter\u0171 dr\u00e1gak\u00f6vekr\u0151l, \u00e9s egyedi \u00e1raj\u00e1nlatot k\u00e9sz\u00edt\u00fcnk sz\u00e1modra.<br data-start=\"671\" data-end=\"674\" \/>K\u00e9rj\u00fck, vedd figyelembe, hogy a k\u00fcl\u00f6nleges k\u00f6vek felkutat\u00e1sa id\u0151ig\u00e9nyes folyamat, amely <strong data-start=\"762\" data-end=\"792\">2\u20133 hetet is ig\u00e9nybe vehet<\/strong>, \u00e9s teljesen azonos dr\u00e1gak\u00f6vet nem tudunk garant\u00e1lni.<\/p>","protected":false},"excerpt":{"rendered":"<p>One of a kind. A unique, unrepeatable DSJ piece.<br \/>\n14k yellow gold wavy METANOIA band paired with an octagonal cut, one and a half carat, natural Ceylon sapphire.<br \/>\nSapphire dimensions: 1.57 ct, 6.43\u00d75.70\u00d74.09 mm<br \/>\nIN STOCK \/\/ Size 51.<br \/>\nIt can also be ordered with a pav\u00e9 setting running along the ring band with smaller diamonds, or in a set with a matching double band.<br \/>\nIf you need a size adjustment, please contact the studio at studio@dorasilagyi.hu!<\/p>","protected":false},"featured_media":232274,"template":"","meta":{"_et_pb_use_builder":"","_et_pb_old_content":"","_et_gb_content_width":"","_monsterinsights_skip_tracking":false,"_monsterinsights_sitenote_active":false,"_monsterinsights_sitenote_note":"","_monsterinsights_sitenote_category":0},"product_cat":[132,126,129],"product_tag":[],"class_list":["post-233015","product","type-product","status-publish","has-post-thumbnail","hentry","product_cat-ready-to-ship","product_cat-eljegyzesi-gyuru","product_cat-gyuru","pa_meret-100","pa_meret-101","pa_meret-87","pa_meret-54","pa_meret-55","pa_meret-56"],"yoast_head":"<!-- This site is optimized with the Yoast SEO plugin v19.9 - https:\/\/yoast.com\/wordpress\/plugins\/seo\/ -->\n<title>METANOIA OOAK 14kar\u00e1tos arany gy\u0171r\u0171 zaf\u00edrral &mdash; Dora Silagyi Jewellery<\/title>\n<meta name=\"description\" content=\"Egyedileg k\u00e9sz\u00edtett, modern eljegyz\u00e9si gy\u0171r\u0171, 14kar\u00e1tos arany gy\u00e9m\u00e1nttal, v\u00e1laszthat\u00f3 dr\u00e1gak\u0151vel. K\u00e9zzel k\u00e9sz\u00fclt, kifinomult, eleg\u00e1ns \u00e9kszerek, karikagy\u0171r\u0171.\" \/>\n<meta name=\"robots\" content=\"index, follow, max-snippet:-1, max-image-preview:large, max-video-preview:-1\" \/>\n<link rel=\"canonical\" href=\"https:\/\/dorasilagyi.hu\/en\/product\/metanoia-ooak-14karatos-arany-gyuru-kek-zafirral-2\/\" \/>\n<meta property=\"og:locale\" content=\"en_GB\" \/>\n<meta property=\"og:type\" content=\"article\" \/>\n<meta property=\"og:title\" content=\"METANOIA OOAK 14kar\u00e1tos arany gy\u0171r\u0171 zaf\u00edrral &mdash; Dora Silagyi Jewellery\" \/>\n<meta property=\"og:description\" content=\"Egyedileg k\u00e9sz\u00edtett, modern eljegyz\u00e9si gy\u0171r\u0171, 14kar\u00e1tos arany gy\u00e9m\u00e1nttal, v\u00e1laszthat\u00f3 dr\u00e1gak\u0151vel. K\u00e9zzel k\u00e9sz\u00fclt, kifinomult, eleg\u00e1ns \u00e9kszerek, karikagy\u0171r\u0171.\" \/>\n<meta property=\"og:url\" content=\"https:\/\/dorasilagyi.hu\/en\/product\/metanoia-ooak-14karatos-arany-gyuru-kek-zafirral-2\/\" \/>\n<meta property=\"og:site_name\" content=\"Dora Silagyi Jewellery\" \/>\n<meta property=\"article:publisher\" content=\"https:\/\/www.facebook.com\/Dora-Silagyi-Jewellery-109313484673073\" \/>\n<meta property=\"article:modified_time\" content=\"2026-03-02T07:25:41+00:00\" \/>\n<meta property=\"og:image\" content=\"https:\/\/dorasilagyi.hu\/wp-content\/uploads\/2024\/11\/IGP6381-scaled.jpg\" \/>\n\t<meta property=\"og:image:width\" content=\"1714\" \/>\n\t<meta property=\"og:image:height\" content=\"2560\" \/>\n\t<meta property=\"og:image:type\" content=\"image\/jpeg\" \/>\n<meta name=\"twitter:card\" content=\"summary_large_image\" \/>\n<meta name=\"twitter:label1\" content=\"Estimated reading time\" \/>\n\t<meta name=\"twitter:data1\" content=\"2 minutes\" \/>\n<script type=\"application\/ld+json\" class=\"yoast-schema-graph\">{\"@context\":\"https:\/\/schema.org\",\"@graph\":[{\"@type\":\"WebPage\",\"@id\":\"https:\/\/dorasilagyi.hu\/termek\/metanoia-ooak-14karatos-arany-gyuru-kek-zafirral-2\/\",\"url\":\"https:\/\/dorasilagyi.hu\/termek\/metanoia-ooak-14karatos-arany-gyuru-kek-zafirral-2\/\",\"name\":\"METANOIA OOAK 14kar\u00e1tos arany gy\u0171r\u0171 zaf\u00edrral &mdash; Dora Silagyi Jewellery\",\"isPartOf\":{\"@id\":\"https:\/\/dorasilagyi.hu\/#website\"},\"datePublished\":\"2025-12-10T15:14:33+00:00\",\"dateModified\":\"2026-03-02T07:25:41+00:00\",\"description\":\"Egyedileg k\u00e9sz\u00edtett, modern eljegyz\u00e9si gy\u0171r\u0171, 14kar\u00e1tos arany gy\u00e9m\u00e1nttal, v\u00e1laszthat\u00f3 dr\u00e1gak\u0151vel. K\u00e9zzel k\u00e9sz\u00fclt, kifinomult, eleg\u00e1ns \u00e9kszerek, karikagy\u0171r\u0171.\",\"breadcrumb\":{\"@id\":\"https:\/\/dorasilagyi.hu\/termek\/metanoia-ooak-14karatos-arany-gyuru-kek-zafirral-2\/#breadcrumb\"},\"inLanguage\":\"en-GB\",\"potentialAction\":[{\"@type\":\"ReadAction\",\"target\":[\"https:\/\/dorasilagyi.hu\/termek\/metanoia-ooak-14karatos-arany-gyuru-kek-zafirral-2\/\"]}]},{\"@type\":\"BreadcrumbList\",\"@id\":\"https:\/\/dorasilagyi.hu\/termek\/metanoia-ooak-14karatos-arany-gyuru-kek-zafirral-2\/#breadcrumb\",\"itemListElement\":[{\"@type\":\"ListItem\",\"position\":1,\"name\":\"Kezd\u0151lap\",\"item\":\"https:\/\/dorasilagyi.hu\/\"},{\"@type\":\"ListItem\",\"position\":2,\"name\":\"Shop\",\"item\":\"https:\/\/dorasilagyi.hu\/shop\/\"},{\"@type\":\"ListItem\",\"position\":3,\"name\":\"METANOIA OOAK 14kar\u00e1tos arany gy\u0171r\u0171 zaf\u00edrral\"}]},{\"@type\":\"WebSite\",\"@id\":\"https:\/\/dorasilagyi.hu\/#website\",\"url\":\"https:\/\/dorasilagyi.hu\/\",\"name\":\"Dora Silagyi Jewellery\",\"description\":\"Sophisticated, timeless jewellery design\",\"publisher\":{\"@id\":\"https:\/\/dorasilagyi.hu\/#organization\"},\"potentialAction\":[{\"@type\":\"SearchAction\",\"target\":{\"@type\":\"EntryPoint\",\"urlTemplate\":\"https:\/\/dorasilagyi.hu\/?s={search_term_string}\"},\"query-input\":\"required name=search_term_string\"}],\"inLanguage\":\"en-GB\"},{\"@type\":\"Organization\",\"@id\":\"https:\/\/dorasilagyi.hu\/#organization\",\"name\":\"Dora Silagyi Jewellery\",\"url\":\"https:\/\/dorasilagyi.hu\/\",\"logo\":{\"@type\":\"ImageObject\",\"inLanguage\":\"en-GB\",\"@id\":\"https:\/\/dorasilagyi.hu\/#\/schema\/logo\/image\/\",\"url\":\"https:\/\/dorasilagyi.hu\/wp-content\/uploads\/2021\/05\/logowebre.png\",\"contentUrl\":\"https:\/\/dorasilagyi.hu\/wp-content\/uploads\/2021\/05\/logowebre.png\",\"width\":586,\"height\":431,\"caption\":\"Dora Silagyi Jewellery\"},\"image\":{\"@id\":\"https:\/\/dorasilagyi.hu\/#\/schema\/logo\/image\/\"},\"sameAs\":[\"https:\/\/www.instagram.com\/dorasilagyi\/\",\"https:\/\/www.facebook.com\/Dora-Silagyi-Jewellery-109313484673073\"]}]}<\/script>\n<!-- \/ Yoast SEO plugin. -->","yoast_head_json":{"title":"METANOIA OOAK 14kar\u00e1tos arany gy\u0171r\u0171 zaf\u00edrral &mdash; Dora Silagyi Jewellery","description":"Egyedileg k\u00e9sz\u00edtett, modern eljegyz\u00e9si gy\u0171r\u0171, 14kar\u00e1tos arany gy\u00e9m\u00e1nttal, v\u00e1laszthat\u00f3 dr\u00e1gak\u0151vel. K\u00e9zzel k\u00e9sz\u00fclt, kifinomult, eleg\u00e1ns \u00e9kszerek, karikagy\u0171r\u0171.","robots":{"index":"index","follow":"follow","max-snippet":"max-snippet:-1","max-image-preview":"max-image-preview:large","max-video-preview":"max-video-preview:-1"},"canonical":"https:\/\/dorasilagyi.hu\/en\/product\/metanoia-ooak-14karatos-arany-gyuru-kek-zafirral-2\/","og_locale":"en_GB","og_type":"article","og_title":"METANOIA OOAK 14kar\u00e1tos arany gy\u0171r\u0171 zaf\u00edrral &mdash; Dora Silagyi Jewellery","og_description":"Egyedileg k\u00e9sz\u00edtett, modern eljegyz\u00e9si gy\u0171r\u0171, 14kar\u00e1tos arany gy\u00e9m\u00e1nttal, v\u00e1laszthat\u00f3 dr\u00e1gak\u0151vel. K\u00e9zzel k\u00e9sz\u00fclt, kifinomult, eleg\u00e1ns \u00e9kszerek, karikagy\u0171r\u0171.","og_url":"https:\/\/dorasilagyi.hu\/en\/product\/metanoia-ooak-14karatos-arany-gyuru-kek-zafirral-2\/","og_site_name":"Dora Silagyi Jewellery","article_publisher":"https:\/\/www.facebook.com\/Dora-Silagyi-Jewellery-109313484673073","article_modified_time":"2026-03-02T07:25:41+00:00","og_image":[{"width":1714,"height":2560,"url":"https:\/\/dorasilagyi.hu\/wp-content\/uploads\/2024\/11\/IGP6381-scaled.jpg","type":"image\/jpeg"}],"twitter_card":"summary_large_image","twitter_misc":{"Estimated reading time":"2 minutes"},"schema":{"@context":"https:\/\/schema.org","@graph":[{"@type":"WebPage","@id":"https:\/\/dorasilagyi.hu\/termek\/metanoia-ooak-14karatos-arany-gyuru-kek-zafirral-2\/","url":"https:\/\/dorasilagyi.hu\/termek\/metanoia-ooak-14karatos-arany-gyuru-kek-zafirral-2\/","name":"METANOIA OOAK 14kar\u00e1tos arany gy\u0171r\u0171 zaf\u00edrral &mdash; Dora Silagyi Jewellery","isPartOf":{"@id":"https:\/\/dorasilagyi.hu\/#website"},"datePublished":"2025-12-10T15:14:33+00:00","dateModified":"2026-03-02T07:25:41+00:00","description":"Egyedileg k\u00e9sz\u00edtett, modern eljegyz\u00e9si gy\u0171r\u0171, 14kar\u00e1tos arany gy\u00e9m\u00e1nttal, v\u00e1laszthat\u00f3 dr\u00e1gak\u0151vel. K\u00e9zzel k\u00e9sz\u00fclt, kifinomult, eleg\u00e1ns \u00e9kszerek, karikagy\u0171r\u0171.","breadcrumb":{"@id":"https:\/\/dorasilagyi.hu\/termek\/metanoia-ooak-14karatos-arany-gyuru-kek-zafirral-2\/#breadcrumb"},"inLanguage":"en-GB","potentialAction":[{"@type":"ReadAction","target":["https:\/\/dorasilagyi.hu\/termek\/metanoia-ooak-14karatos-arany-gyuru-kek-zafirral-2\/"]}]},{"@type":"BreadcrumbList","@id":"https:\/\/dorasilagyi.hu\/termek\/metanoia-ooak-14karatos-arany-gyuru-kek-zafirral-2\/#breadcrumb","itemListElement":[{"@type":"ListItem","position":1,"name":"Kezd\u0151lap","item":"https:\/\/dorasilagyi.hu\/"},{"@type":"ListItem","position":2,"name":"Shop","item":"https:\/\/dorasilagyi.hu\/shop\/"},{"@type":"ListItem","position":3,"name":"METANOIA OOAK 14kar\u00e1tos arany gy\u0171r\u0171 zaf\u00edrral"}]},{"@type":"WebSite","@id":"https:\/\/dorasilagyi.hu\/#website","url":"https:\/\/dorasilagyi.hu\/","name":"Dora Silagyi Jewellery","description":"Sophisticated, timeless jewellery design","publisher":{"@id":"https:\/\/dorasilagyi.hu\/#organization"},"potentialAction":[{"@type":"SearchAction","target":{"@type":"EntryPoint","urlTemplate":"https:\/\/dorasilagyi.hu\/?s={search_term_string}"},"query-input":"required name=search_term_string"}],"inLanguage":"en-GB"},{"@type":"Organization","@id":"https:\/\/dorasilagyi.hu\/#organization","name":"Dora Silagyi Jewellery","url":"https:\/\/dorasilagyi.hu\/","logo":{"@type":"ImageObject","inLanguage":"en-GB","@id":"https:\/\/dorasilagyi.hu\/#\/schema\/logo\/image\/","url":"https:\/\/dorasilagyi.hu\/wp-content\/uploads\/2021\/05\/logowebre.png","contentUrl":"https:\/\/dorasilagyi.hu\/wp-content\/uploads\/2021\/05\/logowebre.png","width":586,"height":431,"caption":"Dora Silagyi Jewellery"},"image":{"@id":"https:\/\/dorasilagyi.hu\/#\/schema\/logo\/image\/"},"sameAs":["https:\/\/www.instagram.com\/dorasilagyi\/","https:\/\/www.facebook.com\/Dora-Silagyi-Jewellery-109313484673073"]}]}},"_links":{"self":[{"href":"https:\/\/dorasilagyi.hu\/en\/wp-json\/wp\/v2\/product\/233015","targetHints":{"allow":["GET"]}}],"collection":[{"href":"https:\/\/dorasilagyi.hu\/en\/wp-json\/wp\/v2\/product"}],"about":[{"href":"https:\/\/dorasilagyi.hu\/en\/wp-json\/wp\/v2\/types\/product"}],"wp:featuredmedia":[{"embeddable":true,"href":"https:\/\/dorasilagyi.hu\/en\/wp-json\/wp\/v2\/media\/232274"}],"wp:attachment":[{"href":"https:\/\/dorasilagyi.hu\/en\/wp-json\/wp\/v2\/media?parent=233015"}],"wp:term":[{"taxonomy":"product_cat","embeddable":true,"href":"https:\/\/dorasilagyi.hu\/en\/wp-json\/wp\/v2\/product_cat?post=233015"},{"taxonomy":"product_tag","embeddable":true,"href":"https:\/\/dorasilagyi.hu\/en\/wp-json\/wp\/v2\/product_tag?post=233015"}],"curies":[{"name":"wp","href":"https:\/\/api.w.org\/{rel}","templated":true}]}}