{"id":232315,"date":"2024-12-10T09:26:42","date_gmt":"2024-12-10T09:26:42","guid":{"rendered":"https:\/\/dorasilagyi.hu\/?post_type=product&#038;p=232315"},"modified":"2025-12-22T19:18:25","modified_gmt":"2025-12-22T19:18:25","slug":"little-heart-ooak-14-karatos-arany-nyaklanc-smaragddal","status":"publish","type":"product","link":"https:\/\/dorasilagyi.hu\/en\/product\/little-heart-ooak-14-karatos-arany-nyaklanc-smaragddal\/","title":{"rendered":"Little Heart OOAK 14 kar\u00e1tos arany nyakl\u00e1nc smaragddal \/SOLD OUT\/"},"content":{"rendered":"<p>Product details: 42 cm long, 1.3 gr weight 14k yellow gold &#039;barbara&#039; chain. Pendant size: cca 12 mm, 2.1 gr Emerald: 0.56 ct<br \/>\nA special gift for Mother&#039;s Day, a perfect timeless piece for Valentine&#039;s Day, a birthday for your loved ones.<\/p>","protected":false},"excerpt":{"rendered":"<p>ONE OF A KIND. A unique piece.<br \/>\n14k gold, hand-carved heart-shaped pendant modeled in wax, with a unique heart-cut natural emerald, 14k yellow gold chain. Slightly faceted, rustic surface, polished, with fine edges.<br \/>\nA discreet, delicate, unique accessory for everyday life.<br \/>\nCurrently 1 piece in stock.<br \/>\nIf you would like to purchase just a pendant, please contact the studio at studio@dorasilagyi.hu!<\/p>","protected":false},"featured_media":232322,"template":"","meta":{"_et_pb_use_builder":"","_et_pb_old_content":"","_et_gb_content_width":"","_monsterinsights_skip_tracking":false,"_monsterinsights_sitenote_active":false,"_monsterinsights_sitenote_note":"","_monsterinsights_sitenote_category":0},"product_cat":[128],"product_tag":[],"class_list":["post-232315","product","type-product","status-publish","has-post-thumbnail","hentry","product_cat-nyaklanc-medal","pa_anyag-14karatos-feherarany","pa_anyag-14karatos-roze-arany","pa_anyag-14karatos-sarga-arany"],"yoast_head":"<!-- This site is optimized with the Yoast SEO plugin v19.9 - https:\/\/yoast.com\/wordpress\/plugins\/seo\/ -->\n<title>Little Heart OOAK 14 kar\u00e1tos arany nyakl\u00e1nc smaragddal \/SOLD OUT\/ &mdash; Dora Silagyi Jewellery<\/title>\n<meta name=\"description\" content=\"14kar\u00e1tos roz\u00e9 arany k\u00e9zzel faragott med\u00e1l 14kar\u00e1tos roz\u00e9 arany l\u00e1nccal. Enyh\u00e9n fazett\u00e1lt fel\u00fclet, pol\u00edrozva finom \u00e9lekkel. T\u00f6k\u00e9letes egyedi, k\u00fcl\u00f6nleges, k\u00e9zzel k\u00e9sz\u00fclt id\u0151-\u00e9s \u00e9rt\u00e9k \u00e1ll\u00f3 aj\u00e1nd\u00e9k hazai tervez\u0151t\u0151l szeretteidnek.\" \/>\n<meta name=\"robots\" content=\"index, follow, max-snippet:-1, max-image-preview:large, max-video-preview:-1\" \/>\n<link rel=\"canonical\" href=\"https:\/\/dorasilagyi.hu\/en\/product\/little-heart-ooak-14-karatos-arany-nyaklanc-smaragddal\/\" \/>\n<meta property=\"og:locale\" content=\"en_GB\" \/>\n<meta property=\"og:type\" content=\"article\" \/>\n<meta property=\"og:title\" content=\"Little Heart OOAK 14 kar\u00e1tos arany nyakl\u00e1nc smaragddal \/SOLD OUT\/ &mdash; Dora Silagyi Jewellery\" \/>\n<meta property=\"og:description\" content=\"14kar\u00e1tos roz\u00e9 arany k\u00e9zzel faragott med\u00e1l 14kar\u00e1tos roz\u00e9 arany l\u00e1nccal. Enyh\u00e9n fazett\u00e1lt fel\u00fclet, pol\u00edrozva finom \u00e9lekkel. T\u00f6k\u00e9letes egyedi, k\u00fcl\u00f6nleges, k\u00e9zzel k\u00e9sz\u00fclt id\u0151-\u00e9s \u00e9rt\u00e9k \u00e1ll\u00f3 aj\u00e1nd\u00e9k hazai tervez\u0151t\u0151l szeretteidnek.\" \/>\n<meta property=\"og:url\" content=\"https:\/\/dorasilagyi.hu\/en\/product\/little-heart-ooak-14-karatos-arany-nyaklanc-smaragddal\/\" \/>\n<meta property=\"og:site_name\" content=\"Dora Silagyi Jewellery\" \/>\n<meta property=\"article:publisher\" content=\"https:\/\/www.facebook.com\/Dora-Silagyi-Jewellery-109313484673073\" \/>\n<meta property=\"article:modified_time\" content=\"2025-12-22T19:18:25+00:00\" \/>\n<meta property=\"og:image\" content=\"https:\/\/dorasilagyi.hu\/wp-content\/uploads\/2024\/12\/eart-scaled.jpg\" \/>\n\t<meta property=\"og:image:width\" content=\"1714\" \/>\n\t<meta property=\"og:image:height\" content=\"2560\" \/>\n\t<meta property=\"og:image:type\" content=\"image\/jpeg\" \/>\n<meta name=\"twitter:card\" content=\"summary_large_image\" \/>\n<script type=\"application\/ld+json\" class=\"yoast-schema-graph\">{\"@context\":\"https:\/\/schema.org\",\"@graph\":[{\"@type\":\"WebPage\",\"@id\":\"https:\/\/dorasilagyi.hu\/termek\/little-heart-ooak-14-karatos-arany-nyaklanc-smaragddal\/\",\"url\":\"https:\/\/dorasilagyi.hu\/termek\/little-heart-ooak-14-karatos-arany-nyaklanc-smaragddal\/\",\"name\":\"Little Heart OOAK 14 kar\u00e1tos arany nyakl\u00e1nc smaragddal \/SOLD OUT\/ &mdash; Dora Silagyi Jewellery\",\"isPartOf\":{\"@id\":\"https:\/\/dorasilagyi.hu\/#website\"},\"datePublished\":\"2024-12-10T09:26:42+00:00\",\"dateModified\":\"2025-12-22T19:18:25+00:00\",\"description\":\"14kar\u00e1tos roz\u00e9 arany k\u00e9zzel faragott med\u00e1l 14kar\u00e1tos roz\u00e9 arany l\u00e1nccal. Enyh\u00e9n fazett\u00e1lt fel\u00fclet, pol\u00edrozva finom \u00e9lekkel. T\u00f6k\u00e9letes egyedi, k\u00fcl\u00f6nleges, k\u00e9zzel k\u00e9sz\u00fclt id\u0151-\u00e9s \u00e9rt\u00e9k \u00e1ll\u00f3 aj\u00e1nd\u00e9k hazai tervez\u0151t\u0151l szeretteidnek.\",\"breadcrumb\":{\"@id\":\"https:\/\/dorasilagyi.hu\/termek\/little-heart-ooak-14-karatos-arany-nyaklanc-smaragddal\/#breadcrumb\"},\"inLanguage\":\"en-GB\",\"potentialAction\":[{\"@type\":\"ReadAction\",\"target\":[\"https:\/\/dorasilagyi.hu\/termek\/little-heart-ooak-14-karatos-arany-nyaklanc-smaragddal\/\"]}]},{\"@type\":\"BreadcrumbList\",\"@id\":\"https:\/\/dorasilagyi.hu\/termek\/little-heart-ooak-14-karatos-arany-nyaklanc-smaragddal\/#breadcrumb\",\"itemListElement\":[{\"@type\":\"ListItem\",\"position\":1,\"name\":\"Kezd\u0151lap\",\"item\":\"https:\/\/dorasilagyi.hu\/\"},{\"@type\":\"ListItem\",\"position\":2,\"name\":\"Shop\",\"item\":\"https:\/\/dorasilagyi.hu\/shop\/\"},{\"@type\":\"ListItem\",\"position\":3,\"name\":\"Little Heart OOAK 14 kar\u00e1tos arany nyakl\u00e1nc smaragddal \/SOLD OUT\/\"}]},{\"@type\":\"WebSite\",\"@id\":\"https:\/\/dorasilagyi.hu\/#website\",\"url\":\"https:\/\/dorasilagyi.hu\/\",\"name\":\"Dora Silagyi Jewellery\",\"description\":\"Sophisticated, timeless jewellery design\",\"publisher\":{\"@id\":\"https:\/\/dorasilagyi.hu\/#organization\"},\"potentialAction\":[{\"@type\":\"SearchAction\",\"target\":{\"@type\":\"EntryPoint\",\"urlTemplate\":\"https:\/\/dorasilagyi.hu\/?s={search_term_string}\"},\"query-input\":\"required name=search_term_string\"}],\"inLanguage\":\"en-GB\"},{\"@type\":\"Organization\",\"@id\":\"https:\/\/dorasilagyi.hu\/#organization\",\"name\":\"Dora Silagyi Jewellery\",\"url\":\"https:\/\/dorasilagyi.hu\/\",\"logo\":{\"@type\":\"ImageObject\",\"inLanguage\":\"en-GB\",\"@id\":\"https:\/\/dorasilagyi.hu\/#\/schema\/logo\/image\/\",\"url\":\"https:\/\/dorasilagyi.hu\/wp-content\/uploads\/2021\/05\/logowebre.png\",\"contentUrl\":\"https:\/\/dorasilagyi.hu\/wp-content\/uploads\/2021\/05\/logowebre.png\",\"width\":586,\"height\":431,\"caption\":\"Dora Silagyi Jewellery\"},\"image\":{\"@id\":\"https:\/\/dorasilagyi.hu\/#\/schema\/logo\/image\/\"},\"sameAs\":[\"https:\/\/www.instagram.com\/dorasilagyi\/\",\"https:\/\/www.facebook.com\/Dora-Silagyi-Jewellery-109313484673073\"]}]}<\/script>\n<!-- \/ Yoast SEO plugin. -->","yoast_head_json":{"title":"Little Heart OOAK 14 kar\u00e1tos arany nyakl\u00e1nc smaragddal \/SOLD OUT\/ &mdash; Dora Silagyi Jewellery","description":"14kar\u00e1tos roz\u00e9 arany k\u00e9zzel faragott med\u00e1l 14kar\u00e1tos roz\u00e9 arany l\u00e1nccal. Enyh\u00e9n fazett\u00e1lt fel\u00fclet, pol\u00edrozva finom \u00e9lekkel. T\u00f6k\u00e9letes egyedi, k\u00fcl\u00f6nleges, k\u00e9zzel k\u00e9sz\u00fclt id\u0151-\u00e9s \u00e9rt\u00e9k \u00e1ll\u00f3 aj\u00e1nd\u00e9k hazai tervez\u0151t\u0151l szeretteidnek.","robots":{"index":"index","follow":"follow","max-snippet":"max-snippet:-1","max-image-preview":"max-image-preview:large","max-video-preview":"max-video-preview:-1"},"canonical":"https:\/\/dorasilagyi.hu\/en\/product\/little-heart-ooak-14-karatos-arany-nyaklanc-smaragddal\/","og_locale":"en_GB","og_type":"article","og_title":"Little Heart OOAK 14 kar\u00e1tos arany nyakl\u00e1nc smaragddal \/SOLD OUT\/ &mdash; Dora Silagyi Jewellery","og_description":"14kar\u00e1tos roz\u00e9 arany k\u00e9zzel faragott med\u00e1l 14kar\u00e1tos roz\u00e9 arany l\u00e1nccal. Enyh\u00e9n fazett\u00e1lt fel\u00fclet, pol\u00edrozva finom \u00e9lekkel. T\u00f6k\u00e9letes egyedi, k\u00fcl\u00f6nleges, k\u00e9zzel k\u00e9sz\u00fclt id\u0151-\u00e9s \u00e9rt\u00e9k \u00e1ll\u00f3 aj\u00e1nd\u00e9k hazai tervez\u0151t\u0151l szeretteidnek.","og_url":"https:\/\/dorasilagyi.hu\/en\/product\/little-heart-ooak-14-karatos-arany-nyaklanc-smaragddal\/","og_site_name":"Dora Silagyi Jewellery","article_publisher":"https:\/\/www.facebook.com\/Dora-Silagyi-Jewellery-109313484673073","article_modified_time":"2025-12-22T19:18:25+00:00","og_image":[{"width":1714,"height":2560,"url":"https:\/\/dorasilagyi.hu\/wp-content\/uploads\/2024\/12\/eart-scaled.jpg","type":"image\/jpeg"}],"twitter_card":"summary_large_image","schema":{"@context":"https:\/\/schema.org","@graph":[{"@type":"WebPage","@id":"https:\/\/dorasilagyi.hu\/termek\/little-heart-ooak-14-karatos-arany-nyaklanc-smaragddal\/","url":"https:\/\/dorasilagyi.hu\/termek\/little-heart-ooak-14-karatos-arany-nyaklanc-smaragddal\/","name":"Little Heart OOAK 14 kar\u00e1tos arany nyakl\u00e1nc smaragddal \/SOLD OUT\/ &mdash; Dora Silagyi Jewellery","isPartOf":{"@id":"https:\/\/dorasilagyi.hu\/#website"},"datePublished":"2024-12-10T09:26:42+00:00","dateModified":"2025-12-22T19:18:25+00:00","description":"14kar\u00e1tos roz\u00e9 arany k\u00e9zzel faragott med\u00e1l 14kar\u00e1tos roz\u00e9 arany l\u00e1nccal. Enyh\u00e9n fazett\u00e1lt fel\u00fclet, pol\u00edrozva finom \u00e9lekkel. T\u00f6k\u00e9letes egyedi, k\u00fcl\u00f6nleges, k\u00e9zzel k\u00e9sz\u00fclt id\u0151-\u00e9s \u00e9rt\u00e9k \u00e1ll\u00f3 aj\u00e1nd\u00e9k hazai tervez\u0151t\u0151l szeretteidnek.","breadcrumb":{"@id":"https:\/\/dorasilagyi.hu\/termek\/little-heart-ooak-14-karatos-arany-nyaklanc-smaragddal\/#breadcrumb"},"inLanguage":"en-GB","potentialAction":[{"@type":"ReadAction","target":["https:\/\/dorasilagyi.hu\/termek\/little-heart-ooak-14-karatos-arany-nyaklanc-smaragddal\/"]}]},{"@type":"BreadcrumbList","@id":"https:\/\/dorasilagyi.hu\/termek\/little-heart-ooak-14-karatos-arany-nyaklanc-smaragddal\/#breadcrumb","itemListElement":[{"@type":"ListItem","position":1,"name":"Kezd\u0151lap","item":"https:\/\/dorasilagyi.hu\/"},{"@type":"ListItem","position":2,"name":"Shop","item":"https:\/\/dorasilagyi.hu\/shop\/"},{"@type":"ListItem","position":3,"name":"Little Heart OOAK 14 kar\u00e1tos arany nyakl\u00e1nc smaragddal \/SOLD OUT\/"}]},{"@type":"WebSite","@id":"https:\/\/dorasilagyi.hu\/#website","url":"https:\/\/dorasilagyi.hu\/","name":"Dora Silagyi Jewellery","description":"Sophisticated, timeless jewellery design","publisher":{"@id":"https:\/\/dorasilagyi.hu\/#organization"},"potentialAction":[{"@type":"SearchAction","target":{"@type":"EntryPoint","urlTemplate":"https:\/\/dorasilagyi.hu\/?s={search_term_string}"},"query-input":"required name=search_term_string"}],"inLanguage":"en-GB"},{"@type":"Organization","@id":"https:\/\/dorasilagyi.hu\/#organization","name":"Dora Silagyi Jewellery","url":"https:\/\/dorasilagyi.hu\/","logo":{"@type":"ImageObject","inLanguage":"en-GB","@id":"https:\/\/dorasilagyi.hu\/#\/schema\/logo\/image\/","url":"https:\/\/dorasilagyi.hu\/wp-content\/uploads\/2021\/05\/logowebre.png","contentUrl":"https:\/\/dorasilagyi.hu\/wp-content\/uploads\/2021\/05\/logowebre.png","width":586,"height":431,"caption":"Dora Silagyi Jewellery"},"image":{"@id":"https:\/\/dorasilagyi.hu\/#\/schema\/logo\/image\/"},"sameAs":["https:\/\/www.instagram.com\/dorasilagyi\/","https:\/\/www.facebook.com\/Dora-Silagyi-Jewellery-109313484673073"]}]}},"_links":{"self":[{"href":"https:\/\/dorasilagyi.hu\/en\/wp-json\/wp\/v2\/product\/232315","targetHints":{"allow":["GET"]}}],"collection":[{"href":"https:\/\/dorasilagyi.hu\/en\/wp-json\/wp\/v2\/product"}],"about":[{"href":"https:\/\/dorasilagyi.hu\/en\/wp-json\/wp\/v2\/types\/product"}],"wp:featuredmedia":[{"embeddable":true,"href":"https:\/\/dorasilagyi.hu\/en\/wp-json\/wp\/v2\/media\/232322"}],"wp:attachment":[{"href":"https:\/\/dorasilagyi.hu\/en\/wp-json\/wp\/v2\/media?parent=232315"}],"wp:term":[{"taxonomy":"product_cat","embeddable":true,"href":"https:\/\/dorasilagyi.hu\/en\/wp-json\/wp\/v2\/product_cat?post=232315"},{"taxonomy":"product_tag","embeddable":true,"href":"https:\/\/dorasilagyi.hu\/en\/wp-json\/wp\/v2\/product_tag?post=232315"}],"curies":[{"name":"wp","href":"https:\/\/api.w.org\/{rel}","templated":true}]}}