{"id":232129,"date":"2024-10-11T14:56:35","date_gmt":"2024-10-11T14:56:35","guid":{"rendered":"https:\/\/dorasilagyi.hu\/?post_type=product&#038;p=232129"},"modified":"2026-03-02T07:53:13","modified_gmt":"2026-03-02T07:53:13","slug":"in-yeon-14karatos-arany-karikagyuru","status":"publish","type":"product","link":"https:\/\/dorasilagyi.hu\/en\/product\/in-yeon-14karatos-arany-karikagyuru\/","title":{"rendered":"In-Yeon 14k gold wedding ring \/available to order\/"},"content":{"rendered":"<p>The many edges and facets beautifully refract the light falling on the jewelry as it moves while worn, creating an ethereal look, paired with perfect comfort, and concealing Korean symbolism.<br \/>\nMake your jewelry even more unique with small diamonds, colored gemstones, or internal engraving. The ring can be ordered in sizes 50-54, in 14k yellow, rose, or white gold at the indicated price. If you need a different size or gemstone version, please contact us at studio@dorasilagyi.hu so that we can send you a unique quote!<\/p>","protected":false},"excerpt":{"rendered":"<p>Sophisticated, playful, modern and unique.<br \/>\nThe In-Yeon wedding ring owes its unique shape to the hand-crafted elongated, irregular facets.<br \/>\nEach piece is made individually according to the ordered size, so the new jewelry may differ slightly from the one in the photo.<br \/>\nThe ring can be ordered in sizes 50-54 at the prices shown. If you require white gold and rose gold alloy, please place your order by e-mail! If you require a different size, please contact us at studio@dorasilagyi.hu so that we can send you a unique quote!<br \/>\nProduction time 3-4 weeks.<\/p>","protected":false},"featured_media":232130,"template":"","meta":{"_et_pb_use_builder":"","_et_pb_old_content":"","_et_gb_content_width":"","_monsterinsights_skip_tracking":false,"_monsterinsights_sitenote_active":false,"_monsterinsights_sitenote_note":"","_monsterinsights_sitenote_category":0},"product_cat":[133,127,129],"product_tag":[],"class_list":["post-232129","product","type-product","status-publish","has-post-thumbnail","hentry","product_cat-new-arrivals","product_cat-karikagyuru","product_cat-gyuru","pa_anyag-14karatos-sarga-arany","pa_meret-87","pa_meret-54","pa_meret-55","pa_meret-56","pa_meret-57"],"yoast_head":"<!-- This site is optimized with the Yoast SEO plugin v19.9 - https:\/\/yoast.com\/wordpress\/plugins\/seo\/ -->\n<title>In-Yeon 14kar\u00e1tos arany karikagy\u0171r\u0171 \/rendelhet\u0151\/ &mdash; Dora Silagyi Jewellery<\/title>\n<meta name=\"description\" content=\"Kifinomult, j\u00e1t\u00e9kos, modern \u00e9s k\u00fcl\u00f6nleges. Az In-Yeon karikagy\u0171r\u0171 egyed\u00fcl\u00e1ll\u00f3 form\u00e1j\u00e1t a k\u00e9zzel kialak\u00edtott hossz\u00fak\u00e1s, szab\u00e1lytalan fazett\u00e1knak k\u00f6sz\u00f6nheti. Minden darab a megrendelt m\u00e9ret szerint k\u00e9sz\u00fcl egyedileg, \u00edgy az \u00faj \u00e9kszer kis m\u00e9rt\u00e9kben elt\u00e9rhet a fot\u00f3n szerepl\u0151t\u0151l.\" \/>\n<meta name=\"robots\" content=\"index, follow, max-snippet:-1, max-image-preview:large, max-video-preview:-1\" \/>\n<link rel=\"canonical\" href=\"https:\/\/dorasilagyi.hu\/en\/product\/in-yeon-14karatos-arany-karikagyuru\/\" \/>\n<meta property=\"og:locale\" content=\"en_GB\" \/>\n<meta property=\"og:type\" content=\"article\" \/>\n<meta property=\"og:title\" content=\"In-Yeon 14kar\u00e1tos arany karikagy\u0171r\u0171 \/rendelhet\u0151\/ &mdash; Dora Silagyi Jewellery\" \/>\n<meta property=\"og:description\" content=\"Kifinomult, j\u00e1t\u00e9kos, modern \u00e9s k\u00fcl\u00f6nleges. Az In-Yeon karikagy\u0171r\u0171 egyed\u00fcl\u00e1ll\u00f3 form\u00e1j\u00e1t a k\u00e9zzel kialak\u00edtott hossz\u00fak\u00e1s, szab\u00e1lytalan fazett\u00e1knak k\u00f6sz\u00f6nheti. Minden darab a megrendelt m\u00e9ret szerint k\u00e9sz\u00fcl egyedileg, \u00edgy az \u00faj \u00e9kszer kis m\u00e9rt\u00e9kben elt\u00e9rhet a fot\u00f3n szerepl\u0151t\u0151l.\" \/>\n<meta property=\"og:url\" content=\"https:\/\/dorasilagyi.hu\/en\/product\/in-yeon-14karatos-arany-karikagyuru\/\" \/>\n<meta property=\"og:site_name\" content=\"Dora Silagyi Jewellery\" \/>\n<meta property=\"article:publisher\" content=\"https:\/\/www.facebook.com\/Dora-Silagyi-Jewellery-109313484673073\" \/>\n<meta property=\"article:modified_time\" content=\"2026-03-02T07:53:13+00:00\" \/>\n<meta property=\"og:image\" content=\"https:\/\/dorasilagyi.hu\/wp-content\/uploads\/2024\/10\/IGP5101-scaled.jpg\" \/>\n\t<meta property=\"og:image:width\" content=\"1714\" \/>\n\t<meta property=\"og:image:height\" content=\"2560\" \/>\n\t<meta property=\"og:image:type\" content=\"image\/jpeg\" \/>\n<meta name=\"twitter:card\" content=\"summary_large_image\" \/>\n<meta name=\"twitter:label1\" content=\"Estimated reading time\" \/>\n\t<meta name=\"twitter:data1\" content=\"1 minute\" \/>\n<script type=\"application\/ld+json\" class=\"yoast-schema-graph\">{\"@context\":\"https:\/\/schema.org\",\"@graph\":[{\"@type\":\"WebPage\",\"@id\":\"https:\/\/dorasilagyi.hu\/termek\/in-yeon-14karatos-arany-karikagyuru\/\",\"url\":\"https:\/\/dorasilagyi.hu\/termek\/in-yeon-14karatos-arany-karikagyuru\/\",\"name\":\"In-Yeon 14kar\u00e1tos arany karikagy\u0171r\u0171 \/rendelhet\u0151\/ &mdash; Dora Silagyi Jewellery\",\"isPartOf\":{\"@id\":\"https:\/\/dorasilagyi.hu\/#website\"},\"datePublished\":\"2024-10-11T14:56:35+00:00\",\"dateModified\":\"2026-03-02T07:53:13+00:00\",\"description\":\"Kifinomult, j\u00e1t\u00e9kos, modern \u00e9s k\u00fcl\u00f6nleges. Az In-Yeon karikagy\u0171r\u0171 egyed\u00fcl\u00e1ll\u00f3 form\u00e1j\u00e1t a k\u00e9zzel kialak\u00edtott hossz\u00fak\u00e1s, szab\u00e1lytalan fazett\u00e1knak k\u00f6sz\u00f6nheti. Minden darab a megrendelt m\u00e9ret szerint k\u00e9sz\u00fcl egyedileg, \u00edgy az \u00faj \u00e9kszer kis m\u00e9rt\u00e9kben elt\u00e9rhet a fot\u00f3n szerepl\u0151t\u0151l.\",\"breadcrumb\":{\"@id\":\"https:\/\/dorasilagyi.hu\/termek\/in-yeon-14karatos-arany-karikagyuru\/#breadcrumb\"},\"inLanguage\":\"en-GB\",\"potentialAction\":[{\"@type\":\"ReadAction\",\"target\":[\"https:\/\/dorasilagyi.hu\/termek\/in-yeon-14karatos-arany-karikagyuru\/\"]}]},{\"@type\":\"BreadcrumbList\",\"@id\":\"https:\/\/dorasilagyi.hu\/termek\/in-yeon-14karatos-arany-karikagyuru\/#breadcrumb\",\"itemListElement\":[{\"@type\":\"ListItem\",\"position\":1,\"name\":\"Kezd\u0151lap\",\"item\":\"https:\/\/dorasilagyi.hu\/\"},{\"@type\":\"ListItem\",\"position\":2,\"name\":\"Shop\",\"item\":\"https:\/\/dorasilagyi.hu\/shop\/\"},{\"@type\":\"ListItem\",\"position\":3,\"name\":\"In-Yeon 14kar\u00e1tos arany karikagy\u0171r\u0171 \/rendelhet\u0151\/\"}]},{\"@type\":\"WebSite\",\"@id\":\"https:\/\/dorasilagyi.hu\/#website\",\"url\":\"https:\/\/dorasilagyi.hu\/\",\"name\":\"Dora Silagyi Jewellery\",\"description\":\"Sophisticated, timeless jewellery design\",\"publisher\":{\"@id\":\"https:\/\/dorasilagyi.hu\/#organization\"},\"potentialAction\":[{\"@type\":\"SearchAction\",\"target\":{\"@type\":\"EntryPoint\",\"urlTemplate\":\"https:\/\/dorasilagyi.hu\/?s={search_term_string}\"},\"query-input\":\"required name=search_term_string\"}],\"inLanguage\":\"en-GB\"},{\"@type\":\"Organization\",\"@id\":\"https:\/\/dorasilagyi.hu\/#organization\",\"name\":\"Dora Silagyi Jewellery\",\"url\":\"https:\/\/dorasilagyi.hu\/\",\"logo\":{\"@type\":\"ImageObject\",\"inLanguage\":\"en-GB\",\"@id\":\"https:\/\/dorasilagyi.hu\/#\/schema\/logo\/image\/\",\"url\":\"https:\/\/dorasilagyi.hu\/wp-content\/uploads\/2021\/05\/logowebre.png\",\"contentUrl\":\"https:\/\/dorasilagyi.hu\/wp-content\/uploads\/2021\/05\/logowebre.png\",\"width\":586,\"height\":431,\"caption\":\"Dora Silagyi Jewellery\"},\"image\":{\"@id\":\"https:\/\/dorasilagyi.hu\/#\/schema\/logo\/image\/\"},\"sameAs\":[\"https:\/\/www.instagram.com\/dorasilagyi\/\",\"https:\/\/www.facebook.com\/Dora-Silagyi-Jewellery-109313484673073\"]}]}<\/script>\n<!-- \/ Yoast SEO plugin. -->","yoast_head_json":{"title":"In-Yeon 14kar\u00e1tos arany karikagy\u0171r\u0171 \/rendelhet\u0151\/ &mdash; Dora Silagyi Jewellery","description":"Kifinomult, j\u00e1t\u00e9kos, modern \u00e9s k\u00fcl\u00f6nleges. Az In-Yeon karikagy\u0171r\u0171 egyed\u00fcl\u00e1ll\u00f3 form\u00e1j\u00e1t a k\u00e9zzel kialak\u00edtott hossz\u00fak\u00e1s, szab\u00e1lytalan fazett\u00e1knak k\u00f6sz\u00f6nheti. Minden darab a megrendelt m\u00e9ret szerint k\u00e9sz\u00fcl egyedileg, \u00edgy az \u00faj \u00e9kszer kis m\u00e9rt\u00e9kben elt\u00e9rhet a fot\u00f3n szerepl\u0151t\u0151l.","robots":{"index":"index","follow":"follow","max-snippet":"max-snippet:-1","max-image-preview":"max-image-preview:large","max-video-preview":"max-video-preview:-1"},"canonical":"https:\/\/dorasilagyi.hu\/en\/product\/in-yeon-14karatos-arany-karikagyuru\/","og_locale":"en_GB","og_type":"article","og_title":"In-Yeon 14kar\u00e1tos arany karikagy\u0171r\u0171 \/rendelhet\u0151\/ &mdash; Dora Silagyi Jewellery","og_description":"Kifinomult, j\u00e1t\u00e9kos, modern \u00e9s k\u00fcl\u00f6nleges. Az In-Yeon karikagy\u0171r\u0171 egyed\u00fcl\u00e1ll\u00f3 form\u00e1j\u00e1t a k\u00e9zzel kialak\u00edtott hossz\u00fak\u00e1s, szab\u00e1lytalan fazett\u00e1knak k\u00f6sz\u00f6nheti. Minden darab a megrendelt m\u00e9ret szerint k\u00e9sz\u00fcl egyedileg, \u00edgy az \u00faj \u00e9kszer kis m\u00e9rt\u00e9kben elt\u00e9rhet a fot\u00f3n szerepl\u0151t\u0151l.","og_url":"https:\/\/dorasilagyi.hu\/en\/product\/in-yeon-14karatos-arany-karikagyuru\/","og_site_name":"Dora Silagyi Jewellery","article_publisher":"https:\/\/www.facebook.com\/Dora-Silagyi-Jewellery-109313484673073","article_modified_time":"2026-03-02T07:53:13+00:00","og_image":[{"width":1714,"height":2560,"url":"https:\/\/dorasilagyi.hu\/wp-content\/uploads\/2024\/10\/IGP5101-scaled.jpg","type":"image\/jpeg"}],"twitter_card":"summary_large_image","twitter_misc":{"Estimated reading time":"1 minute"},"schema":{"@context":"https:\/\/schema.org","@graph":[{"@type":"WebPage","@id":"https:\/\/dorasilagyi.hu\/termek\/in-yeon-14karatos-arany-karikagyuru\/","url":"https:\/\/dorasilagyi.hu\/termek\/in-yeon-14karatos-arany-karikagyuru\/","name":"In-Yeon 14kar\u00e1tos arany karikagy\u0171r\u0171 \/rendelhet\u0151\/ &mdash; Dora Silagyi Jewellery","isPartOf":{"@id":"https:\/\/dorasilagyi.hu\/#website"},"datePublished":"2024-10-11T14:56:35+00:00","dateModified":"2026-03-02T07:53:13+00:00","description":"Kifinomult, j\u00e1t\u00e9kos, modern \u00e9s k\u00fcl\u00f6nleges. Az In-Yeon karikagy\u0171r\u0171 egyed\u00fcl\u00e1ll\u00f3 form\u00e1j\u00e1t a k\u00e9zzel kialak\u00edtott hossz\u00fak\u00e1s, szab\u00e1lytalan fazett\u00e1knak k\u00f6sz\u00f6nheti. Minden darab a megrendelt m\u00e9ret szerint k\u00e9sz\u00fcl egyedileg, \u00edgy az \u00faj \u00e9kszer kis m\u00e9rt\u00e9kben elt\u00e9rhet a fot\u00f3n szerepl\u0151t\u0151l.","breadcrumb":{"@id":"https:\/\/dorasilagyi.hu\/termek\/in-yeon-14karatos-arany-karikagyuru\/#breadcrumb"},"inLanguage":"en-GB","potentialAction":[{"@type":"ReadAction","target":["https:\/\/dorasilagyi.hu\/termek\/in-yeon-14karatos-arany-karikagyuru\/"]}]},{"@type":"BreadcrumbList","@id":"https:\/\/dorasilagyi.hu\/termek\/in-yeon-14karatos-arany-karikagyuru\/#breadcrumb","itemListElement":[{"@type":"ListItem","position":1,"name":"Kezd\u0151lap","item":"https:\/\/dorasilagyi.hu\/"},{"@type":"ListItem","position":2,"name":"Shop","item":"https:\/\/dorasilagyi.hu\/shop\/"},{"@type":"ListItem","position":3,"name":"In-Yeon 14kar\u00e1tos arany karikagy\u0171r\u0171 \/rendelhet\u0151\/"}]},{"@type":"WebSite","@id":"https:\/\/dorasilagyi.hu\/#website","url":"https:\/\/dorasilagyi.hu\/","name":"Dora Silagyi Jewellery","description":"Sophisticated, timeless jewellery design","publisher":{"@id":"https:\/\/dorasilagyi.hu\/#organization"},"potentialAction":[{"@type":"SearchAction","target":{"@type":"EntryPoint","urlTemplate":"https:\/\/dorasilagyi.hu\/?s={search_term_string}"},"query-input":"required name=search_term_string"}],"inLanguage":"en-GB"},{"@type":"Organization","@id":"https:\/\/dorasilagyi.hu\/#organization","name":"Dora Silagyi Jewellery","url":"https:\/\/dorasilagyi.hu\/","logo":{"@type":"ImageObject","inLanguage":"en-GB","@id":"https:\/\/dorasilagyi.hu\/#\/schema\/logo\/image\/","url":"https:\/\/dorasilagyi.hu\/wp-content\/uploads\/2021\/05\/logowebre.png","contentUrl":"https:\/\/dorasilagyi.hu\/wp-content\/uploads\/2021\/05\/logowebre.png","width":586,"height":431,"caption":"Dora Silagyi Jewellery"},"image":{"@id":"https:\/\/dorasilagyi.hu\/#\/schema\/logo\/image\/"},"sameAs":["https:\/\/www.instagram.com\/dorasilagyi\/","https:\/\/www.facebook.com\/Dora-Silagyi-Jewellery-109313484673073"]}]}},"_links":{"self":[{"href":"https:\/\/dorasilagyi.hu\/en\/wp-json\/wp\/v2\/product\/232129","targetHints":{"allow":["GET"]}}],"collection":[{"href":"https:\/\/dorasilagyi.hu\/en\/wp-json\/wp\/v2\/product"}],"about":[{"href":"https:\/\/dorasilagyi.hu\/en\/wp-json\/wp\/v2\/types\/product"}],"wp:featuredmedia":[{"embeddable":true,"href":"https:\/\/dorasilagyi.hu\/en\/wp-json\/wp\/v2\/media\/232130"}],"wp:attachment":[{"href":"https:\/\/dorasilagyi.hu\/en\/wp-json\/wp\/v2\/media?parent=232129"}],"wp:term":[{"taxonomy":"product_cat","embeddable":true,"href":"https:\/\/dorasilagyi.hu\/en\/wp-json\/wp\/v2\/product_cat?post=232129"},{"taxonomy":"product_tag","embeddable":true,"href":"https:\/\/dorasilagyi.hu\/en\/wp-json\/wp\/v2\/product_tag?post=232129"}],"curies":[{"name":"wp","href":"https:\/\/api.w.org\/{rel}","templated":true}]}}