{"id":231822,"date":"2024-06-20T19:29:21","date_gmt":"2024-06-20T19:29:21","guid":{"rendered":"https:\/\/dorasilagyi.hu\/?post_type=product&#038;p=231822"},"modified":"2025-12-22T19:19:04","modified_gmt":"2025-12-22T19:19:04","slug":"yris-cognac-limited-14karatos-arany-gyuru-szines-gyemanttal","status":"publish","type":"product","link":"https:\/\/dorasilagyi.hu\/en\/product\/yris-cognac-limited-14karatos-arany-gyuru-szines-gyemanttal\/","title":{"rendered":"Yris Cognac OOAK 14kar\u00e1tos arany gy\u0171r\u0171 sz\u00ednes gy\u00e9m\u00e1nttal \/SOLD OUT\/"},"content":{"rendered":"<p>The 3rd piece of the Limited S&amp;P collection.<br \/>\nOne piece. The Limit\u00e1l S&amp;P collection is an ever-expanding collection of ready-made jewels, mainly with carefully searched and selected, exceptionally beautiful, unique and unrepeatable salt &amp; pepper diamonds. Each piece is a unique design, unique, authentic DSJ design, 14-carat gold. Available for immediate delivery. If required, it is possible to resize (+\/- up to 2 sizes).<br \/>\nFor more details, contact us at studio@dorasilagyi.hu!<\/p>","protected":false},"excerpt":{"rendered":"<p>The Ysis LIMITED ring is the 3rd piece of the Limited S&amp;P collection.<br \/>\nThe Limit\u00e1l S&amp;P collection is an ever-expanding collection of ready-made jewelry, mainly with carefully searched and selected, exceptionally beautiful, unique and unrepeatable salt &amp; pepper diamonds.<br \/>\nOne piece. 14-karat yellow gold ring, weight 0.47ct, size 6.3X4 mm, with a natural, cognac-colored marquise cut diamond. Size 53.<br \/>\nThe size can be adjusted as needed (+\/- up to 2 sizes).<br \/>\nWeight: gr \/\/<br \/>\nContact us regarding the purchase of LIMITED jewelry at the email address studio@dorasilagyi.hu!<\/p>","protected":false},"featured_media":231799,"template":"","meta":{"_et_pb_use_builder":"","_et_pb_old_content":"","_et_gb_content_width":"","_monsterinsights_skip_tracking":false,"_monsterinsights_sitenote_active":false,"_monsterinsights_sitenote_note":"","_monsterinsights_sitenote_category":0},"product_cat":[126,129],"product_tag":[],"class_list":["post-231822","product","type-product","status-publish","has-post-thumbnail","hentry","product_cat-eljegyzesi-gyuru","product_cat-gyuru"],"yoast_head":"<!-- This site is optimized with the Yoast SEO plugin v19.9 - https:\/\/yoast.com\/wordpress\/plugins\/seo\/ -->\n<title>Yris Cognac OOAK 14kar\u00e1tos arany gy\u0171r\u0171 sz\u00ednes gy\u00e9m\u00e1nttal \/SOLD OUT\/ &mdash; Dora Silagyi Jewellery<\/title>\n<meta name=\"robots\" content=\"index, follow, max-snippet:-1, max-image-preview:large, max-video-preview:-1\" \/>\n<link rel=\"canonical\" href=\"https:\/\/dorasilagyi.hu\/en\/product\/yris-cognac-limited-14karatos-arany-gyuru-szines-gyemanttal\/\" \/>\n<meta property=\"og:locale\" content=\"en_GB\" \/>\n<meta property=\"og:type\" content=\"article\" \/>\n<meta property=\"og:title\" content=\"Yris Cognac OOAK 14kar\u00e1tos arany gy\u0171r\u0171 sz\u00ednes gy\u00e9m\u00e1nttal \/SOLD OUT\/ &mdash; Dora Silagyi Jewellery\" \/>\n<meta property=\"og:description\" content=\"Az Ysis LIMITED gy\u0171r\u0171 a Limited S&amp;P kollekci\u00f3 3. darabja. A Limit\u00e1l S&amp;P kollekci\u00f3 ready made \u00e9kszerek folyamatosan b\u0151v\u00fcl\u0151 gy\u0171jtem\u00e9nye, f\u0151szerepben gondosan felkutatott \u00e9s v\u00e1logatott, kiv\u00e9teles sz\u00e9ps\u00e9g\u0171, egyetlen \u00e9s megism\u00e9telhetetlen s\u00f3&amp;bors gy\u00e9m\u00e1ntokkal. Egyetlen darab. 14kar\u00e1tos s\u00e1rga arany gy\u0171r\u0171, 0.47ct s\u00faly\u00fa, 6.3X4 mm m\u00e9ret\u0171, term\u00e9szetes, konyak sz\u00edn\u0171 marquise cut gy\u00e9m\u00e1nttal. 53-as m\u00e9ret. A m\u00e9ret ig\u00e9ny szerint m\u00f3dos\u00edthat\u00f3 (+\/- 2 m\u00e9retig). S\u00faly: gr \/\/ LIMITED \u00e9kszer megv\u00e1s\u00e1rl\u00e1s\u00e1val kapcsolatban egyeztess\u00fcnk a studio@dorasilagyi.hu email c\u00edmen!\" \/>\n<meta property=\"og:url\" content=\"https:\/\/dorasilagyi.hu\/en\/product\/yris-cognac-limited-14karatos-arany-gyuru-szines-gyemanttal\/\" \/>\n<meta property=\"og:site_name\" content=\"Dora Silagyi Jewellery\" \/>\n<meta property=\"article:publisher\" content=\"https:\/\/www.facebook.com\/Dora-Silagyi-Jewellery-109313484673073\" \/>\n<meta property=\"article:modified_time\" content=\"2025-12-22T19:19:04+00:00\" \/>\n<meta property=\"og:image\" content=\"https:\/\/dorasilagyi.hu\/wp-content\/uploads\/2024\/06\/limitedd-scaled.jpg\" \/>\n\t<meta property=\"og:image:width\" content=\"1714\" \/>\n\t<meta property=\"og:image:height\" content=\"2560\" \/>\n\t<meta property=\"og:image:type\" content=\"image\/jpeg\" \/>\n<meta name=\"twitter:card\" content=\"summary_large_image\" \/>\n<script type=\"application\/ld+json\" class=\"yoast-schema-graph\">{\"@context\":\"https:\/\/schema.org\",\"@graph\":[{\"@type\":\"WebPage\",\"@id\":\"https:\/\/dorasilagyi.hu\/termek\/yris-cognac-limited-14karatos-arany-gyuru-szines-gyemanttal\/\",\"url\":\"https:\/\/dorasilagyi.hu\/termek\/yris-cognac-limited-14karatos-arany-gyuru-szines-gyemanttal\/\",\"name\":\"Yris Cognac OOAK 14kar\u00e1tos arany gy\u0171r\u0171 sz\u00ednes gy\u00e9m\u00e1nttal \/SOLD OUT\/ &mdash; Dora Silagyi Jewellery\",\"isPartOf\":{\"@id\":\"https:\/\/dorasilagyi.hu\/#website\"},\"datePublished\":\"2024-06-20T19:29:21+00:00\",\"dateModified\":\"2025-12-22T19:19:04+00:00\",\"breadcrumb\":{\"@id\":\"https:\/\/dorasilagyi.hu\/termek\/yris-cognac-limited-14karatos-arany-gyuru-szines-gyemanttal\/#breadcrumb\"},\"inLanguage\":\"en-GB\",\"potentialAction\":[{\"@type\":\"ReadAction\",\"target\":[\"https:\/\/dorasilagyi.hu\/termek\/yris-cognac-limited-14karatos-arany-gyuru-szines-gyemanttal\/\"]}]},{\"@type\":\"BreadcrumbList\",\"@id\":\"https:\/\/dorasilagyi.hu\/termek\/yris-cognac-limited-14karatos-arany-gyuru-szines-gyemanttal\/#breadcrumb\",\"itemListElement\":[{\"@type\":\"ListItem\",\"position\":1,\"name\":\"Kezd\u0151lap\",\"item\":\"https:\/\/dorasilagyi.hu\/\"},{\"@type\":\"ListItem\",\"position\":2,\"name\":\"Shop\",\"item\":\"https:\/\/dorasilagyi.hu\/shop\/\"},{\"@type\":\"ListItem\",\"position\":3,\"name\":\"Yris Cognac OOAK 14kar\u00e1tos arany gy\u0171r\u0171 sz\u00ednes gy\u00e9m\u00e1nttal \/SOLD OUT\/\"}]},{\"@type\":\"WebSite\",\"@id\":\"https:\/\/dorasilagyi.hu\/#website\",\"url\":\"https:\/\/dorasilagyi.hu\/\",\"name\":\"Dora Silagyi Jewellery\",\"description\":\"Sophisticated, timeless jewellery design\",\"publisher\":{\"@id\":\"https:\/\/dorasilagyi.hu\/#organization\"},\"potentialAction\":[{\"@type\":\"SearchAction\",\"target\":{\"@type\":\"EntryPoint\",\"urlTemplate\":\"https:\/\/dorasilagyi.hu\/?s={search_term_string}\"},\"query-input\":\"required name=search_term_string\"}],\"inLanguage\":\"en-GB\"},{\"@type\":\"Organization\",\"@id\":\"https:\/\/dorasilagyi.hu\/#organization\",\"name\":\"Dora Silagyi Jewellery\",\"url\":\"https:\/\/dorasilagyi.hu\/\",\"logo\":{\"@type\":\"ImageObject\",\"inLanguage\":\"en-GB\",\"@id\":\"https:\/\/dorasilagyi.hu\/#\/schema\/logo\/image\/\",\"url\":\"https:\/\/dorasilagyi.hu\/wp-content\/uploads\/2021\/05\/logowebre.png\",\"contentUrl\":\"https:\/\/dorasilagyi.hu\/wp-content\/uploads\/2021\/05\/logowebre.png\",\"width\":586,\"height\":431,\"caption\":\"Dora Silagyi Jewellery\"},\"image\":{\"@id\":\"https:\/\/dorasilagyi.hu\/#\/schema\/logo\/image\/\"},\"sameAs\":[\"https:\/\/www.instagram.com\/dorasilagyi\/\",\"https:\/\/www.facebook.com\/Dora-Silagyi-Jewellery-109313484673073\"]}]}<\/script>\n<!-- \/ Yoast SEO plugin. -->","yoast_head_json":{"title":"Yris Cognac OOAK 14kar\u00e1tos arany gy\u0171r\u0171 sz\u00ednes gy\u00e9m\u00e1nttal \/SOLD OUT\/ &mdash; Dora Silagyi Jewellery","robots":{"index":"index","follow":"follow","max-snippet":"max-snippet:-1","max-image-preview":"max-image-preview:large","max-video-preview":"max-video-preview:-1"},"canonical":"https:\/\/dorasilagyi.hu\/en\/product\/yris-cognac-limited-14karatos-arany-gyuru-szines-gyemanttal\/","og_locale":"en_GB","og_type":"article","og_title":"Yris Cognac OOAK 14kar\u00e1tos arany gy\u0171r\u0171 sz\u00ednes gy\u00e9m\u00e1nttal \/SOLD OUT\/ &mdash; Dora Silagyi Jewellery","og_description":"Az Ysis LIMITED gy\u0171r\u0171 a Limited S&amp;P kollekci\u00f3 3. darabja. A Limit\u00e1l S&amp;P kollekci\u00f3 ready made \u00e9kszerek folyamatosan b\u0151v\u00fcl\u0151 gy\u0171jtem\u00e9nye, f\u0151szerepben gondosan felkutatott \u00e9s v\u00e1logatott, kiv\u00e9teles sz\u00e9ps\u00e9g\u0171, egyetlen \u00e9s megism\u00e9telhetetlen s\u00f3&amp;bors gy\u00e9m\u00e1ntokkal. Egyetlen darab. 14kar\u00e1tos s\u00e1rga arany gy\u0171r\u0171, 0.47ct s\u00faly\u00fa, 6.3X4 mm m\u00e9ret\u0171, term\u00e9szetes, konyak sz\u00edn\u0171 marquise cut gy\u00e9m\u00e1nttal. 53-as m\u00e9ret. A m\u00e9ret ig\u00e9ny szerint m\u00f3dos\u00edthat\u00f3 (+\/- 2 m\u00e9retig). S\u00faly: gr \/\/ LIMITED \u00e9kszer megv\u00e1s\u00e1rl\u00e1s\u00e1val kapcsolatban egyeztess\u00fcnk a studio@dorasilagyi.hu email c\u00edmen!","og_url":"https:\/\/dorasilagyi.hu\/en\/product\/yris-cognac-limited-14karatos-arany-gyuru-szines-gyemanttal\/","og_site_name":"Dora Silagyi Jewellery","article_publisher":"https:\/\/www.facebook.com\/Dora-Silagyi-Jewellery-109313484673073","article_modified_time":"2025-12-22T19:19:04+00:00","og_image":[{"width":1714,"height":2560,"url":"https:\/\/dorasilagyi.hu\/wp-content\/uploads\/2024\/06\/limitedd-scaled.jpg","type":"image\/jpeg"}],"twitter_card":"summary_large_image","schema":{"@context":"https:\/\/schema.org","@graph":[{"@type":"WebPage","@id":"https:\/\/dorasilagyi.hu\/termek\/yris-cognac-limited-14karatos-arany-gyuru-szines-gyemanttal\/","url":"https:\/\/dorasilagyi.hu\/termek\/yris-cognac-limited-14karatos-arany-gyuru-szines-gyemanttal\/","name":"Yris Cognac OOAK 14kar\u00e1tos arany gy\u0171r\u0171 sz\u00ednes gy\u00e9m\u00e1nttal \/SOLD OUT\/ &mdash; Dora Silagyi Jewellery","isPartOf":{"@id":"https:\/\/dorasilagyi.hu\/#website"},"datePublished":"2024-06-20T19:29:21+00:00","dateModified":"2025-12-22T19:19:04+00:00","breadcrumb":{"@id":"https:\/\/dorasilagyi.hu\/termek\/yris-cognac-limited-14karatos-arany-gyuru-szines-gyemanttal\/#breadcrumb"},"inLanguage":"en-GB","potentialAction":[{"@type":"ReadAction","target":["https:\/\/dorasilagyi.hu\/termek\/yris-cognac-limited-14karatos-arany-gyuru-szines-gyemanttal\/"]}]},{"@type":"BreadcrumbList","@id":"https:\/\/dorasilagyi.hu\/termek\/yris-cognac-limited-14karatos-arany-gyuru-szines-gyemanttal\/#breadcrumb","itemListElement":[{"@type":"ListItem","position":1,"name":"Kezd\u0151lap","item":"https:\/\/dorasilagyi.hu\/"},{"@type":"ListItem","position":2,"name":"Shop","item":"https:\/\/dorasilagyi.hu\/shop\/"},{"@type":"ListItem","position":3,"name":"Yris Cognac OOAK 14kar\u00e1tos arany gy\u0171r\u0171 sz\u00ednes gy\u00e9m\u00e1nttal \/SOLD OUT\/"}]},{"@type":"WebSite","@id":"https:\/\/dorasilagyi.hu\/#website","url":"https:\/\/dorasilagyi.hu\/","name":"Dora Silagyi Jewellery","description":"Sophisticated, timeless jewellery design","publisher":{"@id":"https:\/\/dorasilagyi.hu\/#organization"},"potentialAction":[{"@type":"SearchAction","target":{"@type":"EntryPoint","urlTemplate":"https:\/\/dorasilagyi.hu\/?s={search_term_string}"},"query-input":"required name=search_term_string"}],"inLanguage":"en-GB"},{"@type":"Organization","@id":"https:\/\/dorasilagyi.hu\/#organization","name":"Dora Silagyi Jewellery","url":"https:\/\/dorasilagyi.hu\/","logo":{"@type":"ImageObject","inLanguage":"en-GB","@id":"https:\/\/dorasilagyi.hu\/#\/schema\/logo\/image\/","url":"https:\/\/dorasilagyi.hu\/wp-content\/uploads\/2021\/05\/logowebre.png","contentUrl":"https:\/\/dorasilagyi.hu\/wp-content\/uploads\/2021\/05\/logowebre.png","width":586,"height":431,"caption":"Dora Silagyi Jewellery"},"image":{"@id":"https:\/\/dorasilagyi.hu\/#\/schema\/logo\/image\/"},"sameAs":["https:\/\/www.instagram.com\/dorasilagyi\/","https:\/\/www.facebook.com\/Dora-Silagyi-Jewellery-109313484673073"]}]}},"_links":{"self":[{"href":"https:\/\/dorasilagyi.hu\/en\/wp-json\/wp\/v2\/product\/231822","targetHints":{"allow":["GET"]}}],"collection":[{"href":"https:\/\/dorasilagyi.hu\/en\/wp-json\/wp\/v2\/product"}],"about":[{"href":"https:\/\/dorasilagyi.hu\/en\/wp-json\/wp\/v2\/types\/product"}],"wp:featuredmedia":[{"embeddable":true,"href":"https:\/\/dorasilagyi.hu\/en\/wp-json\/wp\/v2\/media\/231799"}],"wp:attachment":[{"href":"https:\/\/dorasilagyi.hu\/en\/wp-json\/wp\/v2\/media?parent=231822"}],"wp:term":[{"taxonomy":"product_cat","embeddable":true,"href":"https:\/\/dorasilagyi.hu\/en\/wp-json\/wp\/v2\/product_cat?post=231822"},{"taxonomy":"product_tag","embeddable":true,"href":"https:\/\/dorasilagyi.hu\/en\/wp-json\/wp\/v2\/product_tag?post=231822"}],"curies":[{"name":"wp","href":"https:\/\/api.w.org\/{rel}","templated":true}]}}