{"id":231791,"date":"2024-06-20T20:00:01","date_gmt":"2024-06-20T20:00:01","guid":{"rendered":"https:\/\/dorasilagyi.hu\/?post_type=product&#038;p=231791"},"modified":"2026-04-03T08:52:16","modified_gmt":"2026-04-03T08:52:16","slug":"egyedi-eljegyzesi-gyuru-3","status":"publish","type":"product","link":"https:\/\/dorasilagyi.hu\/en\/product\/egyedi-eljegyzesi-gyuru-3\/","title":{"rendered":"Yris Petite 14k gold ring with diamonds \/available to order\/"},"content":{"rendered":"<p>Standard DSJ model: if you require a different alloy (rose or white gold, 18-carat gold), a different size, a different gemstone type, color, or cut, you can order it as a custom order by email! Contact us by email at studio@dorasilagyi.hu so that we can send you a personalized price offer!<\/p>","protected":false},"excerpt":{"rendered":"<p>Understated glamour, sophisticated shape, unique style.<br \/>\nEzek jellemzik a DSJ mini solitaire kollekci\u00f3 els\u0151 darabj\u00e1t, melyet keskeny gy\u0171r\u0171s\u00ednre \u00fcltetett 0.15 ct m\u00e9ret\u0171,\u00a0 marquise cut gy\u00e9m\u00e1nt d\u00edsz\u00edt.<br \/>\nThe perfect harmony of shapes and proportions makes this ring special, with just the right amount of character and exclusivity for a memorable occasion.<\/p>\n<p>&nbsp;<\/p>","protected":false},"featured_media":231802,"template":"","meta":{"_et_pb_use_builder":"","_et_pb_old_content":"","_et_gb_content_width":"","_monsterinsights_skip_tracking":false,"_monsterinsights_sitenote_active":false,"_monsterinsights_sitenote_note":"","_monsterinsights_sitenote_category":0},"product_cat":[126,129],"product_tag":[],"class_list":["post-231791","product","type-product","status-publish","has-post-thumbnail","hentry","product_cat-eljegyzesi-gyuru","product_cat-gyuru"],"yoast_head":"<!-- This site is optimized with the Yoast SEO plugin v19.9 - https:\/\/yoast.com\/wordpress\/plugins\/seo\/ -->\n<title>Yris Petite 14kar\u00e1tos arany gy\u0171r\u0171 gy\u00e9m\u00e1nttal \/rendelhet\u0151\/ &mdash; Dora Silagyi Jewellery<\/title>\n<meta name=\"robots\" content=\"index, follow, max-snippet:-1, max-image-preview:large, max-video-preview:-1\" \/>\n<link rel=\"canonical\" href=\"https:\/\/dorasilagyi.hu\/en\/product\/egyedi-eljegyzesi-gyuru-3\/\" \/>\n<meta property=\"og:locale\" content=\"en_GB\" \/>\n<meta property=\"og:type\" content=\"article\" \/>\n<meta property=\"og:title\" content=\"Yris Petite 14kar\u00e1tos arany gy\u0171r\u0171 gy\u00e9m\u00e1nttal \/rendelhet\u0151\/ &mdash; Dora Silagyi Jewellery\" \/>\n<meta property=\"og:description\" content=\"Visszafogott csillog\u00e1s, kifinomult forma, egyedi st\u00edlus. Ezek jellemzik a DSJ mini solitaire kollekci\u00f3 els\u0151 darabj\u00e1t, melyet keskeny gy\u0171r\u0171s\u00ednre \u00fcltetett 0.15 ct m\u00e9ret\u0171,\u00a0 marquise cut gy\u00e9m\u00e1nt d\u00edsz\u00edt. A form\u00e1k \u00e9s ar\u00e1nyok t\u00f6k\u00e9letes \u00f6sszhangja teszi ezt a gy\u0171r\u0171t k\u00fcl\u00f6nlegess\u00e9, amely \u00e9pp kell\u0151 karakterrel \u00e9s exkluzivit\u00e1ssal rendelkezik egy eml\u00e9kezetes alkalomhoz.   &nbsp;\" \/>\n<meta property=\"og:url\" content=\"https:\/\/dorasilagyi.hu\/en\/product\/egyedi-eljegyzesi-gyuru-3\/\" \/>\n<meta property=\"og:site_name\" content=\"Dora Silagyi Jewellery\" \/>\n<meta property=\"article:publisher\" content=\"https:\/\/www.facebook.com\/Dora-Silagyi-Jewellery-109313484673073\" \/>\n<meta property=\"article:modified_time\" content=\"2026-04-03T08:52:16+00:00\" \/>\n<meta property=\"og:image\" content=\"https:\/\/dorasilagyi.hu\/wp-content\/uploads\/2024\/06\/ysis-scaled.jpg\" \/>\n\t<meta property=\"og:image:width\" content=\"1714\" \/>\n\t<meta property=\"og:image:height\" content=\"2560\" \/>\n\t<meta property=\"og:image:type\" content=\"image\/jpeg\" \/>\n<meta name=\"twitter:card\" content=\"summary_large_image\" \/>\n<meta name=\"twitter:label1\" content=\"Estimated reading time\" \/>\n\t<meta name=\"twitter:data1\" content=\"1 minute\" \/>\n<script type=\"application\/ld+json\" class=\"yoast-schema-graph\">{\"@context\":\"https:\/\/schema.org\",\"@graph\":[{\"@type\":\"WebPage\",\"@id\":\"https:\/\/dorasilagyi.hu\/termek\/egyedi-eljegyzesi-gyuru-3\/\",\"url\":\"https:\/\/dorasilagyi.hu\/termek\/egyedi-eljegyzesi-gyuru-3\/\",\"name\":\"Yris Petite 14kar\u00e1tos arany gy\u0171r\u0171 gy\u00e9m\u00e1nttal \/rendelhet\u0151\/ &mdash; Dora Silagyi Jewellery\",\"isPartOf\":{\"@id\":\"https:\/\/dorasilagyi.hu\/#website\"},\"datePublished\":\"2024-06-20T20:00:01+00:00\",\"dateModified\":\"2026-04-03T08:52:16+00:00\",\"breadcrumb\":{\"@id\":\"https:\/\/dorasilagyi.hu\/termek\/egyedi-eljegyzesi-gyuru-3\/#breadcrumb\"},\"inLanguage\":\"en-GB\",\"potentialAction\":[{\"@type\":\"ReadAction\",\"target\":[\"https:\/\/dorasilagyi.hu\/termek\/egyedi-eljegyzesi-gyuru-3\/\"]}]},{\"@type\":\"BreadcrumbList\",\"@id\":\"https:\/\/dorasilagyi.hu\/termek\/egyedi-eljegyzesi-gyuru-3\/#breadcrumb\",\"itemListElement\":[{\"@type\":\"ListItem\",\"position\":1,\"name\":\"Kezd\u0151lap\",\"item\":\"https:\/\/dorasilagyi.hu\/\"},{\"@type\":\"ListItem\",\"position\":2,\"name\":\"Shop\",\"item\":\"https:\/\/dorasilagyi.hu\/shop\/\"},{\"@type\":\"ListItem\",\"position\":3,\"name\":\"Yris Petite 14kar\u00e1tos arany gy\u0171r\u0171 gy\u00e9m\u00e1nttal \/rendelhet\u0151\/\"}]},{\"@type\":\"WebSite\",\"@id\":\"https:\/\/dorasilagyi.hu\/#website\",\"url\":\"https:\/\/dorasilagyi.hu\/\",\"name\":\"Dora Silagyi Jewellery\",\"description\":\"Sophisticated, timeless jewellery design\",\"publisher\":{\"@id\":\"https:\/\/dorasilagyi.hu\/#organization\"},\"potentialAction\":[{\"@type\":\"SearchAction\",\"target\":{\"@type\":\"EntryPoint\",\"urlTemplate\":\"https:\/\/dorasilagyi.hu\/?s={search_term_string}\"},\"query-input\":\"required name=search_term_string\"}],\"inLanguage\":\"en-GB\"},{\"@type\":\"Organization\",\"@id\":\"https:\/\/dorasilagyi.hu\/#organization\",\"name\":\"Dora Silagyi Jewellery\",\"url\":\"https:\/\/dorasilagyi.hu\/\",\"logo\":{\"@type\":\"ImageObject\",\"inLanguage\":\"en-GB\",\"@id\":\"https:\/\/dorasilagyi.hu\/#\/schema\/logo\/image\/\",\"url\":\"https:\/\/dorasilagyi.hu\/wp-content\/uploads\/2021\/05\/logowebre.png\",\"contentUrl\":\"https:\/\/dorasilagyi.hu\/wp-content\/uploads\/2021\/05\/logowebre.png\",\"width\":586,\"height\":431,\"caption\":\"Dora Silagyi Jewellery\"},\"image\":{\"@id\":\"https:\/\/dorasilagyi.hu\/#\/schema\/logo\/image\/\"},\"sameAs\":[\"https:\/\/www.instagram.com\/dorasilagyi\/\",\"https:\/\/www.facebook.com\/Dora-Silagyi-Jewellery-109313484673073\"]}]}<\/script>\n<!-- \/ Yoast SEO plugin. -->","yoast_head_json":{"title":"Yris Petite 14kar\u00e1tos arany gy\u0171r\u0171 gy\u00e9m\u00e1nttal \/rendelhet\u0151\/ &mdash; Dora Silagyi Jewellery","robots":{"index":"index","follow":"follow","max-snippet":"max-snippet:-1","max-image-preview":"max-image-preview:large","max-video-preview":"max-video-preview:-1"},"canonical":"https:\/\/dorasilagyi.hu\/en\/product\/egyedi-eljegyzesi-gyuru-3\/","og_locale":"en_GB","og_type":"article","og_title":"Yris Petite 14kar\u00e1tos arany gy\u0171r\u0171 gy\u00e9m\u00e1nttal \/rendelhet\u0151\/ &mdash; Dora Silagyi Jewellery","og_description":"Visszafogott csillog\u00e1s, kifinomult forma, egyedi st\u00edlus. Ezek jellemzik a DSJ mini solitaire kollekci\u00f3 els\u0151 darabj\u00e1t, melyet keskeny gy\u0171r\u0171s\u00ednre \u00fcltetett 0.15 ct m\u00e9ret\u0171,\u00a0 marquise cut gy\u00e9m\u00e1nt d\u00edsz\u00edt. A form\u00e1k \u00e9s ar\u00e1nyok t\u00f6k\u00e9letes \u00f6sszhangja teszi ezt a gy\u0171r\u0171t k\u00fcl\u00f6nlegess\u00e9, amely \u00e9pp kell\u0151 karakterrel \u00e9s exkluzivit\u00e1ssal rendelkezik egy eml\u00e9kezetes alkalomhoz.   &nbsp;","og_url":"https:\/\/dorasilagyi.hu\/en\/product\/egyedi-eljegyzesi-gyuru-3\/","og_site_name":"Dora Silagyi Jewellery","article_publisher":"https:\/\/www.facebook.com\/Dora-Silagyi-Jewellery-109313484673073","article_modified_time":"2026-04-03T08:52:16+00:00","og_image":[{"width":1714,"height":2560,"url":"https:\/\/dorasilagyi.hu\/wp-content\/uploads\/2024\/06\/ysis-scaled.jpg","type":"image\/jpeg"}],"twitter_card":"summary_large_image","twitter_misc":{"Estimated reading time":"1 minute"},"schema":{"@context":"https:\/\/schema.org","@graph":[{"@type":"WebPage","@id":"https:\/\/dorasilagyi.hu\/termek\/egyedi-eljegyzesi-gyuru-3\/","url":"https:\/\/dorasilagyi.hu\/termek\/egyedi-eljegyzesi-gyuru-3\/","name":"Yris Petite 14kar\u00e1tos arany gy\u0171r\u0171 gy\u00e9m\u00e1nttal \/rendelhet\u0151\/ &mdash; Dora Silagyi Jewellery","isPartOf":{"@id":"https:\/\/dorasilagyi.hu\/#website"},"datePublished":"2024-06-20T20:00:01+00:00","dateModified":"2026-04-03T08:52:16+00:00","breadcrumb":{"@id":"https:\/\/dorasilagyi.hu\/termek\/egyedi-eljegyzesi-gyuru-3\/#breadcrumb"},"inLanguage":"en-GB","potentialAction":[{"@type":"ReadAction","target":["https:\/\/dorasilagyi.hu\/termek\/egyedi-eljegyzesi-gyuru-3\/"]}]},{"@type":"BreadcrumbList","@id":"https:\/\/dorasilagyi.hu\/termek\/egyedi-eljegyzesi-gyuru-3\/#breadcrumb","itemListElement":[{"@type":"ListItem","position":1,"name":"Kezd\u0151lap","item":"https:\/\/dorasilagyi.hu\/"},{"@type":"ListItem","position":2,"name":"Shop","item":"https:\/\/dorasilagyi.hu\/shop\/"},{"@type":"ListItem","position":3,"name":"Yris Petite 14kar\u00e1tos arany gy\u0171r\u0171 gy\u00e9m\u00e1nttal \/rendelhet\u0151\/"}]},{"@type":"WebSite","@id":"https:\/\/dorasilagyi.hu\/#website","url":"https:\/\/dorasilagyi.hu\/","name":"Dora Silagyi Jewellery","description":"Sophisticated, timeless jewellery design","publisher":{"@id":"https:\/\/dorasilagyi.hu\/#organization"},"potentialAction":[{"@type":"SearchAction","target":{"@type":"EntryPoint","urlTemplate":"https:\/\/dorasilagyi.hu\/?s={search_term_string}"},"query-input":"required name=search_term_string"}],"inLanguage":"en-GB"},{"@type":"Organization","@id":"https:\/\/dorasilagyi.hu\/#organization","name":"Dora Silagyi Jewellery","url":"https:\/\/dorasilagyi.hu\/","logo":{"@type":"ImageObject","inLanguage":"en-GB","@id":"https:\/\/dorasilagyi.hu\/#\/schema\/logo\/image\/","url":"https:\/\/dorasilagyi.hu\/wp-content\/uploads\/2021\/05\/logowebre.png","contentUrl":"https:\/\/dorasilagyi.hu\/wp-content\/uploads\/2021\/05\/logowebre.png","width":586,"height":431,"caption":"Dora Silagyi Jewellery"},"image":{"@id":"https:\/\/dorasilagyi.hu\/#\/schema\/logo\/image\/"},"sameAs":["https:\/\/www.instagram.com\/dorasilagyi\/","https:\/\/www.facebook.com\/Dora-Silagyi-Jewellery-109313484673073"]}]}},"_links":{"self":[{"href":"https:\/\/dorasilagyi.hu\/en\/wp-json\/wp\/v2\/product\/231791","targetHints":{"allow":["GET"]}}],"collection":[{"href":"https:\/\/dorasilagyi.hu\/en\/wp-json\/wp\/v2\/product"}],"about":[{"href":"https:\/\/dorasilagyi.hu\/en\/wp-json\/wp\/v2\/types\/product"}],"wp:featuredmedia":[{"embeddable":true,"href":"https:\/\/dorasilagyi.hu\/en\/wp-json\/wp\/v2\/media\/231802"}],"wp:attachment":[{"href":"https:\/\/dorasilagyi.hu\/en\/wp-json\/wp\/v2\/media?parent=231791"}],"wp:term":[{"taxonomy":"product_cat","embeddable":true,"href":"https:\/\/dorasilagyi.hu\/en\/wp-json\/wp\/v2\/product_cat?post=231791"},{"taxonomy":"product_tag","embeddable":true,"href":"https:\/\/dorasilagyi.hu\/en\/wp-json\/wp\/v2\/product_tag?post=231791"}],"curies":[{"name":"wp","href":"https:\/\/api.w.org\/{rel}","templated":true}]}}