{"id":231755,"date":"2024-03-31T17:40:05","date_gmt":"2024-03-31T17:40:05","guid":{"rendered":"https:\/\/dorasilagyi.hu\/?post_type=product&#038;p=231755"},"modified":"2025-12-22T19:19:12","modified_gmt":"2025-12-22T19:19:12","slug":"cleo-petite-14karatos-arany-gyuru-smaragddal","status":"publish","type":"product","link":"https:\/\/dorasilagyi.hu\/en\/product\/cleo-petite-14karatos-arany-gyuru-smaragddal\/","title":{"rendered":"CLEO PETITE OOAK 14kar\u00e1tos arany gy\u0171r\u0171 smaragddal \/SOLD OUT\/"},"content":{"rendered":"<p>Standard DSJ model. It can be ordered as an individual-CUSTOM order with other gemstones or diamonds, you can also choose different sizes of stones and polishing forms, either in a case or a claw socket. If you need a different alloy (pink or white gold, 18-carat gold), a different size, a different gemstone type, color, or cut, please contact us by email at studio@dorasilagyi.hu so that we can send you a personalized price offer!<\/p>","protected":false},"excerpt":{"rendered":"<p>The ring made for the CLEO pendant, with its understated, graceful proportions, the harmony of the warm light of yellow gold and the ethereal green shade of emerald, becomes a truly refined and elegant accessory for everyday life.<br \/>\nAvailable model up to sizes 48-53 at the indicated price.<br \/>\nAll gemstones are purchased individually for the new jewelry ordered, therefore the shade and cut of the emerald gemstones may differ slightly from the stone in the photo.<br \/>\nEach piece is made to the specified size after ordering, so please allow for the production time, which in the case of jewelry with precious stones is 4-6 weeks.<\/p>","protected":false},"featured_media":231756,"template":"","meta":{"_et_pb_use_builder":"","_et_pb_old_content":"","_et_gb_content_width":"","_monsterinsights_skip_tracking":false,"_monsterinsights_sitenote_active":false,"_monsterinsights_sitenote_note":"","_monsterinsights_sitenote_category":0},"product_cat":[126,129],"product_tag":[],"class_list":["post-231755","product","type-product","status-publish","has-post-thumbnail","hentry","product_cat-eljegyzesi-gyuru","product_cat-gyuru","pa_meret-100","pa_meret-101","pa_meret-87","pa_meret-54","pa_meret-55","pa_meret-56","pa_meret-57"],"yoast_head":"<!-- This site is optimized with the Yoast SEO plugin v19.9 - https:\/\/yoast.com\/wordpress\/plugins\/seo\/ -->\n<title>CLEO PETITE OOAK 14kar\u00e1tos arany gy\u0171r\u0171 smaragddal \/SOLD OUT\/ &mdash; Dora Silagyi Jewellery<\/title>\n<meta name=\"description\" content=\"Egyedi designer arany eljegyz\u00e9si gy\u0171r\u0171 smaragddal. T\u00f6k\u00e9letes k\u00e9zzel k\u00e9sz\u00fclt \u00e9kszert id\u0151-\u00e9s \u00e9rt\u00e9k\u00e1ll\u00f3 aj\u00e1nd\u00e9k k\u00fcl\u00f6nleges alkalomra, Kar\u00e1csonyra, l\u00e1nyk\u00e9r\u00e9sre.\" \/>\n<meta name=\"robots\" content=\"index, follow, max-snippet:-1, max-image-preview:large, max-video-preview:-1\" \/>\n<link rel=\"canonical\" href=\"https:\/\/dorasilagyi.hu\/en\/product\/cleo-petite-14karatos-arany-gyuru-smaragddal\/\" \/>\n<meta property=\"og:locale\" content=\"en_GB\" \/>\n<meta property=\"og:type\" content=\"article\" \/>\n<meta property=\"og:title\" content=\"CLEO PETITE OOAK 14kar\u00e1tos arany gy\u0171r\u0171 smaragddal \/SOLD OUT\/ &mdash; Dora Silagyi Jewellery\" \/>\n<meta property=\"og:description\" content=\"Egyedi designer arany eljegyz\u00e9si gy\u0171r\u0171 smaragddal. T\u00f6k\u00e9letes k\u00e9zzel k\u00e9sz\u00fclt \u00e9kszert id\u0151-\u00e9s \u00e9rt\u00e9k\u00e1ll\u00f3 aj\u00e1nd\u00e9k k\u00fcl\u00f6nleges alkalomra, Kar\u00e1csonyra, l\u00e1nyk\u00e9r\u00e9sre.\" \/>\n<meta property=\"og:url\" content=\"https:\/\/dorasilagyi.hu\/en\/product\/cleo-petite-14karatos-arany-gyuru-smaragddal\/\" \/>\n<meta property=\"og:site_name\" content=\"Dora Silagyi Jewellery\" \/>\n<meta property=\"article:publisher\" content=\"https:\/\/www.facebook.com\/Dora-Silagyi-Jewellery-109313484673073\" \/>\n<meta property=\"article:modified_time\" content=\"2025-12-22T19:19:12+00:00\" \/>\n<meta property=\"og:image\" content=\"https:\/\/dorasilagyi.hu\/wp-content\/uploads\/2024\/03\/IGP0045-scaled.jpg\" \/>\n\t<meta property=\"og:image:width\" content=\"1714\" \/>\n\t<meta property=\"og:image:height\" content=\"2560\" \/>\n\t<meta property=\"og:image:type\" content=\"image\/jpeg\" \/>\n<meta name=\"twitter:card\" content=\"summary_large_image\" \/>\n<script type=\"application\/ld+json\" class=\"yoast-schema-graph\">{\"@context\":\"https:\/\/schema.org\",\"@graph\":[{\"@type\":\"WebPage\",\"@id\":\"https:\/\/dorasilagyi.hu\/termek\/cleo-petite-14karatos-arany-gyuru-smaragddal\/\",\"url\":\"https:\/\/dorasilagyi.hu\/termek\/cleo-petite-14karatos-arany-gyuru-smaragddal\/\",\"name\":\"CLEO PETITE OOAK 14kar\u00e1tos arany gy\u0171r\u0171 smaragddal \/SOLD OUT\/ &mdash; Dora Silagyi Jewellery\",\"isPartOf\":{\"@id\":\"https:\/\/dorasilagyi.hu\/#website\"},\"datePublished\":\"2024-03-31T17:40:05+00:00\",\"dateModified\":\"2025-12-22T19:19:12+00:00\",\"description\":\"Egyedi designer arany eljegyz\u00e9si gy\u0171r\u0171 smaragddal. T\u00f6k\u00e9letes k\u00e9zzel k\u00e9sz\u00fclt \u00e9kszert id\u0151-\u00e9s \u00e9rt\u00e9k\u00e1ll\u00f3 aj\u00e1nd\u00e9k k\u00fcl\u00f6nleges alkalomra, Kar\u00e1csonyra, l\u00e1nyk\u00e9r\u00e9sre.\",\"breadcrumb\":{\"@id\":\"https:\/\/dorasilagyi.hu\/termek\/cleo-petite-14karatos-arany-gyuru-smaragddal\/#breadcrumb\"},\"inLanguage\":\"en-GB\",\"potentialAction\":[{\"@type\":\"ReadAction\",\"target\":[\"https:\/\/dorasilagyi.hu\/termek\/cleo-petite-14karatos-arany-gyuru-smaragddal\/\"]}]},{\"@type\":\"BreadcrumbList\",\"@id\":\"https:\/\/dorasilagyi.hu\/termek\/cleo-petite-14karatos-arany-gyuru-smaragddal\/#breadcrumb\",\"itemListElement\":[{\"@type\":\"ListItem\",\"position\":1,\"name\":\"Kezd\u0151lap\",\"item\":\"https:\/\/dorasilagyi.hu\/\"},{\"@type\":\"ListItem\",\"position\":2,\"name\":\"Shop\",\"item\":\"https:\/\/dorasilagyi.hu\/shop\/\"},{\"@type\":\"ListItem\",\"position\":3,\"name\":\"CLEO PETITE OOAK 14kar\u00e1tos arany gy\u0171r\u0171 smaragddal \/SOLD OUT\/\"}]},{\"@type\":\"WebSite\",\"@id\":\"https:\/\/dorasilagyi.hu\/#website\",\"url\":\"https:\/\/dorasilagyi.hu\/\",\"name\":\"Dora Silagyi Jewellery\",\"description\":\"Sophisticated, timeless jewellery design\",\"publisher\":{\"@id\":\"https:\/\/dorasilagyi.hu\/#organization\"},\"potentialAction\":[{\"@type\":\"SearchAction\",\"target\":{\"@type\":\"EntryPoint\",\"urlTemplate\":\"https:\/\/dorasilagyi.hu\/?s={search_term_string}\"},\"query-input\":\"required name=search_term_string\"}],\"inLanguage\":\"en-GB\"},{\"@type\":\"Organization\",\"@id\":\"https:\/\/dorasilagyi.hu\/#organization\",\"name\":\"Dora Silagyi Jewellery\",\"url\":\"https:\/\/dorasilagyi.hu\/\",\"logo\":{\"@type\":\"ImageObject\",\"inLanguage\":\"en-GB\",\"@id\":\"https:\/\/dorasilagyi.hu\/#\/schema\/logo\/image\/\",\"url\":\"https:\/\/dorasilagyi.hu\/wp-content\/uploads\/2021\/05\/logowebre.png\",\"contentUrl\":\"https:\/\/dorasilagyi.hu\/wp-content\/uploads\/2021\/05\/logowebre.png\",\"width\":586,\"height\":431,\"caption\":\"Dora Silagyi Jewellery\"},\"image\":{\"@id\":\"https:\/\/dorasilagyi.hu\/#\/schema\/logo\/image\/\"},\"sameAs\":[\"https:\/\/www.instagram.com\/dorasilagyi\/\",\"https:\/\/www.facebook.com\/Dora-Silagyi-Jewellery-109313484673073\"]}]}<\/script>\n<!-- \/ Yoast SEO plugin. -->","yoast_head_json":{"title":"CLEO PETITE OOAK 14kar\u00e1tos arany gy\u0171r\u0171 smaragddal \/SOLD OUT\/ &mdash; Dora Silagyi Jewellery","description":"Egyedi designer arany eljegyz\u00e9si gy\u0171r\u0171 smaragddal. T\u00f6k\u00e9letes k\u00e9zzel k\u00e9sz\u00fclt \u00e9kszert id\u0151-\u00e9s \u00e9rt\u00e9k\u00e1ll\u00f3 aj\u00e1nd\u00e9k k\u00fcl\u00f6nleges alkalomra, Kar\u00e1csonyra, l\u00e1nyk\u00e9r\u00e9sre.","robots":{"index":"index","follow":"follow","max-snippet":"max-snippet:-1","max-image-preview":"max-image-preview:large","max-video-preview":"max-video-preview:-1"},"canonical":"https:\/\/dorasilagyi.hu\/en\/product\/cleo-petite-14karatos-arany-gyuru-smaragddal\/","og_locale":"en_GB","og_type":"article","og_title":"CLEO PETITE OOAK 14kar\u00e1tos arany gy\u0171r\u0171 smaragddal \/SOLD OUT\/ &mdash; Dora Silagyi Jewellery","og_description":"Egyedi designer arany eljegyz\u00e9si gy\u0171r\u0171 smaragddal. T\u00f6k\u00e9letes k\u00e9zzel k\u00e9sz\u00fclt \u00e9kszert id\u0151-\u00e9s \u00e9rt\u00e9k\u00e1ll\u00f3 aj\u00e1nd\u00e9k k\u00fcl\u00f6nleges alkalomra, Kar\u00e1csonyra, l\u00e1nyk\u00e9r\u00e9sre.","og_url":"https:\/\/dorasilagyi.hu\/en\/product\/cleo-petite-14karatos-arany-gyuru-smaragddal\/","og_site_name":"Dora Silagyi Jewellery","article_publisher":"https:\/\/www.facebook.com\/Dora-Silagyi-Jewellery-109313484673073","article_modified_time":"2025-12-22T19:19:12+00:00","og_image":[{"width":1714,"height":2560,"url":"https:\/\/dorasilagyi.hu\/wp-content\/uploads\/2024\/03\/IGP0045-scaled.jpg","type":"image\/jpeg"}],"twitter_card":"summary_large_image","schema":{"@context":"https:\/\/schema.org","@graph":[{"@type":"WebPage","@id":"https:\/\/dorasilagyi.hu\/termek\/cleo-petite-14karatos-arany-gyuru-smaragddal\/","url":"https:\/\/dorasilagyi.hu\/termek\/cleo-petite-14karatos-arany-gyuru-smaragddal\/","name":"CLEO PETITE OOAK 14kar\u00e1tos arany gy\u0171r\u0171 smaragddal \/SOLD OUT\/ &mdash; Dora Silagyi Jewellery","isPartOf":{"@id":"https:\/\/dorasilagyi.hu\/#website"},"datePublished":"2024-03-31T17:40:05+00:00","dateModified":"2025-12-22T19:19:12+00:00","description":"Egyedi designer arany eljegyz\u00e9si gy\u0171r\u0171 smaragddal. T\u00f6k\u00e9letes k\u00e9zzel k\u00e9sz\u00fclt \u00e9kszert id\u0151-\u00e9s \u00e9rt\u00e9k\u00e1ll\u00f3 aj\u00e1nd\u00e9k k\u00fcl\u00f6nleges alkalomra, Kar\u00e1csonyra, l\u00e1nyk\u00e9r\u00e9sre.","breadcrumb":{"@id":"https:\/\/dorasilagyi.hu\/termek\/cleo-petite-14karatos-arany-gyuru-smaragddal\/#breadcrumb"},"inLanguage":"en-GB","potentialAction":[{"@type":"ReadAction","target":["https:\/\/dorasilagyi.hu\/termek\/cleo-petite-14karatos-arany-gyuru-smaragddal\/"]}]},{"@type":"BreadcrumbList","@id":"https:\/\/dorasilagyi.hu\/termek\/cleo-petite-14karatos-arany-gyuru-smaragddal\/#breadcrumb","itemListElement":[{"@type":"ListItem","position":1,"name":"Kezd\u0151lap","item":"https:\/\/dorasilagyi.hu\/"},{"@type":"ListItem","position":2,"name":"Shop","item":"https:\/\/dorasilagyi.hu\/shop\/"},{"@type":"ListItem","position":3,"name":"CLEO PETITE OOAK 14kar\u00e1tos arany gy\u0171r\u0171 smaragddal \/SOLD OUT\/"}]},{"@type":"WebSite","@id":"https:\/\/dorasilagyi.hu\/#website","url":"https:\/\/dorasilagyi.hu\/","name":"Dora Silagyi Jewellery","description":"Sophisticated, timeless jewellery design","publisher":{"@id":"https:\/\/dorasilagyi.hu\/#organization"},"potentialAction":[{"@type":"SearchAction","target":{"@type":"EntryPoint","urlTemplate":"https:\/\/dorasilagyi.hu\/?s={search_term_string}"},"query-input":"required name=search_term_string"}],"inLanguage":"en-GB"},{"@type":"Organization","@id":"https:\/\/dorasilagyi.hu\/#organization","name":"Dora Silagyi Jewellery","url":"https:\/\/dorasilagyi.hu\/","logo":{"@type":"ImageObject","inLanguage":"en-GB","@id":"https:\/\/dorasilagyi.hu\/#\/schema\/logo\/image\/","url":"https:\/\/dorasilagyi.hu\/wp-content\/uploads\/2021\/05\/logowebre.png","contentUrl":"https:\/\/dorasilagyi.hu\/wp-content\/uploads\/2021\/05\/logowebre.png","width":586,"height":431,"caption":"Dora Silagyi Jewellery"},"image":{"@id":"https:\/\/dorasilagyi.hu\/#\/schema\/logo\/image\/"},"sameAs":["https:\/\/www.instagram.com\/dorasilagyi\/","https:\/\/www.facebook.com\/Dora-Silagyi-Jewellery-109313484673073"]}]}},"_links":{"self":[{"href":"https:\/\/dorasilagyi.hu\/en\/wp-json\/wp\/v2\/product\/231755","targetHints":{"allow":["GET"]}}],"collection":[{"href":"https:\/\/dorasilagyi.hu\/en\/wp-json\/wp\/v2\/product"}],"about":[{"href":"https:\/\/dorasilagyi.hu\/en\/wp-json\/wp\/v2\/types\/product"}],"wp:featuredmedia":[{"embeddable":true,"href":"https:\/\/dorasilagyi.hu\/en\/wp-json\/wp\/v2\/media\/231756"}],"wp:attachment":[{"href":"https:\/\/dorasilagyi.hu\/en\/wp-json\/wp\/v2\/media?parent=231755"}],"wp:term":[{"taxonomy":"product_cat","embeddable":true,"href":"https:\/\/dorasilagyi.hu\/en\/wp-json\/wp\/v2\/product_cat?post=231755"},{"taxonomy":"product_tag","embeddable":true,"href":"https:\/\/dorasilagyi.hu\/en\/wp-json\/wp\/v2\/product_tag?post=231755"}],"curies":[{"name":"wp","href":"https:\/\/api.w.org\/{rel}","templated":true}]}}