{"id":231719,"date":"2024-03-05T17:48:07","date_gmt":"2024-03-05T17:48:07","guid":{"rendered":"https:\/\/dorasilagyi.hu\/?post_type=product&#038;p=231719"},"modified":"2025-12-22T19:22:15","modified_gmt":"2025-12-22T19:22:15","slug":"margot-14karatos-arany-gyuru-melykek-zafirral","status":"publish","type":"product","link":"https:\/\/dorasilagyi.hu\/en\/product\/margot-14karatos-arany-gyuru-melykek-zafirral\/","title":{"rendered":"MARGOT 14kar\u00e1tos arany gy\u0171r\u0171 m\u00e9lyk\u00e9k zaf\u00edrral \/SOLD OUT\/"},"content":{"rendered":"<p>Various colors of sapphire gemstone can be found, we can look up the current range in the case of an individual order, as required.<br \/>\nIf you need a sapphire of a different color or a different type of gemstone, please contact us at studio@dorasilagyi.hu so that we can send you a unique price offer for each option depending on the current gemstone range.<br \/>\nWhen ordering new jewelry, the shade and size of the sapphire may differ slightly from the stone in the photo, as all natural, hand-polished gemstones are unique and unrepeatable.<\/p>","protected":false},"excerpt":{"rendered":"<p>14K yellow gold wavy ring band with deep blue &#039;pear cut&#039; sapphire. The wavy METANOIA ring styles with precious stones and without stones can be perfectly combined with each other, even as a wedding ring-engagement ring combo for everyday use, for lovers of modern, characterful, yet refined style, but also exceptionally beautiful pieces for generations. Available in yellow, white, rose and champagne gold finishes.<br \/>\nIN STOCK<br \/>\nSize: 53<br \/>\nThe size can be changed as needed.<\/p>","protected":false},"featured_media":231721,"template":"","meta":{"_et_pb_use_builder":"","_et_pb_old_content":"","_et_gb_content_width":"","_monsterinsights_skip_tracking":false,"_monsterinsights_sitenote_active":false,"_monsterinsights_sitenote_note":"","_monsterinsights_sitenote_category":0},"product_cat":[126,129],"product_tag":[],"class_list":["post-231719","product","type-product","status-publish","has-post-thumbnail","hentry","product_cat-eljegyzesi-gyuru","product_cat-gyuru"],"yoast_head":"<!-- This site is optimized with the Yoast SEO plugin v19.9 - https:\/\/yoast.com\/wordpress\/plugins\/seo\/ -->\n<title>MARGOT 14kar\u00e1tos arany gy\u0171r\u0171 m\u00e9lyk\u00e9k zaf\u00edrral \/SOLD OUT\/ &mdash; Dora Silagyi Jewellery<\/title>\n<meta name=\"description\" content=\"14kar\u00e1tos arany gy\u0171r\u0171 k\u00e9k zaf\u00edrral. Egyedi eljegyz\u00e9si gy\u0171r\u0171. Modern, karakteres, kifinomult st\u00edlus, min\u0151s\u00e9gi alapanyagok, k\u00e9zzel k\u00e9sz\u00fclt, magyar tervez\u0151.\" \/>\n<meta name=\"robots\" content=\"index, follow, max-snippet:-1, max-image-preview:large, max-video-preview:-1\" \/>\n<link rel=\"canonical\" href=\"https:\/\/dorasilagyi.hu\/en\/product\/margot-14karatos-arany-gyuru-melykek-zafirral\/\" \/>\n<meta property=\"og:locale\" content=\"en_GB\" \/>\n<meta property=\"og:type\" content=\"article\" \/>\n<meta property=\"og:title\" content=\"MARGOT 14kar\u00e1tos arany gy\u0171r\u0171 m\u00e9lyk\u00e9k zaf\u00edrral \/SOLD OUT\/ &mdash; Dora Silagyi Jewellery\" \/>\n<meta property=\"og:description\" content=\"14kar\u00e1tos arany gy\u0171r\u0171 k\u00e9k zaf\u00edrral. Egyedi eljegyz\u00e9si gy\u0171r\u0171. Modern, karakteres, kifinomult st\u00edlus, min\u0151s\u00e9gi alapanyagok, k\u00e9zzel k\u00e9sz\u00fclt, magyar tervez\u0151.\" \/>\n<meta property=\"og:url\" content=\"https:\/\/dorasilagyi.hu\/en\/product\/margot-14karatos-arany-gyuru-melykek-zafirral\/\" \/>\n<meta property=\"og:site_name\" content=\"Dora Silagyi Jewellery\" \/>\n<meta property=\"article:publisher\" content=\"https:\/\/www.facebook.com\/Dora-Silagyi-Jewellery-109313484673073\" \/>\n<meta property=\"article:modified_time\" content=\"2025-12-22T19:22:15+00:00\" \/>\n<meta property=\"og:image\" content=\"https:\/\/dorasilagyi.hu\/wp-content\/uploads\/2024\/03\/IGP9443-scaled.jpg\" \/>\n\t<meta property=\"og:image:width\" content=\"1714\" \/>\n\t<meta property=\"og:image:height\" content=\"2560\" \/>\n\t<meta property=\"og:image:type\" content=\"image\/jpeg\" \/>\n<meta name=\"twitter:card\" content=\"summary_large_image\" \/>\n<meta name=\"twitter:label1\" content=\"Estimated reading time\" \/>\n\t<meta name=\"twitter:data1\" content=\"1 minute\" \/>\n<script type=\"application\/ld+json\" class=\"yoast-schema-graph\">{\"@context\":\"https:\/\/schema.org\",\"@graph\":[{\"@type\":\"WebPage\",\"@id\":\"https:\/\/dorasilagyi.hu\/termek\/margot-14karatos-arany-gyuru-melykek-zafirral\/\",\"url\":\"https:\/\/dorasilagyi.hu\/termek\/margot-14karatos-arany-gyuru-melykek-zafirral\/\",\"name\":\"MARGOT 14kar\u00e1tos arany gy\u0171r\u0171 m\u00e9lyk\u00e9k zaf\u00edrral \/SOLD OUT\/ &mdash; Dora Silagyi Jewellery\",\"isPartOf\":{\"@id\":\"https:\/\/dorasilagyi.hu\/#website\"},\"datePublished\":\"2024-03-05T17:48:07+00:00\",\"dateModified\":\"2025-12-22T19:22:15+00:00\",\"description\":\"14kar\u00e1tos arany gy\u0171r\u0171 k\u00e9k zaf\u00edrral. Egyedi eljegyz\u00e9si gy\u0171r\u0171. Modern, karakteres, kifinomult st\u00edlus, min\u0151s\u00e9gi alapanyagok, k\u00e9zzel k\u00e9sz\u00fclt, magyar tervez\u0151.\",\"breadcrumb\":{\"@id\":\"https:\/\/dorasilagyi.hu\/termek\/margot-14karatos-arany-gyuru-melykek-zafirral\/#breadcrumb\"},\"inLanguage\":\"en-GB\",\"potentialAction\":[{\"@type\":\"ReadAction\",\"target\":[\"https:\/\/dorasilagyi.hu\/termek\/margot-14karatos-arany-gyuru-melykek-zafirral\/\"]}]},{\"@type\":\"BreadcrumbList\",\"@id\":\"https:\/\/dorasilagyi.hu\/termek\/margot-14karatos-arany-gyuru-melykek-zafirral\/#breadcrumb\",\"itemListElement\":[{\"@type\":\"ListItem\",\"position\":1,\"name\":\"Kezd\u0151lap\",\"item\":\"https:\/\/dorasilagyi.hu\/\"},{\"@type\":\"ListItem\",\"position\":2,\"name\":\"Shop\",\"item\":\"https:\/\/dorasilagyi.hu\/shop\/\"},{\"@type\":\"ListItem\",\"position\":3,\"name\":\"MARGOT 14kar\u00e1tos arany gy\u0171r\u0171 m\u00e9lyk\u00e9k zaf\u00edrral \/SOLD OUT\/\"}]},{\"@type\":\"WebSite\",\"@id\":\"https:\/\/dorasilagyi.hu\/#website\",\"url\":\"https:\/\/dorasilagyi.hu\/\",\"name\":\"Dora Silagyi Jewellery\",\"description\":\"Sophisticated, timeless jewellery design\",\"publisher\":{\"@id\":\"https:\/\/dorasilagyi.hu\/#organization\"},\"potentialAction\":[{\"@type\":\"SearchAction\",\"target\":{\"@type\":\"EntryPoint\",\"urlTemplate\":\"https:\/\/dorasilagyi.hu\/?s={search_term_string}\"},\"query-input\":\"required name=search_term_string\"}],\"inLanguage\":\"en-GB\"},{\"@type\":\"Organization\",\"@id\":\"https:\/\/dorasilagyi.hu\/#organization\",\"name\":\"Dora Silagyi Jewellery\",\"url\":\"https:\/\/dorasilagyi.hu\/\",\"logo\":{\"@type\":\"ImageObject\",\"inLanguage\":\"en-GB\",\"@id\":\"https:\/\/dorasilagyi.hu\/#\/schema\/logo\/image\/\",\"url\":\"https:\/\/dorasilagyi.hu\/wp-content\/uploads\/2021\/05\/logowebre.png\",\"contentUrl\":\"https:\/\/dorasilagyi.hu\/wp-content\/uploads\/2021\/05\/logowebre.png\",\"width\":586,\"height\":431,\"caption\":\"Dora Silagyi Jewellery\"},\"image\":{\"@id\":\"https:\/\/dorasilagyi.hu\/#\/schema\/logo\/image\/\"},\"sameAs\":[\"https:\/\/www.instagram.com\/dorasilagyi\/\",\"https:\/\/www.facebook.com\/Dora-Silagyi-Jewellery-109313484673073\"]}]}<\/script>\n<!-- \/ Yoast SEO plugin. -->","yoast_head_json":{"title":"MARGOT 14kar\u00e1tos arany gy\u0171r\u0171 m\u00e9lyk\u00e9k zaf\u00edrral \/SOLD OUT\/ &mdash; Dora Silagyi Jewellery","description":"14kar\u00e1tos arany gy\u0171r\u0171 k\u00e9k zaf\u00edrral. Egyedi eljegyz\u00e9si gy\u0171r\u0171. Modern, karakteres, kifinomult st\u00edlus, min\u0151s\u00e9gi alapanyagok, k\u00e9zzel k\u00e9sz\u00fclt, magyar tervez\u0151.","robots":{"index":"index","follow":"follow","max-snippet":"max-snippet:-1","max-image-preview":"max-image-preview:large","max-video-preview":"max-video-preview:-1"},"canonical":"https:\/\/dorasilagyi.hu\/en\/product\/margot-14karatos-arany-gyuru-melykek-zafirral\/","og_locale":"en_GB","og_type":"article","og_title":"MARGOT 14kar\u00e1tos arany gy\u0171r\u0171 m\u00e9lyk\u00e9k zaf\u00edrral \/SOLD OUT\/ &mdash; Dora Silagyi Jewellery","og_description":"14kar\u00e1tos arany gy\u0171r\u0171 k\u00e9k zaf\u00edrral. Egyedi eljegyz\u00e9si gy\u0171r\u0171. Modern, karakteres, kifinomult st\u00edlus, min\u0151s\u00e9gi alapanyagok, k\u00e9zzel k\u00e9sz\u00fclt, magyar tervez\u0151.","og_url":"https:\/\/dorasilagyi.hu\/en\/product\/margot-14karatos-arany-gyuru-melykek-zafirral\/","og_site_name":"Dora Silagyi Jewellery","article_publisher":"https:\/\/www.facebook.com\/Dora-Silagyi-Jewellery-109313484673073","article_modified_time":"2025-12-22T19:22:15+00:00","og_image":[{"width":1714,"height":2560,"url":"https:\/\/dorasilagyi.hu\/wp-content\/uploads\/2024\/03\/IGP9443-scaled.jpg","type":"image\/jpeg"}],"twitter_card":"summary_large_image","twitter_misc":{"Estimated reading time":"1 minute"},"schema":{"@context":"https:\/\/schema.org","@graph":[{"@type":"WebPage","@id":"https:\/\/dorasilagyi.hu\/termek\/margot-14karatos-arany-gyuru-melykek-zafirral\/","url":"https:\/\/dorasilagyi.hu\/termek\/margot-14karatos-arany-gyuru-melykek-zafirral\/","name":"MARGOT 14kar\u00e1tos arany gy\u0171r\u0171 m\u00e9lyk\u00e9k zaf\u00edrral \/SOLD OUT\/ &mdash; Dora Silagyi Jewellery","isPartOf":{"@id":"https:\/\/dorasilagyi.hu\/#website"},"datePublished":"2024-03-05T17:48:07+00:00","dateModified":"2025-12-22T19:22:15+00:00","description":"14kar\u00e1tos arany gy\u0171r\u0171 k\u00e9k zaf\u00edrral. Egyedi eljegyz\u00e9si gy\u0171r\u0171. Modern, karakteres, kifinomult st\u00edlus, min\u0151s\u00e9gi alapanyagok, k\u00e9zzel k\u00e9sz\u00fclt, magyar tervez\u0151.","breadcrumb":{"@id":"https:\/\/dorasilagyi.hu\/termek\/margot-14karatos-arany-gyuru-melykek-zafirral\/#breadcrumb"},"inLanguage":"en-GB","potentialAction":[{"@type":"ReadAction","target":["https:\/\/dorasilagyi.hu\/termek\/margot-14karatos-arany-gyuru-melykek-zafirral\/"]}]},{"@type":"BreadcrumbList","@id":"https:\/\/dorasilagyi.hu\/termek\/margot-14karatos-arany-gyuru-melykek-zafirral\/#breadcrumb","itemListElement":[{"@type":"ListItem","position":1,"name":"Kezd\u0151lap","item":"https:\/\/dorasilagyi.hu\/"},{"@type":"ListItem","position":2,"name":"Shop","item":"https:\/\/dorasilagyi.hu\/shop\/"},{"@type":"ListItem","position":3,"name":"MARGOT 14kar\u00e1tos arany gy\u0171r\u0171 m\u00e9lyk\u00e9k zaf\u00edrral \/SOLD OUT\/"}]},{"@type":"WebSite","@id":"https:\/\/dorasilagyi.hu\/#website","url":"https:\/\/dorasilagyi.hu\/","name":"Dora Silagyi Jewellery","description":"Sophisticated, timeless jewellery design","publisher":{"@id":"https:\/\/dorasilagyi.hu\/#organization"},"potentialAction":[{"@type":"SearchAction","target":{"@type":"EntryPoint","urlTemplate":"https:\/\/dorasilagyi.hu\/?s={search_term_string}"},"query-input":"required name=search_term_string"}],"inLanguage":"en-GB"},{"@type":"Organization","@id":"https:\/\/dorasilagyi.hu\/#organization","name":"Dora Silagyi Jewellery","url":"https:\/\/dorasilagyi.hu\/","logo":{"@type":"ImageObject","inLanguage":"en-GB","@id":"https:\/\/dorasilagyi.hu\/#\/schema\/logo\/image\/","url":"https:\/\/dorasilagyi.hu\/wp-content\/uploads\/2021\/05\/logowebre.png","contentUrl":"https:\/\/dorasilagyi.hu\/wp-content\/uploads\/2021\/05\/logowebre.png","width":586,"height":431,"caption":"Dora Silagyi Jewellery"},"image":{"@id":"https:\/\/dorasilagyi.hu\/#\/schema\/logo\/image\/"},"sameAs":["https:\/\/www.instagram.com\/dorasilagyi\/","https:\/\/www.facebook.com\/Dora-Silagyi-Jewellery-109313484673073"]}]}},"_links":{"self":[{"href":"https:\/\/dorasilagyi.hu\/en\/wp-json\/wp\/v2\/product\/231719","targetHints":{"allow":["GET"]}}],"collection":[{"href":"https:\/\/dorasilagyi.hu\/en\/wp-json\/wp\/v2\/product"}],"about":[{"href":"https:\/\/dorasilagyi.hu\/en\/wp-json\/wp\/v2\/types\/product"}],"wp:featuredmedia":[{"embeddable":true,"href":"https:\/\/dorasilagyi.hu\/en\/wp-json\/wp\/v2\/media\/231721"}],"wp:attachment":[{"href":"https:\/\/dorasilagyi.hu\/en\/wp-json\/wp\/v2\/media?parent=231719"}],"wp:term":[{"taxonomy":"product_cat","embeddable":true,"href":"https:\/\/dorasilagyi.hu\/en\/wp-json\/wp\/v2\/product_cat?post=231719"},{"taxonomy":"product_tag","embeddable":true,"href":"https:\/\/dorasilagyi.hu\/en\/wp-json\/wp\/v2\/product_tag?post=231719"}],"curies":[{"name":"wp","href":"https:\/\/api.w.org\/{rel}","templated":true}]}}