{"id":231432,"date":"2023-10-30T19:02:39","date_gmt":"2023-10-30T19:02:39","guid":{"rendered":"https:\/\/dorasilagyi.hu\/?post_type=product&#038;p=231432"},"modified":"2026-03-02T07:45:02","modified_gmt":"2026-03-02T07:45:02","slug":"egyedi-arany-fulbevalo","status":"publish","type":"product","link":"https:\/\/dorasilagyi.hu\/en\/product\/egyedi-arany-fulbevalo\/","title":{"rendered":"LAVA 14-karat gold earrings with organic texture"},"content":{"rendered":"<p>It can also be ordered in 14k rose and white gold by email.<\/p>\n<p>All Dora Silagyi jewelry is made to order in our studio in P\u00e9cs, so please allow for the production time, which is 4-5 weeks for jewelry with precious stones.<\/p>\n<p>As with most Dora Silagyi pieces, this piece of jewelry can also be customized: if you need a different size or gem version, contact us by email at studio@dorasilagyi.hu so that we can send you a personalized design \/ alternatives \/ price offer!<\/p>\n<p>The pattern of the texture may differ slightly from the piece shown in the photo.<\/p>","protected":false},"excerpt":{"rendered":"<p>Dora Silagyi Jewelery dreamed up her new mini-collection in a modern, elegant style for lovers of a more rustic style. Inspired by the LAVA ring, the mini collection of 14-karat gold Lava rings, earrings and necklaces came to life.<\/p>\n<p>With its organic texture, small size and round shape, the yellow gold casting texture with its harmonious, understated shiny details adds a perfect addition to your everyday look!<\/p>\n<p>Every detail of the earrings is made by hand, with careful attention, from 14 carat gold.<br \/>\nSize: 10-12mm diameter<br \/>\nWeight: approx. 3.8 gr \/ pair<\/p>","protected":false},"featured_media":231920,"template":"","meta":{"_et_pb_use_builder":"","_et_pb_old_content":"","_et_gb_content_width":"","_monsterinsights_skip_tracking":false,"_monsterinsights_sitenote_active":false,"_monsterinsights_sitenote_note":"","_monsterinsights_sitenote_category":0},"product_cat":[132,130],"product_tag":[],"class_list":["post-231432","product","type-product","status-publish","has-post-thumbnail","hentry","product_cat-ready-to-ship","product_cat-fulbevalo","pa_anyag-14karatos-sarga-arany"],"yoast_head":"<!-- This site is optimized with the Yoast SEO plugin v19.9 - https:\/\/yoast.com\/wordpress\/plugins\/seo\/ -->\n<title>LAVA 14kar\u00e1tos arany f\u00fclbeval\u00f3 organikus text\u00far\u00e1val &mdash; Dora Silagyi Jewellery<\/title>\n<meta name=\"description\" content=\"Egyedi, k\u00e9zzel k\u00e9sz\u00fclt 14kar\u00e1tos arany \u00e9kszer. Lok\u00e1lis k\u00e9sz\u00edt\u00e9s. Rusztikus st\u00edlus. Organikus text\u00far\u00e1j\u00e1val, kis m\u00e9ret\u00e9vel \u00e9s a kerek form\u00e1j\u00e1val a s\u00e1rga arany meleg t\u00f3nusaival, harmonikus, visszafogottan csillog\u00f3 darab, mely t\u00f6k\u00e9letes pluszt ad viseletedhez! Egyedi, k\u00e9zzel k\u00e9sz\u00fclt, t\u00f6k\u00e9letes, \u00e9rt\u00e9k\u00e1ll\u00f3, min\u0151s\u00e9gi aj\u00e1nd\u00e9k szeretteidnek.\" \/>\n<meta name=\"robots\" content=\"index, follow, max-snippet:-1, max-image-preview:large, max-video-preview:-1\" \/>\n<link rel=\"canonical\" href=\"https:\/\/dorasilagyi.hu\/en\/product\/egyedi-arany-fulbevalo\/\" \/>\n<meta property=\"og:locale\" content=\"en_GB\" \/>\n<meta property=\"og:type\" content=\"article\" \/>\n<meta property=\"og:title\" content=\"LAVA 14kar\u00e1tos arany f\u00fclbeval\u00f3 organikus text\u00far\u00e1val &mdash; Dora Silagyi Jewellery\" \/>\n<meta property=\"og:description\" content=\"Egyedi, k\u00e9zzel k\u00e9sz\u00fclt 14kar\u00e1tos arany \u00e9kszer. Lok\u00e1lis k\u00e9sz\u00edt\u00e9s. Rusztikus st\u00edlus. Organikus text\u00far\u00e1j\u00e1val, kis m\u00e9ret\u00e9vel \u00e9s a kerek form\u00e1j\u00e1val a s\u00e1rga arany meleg t\u00f3nusaival, harmonikus, visszafogottan csillog\u00f3 darab, mely t\u00f6k\u00e9letes pluszt ad viseletedhez! Egyedi, k\u00e9zzel k\u00e9sz\u00fclt, t\u00f6k\u00e9letes, \u00e9rt\u00e9k\u00e1ll\u00f3, min\u0151s\u00e9gi aj\u00e1nd\u00e9k szeretteidnek.\" \/>\n<meta property=\"og:url\" content=\"https:\/\/dorasilagyi.hu\/en\/product\/egyedi-arany-fulbevalo\/\" \/>\n<meta property=\"og:site_name\" content=\"Dora Silagyi Jewellery\" \/>\n<meta property=\"article:publisher\" content=\"https:\/\/www.facebook.com\/Dora-Silagyi-Jewellery-109313484673073\" \/>\n<meta property=\"article:modified_time\" content=\"2026-03-02T07:45:02+00:00\" \/>\n<meta property=\"og:image\" content=\"https:\/\/dorasilagyi.hu\/wp-content\/uploads\/2023\/10\/DSC02469.png\" \/>\n\t<meta property=\"og:image:width\" content=\"1536\" \/>\n\t<meta property=\"og:image:height\" content=\"2048\" \/>\n\t<meta property=\"og:image:type\" content=\"image\/png\" \/>\n<meta name=\"twitter:card\" content=\"summary_large_image\" \/>\n<meta name=\"twitter:label1\" content=\"Estimated reading time\" \/>\n\t<meta name=\"twitter:data1\" content=\"1 minute\" \/>\n<script type=\"application\/ld+json\" class=\"yoast-schema-graph\">{\"@context\":\"https:\/\/schema.org\",\"@graph\":[{\"@type\":\"WebPage\",\"@id\":\"https:\/\/dorasilagyi.hu\/termek\/egyedi-arany-fulbevalo\/\",\"url\":\"https:\/\/dorasilagyi.hu\/termek\/egyedi-arany-fulbevalo\/\",\"name\":\"LAVA 14kar\u00e1tos arany f\u00fclbeval\u00f3 organikus text\u00far\u00e1val &mdash; Dora Silagyi Jewellery\",\"isPartOf\":{\"@id\":\"https:\/\/dorasilagyi.hu\/#website\"},\"datePublished\":\"2023-10-30T19:02:39+00:00\",\"dateModified\":\"2026-03-02T07:45:02+00:00\",\"description\":\"Egyedi, k\u00e9zzel k\u00e9sz\u00fclt 14kar\u00e1tos arany \u00e9kszer. Lok\u00e1lis k\u00e9sz\u00edt\u00e9s. Rusztikus st\u00edlus. Organikus text\u00far\u00e1j\u00e1val, kis m\u00e9ret\u00e9vel \u00e9s a kerek form\u00e1j\u00e1val a s\u00e1rga arany meleg t\u00f3nusaival, harmonikus, visszafogottan csillog\u00f3 darab, mely t\u00f6k\u00e9letes pluszt ad viseletedhez! Egyedi, k\u00e9zzel k\u00e9sz\u00fclt, t\u00f6k\u00e9letes, \u00e9rt\u00e9k\u00e1ll\u00f3, min\u0151s\u00e9gi aj\u00e1nd\u00e9k szeretteidnek.\",\"breadcrumb\":{\"@id\":\"https:\/\/dorasilagyi.hu\/termek\/egyedi-arany-fulbevalo\/#breadcrumb\"},\"inLanguage\":\"en-GB\",\"potentialAction\":[{\"@type\":\"ReadAction\",\"target\":[\"https:\/\/dorasilagyi.hu\/termek\/egyedi-arany-fulbevalo\/\"]}]},{\"@type\":\"BreadcrumbList\",\"@id\":\"https:\/\/dorasilagyi.hu\/termek\/egyedi-arany-fulbevalo\/#breadcrumb\",\"itemListElement\":[{\"@type\":\"ListItem\",\"position\":1,\"name\":\"Kezd\u0151lap\",\"item\":\"https:\/\/dorasilagyi.hu\/\"},{\"@type\":\"ListItem\",\"position\":2,\"name\":\"Shop\",\"item\":\"https:\/\/dorasilagyi.hu\/shop\/\"},{\"@type\":\"ListItem\",\"position\":3,\"name\":\"LAVA 14kar\u00e1tos arany f\u00fclbeval\u00f3 organikus text\u00far\u00e1val\"}]},{\"@type\":\"WebSite\",\"@id\":\"https:\/\/dorasilagyi.hu\/#website\",\"url\":\"https:\/\/dorasilagyi.hu\/\",\"name\":\"Dora Silagyi Jewellery\",\"description\":\"Sophisticated, timeless jewellery design\",\"publisher\":{\"@id\":\"https:\/\/dorasilagyi.hu\/#organization\"},\"potentialAction\":[{\"@type\":\"SearchAction\",\"target\":{\"@type\":\"EntryPoint\",\"urlTemplate\":\"https:\/\/dorasilagyi.hu\/?s={search_term_string}\"},\"query-input\":\"required name=search_term_string\"}],\"inLanguage\":\"en-GB\"},{\"@type\":\"Organization\",\"@id\":\"https:\/\/dorasilagyi.hu\/#organization\",\"name\":\"Dora Silagyi Jewellery\",\"url\":\"https:\/\/dorasilagyi.hu\/\",\"logo\":{\"@type\":\"ImageObject\",\"inLanguage\":\"en-GB\",\"@id\":\"https:\/\/dorasilagyi.hu\/#\/schema\/logo\/image\/\",\"url\":\"https:\/\/dorasilagyi.hu\/wp-content\/uploads\/2021\/05\/logowebre.png\",\"contentUrl\":\"https:\/\/dorasilagyi.hu\/wp-content\/uploads\/2021\/05\/logowebre.png\",\"width\":586,\"height\":431,\"caption\":\"Dora Silagyi Jewellery\"},\"image\":{\"@id\":\"https:\/\/dorasilagyi.hu\/#\/schema\/logo\/image\/\"},\"sameAs\":[\"https:\/\/www.instagram.com\/dorasilagyi\/\",\"https:\/\/www.facebook.com\/Dora-Silagyi-Jewellery-109313484673073\"]}]}<\/script>\n<!-- \/ Yoast SEO plugin. -->","yoast_head_json":{"title":"LAVA 14kar\u00e1tos arany f\u00fclbeval\u00f3 organikus text\u00far\u00e1val &mdash; Dora Silagyi Jewellery","description":"Egyedi, k\u00e9zzel k\u00e9sz\u00fclt 14kar\u00e1tos arany \u00e9kszer. Lok\u00e1lis k\u00e9sz\u00edt\u00e9s. Rusztikus st\u00edlus. Organikus text\u00far\u00e1j\u00e1val, kis m\u00e9ret\u00e9vel \u00e9s a kerek form\u00e1j\u00e1val a s\u00e1rga arany meleg t\u00f3nusaival, harmonikus, visszafogottan csillog\u00f3 darab, mely t\u00f6k\u00e9letes pluszt ad viseletedhez! Egyedi, k\u00e9zzel k\u00e9sz\u00fclt, t\u00f6k\u00e9letes, \u00e9rt\u00e9k\u00e1ll\u00f3, min\u0151s\u00e9gi aj\u00e1nd\u00e9k szeretteidnek.","robots":{"index":"index","follow":"follow","max-snippet":"max-snippet:-1","max-image-preview":"max-image-preview:large","max-video-preview":"max-video-preview:-1"},"canonical":"https:\/\/dorasilagyi.hu\/en\/product\/egyedi-arany-fulbevalo\/","og_locale":"en_GB","og_type":"article","og_title":"LAVA 14kar\u00e1tos arany f\u00fclbeval\u00f3 organikus text\u00far\u00e1val &mdash; Dora Silagyi Jewellery","og_description":"Egyedi, k\u00e9zzel k\u00e9sz\u00fclt 14kar\u00e1tos arany \u00e9kszer. Lok\u00e1lis k\u00e9sz\u00edt\u00e9s. Rusztikus st\u00edlus. Organikus text\u00far\u00e1j\u00e1val, kis m\u00e9ret\u00e9vel \u00e9s a kerek form\u00e1j\u00e1val a s\u00e1rga arany meleg t\u00f3nusaival, harmonikus, visszafogottan csillog\u00f3 darab, mely t\u00f6k\u00e9letes pluszt ad viseletedhez! Egyedi, k\u00e9zzel k\u00e9sz\u00fclt, t\u00f6k\u00e9letes, \u00e9rt\u00e9k\u00e1ll\u00f3, min\u0151s\u00e9gi aj\u00e1nd\u00e9k szeretteidnek.","og_url":"https:\/\/dorasilagyi.hu\/en\/product\/egyedi-arany-fulbevalo\/","og_site_name":"Dora Silagyi Jewellery","article_publisher":"https:\/\/www.facebook.com\/Dora-Silagyi-Jewellery-109313484673073","article_modified_time":"2026-03-02T07:45:02+00:00","og_image":[{"width":1536,"height":2048,"url":"https:\/\/dorasilagyi.hu\/wp-content\/uploads\/2023\/10\/DSC02469.png","type":"image\/png"}],"twitter_card":"summary_large_image","twitter_misc":{"Estimated reading time":"1 minute"},"schema":{"@context":"https:\/\/schema.org","@graph":[{"@type":"WebPage","@id":"https:\/\/dorasilagyi.hu\/termek\/egyedi-arany-fulbevalo\/","url":"https:\/\/dorasilagyi.hu\/termek\/egyedi-arany-fulbevalo\/","name":"LAVA 14kar\u00e1tos arany f\u00fclbeval\u00f3 organikus text\u00far\u00e1val &mdash; Dora Silagyi Jewellery","isPartOf":{"@id":"https:\/\/dorasilagyi.hu\/#website"},"datePublished":"2023-10-30T19:02:39+00:00","dateModified":"2026-03-02T07:45:02+00:00","description":"Egyedi, k\u00e9zzel k\u00e9sz\u00fclt 14kar\u00e1tos arany \u00e9kszer. Lok\u00e1lis k\u00e9sz\u00edt\u00e9s. Rusztikus st\u00edlus. Organikus text\u00far\u00e1j\u00e1val, kis m\u00e9ret\u00e9vel \u00e9s a kerek form\u00e1j\u00e1val a s\u00e1rga arany meleg t\u00f3nusaival, harmonikus, visszafogottan csillog\u00f3 darab, mely t\u00f6k\u00e9letes pluszt ad viseletedhez! Egyedi, k\u00e9zzel k\u00e9sz\u00fclt, t\u00f6k\u00e9letes, \u00e9rt\u00e9k\u00e1ll\u00f3, min\u0151s\u00e9gi aj\u00e1nd\u00e9k szeretteidnek.","breadcrumb":{"@id":"https:\/\/dorasilagyi.hu\/termek\/egyedi-arany-fulbevalo\/#breadcrumb"},"inLanguage":"en-GB","potentialAction":[{"@type":"ReadAction","target":["https:\/\/dorasilagyi.hu\/termek\/egyedi-arany-fulbevalo\/"]}]},{"@type":"BreadcrumbList","@id":"https:\/\/dorasilagyi.hu\/termek\/egyedi-arany-fulbevalo\/#breadcrumb","itemListElement":[{"@type":"ListItem","position":1,"name":"Kezd\u0151lap","item":"https:\/\/dorasilagyi.hu\/"},{"@type":"ListItem","position":2,"name":"Shop","item":"https:\/\/dorasilagyi.hu\/shop\/"},{"@type":"ListItem","position":3,"name":"LAVA 14kar\u00e1tos arany f\u00fclbeval\u00f3 organikus text\u00far\u00e1val"}]},{"@type":"WebSite","@id":"https:\/\/dorasilagyi.hu\/#website","url":"https:\/\/dorasilagyi.hu\/","name":"Dora Silagyi Jewellery","description":"Sophisticated, timeless jewellery design","publisher":{"@id":"https:\/\/dorasilagyi.hu\/#organization"},"potentialAction":[{"@type":"SearchAction","target":{"@type":"EntryPoint","urlTemplate":"https:\/\/dorasilagyi.hu\/?s={search_term_string}"},"query-input":"required name=search_term_string"}],"inLanguage":"en-GB"},{"@type":"Organization","@id":"https:\/\/dorasilagyi.hu\/#organization","name":"Dora Silagyi Jewellery","url":"https:\/\/dorasilagyi.hu\/","logo":{"@type":"ImageObject","inLanguage":"en-GB","@id":"https:\/\/dorasilagyi.hu\/#\/schema\/logo\/image\/","url":"https:\/\/dorasilagyi.hu\/wp-content\/uploads\/2021\/05\/logowebre.png","contentUrl":"https:\/\/dorasilagyi.hu\/wp-content\/uploads\/2021\/05\/logowebre.png","width":586,"height":431,"caption":"Dora Silagyi Jewellery"},"image":{"@id":"https:\/\/dorasilagyi.hu\/#\/schema\/logo\/image\/"},"sameAs":["https:\/\/www.instagram.com\/dorasilagyi\/","https:\/\/www.facebook.com\/Dora-Silagyi-Jewellery-109313484673073"]}]}},"_links":{"self":[{"href":"https:\/\/dorasilagyi.hu\/en\/wp-json\/wp\/v2\/product\/231432","targetHints":{"allow":["GET"]}}],"collection":[{"href":"https:\/\/dorasilagyi.hu\/en\/wp-json\/wp\/v2\/product"}],"about":[{"href":"https:\/\/dorasilagyi.hu\/en\/wp-json\/wp\/v2\/types\/product"}],"wp:featuredmedia":[{"embeddable":true,"href":"https:\/\/dorasilagyi.hu\/en\/wp-json\/wp\/v2\/media\/231920"}],"wp:attachment":[{"href":"https:\/\/dorasilagyi.hu\/en\/wp-json\/wp\/v2\/media?parent=231432"}],"wp:term":[{"taxonomy":"product_cat","embeddable":true,"href":"https:\/\/dorasilagyi.hu\/en\/wp-json\/wp\/v2\/product_cat?post=231432"},{"taxonomy":"product_tag","embeddable":true,"href":"https:\/\/dorasilagyi.hu\/en\/wp-json\/wp\/v2\/product_tag?post=231432"}],"curies":[{"name":"wp","href":"https:\/\/api.w.org\/{rel}","templated":true}]}}