{"id":231311,"date":"2023-10-24T14:07:03","date_gmt":"2023-10-24T14:07:03","guid":{"rendered":"https:\/\/dorasilagyi.hu\/?post_type=product&#038;p=231311"},"modified":"2025-12-22T19:19:26","modified_gmt":"2025-12-22T19:19:26","slug":"cleo-ooak-14karatos-arany-gyuru-rozsaszin-zafirral","status":"publish","type":"product","link":"https:\/\/dorasilagyi.hu\/en\/product\/cleo-ooak-14karatos-arany-gyuru-rozsaszin-zafirral\/","title":{"rendered":"CLEO OOAK 14kar\u00e1tos arany gy\u0171r\u0171 r\u00f3zsasz\u00edn zaf\u00edrral \/SOLD OUT\/"},"content":{"rendered":"<p>Our OOAK One of a Kind rings are currently available for purchase online from our only reseller partner.<br \/>\nFor more details, contact us at studio@dorasilagyi.hu!<\/p>","protected":false},"excerpt":{"rendered":"<p>The ring made for the CLEO pendant also retained the shape of the case socket made for the characteristic baguette-cut stone, mounted on a knife-edge ring rail, and realized with a pink sapphire. Only one piece available. Size 52.<br \/>\nThe size can be changed as needed.<br \/>\nIN STOCK \/ Available for purchase at resellers<br \/>\nGemstone: pink baguette-cut sapphire<br \/>\nPrice on request.<br \/>\nWe can discuss purchasing OOAK jewelry at studio@dorasilagyi.hu!<\/p>","protected":false},"featured_media":231586,"template":"","meta":{"_et_pb_use_builder":"","_et_pb_old_content":"","_et_gb_content_width":"","_monsterinsights_skip_tracking":false,"_monsterinsights_sitenote_active":false,"_monsterinsights_sitenote_note":"","_monsterinsights_sitenote_category":0},"product_cat":[126,129],"product_tag":[],"class_list":["post-231311","product","type-product","status-publish","has-post-thumbnail","hentry","product_cat-eljegyzesi-gyuru","product_cat-gyuru"],"yoast_head":"<!-- This site is optimized with the Yoast SEO plugin v19.9 - https:\/\/yoast.com\/wordpress\/plugins\/seo\/ -->\n<title>CLEO OOAK 14kar\u00e1tos arany gy\u0171r\u0171 r\u00f3zsasz\u00edn zaf\u00edrral \/SOLD OUT\/ &mdash; Dora Silagyi Jewellery<\/title>\n<meta name=\"robots\" content=\"index, follow, max-snippet:-1, max-image-preview:large, max-video-preview:-1\" \/>\n<link rel=\"canonical\" href=\"https:\/\/dorasilagyi.hu\/en\/product\/cleo-ooak-14karatos-arany-gyuru-rozsaszin-zafirral\/\" \/>\n<meta property=\"og:locale\" content=\"en_GB\" \/>\n<meta property=\"og:type\" content=\"article\" \/>\n<meta property=\"og:title\" content=\"CLEO OOAK 14kar\u00e1tos arany gy\u0171r\u0171 r\u00f3zsasz\u00edn zaf\u00edrral \/SOLD OUT\/ &mdash; Dora Silagyi Jewellery\" \/>\n<meta property=\"og:description\" content=\"A CLEO med\u00e1lhoz k\u00e9sz\u00edtett gy\u0171r\u0171 szint\u00e9n a jellegzetes baguette csiszol\u00e1s\u00fa k\u0151h\u00f6z k\u00e9sz\u00fclt tokos foglalat form\u00e1j\u00e1t meg\u0151rizve, k\u00e9s\u00e9l\u0171 gy\u0171r\u0171s\u00ednre \u00fcltetve, r\u00f3zsasz\u00edn zaf\u00edrral ker\u00fclt megval\u00f3s\u00edt\u00e1sra. Egyetlen darab el\u00e9rhet\u0151. 52-es m\u00e9ret. A m\u00e9ret ig\u00e9ny szerint m\u00f3dos\u00edthat\u00f3. K\u00c9SZLETEN \/ Viszontelad\u00f3n\u00e1l megv\u00e1s\u00e1rolhat\u00f3 Dr\u00e1gak\u0151: r\u00f3zsasz\u00edn baguette csiszol\u00e1s\u00fa zaf\u00edr \u00c1r k\u00e9r\u00e9sre. OOAK \u00e9kszerek megv\u00e1s\u00e1rl\u00e1s\u00e1val kapcsolatban a studio@dorasilagyi.hu email c\u00edmen tudunk egyeztetni!\" \/>\n<meta property=\"og:url\" content=\"https:\/\/dorasilagyi.hu\/en\/product\/cleo-ooak-14karatos-arany-gyuru-rozsaszin-zafirral\/\" \/>\n<meta property=\"og:site_name\" content=\"Dora Silagyi Jewellery\" \/>\n<meta property=\"article:publisher\" content=\"https:\/\/www.facebook.com\/Dora-Silagyi-Jewellery-109313484673073\" \/>\n<meta property=\"article:modified_time\" content=\"2025-12-22T19:19:26+00:00\" \/>\n<meta property=\"og:image\" content=\"https:\/\/dorasilagyi.hu\/wp-content\/uploads\/2024\/01\/IGP9521-scaled.jpg\" \/>\n\t<meta property=\"og:image:width\" content=\"1714\" \/>\n\t<meta property=\"og:image:height\" content=\"2560\" \/>\n\t<meta property=\"og:image:type\" content=\"image\/jpeg\" \/>\n<meta name=\"twitter:card\" content=\"summary_large_image\" \/>\n<script type=\"application\/ld+json\" class=\"yoast-schema-graph\">{\"@context\":\"https:\/\/schema.org\",\"@graph\":[{\"@type\":\"WebPage\",\"@id\":\"https:\/\/dorasilagyi.hu\/termek\/cleo-ooak-14karatos-arany-gyuru-rozsaszin-zafirral\/\",\"url\":\"https:\/\/dorasilagyi.hu\/termek\/cleo-ooak-14karatos-arany-gyuru-rozsaszin-zafirral\/\",\"name\":\"CLEO OOAK 14kar\u00e1tos arany gy\u0171r\u0171 r\u00f3zsasz\u00edn zaf\u00edrral \/SOLD OUT\/ &mdash; Dora Silagyi Jewellery\",\"isPartOf\":{\"@id\":\"https:\/\/dorasilagyi.hu\/#website\"},\"datePublished\":\"2023-10-24T14:07:03+00:00\",\"dateModified\":\"2025-12-22T19:19:26+00:00\",\"breadcrumb\":{\"@id\":\"https:\/\/dorasilagyi.hu\/termek\/cleo-ooak-14karatos-arany-gyuru-rozsaszin-zafirral\/#breadcrumb\"},\"inLanguage\":\"en-GB\",\"potentialAction\":[{\"@type\":\"ReadAction\",\"target\":[\"https:\/\/dorasilagyi.hu\/termek\/cleo-ooak-14karatos-arany-gyuru-rozsaszin-zafirral\/\"]}]},{\"@type\":\"BreadcrumbList\",\"@id\":\"https:\/\/dorasilagyi.hu\/termek\/cleo-ooak-14karatos-arany-gyuru-rozsaszin-zafirral\/#breadcrumb\",\"itemListElement\":[{\"@type\":\"ListItem\",\"position\":1,\"name\":\"Kezd\u0151lap\",\"item\":\"https:\/\/dorasilagyi.hu\/\"},{\"@type\":\"ListItem\",\"position\":2,\"name\":\"Shop\",\"item\":\"https:\/\/dorasilagyi.hu\/shop\/\"},{\"@type\":\"ListItem\",\"position\":3,\"name\":\"CLEO OOAK 14kar\u00e1tos arany gy\u0171r\u0171 r\u00f3zsasz\u00edn zaf\u00edrral \/SOLD OUT\/\"}]},{\"@type\":\"WebSite\",\"@id\":\"https:\/\/dorasilagyi.hu\/#website\",\"url\":\"https:\/\/dorasilagyi.hu\/\",\"name\":\"Dora Silagyi Jewellery\",\"description\":\"Sophisticated, timeless jewellery design\",\"publisher\":{\"@id\":\"https:\/\/dorasilagyi.hu\/#organization\"},\"potentialAction\":[{\"@type\":\"SearchAction\",\"target\":{\"@type\":\"EntryPoint\",\"urlTemplate\":\"https:\/\/dorasilagyi.hu\/?s={search_term_string}\"},\"query-input\":\"required name=search_term_string\"}],\"inLanguage\":\"en-GB\"},{\"@type\":\"Organization\",\"@id\":\"https:\/\/dorasilagyi.hu\/#organization\",\"name\":\"Dora Silagyi Jewellery\",\"url\":\"https:\/\/dorasilagyi.hu\/\",\"logo\":{\"@type\":\"ImageObject\",\"inLanguage\":\"en-GB\",\"@id\":\"https:\/\/dorasilagyi.hu\/#\/schema\/logo\/image\/\",\"url\":\"https:\/\/dorasilagyi.hu\/wp-content\/uploads\/2021\/05\/logowebre.png\",\"contentUrl\":\"https:\/\/dorasilagyi.hu\/wp-content\/uploads\/2021\/05\/logowebre.png\",\"width\":586,\"height\":431,\"caption\":\"Dora Silagyi Jewellery\"},\"image\":{\"@id\":\"https:\/\/dorasilagyi.hu\/#\/schema\/logo\/image\/\"},\"sameAs\":[\"https:\/\/www.instagram.com\/dorasilagyi\/\",\"https:\/\/www.facebook.com\/Dora-Silagyi-Jewellery-109313484673073\"]}]}<\/script>\n<!-- \/ Yoast SEO plugin. -->","yoast_head_json":{"title":"CLEO OOAK 14kar\u00e1tos arany gy\u0171r\u0171 r\u00f3zsasz\u00edn zaf\u00edrral \/SOLD OUT\/ &mdash; Dora Silagyi Jewellery","robots":{"index":"index","follow":"follow","max-snippet":"max-snippet:-1","max-image-preview":"max-image-preview:large","max-video-preview":"max-video-preview:-1"},"canonical":"https:\/\/dorasilagyi.hu\/en\/product\/cleo-ooak-14karatos-arany-gyuru-rozsaszin-zafirral\/","og_locale":"en_GB","og_type":"article","og_title":"CLEO OOAK 14kar\u00e1tos arany gy\u0171r\u0171 r\u00f3zsasz\u00edn zaf\u00edrral \/SOLD OUT\/ &mdash; Dora Silagyi Jewellery","og_description":"A CLEO med\u00e1lhoz k\u00e9sz\u00edtett gy\u0171r\u0171 szint\u00e9n a jellegzetes baguette csiszol\u00e1s\u00fa k\u0151h\u00f6z k\u00e9sz\u00fclt tokos foglalat form\u00e1j\u00e1t meg\u0151rizve, k\u00e9s\u00e9l\u0171 gy\u0171r\u0171s\u00ednre \u00fcltetve, r\u00f3zsasz\u00edn zaf\u00edrral ker\u00fclt megval\u00f3s\u00edt\u00e1sra. Egyetlen darab el\u00e9rhet\u0151. 52-es m\u00e9ret. A m\u00e9ret ig\u00e9ny szerint m\u00f3dos\u00edthat\u00f3. K\u00c9SZLETEN \/ Viszontelad\u00f3n\u00e1l megv\u00e1s\u00e1rolhat\u00f3 Dr\u00e1gak\u0151: r\u00f3zsasz\u00edn baguette csiszol\u00e1s\u00fa zaf\u00edr \u00c1r k\u00e9r\u00e9sre. OOAK \u00e9kszerek megv\u00e1s\u00e1rl\u00e1s\u00e1val kapcsolatban a studio@dorasilagyi.hu email c\u00edmen tudunk egyeztetni!","og_url":"https:\/\/dorasilagyi.hu\/en\/product\/cleo-ooak-14karatos-arany-gyuru-rozsaszin-zafirral\/","og_site_name":"Dora Silagyi Jewellery","article_publisher":"https:\/\/www.facebook.com\/Dora-Silagyi-Jewellery-109313484673073","article_modified_time":"2025-12-22T19:19:26+00:00","og_image":[{"width":1714,"height":2560,"url":"https:\/\/dorasilagyi.hu\/wp-content\/uploads\/2024\/01\/IGP9521-scaled.jpg","type":"image\/jpeg"}],"twitter_card":"summary_large_image","schema":{"@context":"https:\/\/schema.org","@graph":[{"@type":"WebPage","@id":"https:\/\/dorasilagyi.hu\/termek\/cleo-ooak-14karatos-arany-gyuru-rozsaszin-zafirral\/","url":"https:\/\/dorasilagyi.hu\/termek\/cleo-ooak-14karatos-arany-gyuru-rozsaszin-zafirral\/","name":"CLEO OOAK 14kar\u00e1tos arany gy\u0171r\u0171 r\u00f3zsasz\u00edn zaf\u00edrral \/SOLD OUT\/ &mdash; Dora Silagyi Jewellery","isPartOf":{"@id":"https:\/\/dorasilagyi.hu\/#website"},"datePublished":"2023-10-24T14:07:03+00:00","dateModified":"2025-12-22T19:19:26+00:00","breadcrumb":{"@id":"https:\/\/dorasilagyi.hu\/termek\/cleo-ooak-14karatos-arany-gyuru-rozsaszin-zafirral\/#breadcrumb"},"inLanguage":"en-GB","potentialAction":[{"@type":"ReadAction","target":["https:\/\/dorasilagyi.hu\/termek\/cleo-ooak-14karatos-arany-gyuru-rozsaszin-zafirral\/"]}]},{"@type":"BreadcrumbList","@id":"https:\/\/dorasilagyi.hu\/termek\/cleo-ooak-14karatos-arany-gyuru-rozsaszin-zafirral\/#breadcrumb","itemListElement":[{"@type":"ListItem","position":1,"name":"Kezd\u0151lap","item":"https:\/\/dorasilagyi.hu\/"},{"@type":"ListItem","position":2,"name":"Shop","item":"https:\/\/dorasilagyi.hu\/shop\/"},{"@type":"ListItem","position":3,"name":"CLEO OOAK 14kar\u00e1tos arany gy\u0171r\u0171 r\u00f3zsasz\u00edn zaf\u00edrral \/SOLD OUT\/"}]},{"@type":"WebSite","@id":"https:\/\/dorasilagyi.hu\/#website","url":"https:\/\/dorasilagyi.hu\/","name":"Dora Silagyi Jewellery","description":"Sophisticated, timeless jewellery design","publisher":{"@id":"https:\/\/dorasilagyi.hu\/#organization"},"potentialAction":[{"@type":"SearchAction","target":{"@type":"EntryPoint","urlTemplate":"https:\/\/dorasilagyi.hu\/?s={search_term_string}"},"query-input":"required name=search_term_string"}],"inLanguage":"en-GB"},{"@type":"Organization","@id":"https:\/\/dorasilagyi.hu\/#organization","name":"Dora Silagyi Jewellery","url":"https:\/\/dorasilagyi.hu\/","logo":{"@type":"ImageObject","inLanguage":"en-GB","@id":"https:\/\/dorasilagyi.hu\/#\/schema\/logo\/image\/","url":"https:\/\/dorasilagyi.hu\/wp-content\/uploads\/2021\/05\/logowebre.png","contentUrl":"https:\/\/dorasilagyi.hu\/wp-content\/uploads\/2021\/05\/logowebre.png","width":586,"height":431,"caption":"Dora Silagyi Jewellery"},"image":{"@id":"https:\/\/dorasilagyi.hu\/#\/schema\/logo\/image\/"},"sameAs":["https:\/\/www.instagram.com\/dorasilagyi\/","https:\/\/www.facebook.com\/Dora-Silagyi-Jewellery-109313484673073"]}]}},"_links":{"self":[{"href":"https:\/\/dorasilagyi.hu\/en\/wp-json\/wp\/v2\/product\/231311","targetHints":{"allow":["GET"]}}],"collection":[{"href":"https:\/\/dorasilagyi.hu\/en\/wp-json\/wp\/v2\/product"}],"about":[{"href":"https:\/\/dorasilagyi.hu\/en\/wp-json\/wp\/v2\/types\/product"}],"wp:featuredmedia":[{"embeddable":true,"href":"https:\/\/dorasilagyi.hu\/en\/wp-json\/wp\/v2\/media\/231586"}],"wp:attachment":[{"href":"https:\/\/dorasilagyi.hu\/en\/wp-json\/wp\/v2\/media?parent=231311"}],"wp:term":[{"taxonomy":"product_cat","embeddable":true,"href":"https:\/\/dorasilagyi.hu\/en\/wp-json\/wp\/v2\/product_cat?post=231311"},{"taxonomy":"product_tag","embeddable":true,"href":"https:\/\/dorasilagyi.hu\/en\/wp-json\/wp\/v2\/product_tag?post=231311"}],"curies":[{"name":"wp","href":"https:\/\/api.w.org\/{rel}","templated":true}]}}