{"id":231300,"date":"2023-10-24T09:43:12","date_gmt":"2023-10-24T09:43:12","guid":{"rendered":"https:\/\/dorasilagyi.hu\/?post_type=product&#038;p=231300"},"modified":"2026-03-02T07:45:35","modified_gmt":"2026-03-02T07:45:35","slug":"lava-14karatos-nyaklanc-konyak-gyemanttal","status":"publish","type":"product","link":"https:\/\/dorasilagyi.hu\/en\/product\/lava-14karatos-nyaklanc-konyak-gyemanttal\/","title":{"rendered":"LAVA 14-carat gold necklace with cognac diamond"},"content":{"rendered":"<p>All Dora Silagyi jewelry is made to order in our studio in P\u00e9cs, so please allow for the production time, which is 4-5 weeks for jewelry with precious stones.<\/p>\n<p>Like most Dora Silagyi pieces, this piece of jewelry can be customized: if you need a gemstone of a different type, shape, or color, please contact us by email at studio@dorasilagyi.hu so that we can send you a personalized quote!<\/p>\n<p>The shades of the stones and the pattern of the texture may differ slightly from the piece shown in the photo.<\/p>","protected":false},"excerpt":{"rendered":"<p>Dora Silagyi Jewelery dreamed up her new mini-collection in a modern, elegant style for lovers of a more rustic style. Inspired by the LAVA ring, the 14-carat gold Lava ring, earrings and necklace came to life.<\/p>\n<p>With its organic texture, archaic shape and round case socket, the diamond-brown shade of cognac and the warm tones of yellow gold, it is a harmonious, discreetly sparkling, truly special piece, the perfect addition to your everyday wear!<\/p>\n<p>Every detail of the pendant is made by hand, with careful attention, from 14 carat gold.<br \/>\nThe chain is a 42 cm cube chain.<br \/>\nWeight: 4 gr<br \/>\n1 cognac diamond, total: 0.15 ct weight, size 2.8-3mm diameter.<\/p>","protected":false},"featured_media":231306,"template":"","meta":{"_et_pb_use_builder":"","_et_pb_old_content":"","_et_gb_content_width":"","_monsterinsights_skip_tracking":false,"_monsterinsights_sitenote_active":false,"_monsterinsights_sitenote_note":"","_monsterinsights_sitenote_category":0},"product_cat":[132,128],"product_tag":[],"class_list":["post-231300","product","type-product","status-publish","has-post-thumbnail","hentry","product_cat-ready-to-ship","product_cat-nyaklanc-medal"],"yoast_head":"<!-- This site is optimized with the Yoast SEO plugin v19.9 - https:\/\/yoast.com\/wordpress\/plugins\/seo\/ -->\n<title>LAVA 14kar\u00e1tos arany nyakl\u00e1nc konyak gy\u00e9m\u00e1nttal &mdash; Dora Silagyi Jewellery<\/title>\n<meta name=\"robots\" content=\"index, follow, max-snippet:-1, max-image-preview:large, max-video-preview:-1\" \/>\n<link rel=\"canonical\" href=\"https:\/\/dorasilagyi.hu\/en\/product\/lava-14karatos-nyaklanc-konyak-gyemanttal\/\" \/>\n<meta property=\"og:locale\" content=\"en_GB\" \/>\n<meta property=\"og:type\" content=\"article\" \/>\n<meta property=\"og:title\" content=\"LAVA 14kar\u00e1tos arany nyakl\u00e1nc konyak gy\u00e9m\u00e1nttal &mdash; Dora Silagyi Jewellery\" \/>\n<meta property=\"og:description\" content=\"Dora Silagyi Jewellery modern, eleg\u00e1ns st\u00edlus\u00e1ban \u00e1lmodta meg \u00faj minikollekci\u00f3j\u00e1t rusztikusabb st\u00edlus kedvel\u0151inek. A LAVA gy\u0171r\u0171b\u0151l inspir\u00e1l\u00f3dva kelt \u00e9letre a 14 kar\u00e1tos arany Lava gy\u0171r\u0171, f\u00fclbeval\u00f3 \u00e9s nyakl\u00e1nc.  Organikus text\u00far\u00e1j\u00e1val, archaikus form\u00e1j\u00e1val \u00e9s a kerek tokos foglalattal, a konyak gy\u00e9m\u00e1nt barn\u00e1s \u00e1rnyalat\u00e1val \u00e9s a s\u00e1rga arany meleg t\u00f3nusaival, harmonikus, visszafogottan csillog\u00f3, igaz\u00e1n k\u00fcl\u00f6nleges darab, t\u00f6k\u00e9letes plusz adva a mindennapi viseletedhez!  A med\u00e1l minden r\u00e9szlete k\u00e9zzel, gondos odafigyel\u00e9ssel k\u00e9sz\u00fcl, 14kar\u00e1tos aranyb\u00f3l. A l\u00e1nc 42 cm-es kocka l\u00e1nc. S\u00faly: 4 gr 1 db konyak gy\u00e9m\u00e1nt, \u00f6ssz.: 0.15 ct s\u00faly, m\u00e9ret 2.8-3mm \u00e1tm\u00e9r\u0151.\" \/>\n<meta property=\"og:url\" content=\"https:\/\/dorasilagyi.hu\/en\/product\/lava-14karatos-nyaklanc-konyak-gyemanttal\/\" \/>\n<meta property=\"og:site_name\" content=\"Dora Silagyi Jewellery\" \/>\n<meta property=\"article:publisher\" content=\"https:\/\/www.facebook.com\/Dora-Silagyi-Jewellery-109313484673073\" \/>\n<meta property=\"article:modified_time\" content=\"2026-03-02T07:45:35+00:00\" \/>\n<meta property=\"og:image\" content=\"https:\/\/dorasilagyi.hu\/wp-content\/uploads\/2023\/10\/LAVA-medal.jpg\" \/>\n\t<meta property=\"og:image:width\" content=\"1371\" \/>\n\t<meta property=\"og:image:height\" content=\"2048\" \/>\n\t<meta property=\"og:image:type\" content=\"image\/jpeg\" \/>\n<meta name=\"twitter:card\" content=\"summary_large_image\" \/>\n<meta name=\"twitter:label1\" content=\"Estimated reading time\" \/>\n\t<meta name=\"twitter:data1\" content=\"1 minute\" \/>\n<script type=\"application\/ld+json\" class=\"yoast-schema-graph\">{\"@context\":\"https:\/\/schema.org\",\"@graph\":[{\"@type\":\"WebPage\",\"@id\":\"https:\/\/dorasilagyi.hu\/termek\/lava-14karatos-nyaklanc-konyak-gyemanttal\/\",\"url\":\"https:\/\/dorasilagyi.hu\/termek\/lava-14karatos-nyaklanc-konyak-gyemanttal\/\",\"name\":\"LAVA 14kar\u00e1tos arany nyakl\u00e1nc konyak gy\u00e9m\u00e1nttal &mdash; Dora Silagyi Jewellery\",\"isPartOf\":{\"@id\":\"https:\/\/dorasilagyi.hu\/#website\"},\"datePublished\":\"2023-10-24T09:43:12+00:00\",\"dateModified\":\"2026-03-02T07:45:35+00:00\",\"breadcrumb\":{\"@id\":\"https:\/\/dorasilagyi.hu\/termek\/lava-14karatos-nyaklanc-konyak-gyemanttal\/#breadcrumb\"},\"inLanguage\":\"en-GB\",\"potentialAction\":[{\"@type\":\"ReadAction\",\"target\":[\"https:\/\/dorasilagyi.hu\/termek\/lava-14karatos-nyaklanc-konyak-gyemanttal\/\"]}]},{\"@type\":\"BreadcrumbList\",\"@id\":\"https:\/\/dorasilagyi.hu\/termek\/lava-14karatos-nyaklanc-konyak-gyemanttal\/#breadcrumb\",\"itemListElement\":[{\"@type\":\"ListItem\",\"position\":1,\"name\":\"Kezd\u0151lap\",\"item\":\"https:\/\/dorasilagyi.hu\/\"},{\"@type\":\"ListItem\",\"position\":2,\"name\":\"Shop\",\"item\":\"https:\/\/dorasilagyi.hu\/shop\/\"},{\"@type\":\"ListItem\",\"position\":3,\"name\":\"LAVA 14kar\u00e1tos arany nyakl\u00e1nc konyak gy\u00e9m\u00e1nttal\"}]},{\"@type\":\"WebSite\",\"@id\":\"https:\/\/dorasilagyi.hu\/#website\",\"url\":\"https:\/\/dorasilagyi.hu\/\",\"name\":\"Dora Silagyi Jewellery\",\"description\":\"Sophisticated, timeless jewellery design\",\"publisher\":{\"@id\":\"https:\/\/dorasilagyi.hu\/#organization\"},\"potentialAction\":[{\"@type\":\"SearchAction\",\"target\":{\"@type\":\"EntryPoint\",\"urlTemplate\":\"https:\/\/dorasilagyi.hu\/?s={search_term_string}\"},\"query-input\":\"required name=search_term_string\"}],\"inLanguage\":\"en-GB\"},{\"@type\":\"Organization\",\"@id\":\"https:\/\/dorasilagyi.hu\/#organization\",\"name\":\"Dora Silagyi Jewellery\",\"url\":\"https:\/\/dorasilagyi.hu\/\",\"logo\":{\"@type\":\"ImageObject\",\"inLanguage\":\"en-GB\",\"@id\":\"https:\/\/dorasilagyi.hu\/#\/schema\/logo\/image\/\",\"url\":\"https:\/\/dorasilagyi.hu\/wp-content\/uploads\/2021\/05\/logowebre.png\",\"contentUrl\":\"https:\/\/dorasilagyi.hu\/wp-content\/uploads\/2021\/05\/logowebre.png\",\"width\":586,\"height\":431,\"caption\":\"Dora Silagyi Jewellery\"},\"image\":{\"@id\":\"https:\/\/dorasilagyi.hu\/#\/schema\/logo\/image\/\"},\"sameAs\":[\"https:\/\/www.instagram.com\/dorasilagyi\/\",\"https:\/\/www.facebook.com\/Dora-Silagyi-Jewellery-109313484673073\"]}]}<\/script>\n<!-- \/ Yoast SEO plugin. -->","yoast_head_json":{"title":"LAVA 14kar\u00e1tos arany nyakl\u00e1nc konyak gy\u00e9m\u00e1nttal &mdash; Dora Silagyi Jewellery","robots":{"index":"index","follow":"follow","max-snippet":"max-snippet:-1","max-image-preview":"max-image-preview:large","max-video-preview":"max-video-preview:-1"},"canonical":"https:\/\/dorasilagyi.hu\/en\/product\/lava-14karatos-nyaklanc-konyak-gyemanttal\/","og_locale":"en_GB","og_type":"article","og_title":"LAVA 14kar\u00e1tos arany nyakl\u00e1nc konyak gy\u00e9m\u00e1nttal &mdash; Dora Silagyi Jewellery","og_description":"Dora Silagyi Jewellery modern, eleg\u00e1ns st\u00edlus\u00e1ban \u00e1lmodta meg \u00faj minikollekci\u00f3j\u00e1t rusztikusabb st\u00edlus kedvel\u0151inek. A LAVA gy\u0171r\u0171b\u0151l inspir\u00e1l\u00f3dva kelt \u00e9letre a 14 kar\u00e1tos arany Lava gy\u0171r\u0171, f\u00fclbeval\u00f3 \u00e9s nyakl\u00e1nc.  Organikus text\u00far\u00e1j\u00e1val, archaikus form\u00e1j\u00e1val \u00e9s a kerek tokos foglalattal, a konyak gy\u00e9m\u00e1nt barn\u00e1s \u00e1rnyalat\u00e1val \u00e9s a s\u00e1rga arany meleg t\u00f3nusaival, harmonikus, visszafogottan csillog\u00f3, igaz\u00e1n k\u00fcl\u00f6nleges darab, t\u00f6k\u00e9letes plusz adva a mindennapi viseletedhez!  A med\u00e1l minden r\u00e9szlete k\u00e9zzel, gondos odafigyel\u00e9ssel k\u00e9sz\u00fcl, 14kar\u00e1tos aranyb\u00f3l. A l\u00e1nc 42 cm-es kocka l\u00e1nc. S\u00faly: 4 gr 1 db konyak gy\u00e9m\u00e1nt, \u00f6ssz.: 0.15 ct s\u00faly, m\u00e9ret 2.8-3mm \u00e1tm\u00e9r\u0151.","og_url":"https:\/\/dorasilagyi.hu\/en\/product\/lava-14karatos-nyaklanc-konyak-gyemanttal\/","og_site_name":"Dora Silagyi Jewellery","article_publisher":"https:\/\/www.facebook.com\/Dora-Silagyi-Jewellery-109313484673073","article_modified_time":"2026-03-02T07:45:35+00:00","og_image":[{"width":1371,"height":2048,"url":"https:\/\/dorasilagyi.hu\/wp-content\/uploads\/2023\/10\/LAVA-medal.jpg","type":"image\/jpeg"}],"twitter_card":"summary_large_image","twitter_misc":{"Estimated reading time":"1 minute"},"schema":{"@context":"https:\/\/schema.org","@graph":[{"@type":"WebPage","@id":"https:\/\/dorasilagyi.hu\/termek\/lava-14karatos-nyaklanc-konyak-gyemanttal\/","url":"https:\/\/dorasilagyi.hu\/termek\/lava-14karatos-nyaklanc-konyak-gyemanttal\/","name":"LAVA 14kar\u00e1tos arany nyakl\u00e1nc konyak gy\u00e9m\u00e1nttal &mdash; Dora Silagyi Jewellery","isPartOf":{"@id":"https:\/\/dorasilagyi.hu\/#website"},"datePublished":"2023-10-24T09:43:12+00:00","dateModified":"2026-03-02T07:45:35+00:00","breadcrumb":{"@id":"https:\/\/dorasilagyi.hu\/termek\/lava-14karatos-nyaklanc-konyak-gyemanttal\/#breadcrumb"},"inLanguage":"en-GB","potentialAction":[{"@type":"ReadAction","target":["https:\/\/dorasilagyi.hu\/termek\/lava-14karatos-nyaklanc-konyak-gyemanttal\/"]}]},{"@type":"BreadcrumbList","@id":"https:\/\/dorasilagyi.hu\/termek\/lava-14karatos-nyaklanc-konyak-gyemanttal\/#breadcrumb","itemListElement":[{"@type":"ListItem","position":1,"name":"Kezd\u0151lap","item":"https:\/\/dorasilagyi.hu\/"},{"@type":"ListItem","position":2,"name":"Shop","item":"https:\/\/dorasilagyi.hu\/shop\/"},{"@type":"ListItem","position":3,"name":"LAVA 14kar\u00e1tos arany nyakl\u00e1nc konyak gy\u00e9m\u00e1nttal"}]},{"@type":"WebSite","@id":"https:\/\/dorasilagyi.hu\/#website","url":"https:\/\/dorasilagyi.hu\/","name":"Dora Silagyi Jewellery","description":"Sophisticated, timeless jewellery design","publisher":{"@id":"https:\/\/dorasilagyi.hu\/#organization"},"potentialAction":[{"@type":"SearchAction","target":{"@type":"EntryPoint","urlTemplate":"https:\/\/dorasilagyi.hu\/?s={search_term_string}"},"query-input":"required name=search_term_string"}],"inLanguage":"en-GB"},{"@type":"Organization","@id":"https:\/\/dorasilagyi.hu\/#organization","name":"Dora Silagyi Jewellery","url":"https:\/\/dorasilagyi.hu\/","logo":{"@type":"ImageObject","inLanguage":"en-GB","@id":"https:\/\/dorasilagyi.hu\/#\/schema\/logo\/image\/","url":"https:\/\/dorasilagyi.hu\/wp-content\/uploads\/2021\/05\/logowebre.png","contentUrl":"https:\/\/dorasilagyi.hu\/wp-content\/uploads\/2021\/05\/logowebre.png","width":586,"height":431,"caption":"Dora Silagyi Jewellery"},"image":{"@id":"https:\/\/dorasilagyi.hu\/#\/schema\/logo\/image\/"},"sameAs":["https:\/\/www.instagram.com\/dorasilagyi\/","https:\/\/www.facebook.com\/Dora-Silagyi-Jewellery-109313484673073"]}]}},"_links":{"self":[{"href":"https:\/\/dorasilagyi.hu\/en\/wp-json\/wp\/v2\/product\/231300","targetHints":{"allow":["GET"]}}],"collection":[{"href":"https:\/\/dorasilagyi.hu\/en\/wp-json\/wp\/v2\/product"}],"about":[{"href":"https:\/\/dorasilagyi.hu\/en\/wp-json\/wp\/v2\/types\/product"}],"wp:featuredmedia":[{"embeddable":true,"href":"https:\/\/dorasilagyi.hu\/en\/wp-json\/wp\/v2\/media\/231306"}],"wp:attachment":[{"href":"https:\/\/dorasilagyi.hu\/en\/wp-json\/wp\/v2\/media?parent=231300"}],"wp:term":[{"taxonomy":"product_cat","embeddable":true,"href":"https:\/\/dorasilagyi.hu\/en\/wp-json\/wp\/v2\/product_cat?post=231300"},{"taxonomy":"product_tag","embeddable":true,"href":"https:\/\/dorasilagyi.hu\/en\/wp-json\/wp\/v2\/product_tag?post=231300"}],"curies":[{"name":"wp","href":"https:\/\/api.w.org\/{rel}","templated":true}]}}