{"id":231296,"date":"2023-10-24T08:55:47","date_gmt":"2023-10-24T08:55:47","guid":{"rendered":"https:\/\/dorasilagyi.hu\/?post_type=product&#038;p=231296"},"modified":"2026-03-02T07:46:06","modified_gmt":"2026-03-02T07:46:06","slug":"metanoia-14karatos-fulbevalo-feher-zafirral","status":"publish","type":"product","link":"https:\/\/dorasilagyi.hu\/en\/product\/metanoia-14karatos-fulbevalo-feher-zafirral\/","title":{"rendered":"METANOIA 14k gold earrings with sapphire"},"content":{"rendered":"<p>Every detail of the earrings is made by hand, with careful attention, from 14 carat gold.<br \/>\nThe pin and plug parts are also made of 14 carat gold. In addition to our products in stock, all other products in the webshop are made-to-order, i.e. they are made in our studio in P\u00e9cs after ordering, so we ask that you take into account the lead time when placing an order. In the case of gemstone jewelry, the delivery\/pickup time is 4-6 weeks from the order (payment in the webshop). If you need another gemstone, contact us by email at studio@dorasilagyi.hu so that we can send you a personalized price offer!<\/p>","protected":false},"excerpt":{"rendered":"<p>The modern METANOIA ring was inspired by the styles of the playful earrings as an addition to a collection. With hanging, square-shaped case sockets and characterful details, complemented by sparkling leuco (colorless) sapphires, these earrings are perfectly comfortable to wear, with their understated sparkle, bringing subtle elegance to your everyday wear.<br \/>\nHandmade with 14-karat gold pin and plug.<br \/>\nWeight: 3.1 gr\/pair<br \/>\nSapphires: 2 pcs, 0.4 ct in size 4\u00d74 mm<\/p>","protected":false},"featured_media":231942,"template":"","meta":{"_et_pb_use_builder":"","_et_pb_old_content":"","_et_gb_content_width":"","_monsterinsights_skip_tracking":false,"_monsterinsights_sitenote_active":false,"_monsterinsights_sitenote_note":"","_monsterinsights_sitenote_category":0},"product_cat":[132,130],"product_tag":[],"class_list":["post-231296","product","type-product","status-publish","has-post-thumbnail","hentry","product_cat-ready-to-ship","product_cat-fulbevalo","pa_anyag-14karatos-sarga-arany"],"yoast_head":"<!-- This site is optimized with the Yoast SEO plugin v19.9 - https:\/\/yoast.com\/wordpress\/plugins\/seo\/ -->\n<title>METANOIA 14kar\u00e1tos arany f\u00fclbeval\u00f3 zaf\u00edrral &mdash; Dora Silagyi Jewellery<\/title>\n<meta name=\"robots\" content=\"index, follow, max-snippet:-1, max-image-preview:large, max-video-preview:-1\" \/>\n<link rel=\"canonical\" href=\"https:\/\/dorasilagyi.hu\/en\/product\/metanoia-14karatos-fulbevalo-feher-zafirral\/\" \/>\n<meta property=\"og:locale\" content=\"en_GB\" \/>\n<meta property=\"og:type\" content=\"article\" \/>\n<meta property=\"og:title\" content=\"METANOIA 14kar\u00e1tos arany f\u00fclbeval\u00f3 zaf\u00edrral &mdash; Dora Silagyi Jewellery\" \/>\n<meta property=\"og:description\" content=\"A modern METANOIA gy\u0171r\u0171 fazonokb\u00f3l inspir\u00e1l\u00f3dva k\u00e9sz\u00fclt el a j\u00e1t\u00e9kos f\u00fclbeval\u00f3 kieg\u00e9sz\u00edt\u00e9sk\u00e9nt egy kollekci\u00f3hoz. F\u00fcgg\u0151, n\u00e9gyzet alak\u00fa tokos foglalatokkal \u00e9s karakteres r\u00e9szleteivel, melyet szikr\u00e1z\u00f3 leuk\u00f3 (sz\u00edntelen) zaf\u00edrok eg\u00e9sz\u00edtenek ki, ez a f\u00fclbeval\u00f3 t\u00f6k\u00e9letesen k\u00e9nyelmes viselet, visszafogott csillog\u00e1s\u00e1val, finom eleganci\u00e1t csemp\u00e9szve a mindennapi viseletedhez. K\u00e9zzel k\u00e9sz\u00fclt, 14kar\u00e1tos arany stifttel \u00e9s stekkerrel. S\u00faly: 3.1 gr\/p\u00e1r Zaf\u00edrok: 2 db, 0.4 ct 4x4 mm m\u00e9retben\" \/>\n<meta property=\"og:url\" content=\"https:\/\/dorasilagyi.hu\/en\/product\/metanoia-14karatos-fulbevalo-feher-zafirral\/\" \/>\n<meta property=\"og:site_name\" content=\"Dora Silagyi Jewellery\" \/>\n<meta property=\"article:publisher\" content=\"https:\/\/www.facebook.com\/Dora-Silagyi-Jewellery-109313484673073\" \/>\n<meta property=\"article:modified_time\" content=\"2026-03-02T07:46:06+00:00\" \/>\n<meta property=\"og:image\" content=\"https:\/\/dorasilagyi.hu\/wp-content\/uploads\/2023\/10\/DSC02448.png\" \/>\n\t<meta property=\"og:image:width\" content=\"1536\" \/>\n\t<meta property=\"og:image:height\" content=\"2048\" \/>\n\t<meta property=\"og:image:type\" content=\"image\/png\" \/>\n<meta name=\"twitter:card\" content=\"summary_large_image\" \/>\n<script type=\"application\/ld+json\" class=\"yoast-schema-graph\">{\"@context\":\"https:\/\/schema.org\",\"@graph\":[{\"@type\":\"WebPage\",\"@id\":\"https:\/\/dorasilagyi.hu\/termek\/metanoia-14karatos-fulbevalo-feher-zafirral\/\",\"url\":\"https:\/\/dorasilagyi.hu\/termek\/metanoia-14karatos-fulbevalo-feher-zafirral\/\",\"name\":\"METANOIA 14kar\u00e1tos arany f\u00fclbeval\u00f3 zaf\u00edrral &mdash; Dora Silagyi Jewellery\",\"isPartOf\":{\"@id\":\"https:\/\/dorasilagyi.hu\/#website\"},\"datePublished\":\"2023-10-24T08:55:47+00:00\",\"dateModified\":\"2026-03-02T07:46:06+00:00\",\"breadcrumb\":{\"@id\":\"https:\/\/dorasilagyi.hu\/termek\/metanoia-14karatos-fulbevalo-feher-zafirral\/#breadcrumb\"},\"inLanguage\":\"en-GB\",\"potentialAction\":[{\"@type\":\"ReadAction\",\"target\":[\"https:\/\/dorasilagyi.hu\/termek\/metanoia-14karatos-fulbevalo-feher-zafirral\/\"]}]},{\"@type\":\"BreadcrumbList\",\"@id\":\"https:\/\/dorasilagyi.hu\/termek\/metanoia-14karatos-fulbevalo-feher-zafirral\/#breadcrumb\",\"itemListElement\":[{\"@type\":\"ListItem\",\"position\":1,\"name\":\"Kezd\u0151lap\",\"item\":\"https:\/\/dorasilagyi.hu\/\"},{\"@type\":\"ListItem\",\"position\":2,\"name\":\"Shop\",\"item\":\"https:\/\/dorasilagyi.hu\/shop\/\"},{\"@type\":\"ListItem\",\"position\":3,\"name\":\"METANOIA 14kar\u00e1tos arany f\u00fclbeval\u00f3 zaf\u00edrral\"}]},{\"@type\":\"WebSite\",\"@id\":\"https:\/\/dorasilagyi.hu\/#website\",\"url\":\"https:\/\/dorasilagyi.hu\/\",\"name\":\"Dora Silagyi Jewellery\",\"description\":\"Sophisticated, timeless jewellery design\",\"publisher\":{\"@id\":\"https:\/\/dorasilagyi.hu\/#organization\"},\"potentialAction\":[{\"@type\":\"SearchAction\",\"target\":{\"@type\":\"EntryPoint\",\"urlTemplate\":\"https:\/\/dorasilagyi.hu\/?s={search_term_string}\"},\"query-input\":\"required name=search_term_string\"}],\"inLanguage\":\"en-GB\"},{\"@type\":\"Organization\",\"@id\":\"https:\/\/dorasilagyi.hu\/#organization\",\"name\":\"Dora Silagyi Jewellery\",\"url\":\"https:\/\/dorasilagyi.hu\/\",\"logo\":{\"@type\":\"ImageObject\",\"inLanguage\":\"en-GB\",\"@id\":\"https:\/\/dorasilagyi.hu\/#\/schema\/logo\/image\/\",\"url\":\"https:\/\/dorasilagyi.hu\/wp-content\/uploads\/2021\/05\/logowebre.png\",\"contentUrl\":\"https:\/\/dorasilagyi.hu\/wp-content\/uploads\/2021\/05\/logowebre.png\",\"width\":586,\"height\":431,\"caption\":\"Dora Silagyi Jewellery\"},\"image\":{\"@id\":\"https:\/\/dorasilagyi.hu\/#\/schema\/logo\/image\/\"},\"sameAs\":[\"https:\/\/www.instagram.com\/dorasilagyi\/\",\"https:\/\/www.facebook.com\/Dora-Silagyi-Jewellery-109313484673073\"]}]}<\/script>\n<!-- \/ Yoast SEO plugin. -->","yoast_head_json":{"title":"METANOIA 14kar\u00e1tos arany f\u00fclbeval\u00f3 zaf\u00edrral &mdash; Dora Silagyi Jewellery","robots":{"index":"index","follow":"follow","max-snippet":"max-snippet:-1","max-image-preview":"max-image-preview:large","max-video-preview":"max-video-preview:-1"},"canonical":"https:\/\/dorasilagyi.hu\/en\/product\/metanoia-14karatos-fulbevalo-feher-zafirral\/","og_locale":"en_GB","og_type":"article","og_title":"METANOIA 14kar\u00e1tos arany f\u00fclbeval\u00f3 zaf\u00edrral &mdash; Dora Silagyi Jewellery","og_description":"A modern METANOIA gy\u0171r\u0171 fazonokb\u00f3l inspir\u00e1l\u00f3dva k\u00e9sz\u00fclt el a j\u00e1t\u00e9kos f\u00fclbeval\u00f3 kieg\u00e9sz\u00edt\u00e9sk\u00e9nt egy kollekci\u00f3hoz. F\u00fcgg\u0151, n\u00e9gyzet alak\u00fa tokos foglalatokkal \u00e9s karakteres r\u00e9szleteivel, melyet szikr\u00e1z\u00f3 leuk\u00f3 (sz\u00edntelen) zaf\u00edrok eg\u00e9sz\u00edtenek ki, ez a f\u00fclbeval\u00f3 t\u00f6k\u00e9letesen k\u00e9nyelmes viselet, visszafogott csillog\u00e1s\u00e1val, finom eleganci\u00e1t csemp\u00e9szve a mindennapi viseletedhez. K\u00e9zzel k\u00e9sz\u00fclt, 14kar\u00e1tos arany stifttel \u00e9s stekkerrel. S\u00faly: 3.1 gr\/p\u00e1r Zaf\u00edrok: 2 db, 0.4 ct 4x4 mm m\u00e9retben","og_url":"https:\/\/dorasilagyi.hu\/en\/product\/metanoia-14karatos-fulbevalo-feher-zafirral\/","og_site_name":"Dora Silagyi Jewellery","article_publisher":"https:\/\/www.facebook.com\/Dora-Silagyi-Jewellery-109313484673073","article_modified_time":"2026-03-02T07:46:06+00:00","og_image":[{"width":1536,"height":2048,"url":"https:\/\/dorasilagyi.hu\/wp-content\/uploads\/2023\/10\/DSC02448.png","type":"image\/png"}],"twitter_card":"summary_large_image","schema":{"@context":"https:\/\/schema.org","@graph":[{"@type":"WebPage","@id":"https:\/\/dorasilagyi.hu\/termek\/metanoia-14karatos-fulbevalo-feher-zafirral\/","url":"https:\/\/dorasilagyi.hu\/termek\/metanoia-14karatos-fulbevalo-feher-zafirral\/","name":"METANOIA 14kar\u00e1tos arany f\u00fclbeval\u00f3 zaf\u00edrral &mdash; Dora Silagyi Jewellery","isPartOf":{"@id":"https:\/\/dorasilagyi.hu\/#website"},"datePublished":"2023-10-24T08:55:47+00:00","dateModified":"2026-03-02T07:46:06+00:00","breadcrumb":{"@id":"https:\/\/dorasilagyi.hu\/termek\/metanoia-14karatos-fulbevalo-feher-zafirral\/#breadcrumb"},"inLanguage":"en-GB","potentialAction":[{"@type":"ReadAction","target":["https:\/\/dorasilagyi.hu\/termek\/metanoia-14karatos-fulbevalo-feher-zafirral\/"]}]},{"@type":"BreadcrumbList","@id":"https:\/\/dorasilagyi.hu\/termek\/metanoia-14karatos-fulbevalo-feher-zafirral\/#breadcrumb","itemListElement":[{"@type":"ListItem","position":1,"name":"Kezd\u0151lap","item":"https:\/\/dorasilagyi.hu\/"},{"@type":"ListItem","position":2,"name":"Shop","item":"https:\/\/dorasilagyi.hu\/shop\/"},{"@type":"ListItem","position":3,"name":"METANOIA 14kar\u00e1tos arany f\u00fclbeval\u00f3 zaf\u00edrral"}]},{"@type":"WebSite","@id":"https:\/\/dorasilagyi.hu\/#website","url":"https:\/\/dorasilagyi.hu\/","name":"Dora Silagyi Jewellery","description":"Sophisticated, timeless jewellery design","publisher":{"@id":"https:\/\/dorasilagyi.hu\/#organization"},"potentialAction":[{"@type":"SearchAction","target":{"@type":"EntryPoint","urlTemplate":"https:\/\/dorasilagyi.hu\/?s={search_term_string}"},"query-input":"required name=search_term_string"}],"inLanguage":"en-GB"},{"@type":"Organization","@id":"https:\/\/dorasilagyi.hu\/#organization","name":"Dora Silagyi Jewellery","url":"https:\/\/dorasilagyi.hu\/","logo":{"@type":"ImageObject","inLanguage":"en-GB","@id":"https:\/\/dorasilagyi.hu\/#\/schema\/logo\/image\/","url":"https:\/\/dorasilagyi.hu\/wp-content\/uploads\/2021\/05\/logowebre.png","contentUrl":"https:\/\/dorasilagyi.hu\/wp-content\/uploads\/2021\/05\/logowebre.png","width":586,"height":431,"caption":"Dora Silagyi Jewellery"},"image":{"@id":"https:\/\/dorasilagyi.hu\/#\/schema\/logo\/image\/"},"sameAs":["https:\/\/www.instagram.com\/dorasilagyi\/","https:\/\/www.facebook.com\/Dora-Silagyi-Jewellery-109313484673073"]}]}},"_links":{"self":[{"href":"https:\/\/dorasilagyi.hu\/en\/wp-json\/wp\/v2\/product\/231296","targetHints":{"allow":["GET"]}}],"collection":[{"href":"https:\/\/dorasilagyi.hu\/en\/wp-json\/wp\/v2\/product"}],"about":[{"href":"https:\/\/dorasilagyi.hu\/en\/wp-json\/wp\/v2\/types\/product"}],"wp:featuredmedia":[{"embeddable":true,"href":"https:\/\/dorasilagyi.hu\/en\/wp-json\/wp\/v2\/media\/231942"}],"wp:attachment":[{"href":"https:\/\/dorasilagyi.hu\/en\/wp-json\/wp\/v2\/media?parent=231296"}],"wp:term":[{"taxonomy":"product_cat","embeddable":true,"href":"https:\/\/dorasilagyi.hu\/en\/wp-json\/wp\/v2\/product_cat?post=231296"},{"taxonomy":"product_tag","embeddable":true,"href":"https:\/\/dorasilagyi.hu\/en\/wp-json\/wp\/v2\/product_tag?post=231296"}],"curies":[{"name":"wp","href":"https:\/\/api.w.org\/{rel}","templated":true}]}}