{"id":231143,"date":"2023-10-01T15:13:19","date_gmt":"2023-10-01T15:13:19","guid":{"rendered":"https:\/\/dorasilagyi.hu\/?post_type=product&#038;p=231143"},"modified":"2026-03-02T07:47:24","modified_gmt":"2026-03-02T07:47:24","slug":"egyedi-karikagyuru-hazai-tervezotol","status":"publish","type":"product","link":"https:\/\/dorasilagyi.hu\/en\/product\/egyedi-karikagyuru-hazai-tervezotol\/","title":{"rendered":"METANOIA double 14 carat gold wedding ring"},"content":{"rendered":"<p>Signature DSJ piece. Unique, double-curved MATENOIA style. 14k yellow gold. Graceful form, rhythm and modern femininity in precious metal.<br \/>\nEach Metanoia double ring is made by hand by bending, shaping and then soldering the two separate ring rails together.<br \/>\nThe ring is available in sizes 50-54 in 14k yellow gold at the listed price. If you require a different size or a different alloy color (rose gold or white gold), please contact us by email so we can send you a custom quote!<br \/>\nMake it more personal with a series of small precious stones or diamonds, in a two-color style, if you need it made of a different alloy (rose or white gold), contact the designer at studio@dorasilagyi.hu!<br \/>\nAll jewelry is made after ordering in our P\u00e9cs studio based on the specified size, so please allow for the production time, which is 3-4 weeks.<\/p>","protected":false},"excerpt":{"rendered":"<p>Unique, double-curved MATENOIA style. 14 carat yellow gold. Graceful form, rhythm and modern femininity in precious metal.<br \/>\nEach Metanoia double ring is made by hand by bending, shaping and then soldering the two separate ring rails together.<br \/>\nThe ring is available in sizes 50-54 in 14k yellow gold at the listed price. If you require a different size or a different alloy color (rose gold or white gold), please contact us by email so we can send you a custom quote!<br \/>\nMake it more personal with a series of small precious stones or diamonds, in a two-color style, if you need it made of a different alloy (rose or white gold), contact the designer at studio@dorasilagyi.hu!<br \/>\nAll jewelry is made after ordering in our P\u00e9cs studio based on the specified size, so please allow for the production time, which is 3-4 weeks.<\/p>","protected":false},"featured_media":231144,"template":"","meta":{"_et_pb_use_builder":"","_et_pb_old_content":"","_et_gb_content_width":"","_monsterinsights_skip_tracking":false,"_monsterinsights_sitenote_active":false,"_monsterinsights_sitenote_note":"","_monsterinsights_sitenote_category":0},"product_cat":[127,129],"product_tag":[],"class_list":["post-231143","product","type-product","status-publish","has-post-thumbnail","hentry","product_cat-karikagyuru","product_cat-gyuru","pa_meret-100","pa_meret-101","pa_meret-87","pa_meret-54","pa_meret-55","pa_meret-56","pa_meret-57","pa_meret-58"],"yoast_head":"<!-- This site is optimized with the Yoast SEO plugin v19.9 - https:\/\/yoast.com\/wordpress\/plugins\/seo\/ -->\n<title>METANOIA double 14 kar\u00e1tos arany karikagy\u0171r\u0171 &mdash; Dora Silagyi Jewellery<\/title>\n<meta name=\"description\" content=\"Egyedi karikagy\u0171r\u0171 finom, eleg\u00e1ns dupla \u00edv\u0171 gy\u0171r\u0171s\u00ednnel modern menyasszonyoknak! 14kar\u00e1tos arany, k\u00e9zzel k\u00e9sz\u00fclt, haza tervez\u0151-aranym\u0171ves \u00e1ltal, lok\u00e1lisan p\u00e9csi m\u0171hely\u00fcnkben. \u00c9letre sz\u00f3l\u00f3 \u00e9kszer, \u00fajrahasznos\u00edtott t\u00f6rt aranyb\u00f3l, gondos odafigyel\u00e9ssel k\u00e9sz\u00edtve.\" \/>\n<meta name=\"robots\" content=\"index, follow, max-snippet:-1, max-image-preview:large, max-video-preview:-1\" \/>\n<link rel=\"canonical\" href=\"https:\/\/dorasilagyi.hu\/en\/product\/egyedi-karikagyuru-hazai-tervezotol\/\" \/>\n<meta property=\"og:locale\" content=\"en_GB\" \/>\n<meta property=\"og:type\" content=\"article\" \/>\n<meta property=\"og:title\" content=\"METANOIA double 14 kar\u00e1tos arany karikagy\u0171r\u0171 &mdash; Dora Silagyi Jewellery\" \/>\n<meta property=\"og:description\" content=\"Egyedi karikagy\u0171r\u0171 finom, eleg\u00e1ns dupla \u00edv\u0171 gy\u0171r\u0171s\u00ednnel modern menyasszonyoknak! 14kar\u00e1tos arany, k\u00e9zzel k\u00e9sz\u00fclt, haza tervez\u0151-aranym\u0171ves \u00e1ltal, lok\u00e1lisan p\u00e9csi m\u0171hely\u00fcnkben. \u00c9letre sz\u00f3l\u00f3 \u00e9kszer, \u00fajrahasznos\u00edtott t\u00f6rt aranyb\u00f3l, gondos odafigyel\u00e9ssel k\u00e9sz\u00edtve.\" \/>\n<meta property=\"og:url\" content=\"https:\/\/dorasilagyi.hu\/en\/product\/egyedi-karikagyuru-hazai-tervezotol\/\" \/>\n<meta property=\"og:site_name\" content=\"Dora Silagyi Jewellery\" \/>\n<meta property=\"article:publisher\" content=\"https:\/\/www.facebook.com\/Dora-Silagyi-Jewellery-109313484673073\" \/>\n<meta property=\"article:modified_time\" content=\"2026-03-02T07:47:24+00:00\" \/>\n<meta property=\"og:image\" content=\"https:\/\/dorasilagyi.hu\/wp-content\/uploads\/2023\/10\/hullam-scaled.jpg\" \/>\n\t<meta property=\"og:image:width\" content=\"1714\" \/>\n\t<meta property=\"og:image:height\" content=\"2560\" \/>\n\t<meta property=\"og:image:type\" content=\"image\/jpeg\" \/>\n<meta name=\"twitter:card\" content=\"summary_large_image\" \/>\n<meta name=\"twitter:label1\" content=\"Estimated reading time\" \/>\n\t<meta name=\"twitter:data1\" content=\"1 minute\" \/>\n<script type=\"application\/ld+json\" class=\"yoast-schema-graph\">{\"@context\":\"https:\/\/schema.org\",\"@graph\":[{\"@type\":\"WebPage\",\"@id\":\"https:\/\/dorasilagyi.hu\/termek\/egyedi-karikagyuru-hazai-tervezotol\/\",\"url\":\"https:\/\/dorasilagyi.hu\/termek\/egyedi-karikagyuru-hazai-tervezotol\/\",\"name\":\"METANOIA double 14 kar\u00e1tos arany karikagy\u0171r\u0171 &mdash; Dora Silagyi Jewellery\",\"isPartOf\":{\"@id\":\"https:\/\/dorasilagyi.hu\/#website\"},\"datePublished\":\"2023-10-01T15:13:19+00:00\",\"dateModified\":\"2026-03-02T07:47:24+00:00\",\"description\":\"Egyedi karikagy\u0171r\u0171 finom, eleg\u00e1ns dupla \u00edv\u0171 gy\u0171r\u0171s\u00ednnel modern menyasszonyoknak! 14kar\u00e1tos arany, k\u00e9zzel k\u00e9sz\u00fclt, haza tervez\u0151-aranym\u0171ves \u00e1ltal, lok\u00e1lisan p\u00e9csi m\u0171hely\u00fcnkben. \u00c9letre sz\u00f3l\u00f3 \u00e9kszer, \u00fajrahasznos\u00edtott t\u00f6rt aranyb\u00f3l, gondos odafigyel\u00e9ssel k\u00e9sz\u00edtve.\",\"breadcrumb\":{\"@id\":\"https:\/\/dorasilagyi.hu\/termek\/egyedi-karikagyuru-hazai-tervezotol\/#breadcrumb\"},\"inLanguage\":\"en-GB\",\"potentialAction\":[{\"@type\":\"ReadAction\",\"target\":[\"https:\/\/dorasilagyi.hu\/termek\/egyedi-karikagyuru-hazai-tervezotol\/\"]}]},{\"@type\":\"BreadcrumbList\",\"@id\":\"https:\/\/dorasilagyi.hu\/termek\/egyedi-karikagyuru-hazai-tervezotol\/#breadcrumb\",\"itemListElement\":[{\"@type\":\"ListItem\",\"position\":1,\"name\":\"Kezd\u0151lap\",\"item\":\"https:\/\/dorasilagyi.hu\/\"},{\"@type\":\"ListItem\",\"position\":2,\"name\":\"Shop\",\"item\":\"https:\/\/dorasilagyi.hu\/shop\/\"},{\"@type\":\"ListItem\",\"position\":3,\"name\":\"METANOIA double 14 kar\u00e1tos arany karikagy\u0171r\u0171\"}]},{\"@type\":\"WebSite\",\"@id\":\"https:\/\/dorasilagyi.hu\/#website\",\"url\":\"https:\/\/dorasilagyi.hu\/\",\"name\":\"Dora Silagyi Jewellery\",\"description\":\"Sophisticated, timeless jewellery design\",\"publisher\":{\"@id\":\"https:\/\/dorasilagyi.hu\/#organization\"},\"potentialAction\":[{\"@type\":\"SearchAction\",\"target\":{\"@type\":\"EntryPoint\",\"urlTemplate\":\"https:\/\/dorasilagyi.hu\/?s={search_term_string}\"},\"query-input\":\"required name=search_term_string\"}],\"inLanguage\":\"en-GB\"},{\"@type\":\"Organization\",\"@id\":\"https:\/\/dorasilagyi.hu\/#organization\",\"name\":\"Dora Silagyi Jewellery\",\"url\":\"https:\/\/dorasilagyi.hu\/\",\"logo\":{\"@type\":\"ImageObject\",\"inLanguage\":\"en-GB\",\"@id\":\"https:\/\/dorasilagyi.hu\/#\/schema\/logo\/image\/\",\"url\":\"https:\/\/dorasilagyi.hu\/wp-content\/uploads\/2021\/05\/logowebre.png\",\"contentUrl\":\"https:\/\/dorasilagyi.hu\/wp-content\/uploads\/2021\/05\/logowebre.png\",\"width\":586,\"height\":431,\"caption\":\"Dora Silagyi Jewellery\"},\"image\":{\"@id\":\"https:\/\/dorasilagyi.hu\/#\/schema\/logo\/image\/\"},\"sameAs\":[\"https:\/\/www.instagram.com\/dorasilagyi\/\",\"https:\/\/www.facebook.com\/Dora-Silagyi-Jewellery-109313484673073\"]}]}<\/script>\n<!-- \/ Yoast SEO plugin. -->","yoast_head_json":{"title":"METANOIA double 14 kar\u00e1tos arany karikagy\u0171r\u0171 &mdash; Dora Silagyi Jewellery","description":"Egyedi karikagy\u0171r\u0171 finom, eleg\u00e1ns dupla \u00edv\u0171 gy\u0171r\u0171s\u00ednnel modern menyasszonyoknak! 14kar\u00e1tos arany, k\u00e9zzel k\u00e9sz\u00fclt, haza tervez\u0151-aranym\u0171ves \u00e1ltal, lok\u00e1lisan p\u00e9csi m\u0171hely\u00fcnkben. \u00c9letre sz\u00f3l\u00f3 \u00e9kszer, \u00fajrahasznos\u00edtott t\u00f6rt aranyb\u00f3l, gondos odafigyel\u00e9ssel k\u00e9sz\u00edtve.","robots":{"index":"index","follow":"follow","max-snippet":"max-snippet:-1","max-image-preview":"max-image-preview:large","max-video-preview":"max-video-preview:-1"},"canonical":"https:\/\/dorasilagyi.hu\/en\/product\/egyedi-karikagyuru-hazai-tervezotol\/","og_locale":"en_GB","og_type":"article","og_title":"METANOIA double 14 kar\u00e1tos arany karikagy\u0171r\u0171 &mdash; Dora Silagyi Jewellery","og_description":"Egyedi karikagy\u0171r\u0171 finom, eleg\u00e1ns dupla \u00edv\u0171 gy\u0171r\u0171s\u00ednnel modern menyasszonyoknak! 14kar\u00e1tos arany, k\u00e9zzel k\u00e9sz\u00fclt, haza tervez\u0151-aranym\u0171ves \u00e1ltal, lok\u00e1lisan p\u00e9csi m\u0171hely\u00fcnkben. \u00c9letre sz\u00f3l\u00f3 \u00e9kszer, \u00fajrahasznos\u00edtott t\u00f6rt aranyb\u00f3l, gondos odafigyel\u00e9ssel k\u00e9sz\u00edtve.","og_url":"https:\/\/dorasilagyi.hu\/en\/product\/egyedi-karikagyuru-hazai-tervezotol\/","og_site_name":"Dora Silagyi Jewellery","article_publisher":"https:\/\/www.facebook.com\/Dora-Silagyi-Jewellery-109313484673073","article_modified_time":"2026-03-02T07:47:24+00:00","og_image":[{"width":1714,"height":2560,"url":"https:\/\/dorasilagyi.hu\/wp-content\/uploads\/2023\/10\/hullam-scaled.jpg","type":"image\/jpeg"}],"twitter_card":"summary_large_image","twitter_misc":{"Estimated reading time":"1 minute"},"schema":{"@context":"https:\/\/schema.org","@graph":[{"@type":"WebPage","@id":"https:\/\/dorasilagyi.hu\/termek\/egyedi-karikagyuru-hazai-tervezotol\/","url":"https:\/\/dorasilagyi.hu\/termek\/egyedi-karikagyuru-hazai-tervezotol\/","name":"METANOIA double 14 kar\u00e1tos arany karikagy\u0171r\u0171 &mdash; Dora Silagyi Jewellery","isPartOf":{"@id":"https:\/\/dorasilagyi.hu\/#website"},"datePublished":"2023-10-01T15:13:19+00:00","dateModified":"2026-03-02T07:47:24+00:00","description":"Egyedi karikagy\u0171r\u0171 finom, eleg\u00e1ns dupla \u00edv\u0171 gy\u0171r\u0171s\u00ednnel modern menyasszonyoknak! 14kar\u00e1tos arany, k\u00e9zzel k\u00e9sz\u00fclt, haza tervez\u0151-aranym\u0171ves \u00e1ltal, lok\u00e1lisan p\u00e9csi m\u0171hely\u00fcnkben. \u00c9letre sz\u00f3l\u00f3 \u00e9kszer, \u00fajrahasznos\u00edtott t\u00f6rt aranyb\u00f3l, gondos odafigyel\u00e9ssel k\u00e9sz\u00edtve.","breadcrumb":{"@id":"https:\/\/dorasilagyi.hu\/termek\/egyedi-karikagyuru-hazai-tervezotol\/#breadcrumb"},"inLanguage":"en-GB","potentialAction":[{"@type":"ReadAction","target":["https:\/\/dorasilagyi.hu\/termek\/egyedi-karikagyuru-hazai-tervezotol\/"]}]},{"@type":"BreadcrumbList","@id":"https:\/\/dorasilagyi.hu\/termek\/egyedi-karikagyuru-hazai-tervezotol\/#breadcrumb","itemListElement":[{"@type":"ListItem","position":1,"name":"Kezd\u0151lap","item":"https:\/\/dorasilagyi.hu\/"},{"@type":"ListItem","position":2,"name":"Shop","item":"https:\/\/dorasilagyi.hu\/shop\/"},{"@type":"ListItem","position":3,"name":"METANOIA double 14 kar\u00e1tos arany karikagy\u0171r\u0171"}]},{"@type":"WebSite","@id":"https:\/\/dorasilagyi.hu\/#website","url":"https:\/\/dorasilagyi.hu\/","name":"Dora Silagyi Jewellery","description":"Sophisticated, timeless jewellery design","publisher":{"@id":"https:\/\/dorasilagyi.hu\/#organization"},"potentialAction":[{"@type":"SearchAction","target":{"@type":"EntryPoint","urlTemplate":"https:\/\/dorasilagyi.hu\/?s={search_term_string}"},"query-input":"required name=search_term_string"}],"inLanguage":"en-GB"},{"@type":"Organization","@id":"https:\/\/dorasilagyi.hu\/#organization","name":"Dora Silagyi Jewellery","url":"https:\/\/dorasilagyi.hu\/","logo":{"@type":"ImageObject","inLanguage":"en-GB","@id":"https:\/\/dorasilagyi.hu\/#\/schema\/logo\/image\/","url":"https:\/\/dorasilagyi.hu\/wp-content\/uploads\/2021\/05\/logowebre.png","contentUrl":"https:\/\/dorasilagyi.hu\/wp-content\/uploads\/2021\/05\/logowebre.png","width":586,"height":431,"caption":"Dora Silagyi Jewellery"},"image":{"@id":"https:\/\/dorasilagyi.hu\/#\/schema\/logo\/image\/"},"sameAs":["https:\/\/www.instagram.com\/dorasilagyi\/","https:\/\/www.facebook.com\/Dora-Silagyi-Jewellery-109313484673073"]}]}},"_links":{"self":[{"href":"https:\/\/dorasilagyi.hu\/en\/wp-json\/wp\/v2\/product\/231143","targetHints":{"allow":["GET"]}}],"collection":[{"href":"https:\/\/dorasilagyi.hu\/en\/wp-json\/wp\/v2\/product"}],"about":[{"href":"https:\/\/dorasilagyi.hu\/en\/wp-json\/wp\/v2\/types\/product"}],"wp:featuredmedia":[{"embeddable":true,"href":"https:\/\/dorasilagyi.hu\/en\/wp-json\/wp\/v2\/media\/231144"}],"wp:attachment":[{"href":"https:\/\/dorasilagyi.hu\/en\/wp-json\/wp\/v2\/media?parent=231143"}],"wp:term":[{"taxonomy":"product_cat","embeddable":true,"href":"https:\/\/dorasilagyi.hu\/en\/wp-json\/wp\/v2\/product_cat?post=231143"},{"taxonomy":"product_tag","embeddable":true,"href":"https:\/\/dorasilagyi.hu\/en\/wp-json\/wp\/v2\/product_tag?post=231143"}],"curies":[{"name":"wp","href":"https:\/\/api.w.org\/{rel}","templated":true}]}}