{"id":231106,"date":"2023-10-01T13:44:23","date_gmt":"2023-10-01T13:44:23","guid":{"rendered":"https:\/\/dorasilagyi.hu\/?post_type=product&#038;p=231106"},"modified":"2026-03-02T07:54:05","modified_gmt":"2026-03-02T07:54:05","slug":"aria-14karatos-arany-noi-karikagyuru","status":"publish","type":"product","link":"https:\/\/dorasilagyi.hu\/en\/product\/aria-14karatos-arany-noi-karikagyuru\/","title":{"rendered":"Aria 14-karat gold women&#039;s wedding ring"},"content":{"rendered":"<p>Graceful, refined, narrow wedding ring with a delicate wavy curve.<br \/>\nEach piece is hand-carved according to the ordered size, so the new piece may differ slightly from the one in the photo.<br \/>\nThe ring can be ordered in sizes 48-54 in 14-karat yellow, rose, or white gold at the indicated price. If you need a different size, contact us at studio@dorasilagyi.hu so that we can send you a unique price offer!<br \/>\nProduction time 3-4 weeks.<\/p>","protected":false},"excerpt":{"rendered":"<p>Graceful, refined, narrow wedding ring with a delicate wavy curve.<br \/>\nEach piece is hand-carved according to the ordered size, so the new piece may differ slightly from the one in the photo.<br \/>\nThe ring is available in sizes 48-54, in 14k yellow, rose, or white gold at the indicated price. If you require a different size, please contact us at studio@dorasilagyi.hu for a custom quote!<br \/>\nProduction time 3-4 weeks.<\/p>","protected":false},"featured_media":231125,"template":"","meta":{"_et_pb_use_builder":"","_et_pb_old_content":"","_et_gb_content_width":"","_monsterinsights_skip_tracking":false,"_monsterinsights_sitenote_active":false,"_monsterinsights_sitenote_note":"","_monsterinsights_sitenote_category":0},"product_cat":[132,127,129],"product_tag":[],"class_list":["post-231106","product","type-product","status-publish","has-post-thumbnail","hentry","product_cat-ready-to-ship","product_cat-karikagyuru","product_cat-gyuru","pa_anyag-14karatos-feherarany","pa_anyag-14karatos-roze-arany","pa_anyag-14karatos-sarga-arany","pa_meret-100","pa_meret-101","pa_meret-87","pa_meret-54","pa_meret-55","pa_meret-56","pa_meret-57"],"yoast_head":"<!-- This site is optimized with the Yoast SEO plugin v19.9 - https:\/\/yoast.com\/wordpress\/plugins\/seo\/ -->\n<title>Aria 14kar\u00e1tos arany n\u0151i karikagy\u0171r\u0171 &mdash; Dora Silagyi Jewellery<\/title>\n<meta name=\"description\" content=\"Kecses, kifinomult, keskeny karikagy\u0171r\u0171 finom hull\u00e1mos \u00edvvel.Minden darab k\u00e9zzel faragva k\u00e9sz\u00fcl a megrendelt m\u00e9ret szerint, \u00edgy az \u00faj darab kis m\u00e9rt\u00e9kben elt\u00e9rhet a fot\u00f3n szerepl\u0151t\u0151l.A gy\u0171r\u0171 48-54 m\u00e9retekben rendelhet\u0151 meg, 14kar\u00e1tos s\u00e1rga, roz\u00e9, vagy feh\u00e9rarany v\u00e1ltozatban a felt\u00fcntetett \u00e1ron. M\u00e1s m\u00e9ret ig\u00e9ny\u00e9nek eset\u00e9n vedd fel vel\u00fcnk a kapcsolatot a studio@dorasilagyi.hu email c\u00edmen, hogy egyedi \u00e1raj\u00e1nlatot k\u00fcldhess\u00fcnk!K\u00e9sz\u00edt\u00e9si id\u0151 3-4 h\u00e9t.\" \/>\n<meta name=\"robots\" content=\"index, follow, max-snippet:-1, max-image-preview:large, max-video-preview:-1\" \/>\n<link rel=\"canonical\" href=\"https:\/\/dorasilagyi.hu\/en\/product\/aria-14karatos-arany-noi-karikagyuru\/\" \/>\n<meta property=\"og:locale\" content=\"en_GB\" \/>\n<meta property=\"og:type\" content=\"article\" \/>\n<meta property=\"og:title\" content=\"Aria 14kar\u00e1tos arany n\u0151i karikagy\u0171r\u0171 &mdash; Dora Silagyi Jewellery\" \/>\n<meta property=\"og:description\" content=\"Kecses, kifinomult, keskeny karikagy\u0171r\u0171 finom hull\u00e1mos \u00edvvel.Minden darab k\u00e9zzel faragva k\u00e9sz\u00fcl a megrendelt m\u00e9ret szerint, \u00edgy az \u00faj darab kis m\u00e9rt\u00e9kben elt\u00e9rhet a fot\u00f3n szerepl\u0151t\u0151l.A gy\u0171r\u0171 48-54 m\u00e9retekben rendelhet\u0151 meg, 14kar\u00e1tos s\u00e1rga, roz\u00e9, vagy feh\u00e9rarany v\u00e1ltozatban a felt\u00fcntetett \u00e1ron. M\u00e1s m\u00e9ret ig\u00e9ny\u00e9nek eset\u00e9n vedd fel vel\u00fcnk a kapcsolatot a studio@dorasilagyi.hu email c\u00edmen, hogy egyedi \u00e1raj\u00e1nlatot k\u00fcldhess\u00fcnk!K\u00e9sz\u00edt\u00e9si id\u0151 3-4 h\u00e9t.\" \/>\n<meta property=\"og:url\" content=\"https:\/\/dorasilagyi.hu\/en\/product\/aria-14karatos-arany-noi-karikagyuru\/\" \/>\n<meta property=\"og:site_name\" content=\"Dora Silagyi Jewellery\" \/>\n<meta property=\"article:publisher\" content=\"https:\/\/www.facebook.com\/Dora-Silagyi-Jewellery-109313484673073\" \/>\n<meta property=\"article:modified_time\" content=\"2026-03-02T07:54:05+00:00\" \/>\n<meta property=\"og:image\" content=\"https:\/\/dorasilagyi.hu\/wp-content\/uploads\/2023\/09\/weavy-vekony2-scaled.jpg\" \/>\n\t<meta property=\"og:image:width\" content=\"1714\" \/>\n\t<meta property=\"og:image:height\" content=\"2560\" \/>\n\t<meta property=\"og:image:type\" content=\"image\/jpeg\" \/>\n<meta name=\"twitter:card\" content=\"summary_large_image\" \/>\n<meta name=\"twitter:label1\" content=\"Estimated reading time\" \/>\n\t<meta name=\"twitter:data1\" content=\"1 minute\" \/>\n<script type=\"application\/ld+json\" class=\"yoast-schema-graph\">{\"@context\":\"https:\/\/schema.org\",\"@graph\":[{\"@type\":\"WebPage\",\"@id\":\"https:\/\/dorasilagyi.hu\/termek\/aria-14karatos-arany-noi-karikagyuru\/\",\"url\":\"https:\/\/dorasilagyi.hu\/termek\/aria-14karatos-arany-noi-karikagyuru\/\",\"name\":\"Aria 14kar\u00e1tos arany n\u0151i karikagy\u0171r\u0171 &mdash; Dora Silagyi Jewellery\",\"isPartOf\":{\"@id\":\"https:\/\/dorasilagyi.hu\/#website\"},\"datePublished\":\"2023-10-01T13:44:23+00:00\",\"dateModified\":\"2026-03-02T07:54:05+00:00\",\"description\":\"Kecses, kifinomult, keskeny karikagy\u0171r\u0171 finom hull\u00e1mos \u00edvvel.Minden darab k\u00e9zzel faragva k\u00e9sz\u00fcl a megrendelt m\u00e9ret szerint, \u00edgy az \u00faj darab kis m\u00e9rt\u00e9kben elt\u00e9rhet a fot\u00f3n szerepl\u0151t\u0151l.A gy\u0171r\u0171 48-54 m\u00e9retekben rendelhet\u0151 meg, 14kar\u00e1tos s\u00e1rga, roz\u00e9, vagy feh\u00e9rarany v\u00e1ltozatban a felt\u00fcntetett \u00e1ron. M\u00e1s m\u00e9ret ig\u00e9ny\u00e9nek eset\u00e9n vedd fel vel\u00fcnk a kapcsolatot a studio@dorasilagyi.hu email c\u00edmen, hogy egyedi \u00e1raj\u00e1nlatot k\u00fcldhess\u00fcnk!K\u00e9sz\u00edt\u00e9si id\u0151 3-4 h\u00e9t.\",\"breadcrumb\":{\"@id\":\"https:\/\/dorasilagyi.hu\/termek\/aria-14karatos-arany-noi-karikagyuru\/#breadcrumb\"},\"inLanguage\":\"en-GB\",\"potentialAction\":[{\"@type\":\"ReadAction\",\"target\":[\"https:\/\/dorasilagyi.hu\/termek\/aria-14karatos-arany-noi-karikagyuru\/\"]}]},{\"@type\":\"BreadcrumbList\",\"@id\":\"https:\/\/dorasilagyi.hu\/termek\/aria-14karatos-arany-noi-karikagyuru\/#breadcrumb\",\"itemListElement\":[{\"@type\":\"ListItem\",\"position\":1,\"name\":\"Kezd\u0151lap\",\"item\":\"https:\/\/dorasilagyi.hu\/\"},{\"@type\":\"ListItem\",\"position\":2,\"name\":\"Shop\",\"item\":\"https:\/\/dorasilagyi.hu\/shop\/\"},{\"@type\":\"ListItem\",\"position\":3,\"name\":\"Aria 14kar\u00e1tos arany n\u0151i karikagy\u0171r\u0171\"}]},{\"@type\":\"WebSite\",\"@id\":\"https:\/\/dorasilagyi.hu\/#website\",\"url\":\"https:\/\/dorasilagyi.hu\/\",\"name\":\"Dora Silagyi Jewellery\",\"description\":\"Sophisticated, timeless jewellery design\",\"publisher\":{\"@id\":\"https:\/\/dorasilagyi.hu\/#organization\"},\"potentialAction\":[{\"@type\":\"SearchAction\",\"target\":{\"@type\":\"EntryPoint\",\"urlTemplate\":\"https:\/\/dorasilagyi.hu\/?s={search_term_string}\"},\"query-input\":\"required name=search_term_string\"}],\"inLanguage\":\"en-GB\"},{\"@type\":\"Organization\",\"@id\":\"https:\/\/dorasilagyi.hu\/#organization\",\"name\":\"Dora Silagyi Jewellery\",\"url\":\"https:\/\/dorasilagyi.hu\/\",\"logo\":{\"@type\":\"ImageObject\",\"inLanguage\":\"en-GB\",\"@id\":\"https:\/\/dorasilagyi.hu\/#\/schema\/logo\/image\/\",\"url\":\"https:\/\/dorasilagyi.hu\/wp-content\/uploads\/2021\/05\/logowebre.png\",\"contentUrl\":\"https:\/\/dorasilagyi.hu\/wp-content\/uploads\/2021\/05\/logowebre.png\",\"width\":586,\"height\":431,\"caption\":\"Dora Silagyi Jewellery\"},\"image\":{\"@id\":\"https:\/\/dorasilagyi.hu\/#\/schema\/logo\/image\/\"},\"sameAs\":[\"https:\/\/www.instagram.com\/dorasilagyi\/\",\"https:\/\/www.facebook.com\/Dora-Silagyi-Jewellery-109313484673073\"]}]}<\/script>\n<!-- \/ Yoast SEO plugin. -->","yoast_head_json":{"title":"Aria 14kar\u00e1tos arany n\u0151i karikagy\u0171r\u0171 &mdash; Dora Silagyi Jewellery","description":"Kecses, kifinomult, keskeny karikagy\u0171r\u0171 finom hull\u00e1mos \u00edvvel.Minden darab k\u00e9zzel faragva k\u00e9sz\u00fcl a megrendelt m\u00e9ret szerint, \u00edgy az \u00faj darab kis m\u00e9rt\u00e9kben elt\u00e9rhet a fot\u00f3n szerepl\u0151t\u0151l.A gy\u0171r\u0171 48-54 m\u00e9retekben rendelhet\u0151 meg, 14kar\u00e1tos s\u00e1rga, roz\u00e9, vagy feh\u00e9rarany v\u00e1ltozatban a felt\u00fcntetett \u00e1ron. M\u00e1s m\u00e9ret ig\u00e9ny\u00e9nek eset\u00e9n vedd fel vel\u00fcnk a kapcsolatot a studio@dorasilagyi.hu email c\u00edmen, hogy egyedi \u00e1raj\u00e1nlatot k\u00fcldhess\u00fcnk!K\u00e9sz\u00edt\u00e9si id\u0151 3-4 h\u00e9t.","robots":{"index":"index","follow":"follow","max-snippet":"max-snippet:-1","max-image-preview":"max-image-preview:large","max-video-preview":"max-video-preview:-1"},"canonical":"https:\/\/dorasilagyi.hu\/en\/product\/aria-14karatos-arany-noi-karikagyuru\/","og_locale":"en_GB","og_type":"article","og_title":"Aria 14kar\u00e1tos arany n\u0151i karikagy\u0171r\u0171 &mdash; Dora Silagyi Jewellery","og_description":"Kecses, kifinomult, keskeny karikagy\u0171r\u0171 finom hull\u00e1mos \u00edvvel.Minden darab k\u00e9zzel faragva k\u00e9sz\u00fcl a megrendelt m\u00e9ret szerint, \u00edgy az \u00faj darab kis m\u00e9rt\u00e9kben elt\u00e9rhet a fot\u00f3n szerepl\u0151t\u0151l.A gy\u0171r\u0171 48-54 m\u00e9retekben rendelhet\u0151 meg, 14kar\u00e1tos s\u00e1rga, roz\u00e9, vagy feh\u00e9rarany v\u00e1ltozatban a felt\u00fcntetett \u00e1ron. M\u00e1s m\u00e9ret ig\u00e9ny\u00e9nek eset\u00e9n vedd fel vel\u00fcnk a kapcsolatot a studio@dorasilagyi.hu email c\u00edmen, hogy egyedi \u00e1raj\u00e1nlatot k\u00fcldhess\u00fcnk!K\u00e9sz\u00edt\u00e9si id\u0151 3-4 h\u00e9t.","og_url":"https:\/\/dorasilagyi.hu\/en\/product\/aria-14karatos-arany-noi-karikagyuru\/","og_site_name":"Dora Silagyi Jewellery","article_publisher":"https:\/\/www.facebook.com\/Dora-Silagyi-Jewellery-109313484673073","article_modified_time":"2026-03-02T07:54:05+00:00","og_image":[{"width":1714,"height":2560,"url":"https:\/\/dorasilagyi.hu\/wp-content\/uploads\/2023\/09\/weavy-vekony2-scaled.jpg","type":"image\/jpeg"}],"twitter_card":"summary_large_image","twitter_misc":{"Estimated reading time":"1 minute"},"schema":{"@context":"https:\/\/schema.org","@graph":[{"@type":"WebPage","@id":"https:\/\/dorasilagyi.hu\/termek\/aria-14karatos-arany-noi-karikagyuru\/","url":"https:\/\/dorasilagyi.hu\/termek\/aria-14karatos-arany-noi-karikagyuru\/","name":"Aria 14kar\u00e1tos arany n\u0151i karikagy\u0171r\u0171 &mdash; Dora Silagyi Jewellery","isPartOf":{"@id":"https:\/\/dorasilagyi.hu\/#website"},"datePublished":"2023-10-01T13:44:23+00:00","dateModified":"2026-03-02T07:54:05+00:00","description":"Kecses, kifinomult, keskeny karikagy\u0171r\u0171 finom hull\u00e1mos \u00edvvel.Minden darab k\u00e9zzel faragva k\u00e9sz\u00fcl a megrendelt m\u00e9ret szerint, \u00edgy az \u00faj darab kis m\u00e9rt\u00e9kben elt\u00e9rhet a fot\u00f3n szerepl\u0151t\u0151l.A gy\u0171r\u0171 48-54 m\u00e9retekben rendelhet\u0151 meg, 14kar\u00e1tos s\u00e1rga, roz\u00e9, vagy feh\u00e9rarany v\u00e1ltozatban a felt\u00fcntetett \u00e1ron. M\u00e1s m\u00e9ret ig\u00e9ny\u00e9nek eset\u00e9n vedd fel vel\u00fcnk a kapcsolatot a studio@dorasilagyi.hu email c\u00edmen, hogy egyedi \u00e1raj\u00e1nlatot k\u00fcldhess\u00fcnk!K\u00e9sz\u00edt\u00e9si id\u0151 3-4 h\u00e9t.","breadcrumb":{"@id":"https:\/\/dorasilagyi.hu\/termek\/aria-14karatos-arany-noi-karikagyuru\/#breadcrumb"},"inLanguage":"en-GB","potentialAction":[{"@type":"ReadAction","target":["https:\/\/dorasilagyi.hu\/termek\/aria-14karatos-arany-noi-karikagyuru\/"]}]},{"@type":"BreadcrumbList","@id":"https:\/\/dorasilagyi.hu\/termek\/aria-14karatos-arany-noi-karikagyuru\/#breadcrumb","itemListElement":[{"@type":"ListItem","position":1,"name":"Kezd\u0151lap","item":"https:\/\/dorasilagyi.hu\/"},{"@type":"ListItem","position":2,"name":"Shop","item":"https:\/\/dorasilagyi.hu\/shop\/"},{"@type":"ListItem","position":3,"name":"Aria 14kar\u00e1tos arany n\u0151i karikagy\u0171r\u0171"}]},{"@type":"WebSite","@id":"https:\/\/dorasilagyi.hu\/#website","url":"https:\/\/dorasilagyi.hu\/","name":"Dora Silagyi Jewellery","description":"Sophisticated, timeless jewellery design","publisher":{"@id":"https:\/\/dorasilagyi.hu\/#organization"},"potentialAction":[{"@type":"SearchAction","target":{"@type":"EntryPoint","urlTemplate":"https:\/\/dorasilagyi.hu\/?s={search_term_string}"},"query-input":"required name=search_term_string"}],"inLanguage":"en-GB"},{"@type":"Organization","@id":"https:\/\/dorasilagyi.hu\/#organization","name":"Dora Silagyi Jewellery","url":"https:\/\/dorasilagyi.hu\/","logo":{"@type":"ImageObject","inLanguage":"en-GB","@id":"https:\/\/dorasilagyi.hu\/#\/schema\/logo\/image\/","url":"https:\/\/dorasilagyi.hu\/wp-content\/uploads\/2021\/05\/logowebre.png","contentUrl":"https:\/\/dorasilagyi.hu\/wp-content\/uploads\/2021\/05\/logowebre.png","width":586,"height":431,"caption":"Dora Silagyi Jewellery"},"image":{"@id":"https:\/\/dorasilagyi.hu\/#\/schema\/logo\/image\/"},"sameAs":["https:\/\/www.instagram.com\/dorasilagyi\/","https:\/\/www.facebook.com\/Dora-Silagyi-Jewellery-109313484673073"]}]}},"_links":{"self":[{"href":"https:\/\/dorasilagyi.hu\/en\/wp-json\/wp\/v2\/product\/231106","targetHints":{"allow":["GET"]}}],"collection":[{"href":"https:\/\/dorasilagyi.hu\/en\/wp-json\/wp\/v2\/product"}],"about":[{"href":"https:\/\/dorasilagyi.hu\/en\/wp-json\/wp\/v2\/types\/product"}],"wp:featuredmedia":[{"embeddable":true,"href":"https:\/\/dorasilagyi.hu\/en\/wp-json\/wp\/v2\/media\/231125"}],"wp:attachment":[{"href":"https:\/\/dorasilagyi.hu\/en\/wp-json\/wp\/v2\/media?parent=231106"}],"wp:term":[{"taxonomy":"product_cat","embeddable":true,"href":"https:\/\/dorasilagyi.hu\/en\/wp-json\/wp\/v2\/product_cat?post=231106"},{"taxonomy":"product_tag","embeddable":true,"href":"https:\/\/dorasilagyi.hu\/en\/wp-json\/wp\/v2\/product_tag?post=231106"}],"curies":[{"name":"wp","href":"https:\/\/api.w.org\/{rel}","templated":true}]}}