{"id":231104,"date":"2025-02-18T18:20:24","date_gmt":"2025-02-18T18:20:24","guid":{"rendered":"https:\/\/dorasilagyi.hu\/?post_type=product&#038;p=231104"},"modified":"2025-12-10T15:26:30","modified_gmt":"2025-12-10T15:26:30","slug":"lava-14karatos-arany-ferfi-karikagyuru","status":"publish","type":"product","link":"https:\/\/dorasilagyi.hu\/en\/product\/lava-14karatos-arany-ferfi-karikagyuru\/","title":{"rendered":"LAVA 14k gold men&#039;s wedding ring \/available to order\/"},"content":{"rendered":"<p>If you need a gold alloy of a different size or color, please contact the studio at studio@dorasilagyi.hu!<br \/>\nEach LAVA ring is individually handmade to the specified size, so the surface of the rings may differ slightly from the one shown in the photo.<br \/>\nThe LAVA texture smoothes over time, depending on the degree of external influences resulting from wear, and dull areas become brighter.<\/p>","protected":false},"excerpt":{"rendered":"<p>LAVA \u2013 organic textured \u2013 men&#039;s wedding ring with a semi-dome profile.<br \/>\n14 karat yellow gold.<br \/>\n4.5-4.7 mm wide ring rail with a slight comfort fit interior design for perfect comfort.<br \/>\nAvailable in sizes 57-68, made to measure, according to current price list.<br \/>\nFor further information and orders, please email studio@dorasilagyi.hu.<\/p>","protected":false},"featured_media":232437,"template":"","meta":{"_et_pb_use_builder":"","_et_pb_old_content":"","_et_gb_content_width":"","_monsterinsights_skip_tracking":false,"_monsterinsights_sitenote_active":false,"_monsterinsights_sitenote_note":"","_monsterinsights_sitenote_category":0},"product_cat":[127,129],"product_tag":[],"class_list":["post-231104","product","type-product","status-publish","has-post-thumbnail","hentry","product_cat-karikagyuru","product_cat-gyuru","pa_meret-59","pa_meret-91","pa_meret-92","pa_meret-93","pa_meret-94","pa_meret-95","pa_meret-96","pa_meret-97","pa_meret-98"],"yoast_head":"<!-- This site is optimized with the Yoast SEO plugin v19.9 - https:\/\/yoast.com\/wordpress\/plugins\/seo\/ -->\n<title>LAVA 14kar\u00e1tos arany f\u00e9rfi karikagy\u0171r\u0171 \/rendelhet\u0151\/ &mdash; Dora Silagyi Jewellery<\/title>\n<meta name=\"robots\" content=\"index, follow, max-snippet:-1, max-image-preview:large, max-video-preview:-1\" \/>\n<link rel=\"canonical\" href=\"https:\/\/dorasilagyi.hu\/en\/product\/lava-14karatos-arany-ferfi-karikagyuru\/\" \/>\n<meta property=\"og:locale\" content=\"en_GB\" \/>\n<meta property=\"og:type\" content=\"article\" \/>\n<meta property=\"og:title\" content=\"LAVA 14kar\u00e1tos arany f\u00e9rfi karikagy\u0171r\u0171 \/rendelhet\u0151\/ &mdash; Dora Silagyi Jewellery\" \/>\n<meta property=\"og:description\" content=\"LAVA - organikus text\u00far\u00e1j\u00fa - f\u00e9rfi karikagy\u0171r\u0171, f\u00e9ldombor\u00fa profillal. 14kar\u00e1tos s\u00e1rga arany. 4.5-4.7 mm sz\u00e9les gy\u0171r\u0171 s\u00edn, enyhe komfort fit bels\u0151 kialak\u00edt\u00e1ssal a t\u00f6k\u00e9letes k\u00e9nyelem\u00e9rt. 57-68 m\u00e9retig rendelhet\u0151, m\u00e9retre adott, aktu\u00e1lis \u00e1raj\u00e1nlat szerint. Tov\u00e1bbi inform\u00e1ci\u00f3k, megrendel\u00e9s studio@dorasilagyi.hu email c\u00edmen.\" \/>\n<meta property=\"og:url\" content=\"https:\/\/dorasilagyi.hu\/en\/product\/lava-14karatos-arany-ferfi-karikagyuru\/\" \/>\n<meta property=\"og:site_name\" content=\"Dora Silagyi Jewellery\" \/>\n<meta property=\"article:publisher\" content=\"https:\/\/www.facebook.com\/Dora-Silagyi-Jewellery-109313484673073\" \/>\n<meta property=\"article:modified_time\" content=\"2025-12-10T15:26:30+00:00\" \/>\n<meta property=\"og:image\" content=\"https:\/\/dorasilagyi.hu\/wp-content\/uploads\/2025\/02\/LAVA-ffi-gyuru-scaled.jpg\" \/>\n\t<meta property=\"og:image:width\" content=\"1714\" \/>\n\t<meta property=\"og:image:height\" content=\"2560\" \/>\n\t<meta property=\"og:image:type\" content=\"image\/jpeg\" \/>\n<meta name=\"twitter:card\" content=\"summary_large_image\" \/>\n<script type=\"application\/ld+json\" class=\"yoast-schema-graph\">{\"@context\":\"https:\/\/schema.org\",\"@graph\":[{\"@type\":\"WebPage\",\"@id\":\"https:\/\/dorasilagyi.hu\/termek\/lava-14karatos-arany-ferfi-karikagyuru\/\",\"url\":\"https:\/\/dorasilagyi.hu\/termek\/lava-14karatos-arany-ferfi-karikagyuru\/\",\"name\":\"LAVA 14kar\u00e1tos arany f\u00e9rfi karikagy\u0171r\u0171 \/rendelhet\u0151\/ &mdash; Dora Silagyi Jewellery\",\"isPartOf\":{\"@id\":\"https:\/\/dorasilagyi.hu\/#website\"},\"datePublished\":\"2025-02-18T18:20:24+00:00\",\"dateModified\":\"2025-12-10T15:26:30+00:00\",\"breadcrumb\":{\"@id\":\"https:\/\/dorasilagyi.hu\/termek\/lava-14karatos-arany-ferfi-karikagyuru\/#breadcrumb\"},\"inLanguage\":\"en-GB\",\"potentialAction\":[{\"@type\":\"ReadAction\",\"target\":[\"https:\/\/dorasilagyi.hu\/termek\/lava-14karatos-arany-ferfi-karikagyuru\/\"]}]},{\"@type\":\"BreadcrumbList\",\"@id\":\"https:\/\/dorasilagyi.hu\/termek\/lava-14karatos-arany-ferfi-karikagyuru\/#breadcrumb\",\"itemListElement\":[{\"@type\":\"ListItem\",\"position\":1,\"name\":\"Kezd\u0151lap\",\"item\":\"https:\/\/dorasilagyi.hu\/\"},{\"@type\":\"ListItem\",\"position\":2,\"name\":\"Shop\",\"item\":\"https:\/\/dorasilagyi.hu\/shop\/\"},{\"@type\":\"ListItem\",\"position\":3,\"name\":\"LAVA 14kar\u00e1tos arany f\u00e9rfi karikagy\u0171r\u0171 \/rendelhet\u0151\/\"}]},{\"@type\":\"WebSite\",\"@id\":\"https:\/\/dorasilagyi.hu\/#website\",\"url\":\"https:\/\/dorasilagyi.hu\/\",\"name\":\"Dora Silagyi Jewellery\",\"description\":\"Sophisticated, timeless jewellery design\",\"publisher\":{\"@id\":\"https:\/\/dorasilagyi.hu\/#organization\"},\"potentialAction\":[{\"@type\":\"SearchAction\",\"target\":{\"@type\":\"EntryPoint\",\"urlTemplate\":\"https:\/\/dorasilagyi.hu\/?s={search_term_string}\"},\"query-input\":\"required name=search_term_string\"}],\"inLanguage\":\"en-GB\"},{\"@type\":\"Organization\",\"@id\":\"https:\/\/dorasilagyi.hu\/#organization\",\"name\":\"Dora Silagyi Jewellery\",\"url\":\"https:\/\/dorasilagyi.hu\/\",\"logo\":{\"@type\":\"ImageObject\",\"inLanguage\":\"en-GB\",\"@id\":\"https:\/\/dorasilagyi.hu\/#\/schema\/logo\/image\/\",\"url\":\"https:\/\/dorasilagyi.hu\/wp-content\/uploads\/2021\/05\/logowebre.png\",\"contentUrl\":\"https:\/\/dorasilagyi.hu\/wp-content\/uploads\/2021\/05\/logowebre.png\",\"width\":586,\"height\":431,\"caption\":\"Dora Silagyi Jewellery\"},\"image\":{\"@id\":\"https:\/\/dorasilagyi.hu\/#\/schema\/logo\/image\/\"},\"sameAs\":[\"https:\/\/www.instagram.com\/dorasilagyi\/\",\"https:\/\/www.facebook.com\/Dora-Silagyi-Jewellery-109313484673073\"]}]}<\/script>\n<!-- \/ Yoast SEO plugin. -->","yoast_head_json":{"title":"LAVA 14kar\u00e1tos arany f\u00e9rfi karikagy\u0171r\u0171 \/rendelhet\u0151\/ &mdash; Dora Silagyi Jewellery","robots":{"index":"index","follow":"follow","max-snippet":"max-snippet:-1","max-image-preview":"max-image-preview:large","max-video-preview":"max-video-preview:-1"},"canonical":"https:\/\/dorasilagyi.hu\/en\/product\/lava-14karatos-arany-ferfi-karikagyuru\/","og_locale":"en_GB","og_type":"article","og_title":"LAVA 14kar\u00e1tos arany f\u00e9rfi karikagy\u0171r\u0171 \/rendelhet\u0151\/ &mdash; Dora Silagyi Jewellery","og_description":"LAVA - organikus text\u00far\u00e1j\u00fa - f\u00e9rfi karikagy\u0171r\u0171, f\u00e9ldombor\u00fa profillal. 14kar\u00e1tos s\u00e1rga arany. 4.5-4.7 mm sz\u00e9les gy\u0171r\u0171 s\u00edn, enyhe komfort fit bels\u0151 kialak\u00edt\u00e1ssal a t\u00f6k\u00e9letes k\u00e9nyelem\u00e9rt. 57-68 m\u00e9retig rendelhet\u0151, m\u00e9retre adott, aktu\u00e1lis \u00e1raj\u00e1nlat szerint. Tov\u00e1bbi inform\u00e1ci\u00f3k, megrendel\u00e9s studio@dorasilagyi.hu email c\u00edmen.","og_url":"https:\/\/dorasilagyi.hu\/en\/product\/lava-14karatos-arany-ferfi-karikagyuru\/","og_site_name":"Dora Silagyi Jewellery","article_publisher":"https:\/\/www.facebook.com\/Dora-Silagyi-Jewellery-109313484673073","article_modified_time":"2025-12-10T15:26:30+00:00","og_image":[{"width":1714,"height":2560,"url":"https:\/\/dorasilagyi.hu\/wp-content\/uploads\/2025\/02\/LAVA-ffi-gyuru-scaled.jpg","type":"image\/jpeg"}],"twitter_card":"summary_large_image","schema":{"@context":"https:\/\/schema.org","@graph":[{"@type":"WebPage","@id":"https:\/\/dorasilagyi.hu\/termek\/lava-14karatos-arany-ferfi-karikagyuru\/","url":"https:\/\/dorasilagyi.hu\/termek\/lava-14karatos-arany-ferfi-karikagyuru\/","name":"LAVA 14kar\u00e1tos arany f\u00e9rfi karikagy\u0171r\u0171 \/rendelhet\u0151\/ &mdash; Dora Silagyi Jewellery","isPartOf":{"@id":"https:\/\/dorasilagyi.hu\/#website"},"datePublished":"2025-02-18T18:20:24+00:00","dateModified":"2025-12-10T15:26:30+00:00","breadcrumb":{"@id":"https:\/\/dorasilagyi.hu\/termek\/lava-14karatos-arany-ferfi-karikagyuru\/#breadcrumb"},"inLanguage":"en-GB","potentialAction":[{"@type":"ReadAction","target":["https:\/\/dorasilagyi.hu\/termek\/lava-14karatos-arany-ferfi-karikagyuru\/"]}]},{"@type":"BreadcrumbList","@id":"https:\/\/dorasilagyi.hu\/termek\/lava-14karatos-arany-ferfi-karikagyuru\/#breadcrumb","itemListElement":[{"@type":"ListItem","position":1,"name":"Kezd\u0151lap","item":"https:\/\/dorasilagyi.hu\/"},{"@type":"ListItem","position":2,"name":"Shop","item":"https:\/\/dorasilagyi.hu\/shop\/"},{"@type":"ListItem","position":3,"name":"LAVA 14kar\u00e1tos arany f\u00e9rfi karikagy\u0171r\u0171 \/rendelhet\u0151\/"}]},{"@type":"WebSite","@id":"https:\/\/dorasilagyi.hu\/#website","url":"https:\/\/dorasilagyi.hu\/","name":"Dora Silagyi Jewellery","description":"Sophisticated, timeless jewellery design","publisher":{"@id":"https:\/\/dorasilagyi.hu\/#organization"},"potentialAction":[{"@type":"SearchAction","target":{"@type":"EntryPoint","urlTemplate":"https:\/\/dorasilagyi.hu\/?s={search_term_string}"},"query-input":"required name=search_term_string"}],"inLanguage":"en-GB"},{"@type":"Organization","@id":"https:\/\/dorasilagyi.hu\/#organization","name":"Dora Silagyi Jewellery","url":"https:\/\/dorasilagyi.hu\/","logo":{"@type":"ImageObject","inLanguage":"en-GB","@id":"https:\/\/dorasilagyi.hu\/#\/schema\/logo\/image\/","url":"https:\/\/dorasilagyi.hu\/wp-content\/uploads\/2021\/05\/logowebre.png","contentUrl":"https:\/\/dorasilagyi.hu\/wp-content\/uploads\/2021\/05\/logowebre.png","width":586,"height":431,"caption":"Dora Silagyi Jewellery"},"image":{"@id":"https:\/\/dorasilagyi.hu\/#\/schema\/logo\/image\/"},"sameAs":["https:\/\/www.instagram.com\/dorasilagyi\/","https:\/\/www.facebook.com\/Dora-Silagyi-Jewellery-109313484673073"]}]}},"_links":{"self":[{"href":"https:\/\/dorasilagyi.hu\/en\/wp-json\/wp\/v2\/product\/231104","targetHints":{"allow":["GET"]}}],"collection":[{"href":"https:\/\/dorasilagyi.hu\/en\/wp-json\/wp\/v2\/product"}],"about":[{"href":"https:\/\/dorasilagyi.hu\/en\/wp-json\/wp\/v2\/types\/product"}],"wp:featuredmedia":[{"embeddable":true,"href":"https:\/\/dorasilagyi.hu\/en\/wp-json\/wp\/v2\/media\/232437"}],"wp:attachment":[{"href":"https:\/\/dorasilagyi.hu\/en\/wp-json\/wp\/v2\/media?parent=231104"}],"wp:term":[{"taxonomy":"product_cat","embeddable":true,"href":"https:\/\/dorasilagyi.hu\/en\/wp-json\/wp\/v2\/product_cat?post=231104"},{"taxonomy":"product_tag","embeddable":true,"href":"https:\/\/dorasilagyi.hu\/en\/wp-json\/wp\/v2\/product_tag?post=231104"}],"curies":[{"name":"wp","href":"https:\/\/api.w.org\/{rel}","templated":true}]}}