{"id":231098,"date":"2023-09-17T14:55:00","date_gmt":"2023-09-17T14:55:00","guid":{"rendered":"https:\/\/dorasilagyi.hu\/?post_type=product&#038;p=231098"},"modified":"2025-12-22T19:19:45","modified_gmt":"2025-12-22T19:19:45","slug":"celeste-14karatos-feherarany-gyuru-sobors-gyemanttal","status":"publish","type":"product","link":"https:\/\/dorasilagyi.hu\/en\/product\/celeste-14karatos-feherarany-gyuru-sobors-gyemanttal\/","title":{"rendered":"CELESTE OOAK 14kar\u00e1tos feh\u00e9rarany gy\u0171r\u0171 s\u00f3&#038;bors gy\u00e9m\u00e1nttal \/SOLD OUT\/"},"content":{"rendered":"<p>The latest piece of the Limited S&amp;P collection.<br \/>\nOne and Only. The Limit\u00e1l S&amp;P collection is an ever-expanding collection of ready-made jewelry, mainly featuring carefully searched and selected, exceptionally beautiful, single and unrepeatable salt &amp; pepper diamonds. Each piece is a unique design, 14-karat gold, available for immediate delivery, ready for delivery, in a premium gift box. It is possible to resize as required.<br \/>\nContact us by email for more details!<\/p>","protected":false},"excerpt":{"rendered":"<p>14-carat white gold ring, 0.57 ct, 5.1 X 5.0 mm diameter trillion, rose cut, natural salt &amp; pepper diamond.<br \/>\nCase socket, 1.5 mm wide on ring rail with square profile.<br \/>\nSize: 47. Can be modified as required.<br \/>\nOne piece.<\/p>","protected":false},"featured_media":231101,"template":"","meta":{"_et_pb_use_builder":"","_et_pb_old_content":"","_et_gb_content_width":"","_monsterinsights_skip_tracking":false,"_monsterinsights_sitenote_active":false,"_monsterinsights_sitenote_note":"","_monsterinsights_sitenote_category":0},"product_cat":[126,129],"product_tag":[],"class_list":["post-231098","product","type-product","status-publish","has-post-thumbnail","hentry","product_cat-eljegyzesi-gyuru","product_cat-gyuru"],"yoast_head":"<!-- This site is optimized with the Yoast SEO plugin v19.9 - https:\/\/yoast.com\/wordpress\/plugins\/seo\/ -->\n<title>CELESTE OOAK 14kar\u00e1tos feh\u00e9rarany gy\u0171r\u0171 s\u00f3&amp;bors gy\u00e9m\u00e1nttal \/SOLD OUT\/ &mdash; Dora Silagyi Jewellery<\/title>\n<meta name=\"description\" content=\"14kar\u00e1tos feh\u00e9rarany gy\u0171r\u0171, a LIMITED kollekci\u00f3 leg\u00fajabb darabja. 0.57 ct, 5.1 X 5.0 mm \u00e1tm\u00e9r\u0151j\u0171 trillion, rose cut csiszol\u00e1s\u00fa, term\u00e9szetes s\u00f3&amp;bors gy\u00e9m\u00e1nttal.\u00a0Tokos foglalat, 1.5 mm sz\u00e9les sz\u00f6gletes profil\u00fa gy\u0171r\u0171s\u00ednen.M\u00e9ret: 47.\u00a0 Ig\u00e9ny szerint m\u00f3dos\u00edthat\u00f3.Egyetlen darab.\" \/>\n<meta name=\"robots\" content=\"index, follow, max-snippet:-1, max-image-preview:large, max-video-preview:-1\" \/>\n<link rel=\"canonical\" href=\"https:\/\/dorasilagyi.hu\/en\/product\/celeste-14karatos-feherarany-gyuru-sobors-gyemanttal\/\" \/>\n<meta property=\"og:locale\" content=\"en_GB\" \/>\n<meta property=\"og:type\" content=\"article\" \/>\n<meta property=\"og:title\" content=\"CELESTE OOAK 14kar\u00e1tos feh\u00e9rarany gy\u0171r\u0171 s\u00f3&amp;bors gy\u00e9m\u00e1nttal \/SOLD OUT\/ &mdash; Dora Silagyi Jewellery\" \/>\n<meta property=\"og:description\" content=\"14kar\u00e1tos feh\u00e9rarany gy\u0171r\u0171, a LIMITED kollekci\u00f3 leg\u00fajabb darabja. 0.57 ct, 5.1 X 5.0 mm \u00e1tm\u00e9r\u0151j\u0171 trillion, rose cut csiszol\u00e1s\u00fa, term\u00e9szetes s\u00f3&amp;bors gy\u00e9m\u00e1nttal.\u00a0Tokos foglalat, 1.5 mm sz\u00e9les sz\u00f6gletes profil\u00fa gy\u0171r\u0171s\u00ednen.M\u00e9ret: 47.\u00a0 Ig\u00e9ny szerint m\u00f3dos\u00edthat\u00f3.Egyetlen darab.\" \/>\n<meta property=\"og:url\" content=\"https:\/\/dorasilagyi.hu\/en\/product\/celeste-14karatos-feherarany-gyuru-sobors-gyemanttal\/\" \/>\n<meta property=\"og:site_name\" content=\"Dora Silagyi Jewellery\" \/>\n<meta property=\"article:publisher\" content=\"https:\/\/www.facebook.com\/Dora-Silagyi-Jewellery-109313484673073\" \/>\n<meta property=\"article:modified_time\" content=\"2025-12-22T19:19:45+00:00\" \/>\n<meta property=\"og:image\" content=\"https:\/\/dorasilagyi.hu\/wp-content\/uploads\/2023\/09\/trilion2-scaled.jpg\" \/>\n\t<meta property=\"og:image:width\" content=\"1714\" \/>\n\t<meta property=\"og:image:height\" content=\"2560\" \/>\n\t<meta property=\"og:image:type\" content=\"image\/jpeg\" \/>\n<meta name=\"twitter:card\" content=\"summary_large_image\" \/>\n<meta name=\"twitter:label1\" content=\"Estimated reading time\" \/>\n\t<meta name=\"twitter:data1\" content=\"1 minute\" \/>\n<script type=\"application\/ld+json\" class=\"yoast-schema-graph\">{\"@context\":\"https:\/\/schema.org\",\"@graph\":[{\"@type\":\"WebPage\",\"@id\":\"https:\/\/dorasilagyi.hu\/termek\/celeste-14karatos-feherarany-gyuru-sobors-gyemanttal\/\",\"url\":\"https:\/\/dorasilagyi.hu\/termek\/celeste-14karatos-feherarany-gyuru-sobors-gyemanttal\/\",\"name\":\"CELESTE OOAK 14kar\u00e1tos feh\u00e9rarany gy\u0171r\u0171 s\u00f3&bors gy\u00e9m\u00e1nttal \/SOLD OUT\/ &mdash; Dora Silagyi Jewellery\",\"isPartOf\":{\"@id\":\"https:\/\/dorasilagyi.hu\/#website\"},\"datePublished\":\"2023-09-17T14:55:00+00:00\",\"dateModified\":\"2025-12-22T19:19:45+00:00\",\"description\":\"14kar\u00e1tos feh\u00e9rarany gy\u0171r\u0171, a LIMITED kollekci\u00f3 leg\u00fajabb darabja. 0.57 ct, 5.1 X 5.0 mm \u00e1tm\u00e9r\u0151j\u0171 trillion, rose cut csiszol\u00e1s\u00fa, term\u00e9szetes s\u00f3&bors gy\u00e9m\u00e1nttal.\u00a0Tokos foglalat, 1.5 mm sz\u00e9les sz\u00f6gletes profil\u00fa gy\u0171r\u0171s\u00ednen.M\u00e9ret: 47.\u00a0 Ig\u00e9ny szerint m\u00f3dos\u00edthat\u00f3.Egyetlen darab.\",\"breadcrumb\":{\"@id\":\"https:\/\/dorasilagyi.hu\/termek\/celeste-14karatos-feherarany-gyuru-sobors-gyemanttal\/#breadcrumb\"},\"inLanguage\":\"en-GB\",\"potentialAction\":[{\"@type\":\"ReadAction\",\"target\":[\"https:\/\/dorasilagyi.hu\/termek\/celeste-14karatos-feherarany-gyuru-sobors-gyemanttal\/\"]}]},{\"@type\":\"BreadcrumbList\",\"@id\":\"https:\/\/dorasilagyi.hu\/termek\/celeste-14karatos-feherarany-gyuru-sobors-gyemanttal\/#breadcrumb\",\"itemListElement\":[{\"@type\":\"ListItem\",\"position\":1,\"name\":\"Kezd\u0151lap\",\"item\":\"https:\/\/dorasilagyi.hu\/\"},{\"@type\":\"ListItem\",\"position\":2,\"name\":\"Shop\",\"item\":\"https:\/\/dorasilagyi.hu\/shop\/\"},{\"@type\":\"ListItem\",\"position\":3,\"name\":\"CELESTE OOAK 14kar\u00e1tos feh\u00e9rarany gy\u0171r\u0171 s\u00f3&#038;bors gy\u00e9m\u00e1nttal \/SOLD OUT\/\"}]},{\"@type\":\"WebSite\",\"@id\":\"https:\/\/dorasilagyi.hu\/#website\",\"url\":\"https:\/\/dorasilagyi.hu\/\",\"name\":\"Dora Silagyi Jewellery\",\"description\":\"Sophisticated, timeless jewellery design\",\"publisher\":{\"@id\":\"https:\/\/dorasilagyi.hu\/#organization\"},\"potentialAction\":[{\"@type\":\"SearchAction\",\"target\":{\"@type\":\"EntryPoint\",\"urlTemplate\":\"https:\/\/dorasilagyi.hu\/?s={search_term_string}\"},\"query-input\":\"required name=search_term_string\"}],\"inLanguage\":\"en-GB\"},{\"@type\":\"Organization\",\"@id\":\"https:\/\/dorasilagyi.hu\/#organization\",\"name\":\"Dora Silagyi Jewellery\",\"url\":\"https:\/\/dorasilagyi.hu\/\",\"logo\":{\"@type\":\"ImageObject\",\"inLanguage\":\"en-GB\",\"@id\":\"https:\/\/dorasilagyi.hu\/#\/schema\/logo\/image\/\",\"url\":\"https:\/\/dorasilagyi.hu\/wp-content\/uploads\/2021\/05\/logowebre.png\",\"contentUrl\":\"https:\/\/dorasilagyi.hu\/wp-content\/uploads\/2021\/05\/logowebre.png\",\"width\":586,\"height\":431,\"caption\":\"Dora Silagyi Jewellery\"},\"image\":{\"@id\":\"https:\/\/dorasilagyi.hu\/#\/schema\/logo\/image\/\"},\"sameAs\":[\"https:\/\/www.instagram.com\/dorasilagyi\/\",\"https:\/\/www.facebook.com\/Dora-Silagyi-Jewellery-109313484673073\"]}]}<\/script>\n<!-- \/ Yoast SEO plugin. -->","yoast_head_json":{"title":"CELESTE OOAK 14kar\u00e1tos feh\u00e9rarany gy\u0171r\u0171 s\u00f3&bors gy\u00e9m\u00e1nttal \/SOLD OUT\/ &mdash; Dora Silagyi Jewellery","description":"14kar\u00e1tos feh\u00e9rarany gy\u0171r\u0171, a LIMITED kollekci\u00f3 leg\u00fajabb darabja. 0.57 ct, 5.1 X 5.0 mm \u00e1tm\u00e9r\u0151j\u0171 trillion, rose cut csiszol\u00e1s\u00fa, term\u00e9szetes s\u00f3&bors gy\u00e9m\u00e1nttal.\u00a0Tokos foglalat, 1.5 mm sz\u00e9les sz\u00f6gletes profil\u00fa gy\u0171r\u0171s\u00ednen.M\u00e9ret: 47.\u00a0 Ig\u00e9ny szerint m\u00f3dos\u00edthat\u00f3.Egyetlen darab.","robots":{"index":"index","follow":"follow","max-snippet":"max-snippet:-1","max-image-preview":"max-image-preview:large","max-video-preview":"max-video-preview:-1"},"canonical":"https:\/\/dorasilagyi.hu\/en\/product\/celeste-14karatos-feherarany-gyuru-sobors-gyemanttal\/","og_locale":"en_GB","og_type":"article","og_title":"CELESTE OOAK 14kar\u00e1tos feh\u00e9rarany gy\u0171r\u0171 s\u00f3&bors gy\u00e9m\u00e1nttal \/SOLD OUT\/ &mdash; Dora Silagyi Jewellery","og_description":"14kar\u00e1tos feh\u00e9rarany gy\u0171r\u0171, a LIMITED kollekci\u00f3 leg\u00fajabb darabja. 0.57 ct, 5.1 X 5.0 mm \u00e1tm\u00e9r\u0151j\u0171 trillion, rose cut csiszol\u00e1s\u00fa, term\u00e9szetes s\u00f3&bors gy\u00e9m\u00e1nttal.\u00a0Tokos foglalat, 1.5 mm sz\u00e9les sz\u00f6gletes profil\u00fa gy\u0171r\u0171s\u00ednen.M\u00e9ret: 47.\u00a0 Ig\u00e9ny szerint m\u00f3dos\u00edthat\u00f3.Egyetlen darab.","og_url":"https:\/\/dorasilagyi.hu\/en\/product\/celeste-14karatos-feherarany-gyuru-sobors-gyemanttal\/","og_site_name":"Dora Silagyi Jewellery","article_publisher":"https:\/\/www.facebook.com\/Dora-Silagyi-Jewellery-109313484673073","article_modified_time":"2025-12-22T19:19:45+00:00","og_image":[{"width":1714,"height":2560,"url":"https:\/\/dorasilagyi.hu\/wp-content\/uploads\/2023\/09\/trilion2-scaled.jpg","type":"image\/jpeg"}],"twitter_card":"summary_large_image","twitter_misc":{"Estimated reading time":"1 minute"},"schema":{"@context":"https:\/\/schema.org","@graph":[{"@type":"WebPage","@id":"https:\/\/dorasilagyi.hu\/termek\/celeste-14karatos-feherarany-gyuru-sobors-gyemanttal\/","url":"https:\/\/dorasilagyi.hu\/termek\/celeste-14karatos-feherarany-gyuru-sobors-gyemanttal\/","name":"CELESTE OOAK 14kar\u00e1tos feh\u00e9rarany gy\u0171r\u0171 s\u00f3&bors gy\u00e9m\u00e1nttal \/SOLD OUT\/ &mdash; Dora Silagyi Jewellery","isPartOf":{"@id":"https:\/\/dorasilagyi.hu\/#website"},"datePublished":"2023-09-17T14:55:00+00:00","dateModified":"2025-12-22T19:19:45+00:00","description":"14kar\u00e1tos feh\u00e9rarany gy\u0171r\u0171, a LIMITED kollekci\u00f3 leg\u00fajabb darabja. 0.57 ct, 5.1 X 5.0 mm \u00e1tm\u00e9r\u0151j\u0171 trillion, rose cut csiszol\u00e1s\u00fa, term\u00e9szetes s\u00f3&bors gy\u00e9m\u00e1nttal.\u00a0Tokos foglalat, 1.5 mm sz\u00e9les sz\u00f6gletes profil\u00fa gy\u0171r\u0171s\u00ednen.M\u00e9ret: 47.\u00a0 Ig\u00e9ny szerint m\u00f3dos\u00edthat\u00f3.Egyetlen darab.","breadcrumb":{"@id":"https:\/\/dorasilagyi.hu\/termek\/celeste-14karatos-feherarany-gyuru-sobors-gyemanttal\/#breadcrumb"},"inLanguage":"en-GB","potentialAction":[{"@type":"ReadAction","target":["https:\/\/dorasilagyi.hu\/termek\/celeste-14karatos-feherarany-gyuru-sobors-gyemanttal\/"]}]},{"@type":"BreadcrumbList","@id":"https:\/\/dorasilagyi.hu\/termek\/celeste-14karatos-feherarany-gyuru-sobors-gyemanttal\/#breadcrumb","itemListElement":[{"@type":"ListItem","position":1,"name":"Kezd\u0151lap","item":"https:\/\/dorasilagyi.hu\/"},{"@type":"ListItem","position":2,"name":"Shop","item":"https:\/\/dorasilagyi.hu\/shop\/"},{"@type":"ListItem","position":3,"name":"CELESTE OOAK 14kar\u00e1tos feh\u00e9rarany gy\u0171r\u0171 s\u00f3&#038;bors gy\u00e9m\u00e1nttal \/SOLD OUT\/"}]},{"@type":"WebSite","@id":"https:\/\/dorasilagyi.hu\/#website","url":"https:\/\/dorasilagyi.hu\/","name":"Dora Silagyi Jewellery","description":"Sophisticated, timeless jewellery design","publisher":{"@id":"https:\/\/dorasilagyi.hu\/#organization"},"potentialAction":[{"@type":"SearchAction","target":{"@type":"EntryPoint","urlTemplate":"https:\/\/dorasilagyi.hu\/?s={search_term_string}"},"query-input":"required name=search_term_string"}],"inLanguage":"en-GB"},{"@type":"Organization","@id":"https:\/\/dorasilagyi.hu\/#organization","name":"Dora Silagyi Jewellery","url":"https:\/\/dorasilagyi.hu\/","logo":{"@type":"ImageObject","inLanguage":"en-GB","@id":"https:\/\/dorasilagyi.hu\/#\/schema\/logo\/image\/","url":"https:\/\/dorasilagyi.hu\/wp-content\/uploads\/2021\/05\/logowebre.png","contentUrl":"https:\/\/dorasilagyi.hu\/wp-content\/uploads\/2021\/05\/logowebre.png","width":586,"height":431,"caption":"Dora Silagyi Jewellery"},"image":{"@id":"https:\/\/dorasilagyi.hu\/#\/schema\/logo\/image\/"},"sameAs":["https:\/\/www.instagram.com\/dorasilagyi\/","https:\/\/www.facebook.com\/Dora-Silagyi-Jewellery-109313484673073"]}]}},"_links":{"self":[{"href":"https:\/\/dorasilagyi.hu\/en\/wp-json\/wp\/v2\/product\/231098","targetHints":{"allow":["GET"]}}],"collection":[{"href":"https:\/\/dorasilagyi.hu\/en\/wp-json\/wp\/v2\/product"}],"about":[{"href":"https:\/\/dorasilagyi.hu\/en\/wp-json\/wp\/v2\/types\/product"}],"wp:featuredmedia":[{"embeddable":true,"href":"https:\/\/dorasilagyi.hu\/en\/wp-json\/wp\/v2\/media\/231101"}],"wp:attachment":[{"href":"https:\/\/dorasilagyi.hu\/en\/wp-json\/wp\/v2\/media?parent=231098"}],"wp:term":[{"taxonomy":"product_cat","embeddable":true,"href":"https:\/\/dorasilagyi.hu\/en\/wp-json\/wp\/v2\/product_cat?post=231098"},{"taxonomy":"product_tag","embeddable":true,"href":"https:\/\/dorasilagyi.hu\/en\/wp-json\/wp\/v2\/product_tag?post=231098"}],"curies":[{"name":"wp","href":"https:\/\/api.w.org\/{rel}","templated":true}]}}