{"id":231090,"date":"2023-09-17T11:43:34","date_gmt":"2023-09-17T11:43:34","guid":{"rendered":"https:\/\/dorasilagyi.hu\/?post_type=product&#038;p=231090"},"modified":"2026-03-02T07:55:36","modified_gmt":"2026-03-02T07:55:36","slug":"little-heart-14-karatos-sarga-arany-nyaklanc","status":"publish","type":"product","link":"https:\/\/dorasilagyi.hu\/en\/product\/little-heart-14-karatos-sarga-arany-nyaklanc\/","title":{"rendered":"Little Heart 14 kar\u00e1tos arany nyakl\u00e1nc \/rendelhet\u0151\/"},"content":{"rendered":"<p>14-carat gold, hand-carved pendant modeled in wax, with 14-carat gold anchor chain. Slightly faceted surface, polished with fine edges. Each piece is made individually, so the shape and size of the pendant may differ slightly from the piece shown in the photo. If you would only like to buy a pendant, contact the studio at studio@dorasilagyi.hu! Available in yellow, white and rose gold.<\/p>","protected":false},"excerpt":{"rendered":"<p>14 carat gold pendant with chain. Slightly faceted surface, polished with fine edges. Understated, delicate, unique accessory for everyday life, perfect gift for Christmas or special occasions for your loved ones.<br \/>\nEach piece is individually made based on a hand-carved wax model, so the shape and size of the pendant may differ slightly from the piece shown in the photo.<br \/>\nIf you would only like to buy a pendant, contact the studio at studio@dorasilagyi.hu!<br \/>\nAvailable in rose, yellow and white gold.<\/p>","protected":false},"featured_media":231091,"template":"","meta":{"_et_pb_use_builder":"","_et_pb_old_content":"","_et_gb_content_width":"","_monsterinsights_skip_tracking":false,"_monsterinsights_sitenote_active":false,"_monsterinsights_sitenote_note":"","_monsterinsights_sitenote_category":0},"product_cat":[128],"product_tag":[],"class_list":["post-231090","product","type-product","status-publish","has-post-thumbnail","hentry","product_cat-nyaklanc-medal","pa_anyag-14karatos-feherarany","pa_anyag-14karatos-roze-arany","pa_anyag-14karatos-sarga-arany"],"yoast_head":"<!-- This site is optimized with the Yoast SEO plugin v19.9 - https:\/\/yoast.com\/wordpress\/plugins\/seo\/ -->\n<title>Little Heart 14 kar\u00e1tos arany nyakl\u00e1nc \/rendelhet\u0151\/ &mdash; Dora Silagyi Jewellery<\/title>\n<meta name=\"description\" content=\"14kar\u00e1tos roz\u00e9 arany k\u00e9zzel faragott med\u00e1l 14kar\u00e1tos roz\u00e9 arany l\u00e1nccal. Enyh\u00e9n fazett\u00e1lt fel\u00fclet, pol\u00edrozva finom \u00e9lekkel. T\u00f6k\u00e9letes egyedi, k\u00fcl\u00f6nleges, k\u00e9zzel k\u00e9sz\u00fclt id\u0151-\u00e9s \u00e9rt\u00e9k \u00e1ll\u00f3 aj\u00e1nd\u00e9k hazai tervez\u0151t\u0151l szeretteidnek\u00a0Minden darab egyedileg k\u00e9sz\u00fcl viaszmodell alapj\u00e1n, ez\u00e9rt a forma \u00e9s a med\u00e1l m\u00e9rete kis m\u00e9rt\u00e9kben elt\u00e9rhet a fot\u00f3n szerepl\u0151 darabt\u00f3l.Amennyiben csak med\u00e1lt v\u00e1s\u00e1roln\u00e1l, vedd fel a st\u00fadi\u00f3val a kapcsolatot a studio@dorasilagyi.hu email c\u00edmen!Rendelhet\u0151 s\u00e1rga \u00e9s feh\u00e9rarany kivitelez\u00e9sben is.\u00a0\u00a0\" \/>\n<meta name=\"robots\" content=\"index, follow, max-snippet:-1, max-image-preview:large, max-video-preview:-1\" \/>\n<link rel=\"canonical\" href=\"https:\/\/dorasilagyi.hu\/en\/product\/little-heart-14-karatos-sarga-arany-nyaklanc\/\" \/>\n<meta property=\"og:locale\" content=\"en_GB\" \/>\n<meta property=\"og:type\" content=\"article\" \/>\n<meta property=\"og:title\" content=\"Little Heart 14 kar\u00e1tos arany nyakl\u00e1nc \/rendelhet\u0151\/ &mdash; Dora Silagyi Jewellery\" \/>\n<meta property=\"og:description\" content=\"14kar\u00e1tos roz\u00e9 arany k\u00e9zzel faragott med\u00e1l 14kar\u00e1tos roz\u00e9 arany l\u00e1nccal. Enyh\u00e9n fazett\u00e1lt fel\u00fclet, pol\u00edrozva finom \u00e9lekkel. T\u00f6k\u00e9letes egyedi, k\u00fcl\u00f6nleges, k\u00e9zzel k\u00e9sz\u00fclt id\u0151-\u00e9s \u00e9rt\u00e9k \u00e1ll\u00f3 aj\u00e1nd\u00e9k hazai tervez\u0151t\u0151l szeretteidnek\u00a0Minden darab egyedileg k\u00e9sz\u00fcl viaszmodell alapj\u00e1n, ez\u00e9rt a forma \u00e9s a med\u00e1l m\u00e9rete kis m\u00e9rt\u00e9kben elt\u00e9rhet a fot\u00f3n szerepl\u0151 darabt\u00f3l.Amennyiben csak med\u00e1lt v\u00e1s\u00e1roln\u00e1l, vedd fel a st\u00fadi\u00f3val a kapcsolatot a studio@dorasilagyi.hu email c\u00edmen!Rendelhet\u0151 s\u00e1rga \u00e9s feh\u00e9rarany kivitelez\u00e9sben is.\u00a0\u00a0\" \/>\n<meta property=\"og:url\" content=\"https:\/\/dorasilagyi.hu\/en\/product\/little-heart-14-karatos-sarga-arany-nyaklanc\/\" \/>\n<meta property=\"og:site_name\" content=\"Dora Silagyi Jewellery\" \/>\n<meta property=\"article:publisher\" content=\"https:\/\/www.facebook.com\/Dora-Silagyi-Jewellery-109313484673073\" \/>\n<meta property=\"article:modified_time\" content=\"2026-03-02T07:55:36+00:00\" \/>\n<meta property=\"og:image\" content=\"https:\/\/dorasilagyi.hu\/wp-content\/uploads\/2023\/09\/379307899_610139591306172_4031239211975203620_n.jpg\" \/>\n\t<meta property=\"og:image:width\" content=\"1371\" \/>\n\t<meta property=\"og:image:height\" content=\"2048\" \/>\n\t<meta property=\"og:image:type\" content=\"image\/jpeg\" \/>\n<meta name=\"twitter:card\" content=\"summary_large_image\" \/>\n<meta name=\"twitter:label1\" content=\"Estimated reading time\" \/>\n\t<meta name=\"twitter:data1\" content=\"1 minute\" \/>\n<script type=\"application\/ld+json\" class=\"yoast-schema-graph\">{\"@context\":\"https:\/\/schema.org\",\"@graph\":[{\"@type\":\"WebPage\",\"@id\":\"https:\/\/dorasilagyi.hu\/termek\/little-heart-14-karatos-sarga-arany-nyaklanc\/\",\"url\":\"https:\/\/dorasilagyi.hu\/termek\/little-heart-14-karatos-sarga-arany-nyaklanc\/\",\"name\":\"Little Heart 14 kar\u00e1tos arany nyakl\u00e1nc \/rendelhet\u0151\/ &mdash; Dora Silagyi Jewellery\",\"isPartOf\":{\"@id\":\"https:\/\/dorasilagyi.hu\/#website\"},\"datePublished\":\"2023-09-17T11:43:34+00:00\",\"dateModified\":\"2026-03-02T07:55:36+00:00\",\"description\":\"14kar\u00e1tos roz\u00e9 arany k\u00e9zzel faragott med\u00e1l 14kar\u00e1tos roz\u00e9 arany l\u00e1nccal. Enyh\u00e9n fazett\u00e1lt fel\u00fclet, pol\u00edrozva finom \u00e9lekkel. T\u00f6k\u00e9letes egyedi, k\u00fcl\u00f6nleges, k\u00e9zzel k\u00e9sz\u00fclt id\u0151-\u00e9s \u00e9rt\u00e9k \u00e1ll\u00f3 aj\u00e1nd\u00e9k hazai tervez\u0151t\u0151l szeretteidnek\u00a0Minden darab egyedileg k\u00e9sz\u00fcl viaszmodell alapj\u00e1n, ez\u00e9rt a forma \u00e9s a med\u00e1l m\u00e9rete kis m\u00e9rt\u00e9kben elt\u00e9rhet a fot\u00f3n szerepl\u0151 darabt\u00f3l.Amennyiben csak med\u00e1lt v\u00e1s\u00e1roln\u00e1l, vedd fel a st\u00fadi\u00f3val a kapcsolatot a studio@dorasilagyi.hu email c\u00edmen!Rendelhet\u0151 s\u00e1rga \u00e9s feh\u00e9rarany kivitelez\u00e9sben is.\u00a0\u00a0\",\"breadcrumb\":{\"@id\":\"https:\/\/dorasilagyi.hu\/termek\/little-heart-14-karatos-sarga-arany-nyaklanc\/#breadcrumb\"},\"inLanguage\":\"en-GB\",\"potentialAction\":[{\"@type\":\"ReadAction\",\"target\":[\"https:\/\/dorasilagyi.hu\/termek\/little-heart-14-karatos-sarga-arany-nyaklanc\/\"]}]},{\"@type\":\"BreadcrumbList\",\"@id\":\"https:\/\/dorasilagyi.hu\/termek\/little-heart-14-karatos-sarga-arany-nyaklanc\/#breadcrumb\",\"itemListElement\":[{\"@type\":\"ListItem\",\"position\":1,\"name\":\"Kezd\u0151lap\",\"item\":\"https:\/\/dorasilagyi.hu\/\"},{\"@type\":\"ListItem\",\"position\":2,\"name\":\"Shop\",\"item\":\"https:\/\/dorasilagyi.hu\/shop\/\"},{\"@type\":\"ListItem\",\"position\":3,\"name\":\"Little Heart 14 kar\u00e1tos arany nyakl\u00e1nc \/rendelhet\u0151\/\"}]},{\"@type\":\"WebSite\",\"@id\":\"https:\/\/dorasilagyi.hu\/#website\",\"url\":\"https:\/\/dorasilagyi.hu\/\",\"name\":\"Dora Silagyi Jewellery\",\"description\":\"Sophisticated, timeless jewellery design\",\"publisher\":{\"@id\":\"https:\/\/dorasilagyi.hu\/#organization\"},\"potentialAction\":[{\"@type\":\"SearchAction\",\"target\":{\"@type\":\"EntryPoint\",\"urlTemplate\":\"https:\/\/dorasilagyi.hu\/?s={search_term_string}\"},\"query-input\":\"required name=search_term_string\"}],\"inLanguage\":\"en-GB\"},{\"@type\":\"Organization\",\"@id\":\"https:\/\/dorasilagyi.hu\/#organization\",\"name\":\"Dora Silagyi Jewellery\",\"url\":\"https:\/\/dorasilagyi.hu\/\",\"logo\":{\"@type\":\"ImageObject\",\"inLanguage\":\"en-GB\",\"@id\":\"https:\/\/dorasilagyi.hu\/#\/schema\/logo\/image\/\",\"url\":\"https:\/\/dorasilagyi.hu\/wp-content\/uploads\/2021\/05\/logowebre.png\",\"contentUrl\":\"https:\/\/dorasilagyi.hu\/wp-content\/uploads\/2021\/05\/logowebre.png\",\"width\":586,\"height\":431,\"caption\":\"Dora Silagyi Jewellery\"},\"image\":{\"@id\":\"https:\/\/dorasilagyi.hu\/#\/schema\/logo\/image\/\"},\"sameAs\":[\"https:\/\/www.instagram.com\/dorasilagyi\/\",\"https:\/\/www.facebook.com\/Dora-Silagyi-Jewellery-109313484673073\"]}]}<\/script>\n<!-- \/ Yoast SEO plugin. -->","yoast_head_json":{"title":"Little Heart 14 kar\u00e1tos arany nyakl\u00e1nc \/rendelhet\u0151\/ &mdash; Dora Silagyi Jewellery","description":"14kar\u00e1tos roz\u00e9 arany k\u00e9zzel faragott med\u00e1l 14kar\u00e1tos roz\u00e9 arany l\u00e1nccal. Enyh\u00e9n fazett\u00e1lt fel\u00fclet, pol\u00edrozva finom \u00e9lekkel. T\u00f6k\u00e9letes egyedi, k\u00fcl\u00f6nleges, k\u00e9zzel k\u00e9sz\u00fclt id\u0151-\u00e9s \u00e9rt\u00e9k \u00e1ll\u00f3 aj\u00e1nd\u00e9k hazai tervez\u0151t\u0151l szeretteidnek\u00a0Minden darab egyedileg k\u00e9sz\u00fcl viaszmodell alapj\u00e1n, ez\u00e9rt a forma \u00e9s a med\u00e1l m\u00e9rete kis m\u00e9rt\u00e9kben elt\u00e9rhet a fot\u00f3n szerepl\u0151 darabt\u00f3l.Amennyiben csak med\u00e1lt v\u00e1s\u00e1roln\u00e1l, vedd fel a st\u00fadi\u00f3val a kapcsolatot a studio@dorasilagyi.hu email c\u00edmen!Rendelhet\u0151 s\u00e1rga \u00e9s feh\u00e9rarany kivitelez\u00e9sben is.\u00a0\u00a0","robots":{"index":"index","follow":"follow","max-snippet":"max-snippet:-1","max-image-preview":"max-image-preview:large","max-video-preview":"max-video-preview:-1"},"canonical":"https:\/\/dorasilagyi.hu\/en\/product\/little-heart-14-karatos-sarga-arany-nyaklanc\/","og_locale":"en_GB","og_type":"article","og_title":"Little Heart 14 kar\u00e1tos arany nyakl\u00e1nc \/rendelhet\u0151\/ &mdash; Dora Silagyi Jewellery","og_description":"14kar\u00e1tos roz\u00e9 arany k\u00e9zzel faragott med\u00e1l 14kar\u00e1tos roz\u00e9 arany l\u00e1nccal. Enyh\u00e9n fazett\u00e1lt fel\u00fclet, pol\u00edrozva finom \u00e9lekkel. T\u00f6k\u00e9letes egyedi, k\u00fcl\u00f6nleges, k\u00e9zzel k\u00e9sz\u00fclt id\u0151-\u00e9s \u00e9rt\u00e9k \u00e1ll\u00f3 aj\u00e1nd\u00e9k hazai tervez\u0151t\u0151l szeretteidnek\u00a0Minden darab egyedileg k\u00e9sz\u00fcl viaszmodell alapj\u00e1n, ez\u00e9rt a forma \u00e9s a med\u00e1l m\u00e9rete kis m\u00e9rt\u00e9kben elt\u00e9rhet a fot\u00f3n szerepl\u0151 darabt\u00f3l.Amennyiben csak med\u00e1lt v\u00e1s\u00e1roln\u00e1l, vedd fel a st\u00fadi\u00f3val a kapcsolatot a studio@dorasilagyi.hu email c\u00edmen!Rendelhet\u0151 s\u00e1rga \u00e9s feh\u00e9rarany kivitelez\u00e9sben is.\u00a0\u00a0","og_url":"https:\/\/dorasilagyi.hu\/en\/product\/little-heart-14-karatos-sarga-arany-nyaklanc\/","og_site_name":"Dora Silagyi Jewellery","article_publisher":"https:\/\/www.facebook.com\/Dora-Silagyi-Jewellery-109313484673073","article_modified_time":"2026-03-02T07:55:36+00:00","og_image":[{"width":1371,"height":2048,"url":"https:\/\/dorasilagyi.hu\/wp-content\/uploads\/2023\/09\/379307899_610139591306172_4031239211975203620_n.jpg","type":"image\/jpeg"}],"twitter_card":"summary_large_image","twitter_misc":{"Estimated reading time":"1 minute"},"schema":{"@context":"https:\/\/schema.org","@graph":[{"@type":"WebPage","@id":"https:\/\/dorasilagyi.hu\/termek\/little-heart-14-karatos-sarga-arany-nyaklanc\/","url":"https:\/\/dorasilagyi.hu\/termek\/little-heart-14-karatos-sarga-arany-nyaklanc\/","name":"Little Heart 14 kar\u00e1tos arany nyakl\u00e1nc \/rendelhet\u0151\/ &mdash; Dora Silagyi Jewellery","isPartOf":{"@id":"https:\/\/dorasilagyi.hu\/#website"},"datePublished":"2023-09-17T11:43:34+00:00","dateModified":"2026-03-02T07:55:36+00:00","description":"14kar\u00e1tos roz\u00e9 arany k\u00e9zzel faragott med\u00e1l 14kar\u00e1tos roz\u00e9 arany l\u00e1nccal. Enyh\u00e9n fazett\u00e1lt fel\u00fclet, pol\u00edrozva finom \u00e9lekkel. T\u00f6k\u00e9letes egyedi, k\u00fcl\u00f6nleges, k\u00e9zzel k\u00e9sz\u00fclt id\u0151-\u00e9s \u00e9rt\u00e9k \u00e1ll\u00f3 aj\u00e1nd\u00e9k hazai tervez\u0151t\u0151l szeretteidnek\u00a0Minden darab egyedileg k\u00e9sz\u00fcl viaszmodell alapj\u00e1n, ez\u00e9rt a forma \u00e9s a med\u00e1l m\u00e9rete kis m\u00e9rt\u00e9kben elt\u00e9rhet a fot\u00f3n szerepl\u0151 darabt\u00f3l.Amennyiben csak med\u00e1lt v\u00e1s\u00e1roln\u00e1l, vedd fel a st\u00fadi\u00f3val a kapcsolatot a studio@dorasilagyi.hu email c\u00edmen!Rendelhet\u0151 s\u00e1rga \u00e9s feh\u00e9rarany kivitelez\u00e9sben is.\u00a0\u00a0","breadcrumb":{"@id":"https:\/\/dorasilagyi.hu\/termek\/little-heart-14-karatos-sarga-arany-nyaklanc\/#breadcrumb"},"inLanguage":"en-GB","potentialAction":[{"@type":"ReadAction","target":["https:\/\/dorasilagyi.hu\/termek\/little-heart-14-karatos-sarga-arany-nyaklanc\/"]}]},{"@type":"BreadcrumbList","@id":"https:\/\/dorasilagyi.hu\/termek\/little-heart-14-karatos-sarga-arany-nyaklanc\/#breadcrumb","itemListElement":[{"@type":"ListItem","position":1,"name":"Kezd\u0151lap","item":"https:\/\/dorasilagyi.hu\/"},{"@type":"ListItem","position":2,"name":"Shop","item":"https:\/\/dorasilagyi.hu\/shop\/"},{"@type":"ListItem","position":3,"name":"Little Heart 14 kar\u00e1tos arany nyakl\u00e1nc \/rendelhet\u0151\/"}]},{"@type":"WebSite","@id":"https:\/\/dorasilagyi.hu\/#website","url":"https:\/\/dorasilagyi.hu\/","name":"Dora Silagyi Jewellery","description":"Sophisticated, timeless jewellery design","publisher":{"@id":"https:\/\/dorasilagyi.hu\/#organization"},"potentialAction":[{"@type":"SearchAction","target":{"@type":"EntryPoint","urlTemplate":"https:\/\/dorasilagyi.hu\/?s={search_term_string}"},"query-input":"required name=search_term_string"}],"inLanguage":"en-GB"},{"@type":"Organization","@id":"https:\/\/dorasilagyi.hu\/#organization","name":"Dora Silagyi Jewellery","url":"https:\/\/dorasilagyi.hu\/","logo":{"@type":"ImageObject","inLanguage":"en-GB","@id":"https:\/\/dorasilagyi.hu\/#\/schema\/logo\/image\/","url":"https:\/\/dorasilagyi.hu\/wp-content\/uploads\/2021\/05\/logowebre.png","contentUrl":"https:\/\/dorasilagyi.hu\/wp-content\/uploads\/2021\/05\/logowebre.png","width":586,"height":431,"caption":"Dora Silagyi Jewellery"},"image":{"@id":"https:\/\/dorasilagyi.hu\/#\/schema\/logo\/image\/"},"sameAs":["https:\/\/www.instagram.com\/dorasilagyi\/","https:\/\/www.facebook.com\/Dora-Silagyi-Jewellery-109313484673073"]}]}},"_links":{"self":[{"href":"https:\/\/dorasilagyi.hu\/en\/wp-json\/wp\/v2\/product\/231090","targetHints":{"allow":["GET"]}}],"collection":[{"href":"https:\/\/dorasilagyi.hu\/en\/wp-json\/wp\/v2\/product"}],"about":[{"href":"https:\/\/dorasilagyi.hu\/en\/wp-json\/wp\/v2\/types\/product"}],"wp:featuredmedia":[{"embeddable":true,"href":"https:\/\/dorasilagyi.hu\/en\/wp-json\/wp\/v2\/media\/231091"}],"wp:attachment":[{"href":"https:\/\/dorasilagyi.hu\/en\/wp-json\/wp\/v2\/media?parent=231090"}],"wp:term":[{"taxonomy":"product_cat","embeddable":true,"href":"https:\/\/dorasilagyi.hu\/en\/wp-json\/wp\/v2\/product_cat?post=231090"},{"taxonomy":"product_tag","embeddable":true,"href":"https:\/\/dorasilagyi.hu\/en\/wp-json\/wp\/v2\/product_tag?post=231090"}],"curies":[{"name":"wp","href":"https:\/\/api.w.org\/{rel}","templated":true}]}}