{"id":231026,"date":"2023-09-04T09:38:49","date_gmt":"2023-09-04T09:38:49","guid":{"rendered":"https:\/\/dorasilagyi.hu\/?post_type=product&#038;p=231026"},"modified":"2026-03-02T07:52:43","modified_gmt":"2026-03-02T07:52:43","slug":"lava-gyuru-2","status":"publish","type":"product","link":"https:\/\/dorasilagyi.hu\/en\/product\/lava-gyuru-2\/","title":{"rendered":"LAVA 14k gold ring with cognac diamond \/available to order\/"},"content":{"rendered":"<div class=\"sc-fIoroj YbkeR yst-replacevar\">\n<div class=\"sc-dtMiey sc-fXeWgy sc-hmvnWf zIObH hmFFGo dIwwOG yst-replacevar__editor\">\n<div class=\"DraftEditor-root\">\n<div class=\"DraftEditor-editorContainer\">\n<div id=\"yoast-google-preview-description-metabox\" class=\"notranslate public-DraftEditor-content\" role=\"combobox\" contenteditable=\"true\" spellcheck=\"true\" aria-autocomplete=\"list\" aria-expanded=\"false\" aria-labelledby=\"replacement-variable-editor-field-12\">\n<div data-contents=\"true\">\n<div class=\"\" data-block=\"true\" data-editor=\"drpav\" data-offset-key=\"9iik9-0-0\">\n<div class=\"public-DraftStyleDefault-block public-DraftStyleDefault-ltr\" data-offset-key=\"9iik9-0-0\"><span data-offset-key=\"9iik9-0-0\">14k gold LAVA ring with a brilliant brown diamond. A unique, lifelong gift or alternative engagement ring for lovers of organic textures, archaic atmosphere, and special pieces. Diamond size: 2.9-3.3 mm. Each piece is made to order in P\u00e9cs studios to the specified size, so please take into account the production time, which is 3-4 weeks. If you need a different size, different color\/type of gemstone, gold alloy (rose or white gold), please contact us at studio@dorasilagyi.hu for a quote made specifically for your order!<\/span><\/div>\n<\/div>\n<\/div>\n<\/div>\n<\/div>\n<\/div>\n<div class=\"sc-hjGYWY lmIfJs\"><\/div>\n<\/div>\n<\/div>\n<p>&nbsp;<\/p>","protected":false},"excerpt":{"rendered":"<p>14-carat gold LAVA ring with brilliant brown diamond. Unique, lifelong gift or alternative engagement ring for lovers of organic textures, archaic atmosphere, special pieces.<br \/>\nDiamond size: 3mm<br \/>\nEach piece is made to order in the P\u00e9cs studios to the specified size from the chosen alloy, so please take into account the production time, which is 3-4 weeks.<\/p>\n<p>If you need a different size, different color\/kind of gemstone, gold alloy (rose or white gold), contact us at studio@dorasilagyi.hu for a price quote for your unique order!<\/p>","protected":false},"featured_media":231028,"template":"","meta":{"_et_pb_use_builder":"","_et_pb_old_content":"","_et_gb_content_width":"","_monsterinsights_skip_tracking":false,"_monsterinsights_sitenote_active":false,"_monsterinsights_sitenote_note":"","_monsterinsights_sitenote_category":0},"product_cat":[126,129],"product_tag":[],"class_list":["post-231026","product","type-product","status-publish","has-post-thumbnail","hentry","product_cat-eljegyzesi-gyuru","product_cat-gyuru","pa_anyag-14karatos-sarga-arany","pa_meret-100","pa_meret-101","pa_meret-87","pa_meret-54","pa_meret-55","pa_meret-56","pa_meret-57"],"yoast_head":"<!-- This site is optimized with the Yoast SEO plugin v19.9 - https:\/\/yoast.com\/wordpress\/plugins\/seo\/ -->\n<title>LAVA 14kar\u00e1tos arany gy\u0171r\u0171 konyak gy\u00e9m\u00e1nttal \/rendelhet\u0151\/ &mdash; Dora Silagyi Jewellery<\/title>\n<meta name=\"description\" content=\"14kar\u00e1tos arany LAVA gy\u0171r\u0171 ragyog\u00f3 barna gy\u00e9m\u00e1nttal. Egyedi, \u00e9letre sz\u00f3l\u00f3 aj\u00e1nd\u00e9k, vagy alternat\u00edv eljegyz\u00e9si gy\u0171r\u0171 az organikus text\u00far\u00e1k, archaikus hangulat\u00fa, k\u00fcl\u00f6nleges darabok kedvel\u0151inek. Gy\u00e9m\u00e1nt m\u00e9rete: 3mm Minden darab megrendel\u00e9s ut\u00e1n k\u00e9sz\u00fcl p\u00e9csi st\u00fadi\u00f3kban a megadott m\u00e9retre a v\u00e1lasztott \u00f6tv\u00f6zetb\u0151l, ez\u00e9rt k\u00e9rj\u00fck vedd sz\u00e1m\u00edt\u00e1sba a k\u00e9sz\u00edt\u00e9s idej\u00e9t, mely 3-4 h\u00e9t. M\u00e1s m\u00e9ret, m\u00e1s sz\u00edn\u0171\/ fajt\u00e1j\u00fa dr\u00e1gak\u0151, arany \u00f6tv\u00f6zet (roz\u00e9, vagy feh\u00e9rarany) ig\u00e9ny\u00e9nek eset\u00e9n egyedi megrendel\u00e9sedhez k\u00e9sz\u00fclt \u00e1raj\u00e1nlat\u00e9rt vedd fel vel\u00fcnk a kapcsolatot a studio@dorasilagyi.hu email c\u00edmen!\" \/>\n<meta name=\"robots\" content=\"index, follow, max-snippet:-1, max-image-preview:large, max-video-preview:-1\" \/>\n<link rel=\"canonical\" href=\"https:\/\/dorasilagyi.hu\/en\/product\/lava-gyuru-2\/\" \/>\n<meta property=\"og:locale\" content=\"en_GB\" \/>\n<meta property=\"og:type\" content=\"article\" \/>\n<meta property=\"og:title\" content=\"LAVA 14kar\u00e1tos arany gy\u0171r\u0171 konyak gy\u00e9m\u00e1nttal \/rendelhet\u0151\/ &mdash; Dora Silagyi Jewellery\" \/>\n<meta property=\"og:description\" content=\"14kar\u00e1tos arany LAVA gy\u0171r\u0171 ragyog\u00f3 barna gy\u00e9m\u00e1nttal. Egyedi, \u00e9letre sz\u00f3l\u00f3 aj\u00e1nd\u00e9k, vagy alternat\u00edv eljegyz\u00e9si gy\u0171r\u0171 az organikus text\u00far\u00e1k, archaikus hangulat\u00fa, k\u00fcl\u00f6nleges darabok kedvel\u0151inek. Gy\u00e9m\u00e1nt m\u00e9rete: 3mm Minden darab megrendel\u00e9s ut\u00e1n k\u00e9sz\u00fcl p\u00e9csi st\u00fadi\u00f3kban a megadott m\u00e9retre a v\u00e1lasztott \u00f6tv\u00f6zetb\u0151l, ez\u00e9rt k\u00e9rj\u00fck vedd sz\u00e1m\u00edt\u00e1sba a k\u00e9sz\u00edt\u00e9s idej\u00e9t, mely 3-4 h\u00e9t. M\u00e1s m\u00e9ret, m\u00e1s sz\u00edn\u0171\/ fajt\u00e1j\u00fa dr\u00e1gak\u0151, arany \u00f6tv\u00f6zet (roz\u00e9, vagy feh\u00e9rarany) ig\u00e9ny\u00e9nek eset\u00e9n egyedi megrendel\u00e9sedhez k\u00e9sz\u00fclt \u00e1raj\u00e1nlat\u00e9rt vedd fel vel\u00fcnk a kapcsolatot a studio@dorasilagyi.hu email c\u00edmen!\" \/>\n<meta property=\"og:url\" content=\"https:\/\/dorasilagyi.hu\/en\/product\/lava-gyuru-2\/\" \/>\n<meta property=\"og:site_name\" content=\"Dora Silagyi Jewellery\" \/>\n<meta property=\"article:publisher\" content=\"https:\/\/www.facebook.com\/Dora-Silagyi-Jewellery-109313484673073\" \/>\n<meta property=\"article:modified_time\" content=\"2026-03-02T07:52:43+00:00\" \/>\n<meta property=\"og:image\" content=\"https:\/\/dorasilagyi.hu\/wp-content\/uploads\/2023\/09\/LAVA-BROWN2-scaled.jpg\" \/>\n\t<meta property=\"og:image:width\" content=\"1714\" \/>\n\t<meta property=\"og:image:height\" content=\"2560\" \/>\n\t<meta property=\"og:image:type\" content=\"image\/jpeg\" \/>\n<meta name=\"twitter:card\" content=\"summary_large_image\" \/>\n<meta name=\"twitter:label1\" content=\"Estimated reading time\" \/>\n\t<meta name=\"twitter:data1\" content=\"1 minute\" \/>\n<script type=\"application\/ld+json\" class=\"yoast-schema-graph\">{\"@context\":\"https:\/\/schema.org\",\"@graph\":[{\"@type\":\"WebPage\",\"@id\":\"https:\/\/dorasilagyi.hu\/termek\/lava-gyuru-2\/\",\"url\":\"https:\/\/dorasilagyi.hu\/termek\/lava-gyuru-2\/\",\"name\":\"LAVA 14kar\u00e1tos arany gy\u0171r\u0171 konyak gy\u00e9m\u00e1nttal \/rendelhet\u0151\/ &mdash; Dora Silagyi Jewellery\",\"isPartOf\":{\"@id\":\"https:\/\/dorasilagyi.hu\/#website\"},\"datePublished\":\"2023-09-04T09:38:49+00:00\",\"dateModified\":\"2026-03-02T07:52:43+00:00\",\"description\":\"14kar\u00e1tos arany LAVA gy\u0171r\u0171 ragyog\u00f3 barna gy\u00e9m\u00e1nttal. Egyedi, \u00e9letre sz\u00f3l\u00f3 aj\u00e1nd\u00e9k, vagy alternat\u00edv eljegyz\u00e9si gy\u0171r\u0171 az organikus text\u00far\u00e1k, archaikus hangulat\u00fa, k\u00fcl\u00f6nleges darabok kedvel\u0151inek. Gy\u00e9m\u00e1nt m\u00e9rete: 3mm Minden darab megrendel\u00e9s ut\u00e1n k\u00e9sz\u00fcl p\u00e9csi st\u00fadi\u00f3kban a megadott m\u00e9retre a v\u00e1lasztott \u00f6tv\u00f6zetb\u0151l, ez\u00e9rt k\u00e9rj\u00fck vedd sz\u00e1m\u00edt\u00e1sba a k\u00e9sz\u00edt\u00e9s idej\u00e9t, mely 3-4 h\u00e9t. M\u00e1s m\u00e9ret, m\u00e1s sz\u00edn\u0171\/ fajt\u00e1j\u00fa dr\u00e1gak\u0151, arany \u00f6tv\u00f6zet (roz\u00e9, vagy feh\u00e9rarany) ig\u00e9ny\u00e9nek eset\u00e9n egyedi megrendel\u00e9sedhez k\u00e9sz\u00fclt \u00e1raj\u00e1nlat\u00e9rt vedd fel vel\u00fcnk a kapcsolatot a studio@dorasilagyi.hu email c\u00edmen!\",\"breadcrumb\":{\"@id\":\"https:\/\/dorasilagyi.hu\/termek\/lava-gyuru-2\/#breadcrumb\"},\"inLanguage\":\"en-GB\",\"potentialAction\":[{\"@type\":\"ReadAction\",\"target\":[\"https:\/\/dorasilagyi.hu\/termek\/lava-gyuru-2\/\"]}]},{\"@type\":\"BreadcrumbList\",\"@id\":\"https:\/\/dorasilagyi.hu\/termek\/lava-gyuru-2\/#breadcrumb\",\"itemListElement\":[{\"@type\":\"ListItem\",\"position\":1,\"name\":\"Kezd\u0151lap\",\"item\":\"https:\/\/dorasilagyi.hu\/\"},{\"@type\":\"ListItem\",\"position\":2,\"name\":\"Shop\",\"item\":\"https:\/\/dorasilagyi.hu\/shop\/\"},{\"@type\":\"ListItem\",\"position\":3,\"name\":\"LAVA 14kar\u00e1tos arany gy\u0171r\u0171 konyak gy\u00e9m\u00e1nttal \/rendelhet\u0151\/\"}]},{\"@type\":\"WebSite\",\"@id\":\"https:\/\/dorasilagyi.hu\/#website\",\"url\":\"https:\/\/dorasilagyi.hu\/\",\"name\":\"Dora Silagyi Jewellery\",\"description\":\"Sophisticated, timeless jewellery design\",\"publisher\":{\"@id\":\"https:\/\/dorasilagyi.hu\/#organization\"},\"potentialAction\":[{\"@type\":\"SearchAction\",\"target\":{\"@type\":\"EntryPoint\",\"urlTemplate\":\"https:\/\/dorasilagyi.hu\/?s={search_term_string}\"},\"query-input\":\"required name=search_term_string\"}],\"inLanguage\":\"en-GB\"},{\"@type\":\"Organization\",\"@id\":\"https:\/\/dorasilagyi.hu\/#organization\",\"name\":\"Dora Silagyi Jewellery\",\"url\":\"https:\/\/dorasilagyi.hu\/\",\"logo\":{\"@type\":\"ImageObject\",\"inLanguage\":\"en-GB\",\"@id\":\"https:\/\/dorasilagyi.hu\/#\/schema\/logo\/image\/\",\"url\":\"https:\/\/dorasilagyi.hu\/wp-content\/uploads\/2021\/05\/logowebre.png\",\"contentUrl\":\"https:\/\/dorasilagyi.hu\/wp-content\/uploads\/2021\/05\/logowebre.png\",\"width\":586,\"height\":431,\"caption\":\"Dora Silagyi Jewellery\"},\"image\":{\"@id\":\"https:\/\/dorasilagyi.hu\/#\/schema\/logo\/image\/\"},\"sameAs\":[\"https:\/\/www.instagram.com\/dorasilagyi\/\",\"https:\/\/www.facebook.com\/Dora-Silagyi-Jewellery-109313484673073\"]}]}<\/script>\n<!-- \/ Yoast SEO plugin. -->","yoast_head_json":{"title":"LAVA 14kar\u00e1tos arany gy\u0171r\u0171 konyak gy\u00e9m\u00e1nttal \/rendelhet\u0151\/ &mdash; Dora Silagyi Jewellery","description":"14kar\u00e1tos arany LAVA gy\u0171r\u0171 ragyog\u00f3 barna gy\u00e9m\u00e1nttal. Egyedi, \u00e9letre sz\u00f3l\u00f3 aj\u00e1nd\u00e9k, vagy alternat\u00edv eljegyz\u00e9si gy\u0171r\u0171 az organikus text\u00far\u00e1k, archaikus hangulat\u00fa, k\u00fcl\u00f6nleges darabok kedvel\u0151inek. Gy\u00e9m\u00e1nt m\u00e9rete: 3mm Minden darab megrendel\u00e9s ut\u00e1n k\u00e9sz\u00fcl p\u00e9csi st\u00fadi\u00f3kban a megadott m\u00e9retre a v\u00e1lasztott \u00f6tv\u00f6zetb\u0151l, ez\u00e9rt k\u00e9rj\u00fck vedd sz\u00e1m\u00edt\u00e1sba a k\u00e9sz\u00edt\u00e9s idej\u00e9t, mely 3-4 h\u00e9t. M\u00e1s m\u00e9ret, m\u00e1s sz\u00edn\u0171\/ fajt\u00e1j\u00fa dr\u00e1gak\u0151, arany \u00f6tv\u00f6zet (roz\u00e9, vagy feh\u00e9rarany) ig\u00e9ny\u00e9nek eset\u00e9n egyedi megrendel\u00e9sedhez k\u00e9sz\u00fclt \u00e1raj\u00e1nlat\u00e9rt vedd fel vel\u00fcnk a kapcsolatot a studio@dorasilagyi.hu email c\u00edmen!","robots":{"index":"index","follow":"follow","max-snippet":"max-snippet:-1","max-image-preview":"max-image-preview:large","max-video-preview":"max-video-preview:-1"},"canonical":"https:\/\/dorasilagyi.hu\/en\/product\/lava-gyuru-2\/","og_locale":"en_GB","og_type":"article","og_title":"LAVA 14kar\u00e1tos arany gy\u0171r\u0171 konyak gy\u00e9m\u00e1nttal \/rendelhet\u0151\/ &mdash; Dora Silagyi Jewellery","og_description":"14kar\u00e1tos arany LAVA gy\u0171r\u0171 ragyog\u00f3 barna gy\u00e9m\u00e1nttal. Egyedi, \u00e9letre sz\u00f3l\u00f3 aj\u00e1nd\u00e9k, vagy alternat\u00edv eljegyz\u00e9si gy\u0171r\u0171 az organikus text\u00far\u00e1k, archaikus hangulat\u00fa, k\u00fcl\u00f6nleges darabok kedvel\u0151inek. Gy\u00e9m\u00e1nt m\u00e9rete: 3mm Minden darab megrendel\u00e9s ut\u00e1n k\u00e9sz\u00fcl p\u00e9csi st\u00fadi\u00f3kban a megadott m\u00e9retre a v\u00e1lasztott \u00f6tv\u00f6zetb\u0151l, ez\u00e9rt k\u00e9rj\u00fck vedd sz\u00e1m\u00edt\u00e1sba a k\u00e9sz\u00edt\u00e9s idej\u00e9t, mely 3-4 h\u00e9t. M\u00e1s m\u00e9ret, m\u00e1s sz\u00edn\u0171\/ fajt\u00e1j\u00fa dr\u00e1gak\u0151, arany \u00f6tv\u00f6zet (roz\u00e9, vagy feh\u00e9rarany) ig\u00e9ny\u00e9nek eset\u00e9n egyedi megrendel\u00e9sedhez k\u00e9sz\u00fclt \u00e1raj\u00e1nlat\u00e9rt vedd fel vel\u00fcnk a kapcsolatot a studio@dorasilagyi.hu email c\u00edmen!","og_url":"https:\/\/dorasilagyi.hu\/en\/product\/lava-gyuru-2\/","og_site_name":"Dora Silagyi Jewellery","article_publisher":"https:\/\/www.facebook.com\/Dora-Silagyi-Jewellery-109313484673073","article_modified_time":"2026-03-02T07:52:43+00:00","og_image":[{"width":1714,"height":2560,"url":"https:\/\/dorasilagyi.hu\/wp-content\/uploads\/2023\/09\/LAVA-BROWN2-scaled.jpg","type":"image\/jpeg"}],"twitter_card":"summary_large_image","twitter_misc":{"Estimated reading time":"1 minute"},"schema":{"@context":"https:\/\/schema.org","@graph":[{"@type":"WebPage","@id":"https:\/\/dorasilagyi.hu\/termek\/lava-gyuru-2\/","url":"https:\/\/dorasilagyi.hu\/termek\/lava-gyuru-2\/","name":"LAVA 14kar\u00e1tos arany gy\u0171r\u0171 konyak gy\u00e9m\u00e1nttal \/rendelhet\u0151\/ &mdash; Dora Silagyi Jewellery","isPartOf":{"@id":"https:\/\/dorasilagyi.hu\/#website"},"datePublished":"2023-09-04T09:38:49+00:00","dateModified":"2026-03-02T07:52:43+00:00","description":"14kar\u00e1tos arany LAVA gy\u0171r\u0171 ragyog\u00f3 barna gy\u00e9m\u00e1nttal. Egyedi, \u00e9letre sz\u00f3l\u00f3 aj\u00e1nd\u00e9k, vagy alternat\u00edv eljegyz\u00e9si gy\u0171r\u0171 az organikus text\u00far\u00e1k, archaikus hangulat\u00fa, k\u00fcl\u00f6nleges darabok kedvel\u0151inek. Gy\u00e9m\u00e1nt m\u00e9rete: 3mm Minden darab megrendel\u00e9s ut\u00e1n k\u00e9sz\u00fcl p\u00e9csi st\u00fadi\u00f3kban a megadott m\u00e9retre a v\u00e1lasztott \u00f6tv\u00f6zetb\u0151l, ez\u00e9rt k\u00e9rj\u00fck vedd sz\u00e1m\u00edt\u00e1sba a k\u00e9sz\u00edt\u00e9s idej\u00e9t, mely 3-4 h\u00e9t. M\u00e1s m\u00e9ret, m\u00e1s sz\u00edn\u0171\/ fajt\u00e1j\u00fa dr\u00e1gak\u0151, arany \u00f6tv\u00f6zet (roz\u00e9, vagy feh\u00e9rarany) ig\u00e9ny\u00e9nek eset\u00e9n egyedi megrendel\u00e9sedhez k\u00e9sz\u00fclt \u00e1raj\u00e1nlat\u00e9rt vedd fel vel\u00fcnk a kapcsolatot a studio@dorasilagyi.hu email c\u00edmen!","breadcrumb":{"@id":"https:\/\/dorasilagyi.hu\/termek\/lava-gyuru-2\/#breadcrumb"},"inLanguage":"en-GB","potentialAction":[{"@type":"ReadAction","target":["https:\/\/dorasilagyi.hu\/termek\/lava-gyuru-2\/"]}]},{"@type":"BreadcrumbList","@id":"https:\/\/dorasilagyi.hu\/termek\/lava-gyuru-2\/#breadcrumb","itemListElement":[{"@type":"ListItem","position":1,"name":"Kezd\u0151lap","item":"https:\/\/dorasilagyi.hu\/"},{"@type":"ListItem","position":2,"name":"Shop","item":"https:\/\/dorasilagyi.hu\/shop\/"},{"@type":"ListItem","position":3,"name":"LAVA 14kar\u00e1tos arany gy\u0171r\u0171 konyak gy\u00e9m\u00e1nttal \/rendelhet\u0151\/"}]},{"@type":"WebSite","@id":"https:\/\/dorasilagyi.hu\/#website","url":"https:\/\/dorasilagyi.hu\/","name":"Dora Silagyi Jewellery","description":"Sophisticated, timeless jewellery design","publisher":{"@id":"https:\/\/dorasilagyi.hu\/#organization"},"potentialAction":[{"@type":"SearchAction","target":{"@type":"EntryPoint","urlTemplate":"https:\/\/dorasilagyi.hu\/?s={search_term_string}"},"query-input":"required name=search_term_string"}],"inLanguage":"en-GB"},{"@type":"Organization","@id":"https:\/\/dorasilagyi.hu\/#organization","name":"Dora Silagyi Jewellery","url":"https:\/\/dorasilagyi.hu\/","logo":{"@type":"ImageObject","inLanguage":"en-GB","@id":"https:\/\/dorasilagyi.hu\/#\/schema\/logo\/image\/","url":"https:\/\/dorasilagyi.hu\/wp-content\/uploads\/2021\/05\/logowebre.png","contentUrl":"https:\/\/dorasilagyi.hu\/wp-content\/uploads\/2021\/05\/logowebre.png","width":586,"height":431,"caption":"Dora Silagyi Jewellery"},"image":{"@id":"https:\/\/dorasilagyi.hu\/#\/schema\/logo\/image\/"},"sameAs":["https:\/\/www.instagram.com\/dorasilagyi\/","https:\/\/www.facebook.com\/Dora-Silagyi-Jewellery-109313484673073"]}]}},"_links":{"self":[{"href":"https:\/\/dorasilagyi.hu\/en\/wp-json\/wp\/v2\/product\/231026","targetHints":{"allow":["GET"]}}],"collection":[{"href":"https:\/\/dorasilagyi.hu\/en\/wp-json\/wp\/v2\/product"}],"about":[{"href":"https:\/\/dorasilagyi.hu\/en\/wp-json\/wp\/v2\/types\/product"}],"wp:featuredmedia":[{"embeddable":true,"href":"https:\/\/dorasilagyi.hu\/en\/wp-json\/wp\/v2\/media\/231028"}],"wp:attachment":[{"href":"https:\/\/dorasilagyi.hu\/en\/wp-json\/wp\/v2\/media?parent=231026"}],"wp:term":[{"taxonomy":"product_cat","embeddable":true,"href":"https:\/\/dorasilagyi.hu\/en\/wp-json\/wp\/v2\/product_cat?post=231026"},{"taxonomy":"product_tag","embeddable":true,"href":"https:\/\/dorasilagyi.hu\/en\/wp-json\/wp\/v2\/product_tag?post=231026"}],"curies":[{"name":"wp","href":"https:\/\/api.w.org\/{rel}","templated":true}]}}