{"id":231009,"date":"2023-07-19T18:09:41","date_gmt":"2023-07-19T18:09:41","guid":{"rendered":"https:\/\/dorasilagyi.hu\/?post_type=product&#038;p=231009"},"modified":"2026-01-10T18:15:10","modified_gmt":"2026-01-10T18:15:10","slug":"adele-14karatos-roze-arany-eljegyzesi-gyuru","status":"publish","type":"product","link":"https:\/\/dorasilagyi.hu\/en\/product\/adele-14karatos-roze-arany-eljegyzesi-gyuru\/","title":{"rendered":"ADELE 14k gold ring with colored gemstone \/available to order\/"},"content":{"rendered":"<p>STANDARD DSJ style. Do you like the shape, but would you choose a different gemstone or gold alloy? If you need a CUSTOM ring made, contact us at studio@dorasilagyi.hu so that we can send you a personalized price offer!<\/p>","protected":false},"excerpt":{"rendered":"<p>Minimalistic, sophisticated design world. A perfect choice for a modern engagement ring.<br \/>\nAvailable in selected material-gemstone combinations, e.g.:<br \/>\nWhite gold &amp; pink sapphire<br \/>\nChampagne gold &amp; cognac with diamonds<br \/>\nWith yellow gold &amp; emeralds<br \/>\nGy\u0171r\u0171s\u00edn vastags\u00e1ga cca 1.8mm. Dr\u00e1gak\u0151 m\u00e9rete 2.8-3mm.<\/p>","protected":false},"featured_media":232068,"template":"","meta":{"_et_pb_use_builder":"off","_et_pb_old_content":"STANDARD DSJ fazon. Tetszik a forma, de m\u00e1s dr\u00e1gak\u00f6vet v\u00e1lasztan\u00e1l? Egyedi-CUSTOM gy\u0171r\u0171 k\u00e9sz\u00edttet\u00e9s\u00e9nek ig\u00e9nye eset\u00e9n vedd fel vel\u00fcnk a kapcsolatot a studio@dorasilagyi.hu email c\u00edmen, hogy egyedi \u00e1raj\u00e1nlatot tudjunk k\u00fcldeni!","_et_gb_content_width":"","_monsterinsights_skip_tracking":false,"_monsterinsights_sitenote_active":false,"_monsterinsights_sitenote_note":"","_monsterinsights_sitenote_category":0},"product_cat":[126,129],"product_tag":[],"class_list":["post-231009","product","type-product","status-publish","has-post-thumbnail","hentry","product_cat-eljegyzesi-gyuru","product_cat-gyuru","pa_anyag-14k-pezsgo-arany","pa_anyag-14karatos-feherarany","pa_anyag-14karatos-sarga-arany"],"yoast_head":"<!-- This site is optimized with the Yoast SEO plugin v19.9 - https:\/\/yoast.com\/wordpress\/plugins\/seo\/ -->\n<title>ADELE 14kar\u00e1tos arany gy\u0171r\u0171 sz\u00ednes dr\u00e1gak\u0151vel \/rendelhet\u0151\/ &mdash; Dora Silagyi Jewellery<\/title>\n<meta name=\"robots\" content=\"index, follow, max-snippet:-1, max-image-preview:large, max-video-preview:-1\" \/>\n<link rel=\"canonical\" href=\"https:\/\/dorasilagyi.hu\/en\/product\/adele-14karatos-roze-arany-eljegyzesi-gyuru\/\" \/>\n<meta property=\"og:locale\" content=\"en_GB\" \/>\n<meta property=\"og:type\" content=\"article\" \/>\n<meta property=\"og:title\" content=\"ADELE 14kar\u00e1tos arany gy\u0171r\u0171 sz\u00ednes dr\u00e1gak\u0151vel \/rendelhet\u0151\/ &mdash; Dora Silagyi Jewellery\" \/>\n<meta property=\"og:description\" content=\"Minimalista, kifinomult formavil\u00e1g. T\u00f6k\u00e9letes v\u00e1laszt\u00e1s modern eljegyz\u00e9si gy\u0171r\u0171nek. Rendelhet\u0151 v\u00e1lasztott anyag-dr\u00e1gak\u0151 kombin\u00e1ci\u00f3kban, pl.: Feh\u00e9rarany &amp; r\u00f3zsasz\u00edn zaf\u00edrral Pezsg\u0151 arany &amp; konyak gy\u00e9m\u00e1nttal S\u00e1rga arany &amp; smaragddal Gy\u0171r\u0171s\u00edn vastags\u00e1ga cca 1.8mm. Dr\u00e1gak\u0151 m\u00e9rete 2.8-3mm.\" \/>\n<meta property=\"og:url\" content=\"https:\/\/dorasilagyi.hu\/en\/product\/adele-14karatos-roze-arany-eljegyzesi-gyuru\/\" \/>\n<meta property=\"og:site_name\" content=\"Dora Silagyi Jewellery\" \/>\n<meta property=\"article:publisher\" content=\"https:\/\/www.facebook.com\/Dora-Silagyi-Jewellery-109313484673073\" \/>\n<meta property=\"article:modified_time\" content=\"2026-01-10T18:15:10+00:00\" \/>\n<meta property=\"og:image\" content=\"https:\/\/dorasilagyi.hu\/wp-content\/uploads\/2023\/07\/IGP3532-scaled.jpg\" \/>\n\t<meta property=\"og:image:width\" content=\"1714\" \/>\n\t<meta property=\"og:image:height\" content=\"2560\" \/>\n\t<meta property=\"og:image:type\" content=\"image\/jpeg\" \/>\n<meta name=\"twitter:card\" content=\"summary_large_image\" \/>\n<meta name=\"twitter:label1\" content=\"Estimated reading time\" \/>\n\t<meta name=\"twitter:data1\" content=\"1 minute\" \/>\n<script type=\"application\/ld+json\" class=\"yoast-schema-graph\">{\"@context\":\"https:\/\/schema.org\",\"@graph\":[{\"@type\":\"WebPage\",\"@id\":\"https:\/\/dorasilagyi.hu\/termek\/adele-14karatos-roze-arany-eljegyzesi-gyuru\/\",\"url\":\"https:\/\/dorasilagyi.hu\/termek\/adele-14karatos-roze-arany-eljegyzesi-gyuru\/\",\"name\":\"ADELE 14kar\u00e1tos arany gy\u0171r\u0171 sz\u00ednes dr\u00e1gak\u0151vel \/rendelhet\u0151\/ &mdash; Dora Silagyi Jewellery\",\"isPartOf\":{\"@id\":\"https:\/\/dorasilagyi.hu\/#website\"},\"datePublished\":\"2023-07-19T18:09:41+00:00\",\"dateModified\":\"2026-01-10T18:15:10+00:00\",\"breadcrumb\":{\"@id\":\"https:\/\/dorasilagyi.hu\/termek\/adele-14karatos-roze-arany-eljegyzesi-gyuru\/#breadcrumb\"},\"inLanguage\":\"en-GB\",\"potentialAction\":[{\"@type\":\"ReadAction\",\"target\":[\"https:\/\/dorasilagyi.hu\/termek\/adele-14karatos-roze-arany-eljegyzesi-gyuru\/\"]}]},{\"@type\":\"BreadcrumbList\",\"@id\":\"https:\/\/dorasilagyi.hu\/termek\/adele-14karatos-roze-arany-eljegyzesi-gyuru\/#breadcrumb\",\"itemListElement\":[{\"@type\":\"ListItem\",\"position\":1,\"name\":\"Kezd\u0151lap\",\"item\":\"https:\/\/dorasilagyi.hu\/\"},{\"@type\":\"ListItem\",\"position\":2,\"name\":\"Shop\",\"item\":\"https:\/\/dorasilagyi.hu\/shop\/\"},{\"@type\":\"ListItem\",\"position\":3,\"name\":\"ADELE 14kar\u00e1tos arany gy\u0171r\u0171 sz\u00ednes dr\u00e1gak\u0151vel \/rendelhet\u0151\/\"}]},{\"@type\":\"WebSite\",\"@id\":\"https:\/\/dorasilagyi.hu\/#website\",\"url\":\"https:\/\/dorasilagyi.hu\/\",\"name\":\"Dora Silagyi Jewellery\",\"description\":\"Sophisticated, timeless jewellery design\",\"publisher\":{\"@id\":\"https:\/\/dorasilagyi.hu\/#organization\"},\"potentialAction\":[{\"@type\":\"SearchAction\",\"target\":{\"@type\":\"EntryPoint\",\"urlTemplate\":\"https:\/\/dorasilagyi.hu\/?s={search_term_string}\"},\"query-input\":\"required name=search_term_string\"}],\"inLanguage\":\"en-GB\"},{\"@type\":\"Organization\",\"@id\":\"https:\/\/dorasilagyi.hu\/#organization\",\"name\":\"Dora Silagyi Jewellery\",\"url\":\"https:\/\/dorasilagyi.hu\/\",\"logo\":{\"@type\":\"ImageObject\",\"inLanguage\":\"en-GB\",\"@id\":\"https:\/\/dorasilagyi.hu\/#\/schema\/logo\/image\/\",\"url\":\"https:\/\/dorasilagyi.hu\/wp-content\/uploads\/2021\/05\/logowebre.png\",\"contentUrl\":\"https:\/\/dorasilagyi.hu\/wp-content\/uploads\/2021\/05\/logowebre.png\",\"width\":586,\"height\":431,\"caption\":\"Dora Silagyi Jewellery\"},\"image\":{\"@id\":\"https:\/\/dorasilagyi.hu\/#\/schema\/logo\/image\/\"},\"sameAs\":[\"https:\/\/www.instagram.com\/dorasilagyi\/\",\"https:\/\/www.facebook.com\/Dora-Silagyi-Jewellery-109313484673073\"]}]}<\/script>\n<!-- \/ Yoast SEO plugin. -->","yoast_head_json":{"title":"ADELE 14kar\u00e1tos arany gy\u0171r\u0171 sz\u00ednes dr\u00e1gak\u0151vel \/rendelhet\u0151\/ &mdash; Dora Silagyi Jewellery","robots":{"index":"index","follow":"follow","max-snippet":"max-snippet:-1","max-image-preview":"max-image-preview:large","max-video-preview":"max-video-preview:-1"},"canonical":"https:\/\/dorasilagyi.hu\/en\/product\/adele-14karatos-roze-arany-eljegyzesi-gyuru\/","og_locale":"en_GB","og_type":"article","og_title":"ADELE 14kar\u00e1tos arany gy\u0171r\u0171 sz\u00ednes dr\u00e1gak\u0151vel \/rendelhet\u0151\/ &mdash; Dora Silagyi Jewellery","og_description":"Minimalista, kifinomult formavil\u00e1g. T\u00f6k\u00e9letes v\u00e1laszt\u00e1s modern eljegyz\u00e9si gy\u0171r\u0171nek. Rendelhet\u0151 v\u00e1lasztott anyag-dr\u00e1gak\u0151 kombin\u00e1ci\u00f3kban, pl.: Feh\u00e9rarany &amp; r\u00f3zsasz\u00edn zaf\u00edrral Pezsg\u0151 arany &amp; konyak gy\u00e9m\u00e1nttal S\u00e1rga arany &amp; smaragddal Gy\u0171r\u0171s\u00edn vastags\u00e1ga cca 1.8mm. Dr\u00e1gak\u0151 m\u00e9rete 2.8-3mm.","og_url":"https:\/\/dorasilagyi.hu\/en\/product\/adele-14karatos-roze-arany-eljegyzesi-gyuru\/","og_site_name":"Dora Silagyi Jewellery","article_publisher":"https:\/\/www.facebook.com\/Dora-Silagyi-Jewellery-109313484673073","article_modified_time":"2026-01-10T18:15:10+00:00","og_image":[{"width":1714,"height":2560,"url":"https:\/\/dorasilagyi.hu\/wp-content\/uploads\/2023\/07\/IGP3532-scaled.jpg","type":"image\/jpeg"}],"twitter_card":"summary_large_image","twitter_misc":{"Estimated reading time":"1 minute"},"schema":{"@context":"https:\/\/schema.org","@graph":[{"@type":"WebPage","@id":"https:\/\/dorasilagyi.hu\/termek\/adele-14karatos-roze-arany-eljegyzesi-gyuru\/","url":"https:\/\/dorasilagyi.hu\/termek\/adele-14karatos-roze-arany-eljegyzesi-gyuru\/","name":"ADELE 14kar\u00e1tos arany gy\u0171r\u0171 sz\u00ednes dr\u00e1gak\u0151vel \/rendelhet\u0151\/ &mdash; Dora Silagyi Jewellery","isPartOf":{"@id":"https:\/\/dorasilagyi.hu\/#website"},"datePublished":"2023-07-19T18:09:41+00:00","dateModified":"2026-01-10T18:15:10+00:00","breadcrumb":{"@id":"https:\/\/dorasilagyi.hu\/termek\/adele-14karatos-roze-arany-eljegyzesi-gyuru\/#breadcrumb"},"inLanguage":"en-GB","potentialAction":[{"@type":"ReadAction","target":["https:\/\/dorasilagyi.hu\/termek\/adele-14karatos-roze-arany-eljegyzesi-gyuru\/"]}]},{"@type":"BreadcrumbList","@id":"https:\/\/dorasilagyi.hu\/termek\/adele-14karatos-roze-arany-eljegyzesi-gyuru\/#breadcrumb","itemListElement":[{"@type":"ListItem","position":1,"name":"Kezd\u0151lap","item":"https:\/\/dorasilagyi.hu\/"},{"@type":"ListItem","position":2,"name":"Shop","item":"https:\/\/dorasilagyi.hu\/shop\/"},{"@type":"ListItem","position":3,"name":"ADELE 14kar\u00e1tos arany gy\u0171r\u0171 sz\u00ednes dr\u00e1gak\u0151vel \/rendelhet\u0151\/"}]},{"@type":"WebSite","@id":"https:\/\/dorasilagyi.hu\/#website","url":"https:\/\/dorasilagyi.hu\/","name":"Dora Silagyi Jewellery","description":"Sophisticated, timeless jewellery design","publisher":{"@id":"https:\/\/dorasilagyi.hu\/#organization"},"potentialAction":[{"@type":"SearchAction","target":{"@type":"EntryPoint","urlTemplate":"https:\/\/dorasilagyi.hu\/?s={search_term_string}"},"query-input":"required name=search_term_string"}],"inLanguage":"en-GB"},{"@type":"Organization","@id":"https:\/\/dorasilagyi.hu\/#organization","name":"Dora Silagyi Jewellery","url":"https:\/\/dorasilagyi.hu\/","logo":{"@type":"ImageObject","inLanguage":"en-GB","@id":"https:\/\/dorasilagyi.hu\/#\/schema\/logo\/image\/","url":"https:\/\/dorasilagyi.hu\/wp-content\/uploads\/2021\/05\/logowebre.png","contentUrl":"https:\/\/dorasilagyi.hu\/wp-content\/uploads\/2021\/05\/logowebre.png","width":586,"height":431,"caption":"Dora Silagyi Jewellery"},"image":{"@id":"https:\/\/dorasilagyi.hu\/#\/schema\/logo\/image\/"},"sameAs":["https:\/\/www.instagram.com\/dorasilagyi\/","https:\/\/www.facebook.com\/Dora-Silagyi-Jewellery-109313484673073"]}]}},"_links":{"self":[{"href":"https:\/\/dorasilagyi.hu\/en\/wp-json\/wp\/v2\/product\/231009","targetHints":{"allow":["GET"]}}],"collection":[{"href":"https:\/\/dorasilagyi.hu\/en\/wp-json\/wp\/v2\/product"}],"about":[{"href":"https:\/\/dorasilagyi.hu\/en\/wp-json\/wp\/v2\/types\/product"}],"wp:featuredmedia":[{"embeddable":true,"href":"https:\/\/dorasilagyi.hu\/en\/wp-json\/wp\/v2\/media\/232068"}],"wp:attachment":[{"href":"https:\/\/dorasilagyi.hu\/en\/wp-json\/wp\/v2\/media?parent=231009"}],"wp:term":[{"taxonomy":"product_cat","embeddable":true,"href":"https:\/\/dorasilagyi.hu\/en\/wp-json\/wp\/v2\/product_cat?post=231009"},{"taxonomy":"product_tag","embeddable":true,"href":"https:\/\/dorasilagyi.hu\/en\/wp-json\/wp\/v2\/product_tag?post=231009"}],"curies":[{"name":"wp","href":"https:\/\/api.w.org\/{rel}","templated":true}]}}