{"id":230961,"date":"2023-07-06T13:53:37","date_gmt":"2023-07-06T13:53:37","guid":{"rendered":"https:\/\/dorasilagyi.hu\/?post_type=product&#038;p=230961"},"modified":"2025-12-10T15:33:20","modified_gmt":"2025-12-10T15:33:20","slug":"diana-14karatos-gyuru-turmalinnal","status":"publish","type":"product","link":"https:\/\/dorasilagyi.hu\/en\/product\/diana-14karatos-gyuru-turmalinnal\/","title":{"rendered":"Diana 14kar\u00e1tos arany gy\u0171r\u0171 turmalinnal \/rendelhet\u0151\/"},"content":{"rendered":"<p>A tall 4 prong socket mounted on a filigree ring rail with a mint green encrusted tourmaline gemstone.<br \/>\nSize: 55<br \/>\nWeight: approx. 1.5 gr<br \/>\nIf you need a different gemstone or resizing, contact us at studio@dorasilagyi.hu!<\/p>","protected":false},"excerpt":{"rendered":"<p>A tall 4 prong socket mounted on a filigree ring rail with a mint green encrusted tourmaline gemstone.<br \/>\nSize: 55<br \/>\nWeight: approx. 1.5 gr<br \/>\nIf you need a different gemstone or resizing, contact us at studio@dorasilagyi.hu!<\/p>","protected":false},"featured_media":230959,"template":"","meta":{"_et_pb_use_builder":"","_et_pb_old_content":"","_et_gb_content_width":"","_monsterinsights_skip_tracking":false,"_monsterinsights_sitenote_active":false,"_monsterinsights_sitenote_note":"","_monsterinsights_sitenote_category":0},"product_cat":[126,129],"product_tag":[],"class_list":["post-230961","product","type-product","status-publish","has-post-thumbnail","hentry","product_cat-eljegyzesi-gyuru","product_cat-gyuru"],"yoast_head":"<!-- This site is optimized with the Yoast SEO plugin v19.9 - https:\/\/yoast.com\/wordpress\/plugins\/seo\/ -->\n<title>Diana 14kar\u00e1tos arany gy\u0171r\u0171 turmalinnal \/rendelhet\u0151\/ &mdash; Dora Silagyi Jewellery<\/title>\n<meta name=\"description\" content=\"Filigr\u00e1n gy\u0171r\u0171s\u00ednre \u00fcltetett magas 4 karmos foglalat menta z\u00f6ld z\u00e1rv\u00e1nyos turmalin dr\u00e1gak\u0151vel.M\u00e9ret: 55S\u00faly: cca 1.5 grM\u00e1s dr\u00e1gak\u0151, \u00e1tm\u00e9retez\u00e9s ig\u00e9ny\u00e9nek eset\u00e9n vedd fel vel\u00fcnk a kapcsolatot a studio@dorasilagyi.hu email c\u00edmen!\" \/>\n<meta name=\"robots\" content=\"index, follow, max-snippet:-1, max-image-preview:large, max-video-preview:-1\" \/>\n<link rel=\"canonical\" href=\"https:\/\/dorasilagyi.hu\/en\/product\/diana-14karatos-gyuru-turmalinnal\/\" \/>\n<meta property=\"og:locale\" content=\"en_GB\" \/>\n<meta property=\"og:type\" content=\"article\" \/>\n<meta property=\"og:title\" content=\"Diana 14kar\u00e1tos arany gy\u0171r\u0171 turmalinnal \/rendelhet\u0151\/ &mdash; Dora Silagyi Jewellery\" \/>\n<meta property=\"og:description\" content=\"Filigr\u00e1n gy\u0171r\u0171s\u00ednre \u00fcltetett magas 4 karmos foglalat menta z\u00f6ld z\u00e1rv\u00e1nyos turmalin dr\u00e1gak\u0151vel.M\u00e9ret: 55S\u00faly: cca 1.5 grM\u00e1s dr\u00e1gak\u0151, \u00e1tm\u00e9retez\u00e9s ig\u00e9ny\u00e9nek eset\u00e9n vedd fel vel\u00fcnk a kapcsolatot a studio@dorasilagyi.hu email c\u00edmen!\" \/>\n<meta property=\"og:url\" content=\"https:\/\/dorasilagyi.hu\/en\/product\/diana-14karatos-gyuru-turmalinnal\/\" \/>\n<meta property=\"og:site_name\" content=\"Dora Silagyi Jewellery\" \/>\n<meta property=\"article:publisher\" content=\"https:\/\/www.facebook.com\/Dora-Silagyi-Jewellery-109313484673073\" \/>\n<meta property=\"article:modified_time\" content=\"2025-12-10T15:33:20+00:00\" \/>\n<meta property=\"og:image\" content=\"https:\/\/dorasilagyi.hu\/wp-content\/uploads\/2023\/07\/turmi4-scaled.jpg\" \/>\n\t<meta property=\"og:image:width\" content=\"1714\" \/>\n\t<meta property=\"og:image:height\" content=\"2560\" \/>\n\t<meta property=\"og:image:type\" content=\"image\/jpeg\" \/>\n<meta name=\"twitter:card\" content=\"summary_large_image\" \/>\n<meta name=\"twitter:label1\" content=\"Estimated reading time\" \/>\n\t<meta name=\"twitter:data1\" content=\"1 minute\" \/>\n<script type=\"application\/ld+json\" class=\"yoast-schema-graph\">{\"@context\":\"https:\/\/schema.org\",\"@graph\":[{\"@type\":\"WebPage\",\"@id\":\"https:\/\/dorasilagyi.hu\/termek\/diana-14karatos-gyuru-turmalinnal\/\",\"url\":\"https:\/\/dorasilagyi.hu\/termek\/diana-14karatos-gyuru-turmalinnal\/\",\"name\":\"Diana 14kar\u00e1tos arany gy\u0171r\u0171 turmalinnal \/rendelhet\u0151\/ &mdash; Dora Silagyi Jewellery\",\"isPartOf\":{\"@id\":\"https:\/\/dorasilagyi.hu\/#website\"},\"datePublished\":\"2023-07-06T13:53:37+00:00\",\"dateModified\":\"2025-12-10T15:33:20+00:00\",\"description\":\"Filigr\u00e1n gy\u0171r\u0171s\u00ednre \u00fcltetett magas 4 karmos foglalat menta z\u00f6ld z\u00e1rv\u00e1nyos turmalin dr\u00e1gak\u0151vel.M\u00e9ret: 55S\u00faly: cca 1.5 grM\u00e1s dr\u00e1gak\u0151, \u00e1tm\u00e9retez\u00e9s ig\u00e9ny\u00e9nek eset\u00e9n vedd fel vel\u00fcnk a kapcsolatot a studio@dorasilagyi.hu email c\u00edmen!\",\"breadcrumb\":{\"@id\":\"https:\/\/dorasilagyi.hu\/termek\/diana-14karatos-gyuru-turmalinnal\/#breadcrumb\"},\"inLanguage\":\"en-GB\",\"potentialAction\":[{\"@type\":\"ReadAction\",\"target\":[\"https:\/\/dorasilagyi.hu\/termek\/diana-14karatos-gyuru-turmalinnal\/\"]}]},{\"@type\":\"BreadcrumbList\",\"@id\":\"https:\/\/dorasilagyi.hu\/termek\/diana-14karatos-gyuru-turmalinnal\/#breadcrumb\",\"itemListElement\":[{\"@type\":\"ListItem\",\"position\":1,\"name\":\"Kezd\u0151lap\",\"item\":\"https:\/\/dorasilagyi.hu\/\"},{\"@type\":\"ListItem\",\"position\":2,\"name\":\"Shop\",\"item\":\"https:\/\/dorasilagyi.hu\/shop\/\"},{\"@type\":\"ListItem\",\"position\":3,\"name\":\"Diana 14kar\u00e1tos arany gy\u0171r\u0171 turmalinnal \/rendelhet\u0151\/\"}]},{\"@type\":\"WebSite\",\"@id\":\"https:\/\/dorasilagyi.hu\/#website\",\"url\":\"https:\/\/dorasilagyi.hu\/\",\"name\":\"Dora Silagyi Jewellery\",\"description\":\"Sophisticated, timeless jewellery design\",\"publisher\":{\"@id\":\"https:\/\/dorasilagyi.hu\/#organization\"},\"potentialAction\":[{\"@type\":\"SearchAction\",\"target\":{\"@type\":\"EntryPoint\",\"urlTemplate\":\"https:\/\/dorasilagyi.hu\/?s={search_term_string}\"},\"query-input\":\"required name=search_term_string\"}],\"inLanguage\":\"en-GB\"},{\"@type\":\"Organization\",\"@id\":\"https:\/\/dorasilagyi.hu\/#organization\",\"name\":\"Dora Silagyi Jewellery\",\"url\":\"https:\/\/dorasilagyi.hu\/\",\"logo\":{\"@type\":\"ImageObject\",\"inLanguage\":\"en-GB\",\"@id\":\"https:\/\/dorasilagyi.hu\/#\/schema\/logo\/image\/\",\"url\":\"https:\/\/dorasilagyi.hu\/wp-content\/uploads\/2021\/05\/logowebre.png\",\"contentUrl\":\"https:\/\/dorasilagyi.hu\/wp-content\/uploads\/2021\/05\/logowebre.png\",\"width\":586,\"height\":431,\"caption\":\"Dora Silagyi Jewellery\"},\"image\":{\"@id\":\"https:\/\/dorasilagyi.hu\/#\/schema\/logo\/image\/\"},\"sameAs\":[\"https:\/\/www.instagram.com\/dorasilagyi\/\",\"https:\/\/www.facebook.com\/Dora-Silagyi-Jewellery-109313484673073\"]}]}<\/script>\n<!-- \/ Yoast SEO plugin. -->","yoast_head_json":{"title":"Diana 14kar\u00e1tos arany gy\u0171r\u0171 turmalinnal \/rendelhet\u0151\/ &mdash; Dora Silagyi Jewellery","description":"Filigr\u00e1n gy\u0171r\u0171s\u00ednre \u00fcltetett magas 4 karmos foglalat menta z\u00f6ld z\u00e1rv\u00e1nyos turmalin dr\u00e1gak\u0151vel.M\u00e9ret: 55S\u00faly: cca 1.5 grM\u00e1s dr\u00e1gak\u0151, \u00e1tm\u00e9retez\u00e9s ig\u00e9ny\u00e9nek eset\u00e9n vedd fel vel\u00fcnk a kapcsolatot a studio@dorasilagyi.hu email c\u00edmen!","robots":{"index":"index","follow":"follow","max-snippet":"max-snippet:-1","max-image-preview":"max-image-preview:large","max-video-preview":"max-video-preview:-1"},"canonical":"https:\/\/dorasilagyi.hu\/en\/product\/diana-14karatos-gyuru-turmalinnal\/","og_locale":"en_GB","og_type":"article","og_title":"Diana 14kar\u00e1tos arany gy\u0171r\u0171 turmalinnal \/rendelhet\u0151\/ &mdash; Dora Silagyi Jewellery","og_description":"Filigr\u00e1n gy\u0171r\u0171s\u00ednre \u00fcltetett magas 4 karmos foglalat menta z\u00f6ld z\u00e1rv\u00e1nyos turmalin dr\u00e1gak\u0151vel.M\u00e9ret: 55S\u00faly: cca 1.5 grM\u00e1s dr\u00e1gak\u0151, \u00e1tm\u00e9retez\u00e9s ig\u00e9ny\u00e9nek eset\u00e9n vedd fel vel\u00fcnk a kapcsolatot a studio@dorasilagyi.hu email c\u00edmen!","og_url":"https:\/\/dorasilagyi.hu\/en\/product\/diana-14karatos-gyuru-turmalinnal\/","og_site_name":"Dora Silagyi Jewellery","article_publisher":"https:\/\/www.facebook.com\/Dora-Silagyi-Jewellery-109313484673073","article_modified_time":"2025-12-10T15:33:20+00:00","og_image":[{"width":1714,"height":2560,"url":"https:\/\/dorasilagyi.hu\/wp-content\/uploads\/2023\/07\/turmi4-scaled.jpg","type":"image\/jpeg"}],"twitter_card":"summary_large_image","twitter_misc":{"Estimated reading time":"1 minute"},"schema":{"@context":"https:\/\/schema.org","@graph":[{"@type":"WebPage","@id":"https:\/\/dorasilagyi.hu\/termek\/diana-14karatos-gyuru-turmalinnal\/","url":"https:\/\/dorasilagyi.hu\/termek\/diana-14karatos-gyuru-turmalinnal\/","name":"Diana 14kar\u00e1tos arany gy\u0171r\u0171 turmalinnal \/rendelhet\u0151\/ &mdash; Dora Silagyi Jewellery","isPartOf":{"@id":"https:\/\/dorasilagyi.hu\/#website"},"datePublished":"2023-07-06T13:53:37+00:00","dateModified":"2025-12-10T15:33:20+00:00","description":"Filigr\u00e1n gy\u0171r\u0171s\u00ednre \u00fcltetett magas 4 karmos foglalat menta z\u00f6ld z\u00e1rv\u00e1nyos turmalin dr\u00e1gak\u0151vel.M\u00e9ret: 55S\u00faly: cca 1.5 grM\u00e1s dr\u00e1gak\u0151, \u00e1tm\u00e9retez\u00e9s ig\u00e9ny\u00e9nek eset\u00e9n vedd fel vel\u00fcnk a kapcsolatot a studio@dorasilagyi.hu email c\u00edmen!","breadcrumb":{"@id":"https:\/\/dorasilagyi.hu\/termek\/diana-14karatos-gyuru-turmalinnal\/#breadcrumb"},"inLanguage":"en-GB","potentialAction":[{"@type":"ReadAction","target":["https:\/\/dorasilagyi.hu\/termek\/diana-14karatos-gyuru-turmalinnal\/"]}]},{"@type":"BreadcrumbList","@id":"https:\/\/dorasilagyi.hu\/termek\/diana-14karatos-gyuru-turmalinnal\/#breadcrumb","itemListElement":[{"@type":"ListItem","position":1,"name":"Kezd\u0151lap","item":"https:\/\/dorasilagyi.hu\/"},{"@type":"ListItem","position":2,"name":"Shop","item":"https:\/\/dorasilagyi.hu\/shop\/"},{"@type":"ListItem","position":3,"name":"Diana 14kar\u00e1tos arany gy\u0171r\u0171 turmalinnal \/rendelhet\u0151\/"}]},{"@type":"WebSite","@id":"https:\/\/dorasilagyi.hu\/#website","url":"https:\/\/dorasilagyi.hu\/","name":"Dora Silagyi Jewellery","description":"Sophisticated, timeless jewellery design","publisher":{"@id":"https:\/\/dorasilagyi.hu\/#organization"},"potentialAction":[{"@type":"SearchAction","target":{"@type":"EntryPoint","urlTemplate":"https:\/\/dorasilagyi.hu\/?s={search_term_string}"},"query-input":"required name=search_term_string"}],"inLanguage":"en-GB"},{"@type":"Organization","@id":"https:\/\/dorasilagyi.hu\/#organization","name":"Dora Silagyi Jewellery","url":"https:\/\/dorasilagyi.hu\/","logo":{"@type":"ImageObject","inLanguage":"en-GB","@id":"https:\/\/dorasilagyi.hu\/#\/schema\/logo\/image\/","url":"https:\/\/dorasilagyi.hu\/wp-content\/uploads\/2021\/05\/logowebre.png","contentUrl":"https:\/\/dorasilagyi.hu\/wp-content\/uploads\/2021\/05\/logowebre.png","width":586,"height":431,"caption":"Dora Silagyi Jewellery"},"image":{"@id":"https:\/\/dorasilagyi.hu\/#\/schema\/logo\/image\/"},"sameAs":["https:\/\/www.instagram.com\/dorasilagyi\/","https:\/\/www.facebook.com\/Dora-Silagyi-Jewellery-109313484673073"]}]}},"_links":{"self":[{"href":"https:\/\/dorasilagyi.hu\/en\/wp-json\/wp\/v2\/product\/230961","targetHints":{"allow":["GET"]}}],"collection":[{"href":"https:\/\/dorasilagyi.hu\/en\/wp-json\/wp\/v2\/product"}],"about":[{"href":"https:\/\/dorasilagyi.hu\/en\/wp-json\/wp\/v2\/types\/product"}],"wp:featuredmedia":[{"embeddable":true,"href":"https:\/\/dorasilagyi.hu\/en\/wp-json\/wp\/v2\/media\/230959"}],"wp:attachment":[{"href":"https:\/\/dorasilagyi.hu\/en\/wp-json\/wp\/v2\/media?parent=230961"}],"wp:term":[{"taxonomy":"product_cat","embeddable":true,"href":"https:\/\/dorasilagyi.hu\/en\/wp-json\/wp\/v2\/product_cat?post=230961"},{"taxonomy":"product_tag","embeddable":true,"href":"https:\/\/dorasilagyi.hu\/en\/wp-json\/wp\/v2\/product_tag?post=230961"}],"curies":[{"name":"wp","href":"https:\/\/api.w.org\/{rel}","templated":true}]}}