{"id":230807,"date":"2023-04-02T16:40:08","date_gmt":"2023-04-02T16:40:08","guid":{"rendered":"https:\/\/dorasilagyi.hu\/?post_type=product&#038;p=230807"},"modified":"2026-03-02T07:59:39","modified_gmt":"2026-03-02T07:59:39","slug":"petite-dora-signet","status":"publish","type":"product","link":"https:\/\/dorasilagyi.hu\/en\/product\/petite-dora-signet\/","title":{"rendered":"Petite Dora Signet 14kar\u00e1tos arany gy\u0171r\u0171 gy\u00e9m\u00e1nttal \/rendelhet\u0151\/"},"content":{"rendered":"<p>If you need a different size, white gold or rose gold alloy, or a different type of gemstone, please contact us for a CUSTOM order at studio@dorasilagyi.hu so that we can send you a unique quote. All jewelry is made individually in our P\u00e9cs studios after ordering, to the specified size, from the selected alloy, so please allow for the production time when ordering, which is 5-6 weeks for cast, gemstone jewelry. If you need the jewelry to be made by a specific date, please contact us by email and we will discuss the options!<\/p>","protected":false},"excerpt":{"rendered":"<p>Reimagined signet ring in Dora Silagyi&#039;s sophisticated, modern style, with a 1.5 mm diameter, brilliant cut diamond.<br \/>\nHand-made, comfortable, minimalist style, it is a perfect choice either for engagement or as a wedding ring.<\/p>","protected":false},"featured_media":230793,"template":"","meta":{"_et_pb_use_builder":"off","_et_pb_old_content":"Egy\u00e9b m\u00e9ret, m\u00e1sfajta dr\u00e1gak\u0151 ig\u00e9ny\u00e9nek eset\u00e9n CUSTOM megrendel\u00e9shez vedd fel vel\u00fcnk a kapcsolatot a studio@dorasilagyi.hu email c\u00edmen, hogy egyedi \u00e1raj\u00e1nlatot tudjunk k\u00fcldeni neked.\r\nMinden \u00e9kszer megrendel\u00e9s ut\u00e1n k\u00e9sz\u00fcl szem\u00e9lyre szabottan p\u00e9csi st\u00fadi\u00f3kban a megadott m\u00e9retre, a v\u00e1lasztott \u00f6tv\u00f6zetb\u0151l, ez\u00e9rt k\u00e9rj\u00fck, hogy megrendel\u00e9s eset\u00e9n sz\u00e1molj a k\u00e9sz\u00edt\u00e9si id\u0151vel, mely \u00f6nt\u00f6tt, dr\u00e1gak\u00f6ves \u00e9kszer eset\u00e9n 5-6 h\u00e9t. Amennyiben megadott d\u00e1tumra sz\u00fcks\u00e9ges az \u00e9kszer elk\u00e9sz\u00fcl\u00e9se, k\u00e9rj\u00fck vedd fel vel\u00fcnk a kapcsolatot emailben, \u00e9s megbesz\u00e9lj\u00fck a lehet\u0151s\u00e9geket!","_et_gb_content_width":"","_monsterinsights_skip_tracking":false,"_monsterinsights_sitenote_active":false,"_monsterinsights_sitenote_note":"","_monsterinsights_sitenote_category":0},"product_cat":[126,127,129],"product_tag":[],"class_list":["post-230807","product","type-product","status-publish","has-post-thumbnail","hentry","product_cat-eljegyzesi-gyuru","product_cat-karikagyuru","product_cat-gyuru","pa_anyag-14karatos-sarga-arany","pa_meret-100","pa_meret-101","pa_meret-87","pa_meret-54","pa_meret-55","pa_meret-56"],"yoast_head":"<!-- This site is optimized with the Yoast SEO plugin v19.9 - https:\/\/yoast.com\/wordpress\/plugins\/seo\/ -->\n<title>Petite Dora Signet 14kar\u00e1tos arany gy\u0171r\u0171 gy\u00e9m\u00e1nttal \/rendelhet\u0151\/ &mdash; Dora Silagyi Jewellery<\/title>\n<meta name=\"description\" content=\"Hagyom\u00e1nyos pecs\u00e9tgy\u0171r\u0171 \u00fajragondol\u00e1sa. Modern, kifinomult, egyedi tervez\u00e9s\u0171 \u00e9kszer, gy\u00e9m\u00e1nttal. K\u00e9zzel k\u00e9sz\u00fclt, minimalista pecs\u00e9tgy\u0171r\u0171 ak\u00e1r eljegyz\u00e9sre.\" \/>\n<meta name=\"robots\" content=\"index, follow, max-snippet:-1, max-image-preview:large, max-video-preview:-1\" \/>\n<link rel=\"canonical\" href=\"https:\/\/dorasilagyi.hu\/en\/product\/petite-dora-signet\/\" \/>\n<meta property=\"og:locale\" content=\"en_GB\" \/>\n<meta property=\"og:type\" content=\"article\" \/>\n<meta property=\"og:title\" content=\"Petite Dora Signet 14kar\u00e1tos arany gy\u0171r\u0171 gy\u00e9m\u00e1nttal \/rendelhet\u0151\/ &mdash; Dora Silagyi Jewellery\" \/>\n<meta property=\"og:description\" content=\"Hagyom\u00e1nyos pecs\u00e9tgy\u0171r\u0171 \u00fajragondol\u00e1sa. Modern, kifinomult, egyedi tervez\u00e9s\u0171 \u00e9kszer, gy\u00e9m\u00e1nttal. K\u00e9zzel k\u00e9sz\u00fclt, minimalista pecs\u00e9tgy\u0171r\u0171 ak\u00e1r eljegyz\u00e9sre.\" \/>\n<meta property=\"og:url\" content=\"https:\/\/dorasilagyi.hu\/en\/product\/petite-dora-signet\/\" \/>\n<meta property=\"og:site_name\" content=\"Dora Silagyi Jewellery\" \/>\n<meta property=\"article:publisher\" content=\"https:\/\/www.facebook.com\/Dora-Silagyi-Jewellery-109313484673073\" \/>\n<meta property=\"article:modified_time\" content=\"2026-03-02T07:59:39+00:00\" \/>\n<meta property=\"og:image\" content=\"https:\/\/dorasilagyi.hu\/wp-content\/uploads\/2023\/04\/ddddddddddd-scaled.jpg\" \/>\n\t<meta property=\"og:image:width\" content=\"1714\" \/>\n\t<meta property=\"og:image:height\" content=\"2560\" \/>\n\t<meta property=\"og:image:type\" content=\"image\/jpeg\" \/>\n<meta name=\"twitter:card\" content=\"summary_large_image\" \/>\n<meta name=\"twitter:label1\" content=\"Estimated reading time\" \/>\n\t<meta name=\"twitter:data1\" content=\"1 minute\" \/>\n<script type=\"application\/ld+json\" class=\"yoast-schema-graph\">{\"@context\":\"https:\/\/schema.org\",\"@graph\":[{\"@type\":\"WebPage\",\"@id\":\"https:\/\/dorasilagyi.hu\/termek\/petite-dora-signet\/\",\"url\":\"https:\/\/dorasilagyi.hu\/termek\/petite-dora-signet\/\",\"name\":\"Petite Dora Signet 14kar\u00e1tos arany gy\u0171r\u0171 gy\u00e9m\u00e1nttal \/rendelhet\u0151\/ &mdash; Dora Silagyi Jewellery\",\"isPartOf\":{\"@id\":\"https:\/\/dorasilagyi.hu\/#website\"},\"datePublished\":\"2023-04-02T16:40:08+00:00\",\"dateModified\":\"2026-03-02T07:59:39+00:00\",\"description\":\"Hagyom\u00e1nyos pecs\u00e9tgy\u0171r\u0171 \u00fajragondol\u00e1sa. Modern, kifinomult, egyedi tervez\u00e9s\u0171 \u00e9kszer, gy\u00e9m\u00e1nttal. K\u00e9zzel k\u00e9sz\u00fclt, minimalista pecs\u00e9tgy\u0171r\u0171 ak\u00e1r eljegyz\u00e9sre.\",\"breadcrumb\":{\"@id\":\"https:\/\/dorasilagyi.hu\/termek\/petite-dora-signet\/#breadcrumb\"},\"inLanguage\":\"en-GB\",\"potentialAction\":[{\"@type\":\"ReadAction\",\"target\":[\"https:\/\/dorasilagyi.hu\/termek\/petite-dora-signet\/\"]}]},{\"@type\":\"BreadcrumbList\",\"@id\":\"https:\/\/dorasilagyi.hu\/termek\/petite-dora-signet\/#breadcrumb\",\"itemListElement\":[{\"@type\":\"ListItem\",\"position\":1,\"name\":\"Kezd\u0151lap\",\"item\":\"https:\/\/dorasilagyi.hu\/\"},{\"@type\":\"ListItem\",\"position\":2,\"name\":\"Shop\",\"item\":\"https:\/\/dorasilagyi.hu\/shop\/\"},{\"@type\":\"ListItem\",\"position\":3,\"name\":\"Petite Dora Signet 14kar\u00e1tos arany gy\u0171r\u0171 gy\u00e9m\u00e1nttal \/rendelhet\u0151\/\"}]},{\"@type\":\"WebSite\",\"@id\":\"https:\/\/dorasilagyi.hu\/#website\",\"url\":\"https:\/\/dorasilagyi.hu\/\",\"name\":\"Dora Silagyi Jewellery\",\"description\":\"Sophisticated, timeless jewellery design\",\"publisher\":{\"@id\":\"https:\/\/dorasilagyi.hu\/#organization\"},\"potentialAction\":[{\"@type\":\"SearchAction\",\"target\":{\"@type\":\"EntryPoint\",\"urlTemplate\":\"https:\/\/dorasilagyi.hu\/?s={search_term_string}\"},\"query-input\":\"required name=search_term_string\"}],\"inLanguage\":\"en-GB\"},{\"@type\":\"Organization\",\"@id\":\"https:\/\/dorasilagyi.hu\/#organization\",\"name\":\"Dora Silagyi Jewellery\",\"url\":\"https:\/\/dorasilagyi.hu\/\",\"logo\":{\"@type\":\"ImageObject\",\"inLanguage\":\"en-GB\",\"@id\":\"https:\/\/dorasilagyi.hu\/#\/schema\/logo\/image\/\",\"url\":\"https:\/\/dorasilagyi.hu\/wp-content\/uploads\/2021\/05\/logowebre.png\",\"contentUrl\":\"https:\/\/dorasilagyi.hu\/wp-content\/uploads\/2021\/05\/logowebre.png\",\"width\":586,\"height\":431,\"caption\":\"Dora Silagyi Jewellery\"},\"image\":{\"@id\":\"https:\/\/dorasilagyi.hu\/#\/schema\/logo\/image\/\"},\"sameAs\":[\"https:\/\/www.instagram.com\/dorasilagyi\/\",\"https:\/\/www.facebook.com\/Dora-Silagyi-Jewellery-109313484673073\"]}]}<\/script>\n<!-- \/ Yoast SEO plugin. -->","yoast_head_json":{"title":"Petite Dora Signet 14kar\u00e1tos arany gy\u0171r\u0171 gy\u00e9m\u00e1nttal \/rendelhet\u0151\/ &mdash; Dora Silagyi Jewellery","description":"Hagyom\u00e1nyos pecs\u00e9tgy\u0171r\u0171 \u00fajragondol\u00e1sa. Modern, kifinomult, egyedi tervez\u00e9s\u0171 \u00e9kszer, gy\u00e9m\u00e1nttal. K\u00e9zzel k\u00e9sz\u00fclt, minimalista pecs\u00e9tgy\u0171r\u0171 ak\u00e1r eljegyz\u00e9sre.","robots":{"index":"index","follow":"follow","max-snippet":"max-snippet:-1","max-image-preview":"max-image-preview:large","max-video-preview":"max-video-preview:-1"},"canonical":"https:\/\/dorasilagyi.hu\/en\/product\/petite-dora-signet\/","og_locale":"en_GB","og_type":"article","og_title":"Petite Dora Signet 14kar\u00e1tos arany gy\u0171r\u0171 gy\u00e9m\u00e1nttal \/rendelhet\u0151\/ &mdash; Dora Silagyi Jewellery","og_description":"Hagyom\u00e1nyos pecs\u00e9tgy\u0171r\u0171 \u00fajragondol\u00e1sa. Modern, kifinomult, egyedi tervez\u00e9s\u0171 \u00e9kszer, gy\u00e9m\u00e1nttal. K\u00e9zzel k\u00e9sz\u00fclt, minimalista pecs\u00e9tgy\u0171r\u0171 ak\u00e1r eljegyz\u00e9sre.","og_url":"https:\/\/dorasilagyi.hu\/en\/product\/petite-dora-signet\/","og_site_name":"Dora Silagyi Jewellery","article_publisher":"https:\/\/www.facebook.com\/Dora-Silagyi-Jewellery-109313484673073","article_modified_time":"2026-03-02T07:59:39+00:00","og_image":[{"width":1714,"height":2560,"url":"https:\/\/dorasilagyi.hu\/wp-content\/uploads\/2023\/04\/ddddddddddd-scaled.jpg","type":"image\/jpeg"}],"twitter_card":"summary_large_image","twitter_misc":{"Estimated reading time":"1 minute"},"schema":{"@context":"https:\/\/schema.org","@graph":[{"@type":"WebPage","@id":"https:\/\/dorasilagyi.hu\/termek\/petite-dora-signet\/","url":"https:\/\/dorasilagyi.hu\/termek\/petite-dora-signet\/","name":"Petite Dora Signet 14kar\u00e1tos arany gy\u0171r\u0171 gy\u00e9m\u00e1nttal \/rendelhet\u0151\/ &mdash; Dora Silagyi Jewellery","isPartOf":{"@id":"https:\/\/dorasilagyi.hu\/#website"},"datePublished":"2023-04-02T16:40:08+00:00","dateModified":"2026-03-02T07:59:39+00:00","description":"Hagyom\u00e1nyos pecs\u00e9tgy\u0171r\u0171 \u00fajragondol\u00e1sa. Modern, kifinomult, egyedi tervez\u00e9s\u0171 \u00e9kszer, gy\u00e9m\u00e1nttal. K\u00e9zzel k\u00e9sz\u00fclt, minimalista pecs\u00e9tgy\u0171r\u0171 ak\u00e1r eljegyz\u00e9sre.","breadcrumb":{"@id":"https:\/\/dorasilagyi.hu\/termek\/petite-dora-signet\/#breadcrumb"},"inLanguage":"en-GB","potentialAction":[{"@type":"ReadAction","target":["https:\/\/dorasilagyi.hu\/termek\/petite-dora-signet\/"]}]},{"@type":"BreadcrumbList","@id":"https:\/\/dorasilagyi.hu\/termek\/petite-dora-signet\/#breadcrumb","itemListElement":[{"@type":"ListItem","position":1,"name":"Kezd\u0151lap","item":"https:\/\/dorasilagyi.hu\/"},{"@type":"ListItem","position":2,"name":"Shop","item":"https:\/\/dorasilagyi.hu\/shop\/"},{"@type":"ListItem","position":3,"name":"Petite Dora Signet 14kar\u00e1tos arany gy\u0171r\u0171 gy\u00e9m\u00e1nttal \/rendelhet\u0151\/"}]},{"@type":"WebSite","@id":"https:\/\/dorasilagyi.hu\/#website","url":"https:\/\/dorasilagyi.hu\/","name":"Dora Silagyi Jewellery","description":"Sophisticated, timeless jewellery design","publisher":{"@id":"https:\/\/dorasilagyi.hu\/#organization"},"potentialAction":[{"@type":"SearchAction","target":{"@type":"EntryPoint","urlTemplate":"https:\/\/dorasilagyi.hu\/?s={search_term_string}"},"query-input":"required name=search_term_string"}],"inLanguage":"en-GB"},{"@type":"Organization","@id":"https:\/\/dorasilagyi.hu\/#organization","name":"Dora Silagyi Jewellery","url":"https:\/\/dorasilagyi.hu\/","logo":{"@type":"ImageObject","inLanguage":"en-GB","@id":"https:\/\/dorasilagyi.hu\/#\/schema\/logo\/image\/","url":"https:\/\/dorasilagyi.hu\/wp-content\/uploads\/2021\/05\/logowebre.png","contentUrl":"https:\/\/dorasilagyi.hu\/wp-content\/uploads\/2021\/05\/logowebre.png","width":586,"height":431,"caption":"Dora Silagyi Jewellery"},"image":{"@id":"https:\/\/dorasilagyi.hu\/#\/schema\/logo\/image\/"},"sameAs":["https:\/\/www.instagram.com\/dorasilagyi\/","https:\/\/www.facebook.com\/Dora-Silagyi-Jewellery-109313484673073"]}]}},"_links":{"self":[{"href":"https:\/\/dorasilagyi.hu\/en\/wp-json\/wp\/v2\/product\/230807","targetHints":{"allow":["GET"]}}],"collection":[{"href":"https:\/\/dorasilagyi.hu\/en\/wp-json\/wp\/v2\/product"}],"about":[{"href":"https:\/\/dorasilagyi.hu\/en\/wp-json\/wp\/v2\/types\/product"}],"wp:featuredmedia":[{"embeddable":true,"href":"https:\/\/dorasilagyi.hu\/en\/wp-json\/wp\/v2\/media\/230793"}],"wp:attachment":[{"href":"https:\/\/dorasilagyi.hu\/en\/wp-json\/wp\/v2\/media?parent=230807"}],"wp:term":[{"taxonomy":"product_cat","embeddable":true,"href":"https:\/\/dorasilagyi.hu\/en\/wp-json\/wp\/v2\/product_cat?post=230807"},{"taxonomy":"product_tag","embeddable":true,"href":"https:\/\/dorasilagyi.hu\/en\/wp-json\/wp\/v2\/product_tag?post=230807"}],"curies":[{"name":"wp","href":"https:\/\/api.w.org\/{rel}","templated":true}]}}