{"id":230323,"date":"2023-02-09T13:27:54","date_gmt":"2023-02-09T13:27:54","guid":{"rendered":"https:\/\/dorasilagyi.hu\/?post_type=product&#038;p=230323"},"modified":"2026-03-02T08:00:32","modified_gmt":"2026-03-02T08:00:32","slug":"bold-mini-gyuru","status":"publish","type":"product","link":"https:\/\/dorasilagyi.hu\/en\/product\/bold-mini-gyuru\/","title":{"rendered":"BOLD PINKY RING exkluz\u00edv 14kar\u00e1tos arany gy\u0171r\u0171 \/rendelhet\u0151\/"},"content":{"rendered":"<p>[et_pb_section fb_built=\u201d1\u2033 _builder_version=\u201d4.9.4\u2033 _module_preset=\u201ddefault\u201d da_disable_devices=\u201doff|off|off\u201d da_is_popup=\u201doff\u201d da_exit_intent=\u201doff\u201d da_has_close=\u201don\u201d da_alt_close=\u201doff\u201d da_dark_close=\u201doff\u201d da_not_modal=\u201don\u201d da_is_singular=\u201doff\u201d da_with_loader=\u201doff\u201d da_has_shadow=\u201don\u201d][\/et_pb_section]<\/p>","protected":false},"excerpt":{"rendered":"<p>A playful piece of the DUALITY collection, specifically designed for the left little finger or upper ring finger.<br \/>\nEnding on the edge of the hand, it fits perfectly on the little finger, due to its unusual location and asymmetrical shape, despite its restrained size, it works as an exciting piece of jewelry and attracts curious eyes.<\/p>\n<p>The ring is open, so it fits 3-4 sizes in an overlap, it is adjustable.<\/p>\n<p>Material: sterling silver and 14 carat gold, with a 2.7 mm diameter &#039;salt &amp; pepper&#039; diamond.<\/p>\n<p>Smuggle playful, modern elegance into your everyday outfits with this uniquely designed, special piece of jewelry!<\/p>\n<p>&nbsp;<\/p>","protected":false},"featured_media":230078,"template":"","meta":{"_et_pb_use_builder":"on","_et_pb_old_content":"Anyag: 14kar\u00e1tos arany\r\nS\u00faly: cca 3.5 gr\r\nMinden term\u00e9k megrendel\u00e9st k\u00f6vet\u0151en k\u00e9sz\u00fcl p\u00e9csi st\u00fadi\u00f3nkban. Dr\u00e1gak\u00f6ves \u00e9kszerek sz\u00e1ll\u00edt\u00e1si\/\u00e1tv\u00e9teli id\u0151pontja, megrendel\u00e9st\u0151l sz\u00e1m\u00edtott 3-4 h\u00e9t.\r\n\r\nA DUALITY kollekci\u00f3 \u00e9kszereit van lehet\u0151s\u00e9g szem\u00e9lyre szabni egyedi megrendel\u00e9s keret\u00e9n bel\u00fcl: m\u00e1s anyagkombin\u00e1ci\u00f3, dr\u00e1gak\u0151 ig\u00e9ny\u00e9nek eset\u00e9n, vedd fel vel\u00fcnk a kapcsolatot, hogy egyedi \u00e1raj\u00e1nlatot tudjunk k\u00fcldeni!","_et_gb_content_width":"","_monsterinsights_skip_tracking":false,"_monsterinsights_sitenote_active":false,"_monsterinsights_sitenote_note":"","_monsterinsights_sitenote_category":0},"product_cat":[129],"product_tag":[],"class_list":["post-230323","product","type-product","status-publish","has-post-thumbnail","hentry","product_cat-gyuru"],"yoast_head":"<!-- This site is optimized with the Yoast SEO plugin v19.9 - https:\/\/yoast.com\/wordpress\/plugins\/seo\/ -->\n<title>BOLD PINKY RING exkluz\u00edv 14kar\u00e1tos arany gy\u0171r\u0171 \/rendelhet\u0151\/ &mdash; Dora Silagyi Jewellery<\/title>\n<meta name=\"robots\" content=\"index, follow, max-snippet:-1, max-image-preview:large, max-video-preview:-1\" \/>\n<link rel=\"canonical\" href=\"https:\/\/dorasilagyi.hu\/en\/product\/bold-mini-gyuru\/\" \/>\n<meta property=\"og:locale\" content=\"en_GB\" \/>\n<meta property=\"og:type\" content=\"article\" \/>\n<meta property=\"og:title\" content=\"BOLD PINKY RING exkluz\u00edv 14kar\u00e1tos arany gy\u0171r\u0171 \/rendelhet\u0151\/ &mdash; Dora Silagyi Jewellery\" \/>\n<meta property=\"og:description\" content=\"J\u00e1t\u00e9kos darabja a DUALITY kollekci\u00f3nak, kifejezettem bal kisujjra, vagy fels\u0151 ujjpercekre tervezve. A k\u00e9zfej sz\u00e9l\u00e9n cs\u00fccs\u00fclve, t\u00f6k\u00e9letesen illeszkedik r\u00e1 a kisujjra, szokatlan elhelyezked\u00e9se \u00e9s aszimmetrikus form\u00e1ja miatt, visszafogott m\u00e9rete ellen\u00e9re izgalmas \u00e9kszerk\u00e9nt m\u0171k\u00f6dik \u00e9s vonzza a k\u00edv\u00e1ncsi tekinteteket.  A gy\u0171r\u0171 nyitott, \u00edgy \u00e1tfed\u00e9sben 3-4 m\u00e9retre megfelel, \u00e1ll\u00edthat\u00f3.  Anyag: sterling ez\u00fcst \u00e9s 14kar\u00e1tos arany, egy darab 2.7 mm \u00e1tm\u00e9r\u0151j\u00fa &#039;s\u00f3&amp;bors&#039; gy\u00e9m\u00e1nttal.  Csemp\u00e9ssz j\u00e1t\u00e9kos, modern eleganci\u00e1t h\u00e9tk\u00f6znapi outfitjeidbe ezzel az egyedi tervez\u00e9s\u0171, k\u00fcl\u00f6nleges \u00e9kszerrel!  &nbsp;\" \/>\n<meta property=\"og:url\" content=\"https:\/\/dorasilagyi.hu\/en\/product\/bold-mini-gyuru\/\" \/>\n<meta property=\"og:site_name\" content=\"Dora Silagyi Jewellery\" \/>\n<meta property=\"article:publisher\" content=\"https:\/\/www.facebook.com\/Dora-Silagyi-Jewellery-109313484673073\" \/>\n<meta property=\"article:modified_time\" content=\"2026-03-02T08:00:32+00:00\" \/>\n<meta property=\"og:image\" content=\"https:\/\/dorasilagyi.hu\/wp-content\/uploads\/2023\/02\/FF-ZAJOS-VAGOTT-scaled.jpg\" \/>\n\t<meta property=\"og:image:width\" content=\"2560\" \/>\n\t<meta property=\"og:image:height\" content=\"1566\" \/>\n\t<meta property=\"og:image:type\" content=\"image\/jpeg\" \/>\n<meta name=\"twitter:card\" content=\"summary_large_image\" \/>\n<meta name=\"twitter:label1\" content=\"Estimated reading time\" \/>\n\t<meta name=\"twitter:data1\" content=\"1 minute\" \/>\n<script type=\"application\/ld+json\" class=\"yoast-schema-graph\">{\"@context\":\"https:\/\/schema.org\",\"@graph\":[{\"@type\":\"WebPage\",\"@id\":\"https:\/\/dorasilagyi.hu\/termek\/bold-mini-gyuru\/\",\"url\":\"https:\/\/dorasilagyi.hu\/termek\/bold-mini-gyuru\/\",\"name\":\"BOLD PINKY RING exkluz\u00edv 14kar\u00e1tos arany gy\u0171r\u0171 \/rendelhet\u0151\/ &mdash; Dora Silagyi Jewellery\",\"isPartOf\":{\"@id\":\"https:\/\/dorasilagyi.hu\/#website\"},\"datePublished\":\"2023-02-09T13:27:54+00:00\",\"dateModified\":\"2026-03-02T08:00:32+00:00\",\"breadcrumb\":{\"@id\":\"https:\/\/dorasilagyi.hu\/termek\/bold-mini-gyuru\/#breadcrumb\"},\"inLanguage\":\"en-GB\",\"potentialAction\":[{\"@type\":\"ReadAction\",\"target\":[\"https:\/\/dorasilagyi.hu\/termek\/bold-mini-gyuru\/\"]}]},{\"@type\":\"BreadcrumbList\",\"@id\":\"https:\/\/dorasilagyi.hu\/termek\/bold-mini-gyuru\/#breadcrumb\",\"itemListElement\":[{\"@type\":\"ListItem\",\"position\":1,\"name\":\"Kezd\u0151lap\",\"item\":\"https:\/\/dorasilagyi.hu\/\"},{\"@type\":\"ListItem\",\"position\":2,\"name\":\"Shop\",\"item\":\"https:\/\/dorasilagyi.hu\/shop\/\"},{\"@type\":\"ListItem\",\"position\":3,\"name\":\"BOLD PINKY RING exkluz\u00edv 14kar\u00e1tos arany gy\u0171r\u0171 \/rendelhet\u0151\/\"}]},{\"@type\":\"WebSite\",\"@id\":\"https:\/\/dorasilagyi.hu\/#website\",\"url\":\"https:\/\/dorasilagyi.hu\/\",\"name\":\"Dora Silagyi Jewellery\",\"description\":\"Sophisticated, timeless jewellery design\",\"publisher\":{\"@id\":\"https:\/\/dorasilagyi.hu\/#organization\"},\"potentialAction\":[{\"@type\":\"SearchAction\",\"target\":{\"@type\":\"EntryPoint\",\"urlTemplate\":\"https:\/\/dorasilagyi.hu\/?s={search_term_string}\"},\"query-input\":\"required name=search_term_string\"}],\"inLanguage\":\"en-GB\"},{\"@type\":\"Organization\",\"@id\":\"https:\/\/dorasilagyi.hu\/#organization\",\"name\":\"Dora Silagyi Jewellery\",\"url\":\"https:\/\/dorasilagyi.hu\/\",\"logo\":{\"@type\":\"ImageObject\",\"inLanguage\":\"en-GB\",\"@id\":\"https:\/\/dorasilagyi.hu\/#\/schema\/logo\/image\/\",\"url\":\"https:\/\/dorasilagyi.hu\/wp-content\/uploads\/2021\/05\/logowebre.png\",\"contentUrl\":\"https:\/\/dorasilagyi.hu\/wp-content\/uploads\/2021\/05\/logowebre.png\",\"width\":586,\"height\":431,\"caption\":\"Dora Silagyi Jewellery\"},\"image\":{\"@id\":\"https:\/\/dorasilagyi.hu\/#\/schema\/logo\/image\/\"},\"sameAs\":[\"https:\/\/www.instagram.com\/dorasilagyi\/\",\"https:\/\/www.facebook.com\/Dora-Silagyi-Jewellery-109313484673073\"]}]}<\/script>\n<!-- \/ Yoast SEO plugin. -->","yoast_head_json":{"title":"BOLD PINKY RING exkluz\u00edv 14kar\u00e1tos arany gy\u0171r\u0171 \/rendelhet\u0151\/ &mdash; Dora Silagyi Jewellery","robots":{"index":"index","follow":"follow","max-snippet":"max-snippet:-1","max-image-preview":"max-image-preview:large","max-video-preview":"max-video-preview:-1"},"canonical":"https:\/\/dorasilagyi.hu\/en\/product\/bold-mini-gyuru\/","og_locale":"en_GB","og_type":"article","og_title":"BOLD PINKY RING exkluz\u00edv 14kar\u00e1tos arany gy\u0171r\u0171 \/rendelhet\u0151\/ &mdash; Dora Silagyi Jewellery","og_description":"J\u00e1t\u00e9kos darabja a DUALITY kollekci\u00f3nak, kifejezettem bal kisujjra, vagy fels\u0151 ujjpercekre tervezve. A k\u00e9zfej sz\u00e9l\u00e9n cs\u00fccs\u00fclve, t\u00f6k\u00e9letesen illeszkedik r\u00e1 a kisujjra, szokatlan elhelyezked\u00e9se \u00e9s aszimmetrikus form\u00e1ja miatt, visszafogott m\u00e9rete ellen\u00e9re izgalmas \u00e9kszerk\u00e9nt m\u0171k\u00f6dik \u00e9s vonzza a k\u00edv\u00e1ncsi tekinteteket.  A gy\u0171r\u0171 nyitott, \u00edgy \u00e1tfed\u00e9sben 3-4 m\u00e9retre megfelel, \u00e1ll\u00edthat\u00f3.  Anyag: sterling ez\u00fcst \u00e9s 14kar\u00e1tos arany, egy darab 2.7 mm \u00e1tm\u00e9r\u0151j\u00fa 's\u00f3&amp;bors' gy\u00e9m\u00e1nttal.  Csemp\u00e9ssz j\u00e1t\u00e9kos, modern eleganci\u00e1t h\u00e9tk\u00f6znapi outfitjeidbe ezzel az egyedi tervez\u00e9s\u0171, k\u00fcl\u00f6nleges \u00e9kszerrel!  &nbsp;","og_url":"https:\/\/dorasilagyi.hu\/en\/product\/bold-mini-gyuru\/","og_site_name":"Dora Silagyi Jewellery","article_publisher":"https:\/\/www.facebook.com\/Dora-Silagyi-Jewellery-109313484673073","article_modified_time":"2026-03-02T08:00:32+00:00","og_image":[{"width":2560,"height":1566,"url":"https:\/\/dorasilagyi.hu\/wp-content\/uploads\/2023\/02\/FF-ZAJOS-VAGOTT-scaled.jpg","type":"image\/jpeg"}],"twitter_card":"summary_large_image","twitter_misc":{"Estimated reading time":"1 minute"},"schema":{"@context":"https:\/\/schema.org","@graph":[{"@type":"WebPage","@id":"https:\/\/dorasilagyi.hu\/termek\/bold-mini-gyuru\/","url":"https:\/\/dorasilagyi.hu\/termek\/bold-mini-gyuru\/","name":"BOLD PINKY RING exkluz\u00edv 14kar\u00e1tos arany gy\u0171r\u0171 \/rendelhet\u0151\/ &mdash; Dora Silagyi Jewellery","isPartOf":{"@id":"https:\/\/dorasilagyi.hu\/#website"},"datePublished":"2023-02-09T13:27:54+00:00","dateModified":"2026-03-02T08:00:32+00:00","breadcrumb":{"@id":"https:\/\/dorasilagyi.hu\/termek\/bold-mini-gyuru\/#breadcrumb"},"inLanguage":"en-GB","potentialAction":[{"@type":"ReadAction","target":["https:\/\/dorasilagyi.hu\/termek\/bold-mini-gyuru\/"]}]},{"@type":"BreadcrumbList","@id":"https:\/\/dorasilagyi.hu\/termek\/bold-mini-gyuru\/#breadcrumb","itemListElement":[{"@type":"ListItem","position":1,"name":"Kezd\u0151lap","item":"https:\/\/dorasilagyi.hu\/"},{"@type":"ListItem","position":2,"name":"Shop","item":"https:\/\/dorasilagyi.hu\/shop\/"},{"@type":"ListItem","position":3,"name":"BOLD PINKY RING exkluz\u00edv 14kar\u00e1tos arany gy\u0171r\u0171 \/rendelhet\u0151\/"}]},{"@type":"WebSite","@id":"https:\/\/dorasilagyi.hu\/#website","url":"https:\/\/dorasilagyi.hu\/","name":"Dora Silagyi Jewellery","description":"Sophisticated, timeless jewellery design","publisher":{"@id":"https:\/\/dorasilagyi.hu\/#organization"},"potentialAction":[{"@type":"SearchAction","target":{"@type":"EntryPoint","urlTemplate":"https:\/\/dorasilagyi.hu\/?s={search_term_string}"},"query-input":"required name=search_term_string"}],"inLanguage":"en-GB"},{"@type":"Organization","@id":"https:\/\/dorasilagyi.hu\/#organization","name":"Dora Silagyi Jewellery","url":"https:\/\/dorasilagyi.hu\/","logo":{"@type":"ImageObject","inLanguage":"en-GB","@id":"https:\/\/dorasilagyi.hu\/#\/schema\/logo\/image\/","url":"https:\/\/dorasilagyi.hu\/wp-content\/uploads\/2021\/05\/logowebre.png","contentUrl":"https:\/\/dorasilagyi.hu\/wp-content\/uploads\/2021\/05\/logowebre.png","width":586,"height":431,"caption":"Dora Silagyi Jewellery"},"image":{"@id":"https:\/\/dorasilagyi.hu\/#\/schema\/logo\/image\/"},"sameAs":["https:\/\/www.instagram.com\/dorasilagyi\/","https:\/\/www.facebook.com\/Dora-Silagyi-Jewellery-109313484673073"]}]}},"_links":{"self":[{"href":"https:\/\/dorasilagyi.hu\/en\/wp-json\/wp\/v2\/product\/230323","targetHints":{"allow":["GET"]}}],"collection":[{"href":"https:\/\/dorasilagyi.hu\/en\/wp-json\/wp\/v2\/product"}],"about":[{"href":"https:\/\/dorasilagyi.hu\/en\/wp-json\/wp\/v2\/types\/product"}],"wp:featuredmedia":[{"embeddable":true,"href":"https:\/\/dorasilagyi.hu\/en\/wp-json\/wp\/v2\/media\/230078"}],"wp:attachment":[{"href":"https:\/\/dorasilagyi.hu\/en\/wp-json\/wp\/v2\/media?parent=230323"}],"wp:term":[{"taxonomy":"product_cat","embeddable":true,"href":"https:\/\/dorasilagyi.hu\/en\/wp-json\/wp\/v2\/product_cat?post=230323"},{"taxonomy":"product_tag","embeddable":true,"href":"https:\/\/dorasilagyi.hu\/en\/wp-json\/wp\/v2\/product_tag?post=230323"}],"curies":[{"name":"wp","href":"https:\/\/api.w.org\/{rel}","templated":true}]}}