{"id":230319,"date":"2023-02-09T13:12:48","date_gmt":"2023-02-09T13:12:48","guid":{"rendered":"https:\/\/dorasilagyi.hu\/?post_type=product&#038;p=230319"},"modified":"2026-03-02T08:02:05","modified_gmt":"2026-03-02T08:02:05","slug":"bold-nyaklanc","status":"publish","type":"product","link":"https:\/\/dorasilagyi.hu\/en\/product\/bold-nyaklanc\/","title":{"rendered":"BOLD 14kar\u00e1tos arany nyakl\u00e1nc s\u00f3&#038;bors gy\u00e9m\u00e1nttal \/rendelhet\u0151\/"},"content":{"rendered":"<p>Chain: cube chain, 14 carat gold, 40 cm<br \/>\nAll products are made to order in our studio in P\u00e9cs. The delivery\/receipt time of gemstone jewelry is 3-4 weeks from the order.<\/p>\n<p>It is possible to customize the jewelry of the DUALITY collection within the framework of an individual order: if you need a different material combination or precious stone, contact us so that we can send you a unique price offer!<\/p>","protected":false},"excerpt":{"rendered":"<p>A uniquely shaped pendant, 14k yellow gold, with a single &#039;salt &amp; pepper&#039; diamond,<br \/>\nWith a 14k yellow gold cube chain.<\/p>","protected":false},"featured_media":230050,"template":"","meta":{"_et_pb_use_builder":"","_et_pb_old_content":"","_et_gb_content_width":"","_monsterinsights_skip_tracking":false,"_monsterinsights_sitenote_active":false,"_monsterinsights_sitenote_note":"","_monsterinsights_sitenote_category":0},"product_cat":[128],"product_tag":[],"class_list":["post-230319","product","type-product","status-publish","has-post-thumbnail","hentry","product_cat-nyaklanc-medal"],"yoast_head":"<!-- This site is optimized with the Yoast SEO plugin v19.9 - https:\/\/yoast.com\/wordpress\/plugins\/seo\/ -->\n<title>BOLD 14kar\u00e1tos arany nyakl\u00e1nc s\u00f3&amp;bors gy\u00e9m\u00e1nttal \/rendelhet\u0151\/ &mdash; Dora Silagyi Jewellery<\/title>\n<meta name=\"description\" content=\"K\u00fcl\u00f6nleges med\u00e1l, ez\u00fcst \u00e9s 14kar\u00e1tos s\u00e1rga arany kombin\u00e1ci\u00f3j\u00e1val, egy darab &#039;s\u00f3&amp;bors&#039; gy\u00e9m\u00e1nttal.\" \/>\n<meta name=\"robots\" content=\"index, follow, max-snippet:-1, max-image-preview:large, max-video-preview:-1\" \/>\n<link rel=\"canonical\" href=\"https:\/\/dorasilagyi.hu\/en\/product\/bold-nyaklanc\/\" \/>\n<meta property=\"og:locale\" content=\"en_GB\" \/>\n<meta property=\"og:type\" content=\"article\" \/>\n<meta property=\"og:title\" content=\"BOLD 14kar\u00e1tos arany nyakl\u00e1nc s\u00f3&amp;bors gy\u00e9m\u00e1nttal \/rendelhet\u0151\/ &mdash; Dora Silagyi Jewellery\" \/>\n<meta property=\"og:description\" content=\"K\u00fcl\u00f6nleges med\u00e1l, ez\u00fcst \u00e9s 14kar\u00e1tos s\u00e1rga arany kombin\u00e1ci\u00f3j\u00e1val, egy darab &#039;s\u00f3&amp;bors&#039; gy\u00e9m\u00e1nttal.\" \/>\n<meta property=\"og:url\" content=\"https:\/\/dorasilagyi.hu\/en\/product\/bold-nyaklanc\/\" \/>\n<meta property=\"og:site_name\" content=\"Dora Silagyi Jewellery\" \/>\n<meta property=\"article:publisher\" content=\"https:\/\/www.facebook.com\/Dora-Silagyi-Jewellery-109313484673073\" \/>\n<meta property=\"article:modified_time\" content=\"2026-03-02T08:02:05+00:00\" \/>\n<meta property=\"og:image\" content=\"https:\/\/dorasilagyi.hu\/wp-content\/uploads\/2023\/02\/CR7A2506s-scaled.jpg\" \/>\n\t<meta property=\"og:image:width\" content=\"1707\" \/>\n\t<meta property=\"og:image:height\" content=\"2560\" \/>\n\t<meta property=\"og:image:type\" content=\"image\/jpeg\" \/>\n<meta name=\"twitter:card\" content=\"summary_large_image\" \/>\n<meta name=\"twitter:label1\" content=\"Estimated reading time\" \/>\n\t<meta name=\"twitter:data1\" content=\"1 minute\" \/>\n<script type=\"application\/ld+json\" class=\"yoast-schema-graph\">{\"@context\":\"https:\/\/schema.org\",\"@graph\":[{\"@type\":\"WebPage\",\"@id\":\"https:\/\/dorasilagyi.hu\/termek\/bold-nyaklanc\/\",\"url\":\"https:\/\/dorasilagyi.hu\/termek\/bold-nyaklanc\/\",\"name\":\"BOLD 14kar\u00e1tos arany nyakl\u00e1nc s\u00f3&bors gy\u00e9m\u00e1nttal \/rendelhet\u0151\/ &mdash; Dora Silagyi Jewellery\",\"isPartOf\":{\"@id\":\"https:\/\/dorasilagyi.hu\/#website\"},\"datePublished\":\"2023-02-09T13:12:48+00:00\",\"dateModified\":\"2026-03-02T08:02:05+00:00\",\"description\":\"K\u00fcl\u00f6nleges med\u00e1l, ez\u00fcst \u00e9s 14kar\u00e1tos s\u00e1rga arany kombin\u00e1ci\u00f3j\u00e1val, egy darab 's\u00f3&bors' gy\u00e9m\u00e1nttal.\",\"breadcrumb\":{\"@id\":\"https:\/\/dorasilagyi.hu\/termek\/bold-nyaklanc\/#breadcrumb\"},\"inLanguage\":\"en-GB\",\"potentialAction\":[{\"@type\":\"ReadAction\",\"target\":[\"https:\/\/dorasilagyi.hu\/termek\/bold-nyaklanc\/\"]}]},{\"@type\":\"BreadcrumbList\",\"@id\":\"https:\/\/dorasilagyi.hu\/termek\/bold-nyaklanc\/#breadcrumb\",\"itemListElement\":[{\"@type\":\"ListItem\",\"position\":1,\"name\":\"Kezd\u0151lap\",\"item\":\"https:\/\/dorasilagyi.hu\/\"},{\"@type\":\"ListItem\",\"position\":2,\"name\":\"Shop\",\"item\":\"https:\/\/dorasilagyi.hu\/shop\/\"},{\"@type\":\"ListItem\",\"position\":3,\"name\":\"BOLD 14kar\u00e1tos arany nyakl\u00e1nc s\u00f3&#038;bors gy\u00e9m\u00e1nttal \/rendelhet\u0151\/\"}]},{\"@type\":\"WebSite\",\"@id\":\"https:\/\/dorasilagyi.hu\/#website\",\"url\":\"https:\/\/dorasilagyi.hu\/\",\"name\":\"Dora Silagyi Jewellery\",\"description\":\"Sophisticated, timeless jewellery design\",\"publisher\":{\"@id\":\"https:\/\/dorasilagyi.hu\/#organization\"},\"potentialAction\":[{\"@type\":\"SearchAction\",\"target\":{\"@type\":\"EntryPoint\",\"urlTemplate\":\"https:\/\/dorasilagyi.hu\/?s={search_term_string}\"},\"query-input\":\"required name=search_term_string\"}],\"inLanguage\":\"en-GB\"},{\"@type\":\"Organization\",\"@id\":\"https:\/\/dorasilagyi.hu\/#organization\",\"name\":\"Dora Silagyi Jewellery\",\"url\":\"https:\/\/dorasilagyi.hu\/\",\"logo\":{\"@type\":\"ImageObject\",\"inLanguage\":\"en-GB\",\"@id\":\"https:\/\/dorasilagyi.hu\/#\/schema\/logo\/image\/\",\"url\":\"https:\/\/dorasilagyi.hu\/wp-content\/uploads\/2021\/05\/logowebre.png\",\"contentUrl\":\"https:\/\/dorasilagyi.hu\/wp-content\/uploads\/2021\/05\/logowebre.png\",\"width\":586,\"height\":431,\"caption\":\"Dora Silagyi Jewellery\"},\"image\":{\"@id\":\"https:\/\/dorasilagyi.hu\/#\/schema\/logo\/image\/\"},\"sameAs\":[\"https:\/\/www.instagram.com\/dorasilagyi\/\",\"https:\/\/www.facebook.com\/Dora-Silagyi-Jewellery-109313484673073\"]}]}<\/script>\n<!-- \/ Yoast SEO plugin. -->","yoast_head_json":{"title":"BOLD 14kar\u00e1tos arany nyakl\u00e1nc s\u00f3&bors gy\u00e9m\u00e1nttal \/rendelhet\u0151\/ &mdash; Dora Silagyi Jewellery","description":"K\u00fcl\u00f6nleges med\u00e1l, ez\u00fcst \u00e9s 14kar\u00e1tos s\u00e1rga arany kombin\u00e1ci\u00f3j\u00e1val, egy darab 's\u00f3&bors' gy\u00e9m\u00e1nttal.","robots":{"index":"index","follow":"follow","max-snippet":"max-snippet:-1","max-image-preview":"max-image-preview:large","max-video-preview":"max-video-preview:-1"},"canonical":"https:\/\/dorasilagyi.hu\/en\/product\/bold-nyaklanc\/","og_locale":"en_GB","og_type":"article","og_title":"BOLD 14kar\u00e1tos arany nyakl\u00e1nc s\u00f3&bors gy\u00e9m\u00e1nttal \/rendelhet\u0151\/ &mdash; Dora Silagyi Jewellery","og_description":"K\u00fcl\u00f6nleges med\u00e1l, ez\u00fcst \u00e9s 14kar\u00e1tos s\u00e1rga arany kombin\u00e1ci\u00f3j\u00e1val, egy darab 's\u00f3&bors' gy\u00e9m\u00e1nttal.","og_url":"https:\/\/dorasilagyi.hu\/en\/product\/bold-nyaklanc\/","og_site_name":"Dora Silagyi Jewellery","article_publisher":"https:\/\/www.facebook.com\/Dora-Silagyi-Jewellery-109313484673073","article_modified_time":"2026-03-02T08:02:05+00:00","og_image":[{"width":1707,"height":2560,"url":"https:\/\/dorasilagyi.hu\/wp-content\/uploads\/2023\/02\/CR7A2506s-scaled.jpg","type":"image\/jpeg"}],"twitter_card":"summary_large_image","twitter_misc":{"Estimated reading time":"1 minute"},"schema":{"@context":"https:\/\/schema.org","@graph":[{"@type":"WebPage","@id":"https:\/\/dorasilagyi.hu\/termek\/bold-nyaklanc\/","url":"https:\/\/dorasilagyi.hu\/termek\/bold-nyaklanc\/","name":"BOLD 14kar\u00e1tos arany nyakl\u00e1nc s\u00f3&bors gy\u00e9m\u00e1nttal \/rendelhet\u0151\/ &mdash; Dora Silagyi Jewellery","isPartOf":{"@id":"https:\/\/dorasilagyi.hu\/#website"},"datePublished":"2023-02-09T13:12:48+00:00","dateModified":"2026-03-02T08:02:05+00:00","description":"K\u00fcl\u00f6nleges med\u00e1l, ez\u00fcst \u00e9s 14kar\u00e1tos s\u00e1rga arany kombin\u00e1ci\u00f3j\u00e1val, egy darab 's\u00f3&bors' gy\u00e9m\u00e1nttal.","breadcrumb":{"@id":"https:\/\/dorasilagyi.hu\/termek\/bold-nyaklanc\/#breadcrumb"},"inLanguage":"en-GB","potentialAction":[{"@type":"ReadAction","target":["https:\/\/dorasilagyi.hu\/termek\/bold-nyaklanc\/"]}]},{"@type":"BreadcrumbList","@id":"https:\/\/dorasilagyi.hu\/termek\/bold-nyaklanc\/#breadcrumb","itemListElement":[{"@type":"ListItem","position":1,"name":"Kezd\u0151lap","item":"https:\/\/dorasilagyi.hu\/"},{"@type":"ListItem","position":2,"name":"Shop","item":"https:\/\/dorasilagyi.hu\/shop\/"},{"@type":"ListItem","position":3,"name":"BOLD 14kar\u00e1tos arany nyakl\u00e1nc s\u00f3&#038;bors gy\u00e9m\u00e1nttal \/rendelhet\u0151\/"}]},{"@type":"WebSite","@id":"https:\/\/dorasilagyi.hu\/#website","url":"https:\/\/dorasilagyi.hu\/","name":"Dora Silagyi Jewellery","description":"Sophisticated, timeless jewellery design","publisher":{"@id":"https:\/\/dorasilagyi.hu\/#organization"},"potentialAction":[{"@type":"SearchAction","target":{"@type":"EntryPoint","urlTemplate":"https:\/\/dorasilagyi.hu\/?s={search_term_string}"},"query-input":"required name=search_term_string"}],"inLanguage":"en-GB"},{"@type":"Organization","@id":"https:\/\/dorasilagyi.hu\/#organization","name":"Dora Silagyi Jewellery","url":"https:\/\/dorasilagyi.hu\/","logo":{"@type":"ImageObject","inLanguage":"en-GB","@id":"https:\/\/dorasilagyi.hu\/#\/schema\/logo\/image\/","url":"https:\/\/dorasilagyi.hu\/wp-content\/uploads\/2021\/05\/logowebre.png","contentUrl":"https:\/\/dorasilagyi.hu\/wp-content\/uploads\/2021\/05\/logowebre.png","width":586,"height":431,"caption":"Dora Silagyi Jewellery"},"image":{"@id":"https:\/\/dorasilagyi.hu\/#\/schema\/logo\/image\/"},"sameAs":["https:\/\/www.instagram.com\/dorasilagyi\/","https:\/\/www.facebook.com\/Dora-Silagyi-Jewellery-109313484673073"]}]}},"_links":{"self":[{"href":"https:\/\/dorasilagyi.hu\/en\/wp-json\/wp\/v2\/product\/230319","targetHints":{"allow":["GET"]}}],"collection":[{"href":"https:\/\/dorasilagyi.hu\/en\/wp-json\/wp\/v2\/product"}],"about":[{"href":"https:\/\/dorasilagyi.hu\/en\/wp-json\/wp\/v2\/types\/product"}],"wp:featuredmedia":[{"embeddable":true,"href":"https:\/\/dorasilagyi.hu\/en\/wp-json\/wp\/v2\/media\/230050"}],"wp:attachment":[{"href":"https:\/\/dorasilagyi.hu\/en\/wp-json\/wp\/v2\/media?parent=230319"}],"wp:term":[{"taxonomy":"product_cat","embeddable":true,"href":"https:\/\/dorasilagyi.hu\/en\/wp-json\/wp\/v2\/product_cat?post=230319"},{"taxonomy":"product_tag","embeddable":true,"href":"https:\/\/dorasilagyi.hu\/en\/wp-json\/wp\/v2\/product_tag?post=230319"}],"curies":[{"name":"wp","href":"https:\/\/api.w.org\/{rel}","templated":true}]}}