{"id":230305,"date":"2023-02-09T12:41:25","date_gmt":"2023-02-09T12:41:25","guid":{"rendered":"https:\/\/dorasilagyi.hu\/?post_type=product&#038;p=230305"},"modified":"2025-12-10T15:34:18","modified_gmt":"2025-12-10T15:34:18","slug":"bold-double-gyuru","status":"publish","type":"product","link":"https:\/\/dorasilagyi.hu\/en\/product\/bold-double-gyuru\/","title":{"rendered":"BOLD double asymmetrical ring \/available to order\/"},"content":{"rendered":"<p>Designed for the ring and index finger of the left hand, the open ring can be worn overlapping 3-4 sizes and can be adjusted to size.<\/p>\n<p>The ring is available in two sizes: S, M<br \/>\n<strong>When ordering, please indicate the size of your choice in the comments section!<br \/>\n<\/strong><br \/>\nThe material is sterling silver and 14-carat yellow gold, with 3.3 and 2.7 mm diameter, brilliant-cut &#039;salt &amp; pepper&#039; diamonds.<\/p>\n<p>All products are made to order in our studio in P\u00e9cs. The delivery\/pickup time of gemstone jewelry is 3-4 weeks from the order.<\/p>\n<p>It is possible to customize the jewelry of the DUALITY collection within the framework of an individual order: if you need a different material combination or precious stone, contact us so that we can send you a unique price offer!<\/p>","protected":false},"excerpt":{"rendered":"<p>The BOLD double ring, with its special shape and use of materials, was made as a pair of the MONO ring, another iconic piece of jewelry from the DUALITY collection debuting in 2023. While the latter represents the desired zen, the pure and simple state of consciousness, the BOLD ring symbolizes the tangled mind, longing to be calmed down, full of contradictory thought spirals.<br \/>\nThe symbolism of the elements suggests a modern Yin Yang interpretation, the combination of silver and gold complemented with &#039;salt &amp; pepper&#039; diamonds is a perfect statement piece for any outfit.<\/p>","protected":false},"featured_media":230078,"template":"","meta":{"_et_pb_use_builder":"","_et_pb_old_content":"","_et_gb_content_width":"","_monsterinsights_skip_tracking":false,"_monsterinsights_sitenote_active":false,"_monsterinsights_sitenote_note":"","_monsterinsights_sitenote_category":0},"product_cat":[129],"product_tag":[],"class_list":["post-230305","product","type-product","status-publish","has-post-thumbnail","hentry","product_cat-gyuru"],"yoast_head":"<!-- This site is optimized with the Yoast SEO plugin v19.9 - https:\/\/yoast.com\/wordpress\/plugins\/seo\/ -->\n<title>BOLD double aszimmetrikus gy\u0171r\u0171 \/rendelhet\u0151\/ &mdash; Dora Silagyi Jewellery<\/title>\n<meta name=\"description\" content=\"A BOLD double gy\u0171r\u0171 k\u00fcl\u00f6nleges formavil\u00e1g\u00e1val \u00e9s anyaghaszn\u00e1lat\u00e1val a 2023-as deb\u00fct\u00e1l\u00e1s\u00fa DUALITY kollekci\u00f3 m\u00e1sik ikonikus \u00e9kszer\u00e9nek, a MONO gy\u0171r\u0171nek a p\u00e1rjak\u00e9nt k\u00e9sz\u00fclt el. M\u00edg ut\u00f3bbi az \u00e1h\u00edtott zent, a tiszta \u00e9s egyszer\u0171 tudat\u00e1llapotot jelen\u00edti meg, addig a BOLD gy\u0171r\u0171 az \u00f6sszekusz\u00e1l\u00f3dott, lecsendesed\u00e9sre v\u00e1gy\u00f3, egym\u00e1snak ellentmond\u00f3 gondolatspir\u00e1lokkal teli elm\u00e9t szimboliz\u00e1lja. A bal k\u00e9z gy\u0171r\u0171s \u00e9s mutat\u00f3ujj\u00e1ra tervezve, a nyitott gy\u0171r\u0171 3-4 m\u00e9retre \u00e1tfed\u00e9sben hordhat\u00f3. Az elemek szimbolik\u00e1j\u00e1ban a modern Yin Yang \u00e9rtelmez\u00e9s sejlik fel, az ez\u00fcst \u00e9s arany kombin\u00e1ci\u00f3ja &#039;s\u00f3&amp;bors&#039; gy\u00e9m\u00e1ntokkal kieg\u00e9sz\u00edtve t\u00f6k\u00e9letes statement darab minden outfithez.\" \/>\n<meta name=\"robots\" content=\"index, follow, max-snippet:-1, max-image-preview:large, max-video-preview:-1\" \/>\n<link rel=\"canonical\" href=\"https:\/\/dorasilagyi.hu\/en\/product\/bold-double-gyuru\/\" \/>\n<meta property=\"og:locale\" content=\"en_GB\" \/>\n<meta property=\"og:type\" content=\"article\" \/>\n<meta property=\"og:title\" content=\"BOLD double aszimmetrikus gy\u0171r\u0171 \/rendelhet\u0151\/ &mdash; Dora Silagyi Jewellery\" \/>\n<meta property=\"og:description\" content=\"A BOLD double gy\u0171r\u0171 k\u00fcl\u00f6nleges formavil\u00e1g\u00e1val \u00e9s anyaghaszn\u00e1lat\u00e1val a 2023-as deb\u00fct\u00e1l\u00e1s\u00fa DUALITY kollekci\u00f3 m\u00e1sik ikonikus \u00e9kszer\u00e9nek, a MONO gy\u0171r\u0171nek a p\u00e1rjak\u00e9nt k\u00e9sz\u00fclt el. M\u00edg ut\u00f3bbi az \u00e1h\u00edtott zent, a tiszta \u00e9s egyszer\u0171 tudat\u00e1llapotot jelen\u00edti meg, addig a BOLD gy\u0171r\u0171 az \u00f6sszekusz\u00e1l\u00f3dott, lecsendesed\u00e9sre v\u00e1gy\u00f3, egym\u00e1snak ellentmond\u00f3 gondolatspir\u00e1lokkal teli elm\u00e9t szimboliz\u00e1lja. A bal k\u00e9z gy\u0171r\u0171s \u00e9s mutat\u00f3ujj\u00e1ra tervezve, a nyitott gy\u0171r\u0171 3-4 m\u00e9retre \u00e1tfed\u00e9sben hordhat\u00f3. Az elemek szimbolik\u00e1j\u00e1ban a modern Yin Yang \u00e9rtelmez\u00e9s sejlik fel, az ez\u00fcst \u00e9s arany kombin\u00e1ci\u00f3ja &#039;s\u00f3&amp;bors&#039; gy\u00e9m\u00e1ntokkal kieg\u00e9sz\u00edtve t\u00f6k\u00e9letes statement darab minden outfithez.\" \/>\n<meta property=\"og:url\" content=\"https:\/\/dorasilagyi.hu\/en\/product\/bold-double-gyuru\/\" \/>\n<meta property=\"og:site_name\" content=\"Dora Silagyi Jewellery\" \/>\n<meta property=\"article:publisher\" content=\"https:\/\/www.facebook.com\/Dora-Silagyi-Jewellery-109313484673073\" \/>\n<meta property=\"article:modified_time\" content=\"2025-12-10T15:34:18+00:00\" \/>\n<meta property=\"og:image\" content=\"https:\/\/dorasilagyi.hu\/wp-content\/uploads\/2023\/02\/FF-ZAJOS-VAGOTT-scaled.jpg\" \/>\n\t<meta property=\"og:image:width\" content=\"2560\" \/>\n\t<meta property=\"og:image:height\" content=\"1566\" \/>\n\t<meta property=\"og:image:type\" content=\"image\/jpeg\" \/>\n<meta name=\"twitter:card\" content=\"summary_large_image\" \/>\n<meta name=\"twitter:label1\" content=\"Estimated reading time\" \/>\n\t<meta name=\"twitter:data1\" content=\"1 minute\" \/>\n<script type=\"application\/ld+json\" class=\"yoast-schema-graph\">{\"@context\":\"https:\/\/schema.org\",\"@graph\":[{\"@type\":\"WebPage\",\"@id\":\"https:\/\/dorasilagyi.hu\/termek\/bold-double-gyuru\/\",\"url\":\"https:\/\/dorasilagyi.hu\/termek\/bold-double-gyuru\/\",\"name\":\"BOLD double aszimmetrikus gy\u0171r\u0171 \/rendelhet\u0151\/ &mdash; Dora Silagyi Jewellery\",\"isPartOf\":{\"@id\":\"https:\/\/dorasilagyi.hu\/#website\"},\"datePublished\":\"2023-02-09T12:41:25+00:00\",\"dateModified\":\"2025-12-10T15:34:18+00:00\",\"description\":\"A BOLD double gy\u0171r\u0171 k\u00fcl\u00f6nleges formavil\u00e1g\u00e1val \u00e9s anyaghaszn\u00e1lat\u00e1val a 2023-as deb\u00fct\u00e1l\u00e1s\u00fa DUALITY kollekci\u00f3 m\u00e1sik ikonikus \u00e9kszer\u00e9nek, a MONO gy\u0171r\u0171nek a p\u00e1rjak\u00e9nt k\u00e9sz\u00fclt el. M\u00edg ut\u00f3bbi az \u00e1h\u00edtott zent, a tiszta \u00e9s egyszer\u0171 tudat\u00e1llapotot jelen\u00edti meg, addig a BOLD gy\u0171r\u0171 az \u00f6sszekusz\u00e1l\u00f3dott, lecsendesed\u00e9sre v\u00e1gy\u00f3, egym\u00e1snak ellentmond\u00f3 gondolatspir\u00e1lokkal teli elm\u00e9t szimboliz\u00e1lja. A bal k\u00e9z gy\u0171r\u0171s \u00e9s mutat\u00f3ujj\u00e1ra tervezve, a nyitott gy\u0171r\u0171 3-4 m\u00e9retre \u00e1tfed\u00e9sben hordhat\u00f3. Az elemek szimbolik\u00e1j\u00e1ban a modern Yin Yang \u00e9rtelmez\u00e9s sejlik fel, az ez\u00fcst \u00e9s arany kombin\u00e1ci\u00f3ja 's\u00f3&bors' gy\u00e9m\u00e1ntokkal kieg\u00e9sz\u00edtve t\u00f6k\u00e9letes statement darab minden outfithez.\",\"breadcrumb\":{\"@id\":\"https:\/\/dorasilagyi.hu\/termek\/bold-double-gyuru\/#breadcrumb\"},\"inLanguage\":\"en-GB\",\"potentialAction\":[{\"@type\":\"ReadAction\",\"target\":[\"https:\/\/dorasilagyi.hu\/termek\/bold-double-gyuru\/\"]}]},{\"@type\":\"BreadcrumbList\",\"@id\":\"https:\/\/dorasilagyi.hu\/termek\/bold-double-gyuru\/#breadcrumb\",\"itemListElement\":[{\"@type\":\"ListItem\",\"position\":1,\"name\":\"Kezd\u0151lap\",\"item\":\"https:\/\/dorasilagyi.hu\/\"},{\"@type\":\"ListItem\",\"position\":2,\"name\":\"Shop\",\"item\":\"https:\/\/dorasilagyi.hu\/shop\/\"},{\"@type\":\"ListItem\",\"position\":3,\"name\":\"BOLD double aszimmetrikus gy\u0171r\u0171 \/rendelhet\u0151\/\"}]},{\"@type\":\"WebSite\",\"@id\":\"https:\/\/dorasilagyi.hu\/#website\",\"url\":\"https:\/\/dorasilagyi.hu\/\",\"name\":\"Dora Silagyi Jewellery\",\"description\":\"Sophisticated, timeless jewellery design\",\"publisher\":{\"@id\":\"https:\/\/dorasilagyi.hu\/#organization\"},\"potentialAction\":[{\"@type\":\"SearchAction\",\"target\":{\"@type\":\"EntryPoint\",\"urlTemplate\":\"https:\/\/dorasilagyi.hu\/?s={search_term_string}\"},\"query-input\":\"required name=search_term_string\"}],\"inLanguage\":\"en-GB\"},{\"@type\":\"Organization\",\"@id\":\"https:\/\/dorasilagyi.hu\/#organization\",\"name\":\"Dora Silagyi Jewellery\",\"url\":\"https:\/\/dorasilagyi.hu\/\",\"logo\":{\"@type\":\"ImageObject\",\"inLanguage\":\"en-GB\",\"@id\":\"https:\/\/dorasilagyi.hu\/#\/schema\/logo\/image\/\",\"url\":\"https:\/\/dorasilagyi.hu\/wp-content\/uploads\/2021\/05\/logowebre.png\",\"contentUrl\":\"https:\/\/dorasilagyi.hu\/wp-content\/uploads\/2021\/05\/logowebre.png\",\"width\":586,\"height\":431,\"caption\":\"Dora Silagyi Jewellery\"},\"image\":{\"@id\":\"https:\/\/dorasilagyi.hu\/#\/schema\/logo\/image\/\"},\"sameAs\":[\"https:\/\/www.instagram.com\/dorasilagyi\/\",\"https:\/\/www.facebook.com\/Dora-Silagyi-Jewellery-109313484673073\"]}]}<\/script>\n<!-- \/ Yoast SEO plugin. -->","yoast_head_json":{"title":"BOLD double aszimmetrikus gy\u0171r\u0171 \/rendelhet\u0151\/ &mdash; Dora Silagyi Jewellery","description":"A BOLD double gy\u0171r\u0171 k\u00fcl\u00f6nleges formavil\u00e1g\u00e1val \u00e9s anyaghaszn\u00e1lat\u00e1val a 2023-as deb\u00fct\u00e1l\u00e1s\u00fa DUALITY kollekci\u00f3 m\u00e1sik ikonikus \u00e9kszer\u00e9nek, a MONO gy\u0171r\u0171nek a p\u00e1rjak\u00e9nt k\u00e9sz\u00fclt el. M\u00edg ut\u00f3bbi az \u00e1h\u00edtott zent, a tiszta \u00e9s egyszer\u0171 tudat\u00e1llapotot jelen\u00edti meg, addig a BOLD gy\u0171r\u0171 az \u00f6sszekusz\u00e1l\u00f3dott, lecsendesed\u00e9sre v\u00e1gy\u00f3, egym\u00e1snak ellentmond\u00f3 gondolatspir\u00e1lokkal teli elm\u00e9t szimboliz\u00e1lja. A bal k\u00e9z gy\u0171r\u0171s \u00e9s mutat\u00f3ujj\u00e1ra tervezve, a nyitott gy\u0171r\u0171 3-4 m\u00e9retre \u00e1tfed\u00e9sben hordhat\u00f3. Az elemek szimbolik\u00e1j\u00e1ban a modern Yin Yang \u00e9rtelmez\u00e9s sejlik fel, az ez\u00fcst \u00e9s arany kombin\u00e1ci\u00f3ja 's\u00f3&bors' gy\u00e9m\u00e1ntokkal kieg\u00e9sz\u00edtve t\u00f6k\u00e9letes statement darab minden outfithez.","robots":{"index":"index","follow":"follow","max-snippet":"max-snippet:-1","max-image-preview":"max-image-preview:large","max-video-preview":"max-video-preview:-1"},"canonical":"https:\/\/dorasilagyi.hu\/en\/product\/bold-double-gyuru\/","og_locale":"en_GB","og_type":"article","og_title":"BOLD double aszimmetrikus gy\u0171r\u0171 \/rendelhet\u0151\/ &mdash; Dora Silagyi Jewellery","og_description":"A BOLD double gy\u0171r\u0171 k\u00fcl\u00f6nleges formavil\u00e1g\u00e1val \u00e9s anyaghaszn\u00e1lat\u00e1val a 2023-as deb\u00fct\u00e1l\u00e1s\u00fa DUALITY kollekci\u00f3 m\u00e1sik ikonikus \u00e9kszer\u00e9nek, a MONO gy\u0171r\u0171nek a p\u00e1rjak\u00e9nt k\u00e9sz\u00fclt el. M\u00edg ut\u00f3bbi az \u00e1h\u00edtott zent, a tiszta \u00e9s egyszer\u0171 tudat\u00e1llapotot jelen\u00edti meg, addig a BOLD gy\u0171r\u0171 az \u00f6sszekusz\u00e1l\u00f3dott, lecsendesed\u00e9sre v\u00e1gy\u00f3, egym\u00e1snak ellentmond\u00f3 gondolatspir\u00e1lokkal teli elm\u00e9t szimboliz\u00e1lja. A bal k\u00e9z gy\u0171r\u0171s \u00e9s mutat\u00f3ujj\u00e1ra tervezve, a nyitott gy\u0171r\u0171 3-4 m\u00e9retre \u00e1tfed\u00e9sben hordhat\u00f3. Az elemek szimbolik\u00e1j\u00e1ban a modern Yin Yang \u00e9rtelmez\u00e9s sejlik fel, az ez\u00fcst \u00e9s arany kombin\u00e1ci\u00f3ja 's\u00f3&bors' gy\u00e9m\u00e1ntokkal kieg\u00e9sz\u00edtve t\u00f6k\u00e9letes statement darab minden outfithez.","og_url":"https:\/\/dorasilagyi.hu\/en\/product\/bold-double-gyuru\/","og_site_name":"Dora Silagyi Jewellery","article_publisher":"https:\/\/www.facebook.com\/Dora-Silagyi-Jewellery-109313484673073","article_modified_time":"2025-12-10T15:34:18+00:00","og_image":[{"width":2560,"height":1566,"url":"https:\/\/dorasilagyi.hu\/wp-content\/uploads\/2023\/02\/FF-ZAJOS-VAGOTT-scaled.jpg","type":"image\/jpeg"}],"twitter_card":"summary_large_image","twitter_misc":{"Estimated reading time":"1 minute"},"schema":{"@context":"https:\/\/schema.org","@graph":[{"@type":"WebPage","@id":"https:\/\/dorasilagyi.hu\/termek\/bold-double-gyuru\/","url":"https:\/\/dorasilagyi.hu\/termek\/bold-double-gyuru\/","name":"BOLD double aszimmetrikus gy\u0171r\u0171 \/rendelhet\u0151\/ &mdash; Dora Silagyi Jewellery","isPartOf":{"@id":"https:\/\/dorasilagyi.hu\/#website"},"datePublished":"2023-02-09T12:41:25+00:00","dateModified":"2025-12-10T15:34:18+00:00","description":"A BOLD double gy\u0171r\u0171 k\u00fcl\u00f6nleges formavil\u00e1g\u00e1val \u00e9s anyaghaszn\u00e1lat\u00e1val a 2023-as deb\u00fct\u00e1l\u00e1s\u00fa DUALITY kollekci\u00f3 m\u00e1sik ikonikus \u00e9kszer\u00e9nek, a MONO gy\u0171r\u0171nek a p\u00e1rjak\u00e9nt k\u00e9sz\u00fclt el. M\u00edg ut\u00f3bbi az \u00e1h\u00edtott zent, a tiszta \u00e9s egyszer\u0171 tudat\u00e1llapotot jelen\u00edti meg, addig a BOLD gy\u0171r\u0171 az \u00f6sszekusz\u00e1l\u00f3dott, lecsendesed\u00e9sre v\u00e1gy\u00f3, egym\u00e1snak ellentmond\u00f3 gondolatspir\u00e1lokkal teli elm\u00e9t szimboliz\u00e1lja. A bal k\u00e9z gy\u0171r\u0171s \u00e9s mutat\u00f3ujj\u00e1ra tervezve, a nyitott gy\u0171r\u0171 3-4 m\u00e9retre \u00e1tfed\u00e9sben hordhat\u00f3. Az elemek szimbolik\u00e1j\u00e1ban a modern Yin Yang \u00e9rtelmez\u00e9s sejlik fel, az ez\u00fcst \u00e9s arany kombin\u00e1ci\u00f3ja 's\u00f3&bors' gy\u00e9m\u00e1ntokkal kieg\u00e9sz\u00edtve t\u00f6k\u00e9letes statement darab minden outfithez.","breadcrumb":{"@id":"https:\/\/dorasilagyi.hu\/termek\/bold-double-gyuru\/#breadcrumb"},"inLanguage":"en-GB","potentialAction":[{"@type":"ReadAction","target":["https:\/\/dorasilagyi.hu\/termek\/bold-double-gyuru\/"]}]},{"@type":"BreadcrumbList","@id":"https:\/\/dorasilagyi.hu\/termek\/bold-double-gyuru\/#breadcrumb","itemListElement":[{"@type":"ListItem","position":1,"name":"Kezd\u0151lap","item":"https:\/\/dorasilagyi.hu\/"},{"@type":"ListItem","position":2,"name":"Shop","item":"https:\/\/dorasilagyi.hu\/shop\/"},{"@type":"ListItem","position":3,"name":"BOLD double aszimmetrikus gy\u0171r\u0171 \/rendelhet\u0151\/"}]},{"@type":"WebSite","@id":"https:\/\/dorasilagyi.hu\/#website","url":"https:\/\/dorasilagyi.hu\/","name":"Dora Silagyi Jewellery","description":"Sophisticated, timeless jewellery design","publisher":{"@id":"https:\/\/dorasilagyi.hu\/#organization"},"potentialAction":[{"@type":"SearchAction","target":{"@type":"EntryPoint","urlTemplate":"https:\/\/dorasilagyi.hu\/?s={search_term_string}"},"query-input":"required name=search_term_string"}],"inLanguage":"en-GB"},{"@type":"Organization","@id":"https:\/\/dorasilagyi.hu\/#organization","name":"Dora Silagyi Jewellery","url":"https:\/\/dorasilagyi.hu\/","logo":{"@type":"ImageObject","inLanguage":"en-GB","@id":"https:\/\/dorasilagyi.hu\/#\/schema\/logo\/image\/","url":"https:\/\/dorasilagyi.hu\/wp-content\/uploads\/2021\/05\/logowebre.png","contentUrl":"https:\/\/dorasilagyi.hu\/wp-content\/uploads\/2021\/05\/logowebre.png","width":586,"height":431,"caption":"Dora Silagyi Jewellery"},"image":{"@id":"https:\/\/dorasilagyi.hu\/#\/schema\/logo\/image\/"},"sameAs":["https:\/\/www.instagram.com\/dorasilagyi\/","https:\/\/www.facebook.com\/Dora-Silagyi-Jewellery-109313484673073"]}]}},"_links":{"self":[{"href":"https:\/\/dorasilagyi.hu\/en\/wp-json\/wp\/v2\/product\/230305","targetHints":{"allow":["GET"]}}],"collection":[{"href":"https:\/\/dorasilagyi.hu\/en\/wp-json\/wp\/v2\/product"}],"about":[{"href":"https:\/\/dorasilagyi.hu\/en\/wp-json\/wp\/v2\/types\/product"}],"wp:featuredmedia":[{"embeddable":true,"href":"https:\/\/dorasilagyi.hu\/en\/wp-json\/wp\/v2\/media\/230078"}],"wp:attachment":[{"href":"https:\/\/dorasilagyi.hu\/en\/wp-json\/wp\/v2\/media?parent=230305"}],"wp:term":[{"taxonomy":"product_cat","embeddable":true,"href":"https:\/\/dorasilagyi.hu\/en\/wp-json\/wp\/v2\/product_cat?post=230305"},{"taxonomy":"product_tag","embeddable":true,"href":"https:\/\/dorasilagyi.hu\/en\/wp-json\/wp\/v2\/product_tag?post=230305"}],"curies":[{"name":"wp","href":"https:\/\/api.w.org\/{rel}","templated":true}]}}