{"id":229740,"date":"2022-07-30T16:47:03","date_gmt":"2022-07-30T16:47:03","guid":{"rendered":"https:\/\/dorasilagyi.hu\/?post_type=product&#038;p=229740"},"modified":"2026-03-02T08:03:56","modified_gmt":"2026-03-02T08:03:56","slug":"lava-gyuru","status":"publish","type":"product","link":"https:\/\/dorasilagyi.hu\/en\/product\/lava-gyuru\/","title":{"rendered":"LAVA ring 14k gold \/available to order\/"},"content":{"rendered":"<p>The LAVA ring can be ordered in sizes other than the above by sending an email to studio@dorasilagyi.hu, specifying the required size, for which we will send you a unique quote. Each ring is individually made from wax, so the ordered piece may differ slightly from the jewelry in the photo. Ring band width is approximately 2.8 mm, comfort fit design. In addition to the products in stock, all other products in our webshop are made after ordering in our studio in P\u00e9cs. The delivery\/collection time is 3-4 weeks from the date of order (payment in the webshop).<\/p>","protected":false},"excerpt":{"rendered":"<p>A LAVA gy\u0171r\u0171 50-53 m\u00e9retekig rendelhet\u0151 a felt\u0171ntetett \u00e1rakon, s\u00e1rga, roz\u00e9 vagy feh\u00e9rarany kivitelez\u00e9sben.<br \/>\nYou can even wear it as a wedding ring or as a unique piece of jewelry, bringing subtle elegance to your everyday look. The raw surface of the yellow gold casting and the play of prominent, polished details form a perfect harmony, evoking the texture of a hot lava flow.<br \/>\nRing rail width approx. 2.8 mm, with comfort fit design.<br \/>\nIt is possible to order the LAVA ring in sizes other than the above at the email address studio@dorasilagyi.hu by specifying the required size, for which we will send you a unique price offer.<\/p>","protected":false},"featured_media":230889,"template":"","meta":{"_et_pb_use_builder":"off","_et_pb_old_content":"A LAVA gy\u0171r\u0171t a fentiekt\u0151l elt\u00e9r\u0151 m\u00e9retekben megrendelni a studio@dorasilagyi.hu email c\u00edmen lehets\u00e9ges a sz\u00fcks\u00e9ges m\u00e9ret megad\u00e1s\u00e1val, mely k\u00e9sz\u00edttet\u00e9s\u00e9re egyedi \u00e1raj\u00e1nlatot fogunk k\u00fcldeni.\r\n\r\nMinden gy\u0171r\u0171 egyedileg k\u00e9sz\u00fcl viaszb\u00f3l modellezve, \u00edgy a megrendelt darab kis m\u00e9rt\u00e9kben elt\u00e9r a fot\u00f3n szerepl\u0151 \u00e9kszert\u0151l.\r\n\r\nS\u00falya cca. 3 gr, 3.5 mm sz\u00e9les s\u00edn.\r\n\r\nK\u00e9szleten l\u00e9v\u0151 term\u00e9keink mellett minden egy\u00e9b webshopban jelenl\u00e9v\u0151 term\u00e9k megrendel\u00e9st k\u00f6vet\u0151en k\u00e9sz\u00fcl p\u00e9csi st\u00fadi\u00f3nkban. A sz\u00e1ll\u00edt\u00e1s\/\u00e1tv\u00e9teli id\u0151pont ideje megrendel\u00e9st\u0151l (webshopon val\u00f3 fizet\u00e9st\u0151l) sz\u00e1m\u00edtott 4-6 h\u00e9t.","_et_gb_content_width":"","_monsterinsights_skip_tracking":false,"_monsterinsights_sitenote_active":false,"_monsterinsights_sitenote_note":"","_monsterinsights_sitenote_category":0},"product_cat":[133,127,129],"product_tag":[],"class_list":["post-229740","product","type-product","status-publish","has-post-thumbnail","hentry","product_cat-new-arrivals","product_cat-karikagyuru","product_cat-gyuru","pa_anyag-14karatos-sarga-arany","pa_meret-100","pa_meret-101","pa_meret-87","pa_meret-54","pa_meret-55","pa_meret-56","pa_meret-57"],"yoast_head":"<!-- This site is optimized with the Yoast SEO plugin v19.9 - https:\/\/yoast.com\/wordpress\/plugins\/seo\/ -->\n<title>LAVA gy\u0171r\u0171 14kar\u00e1tos arany \/rendelhet\u0151\/ &mdash; Dora Silagyi Jewellery<\/title>\n<meta name=\"description\" content=\"14kar\u00e1tos s\u00e1rga arany \u00f6tv\u00f6zetb\u0151l k\u00e9sz\u00fclt LAVA gy\u0171r\u0171 51-55 m\u00e9retekig rendelhet\u0151 a felt\u0171ntetett \u00e1ron. K\u00e9szleten l\u00e9v\u0151 term\u00e9k megv\u00e1s\u00e1rl\u00e1s\u00e1ra a webshopon kereszt\u00fcl van lehet\u0151s\u00e9g, egy\u00e9bk\u00e9nt emailben van lehet\u0151s\u00e9g megrendel\u00e9sre. M\u00e1s m\u00e9ret rendel\u00e9s\u00e9vel kapcsolatban szint\u00e9n vedd fel vel\u00fcnk a kapcsolatot emailben, \u00e9s egyedi \u00e1raj\u00e1nlatot k\u00fcld\u00fcnk! Ak\u00e1r karikagy\u0171r\u0171k\u00e9nt, vagy egyedi \u00e9kszerk\u00e9nt is viselheted, finom eleganci\u00e1t csemp\u00e9szve h\u00e9tk\u00f6znapi megjelen\u00e9sedbe. A s\u00e1rga arany \u00f6ntv\u00e9ny nyers fel\u00fclete \u00e9s a kiemelked\u0151, pol\u00edrozott r\u00e9szletek j\u00e1t\u00e9ka t\u00f6k\u00e9letes \u00f6sszhangot alkot, megid\u00e9zve a forr\u00f3 l\u00e1vafolyam text\u00far\u00e1j\u00e1t. K\u00e9sz\u00edt\u00e9s ideje, amennyiben nincs \u00e9ppen k\u00e9szleten a v\u00e1lasztott m\u00e9ret, 3 h\u00e9t. Minden gy\u0171r\u0171 egyedileg k\u00e9sz\u00fcl viaszb\u00f3l modellezve, \u00edgy a megrendelt darab kis m\u00e9rt\u00e9kben elt\u00e9r a fot\u00f3n szerepl\u0151 \u00e9kszert\u0151l.\" \/>\n<meta name=\"robots\" content=\"index, follow, max-snippet:-1, max-image-preview:large, max-video-preview:-1\" \/>\n<link rel=\"canonical\" href=\"https:\/\/dorasilagyi.hu\/en\/product\/lava-gyuru\/\" \/>\n<meta property=\"og:locale\" content=\"en_GB\" \/>\n<meta property=\"og:type\" content=\"article\" \/>\n<meta property=\"og:title\" content=\"LAVA gy\u0171r\u0171 14kar\u00e1tos arany \/rendelhet\u0151\/ &mdash; Dora Silagyi Jewellery\" \/>\n<meta property=\"og:description\" content=\"14kar\u00e1tos s\u00e1rga arany \u00f6tv\u00f6zetb\u0151l k\u00e9sz\u00fclt LAVA gy\u0171r\u0171 51-55 m\u00e9retekig rendelhet\u0151 a felt\u0171ntetett \u00e1ron. K\u00e9szleten l\u00e9v\u0151 term\u00e9k megv\u00e1s\u00e1rl\u00e1s\u00e1ra a webshopon kereszt\u00fcl van lehet\u0151s\u00e9g, egy\u00e9bk\u00e9nt emailben van lehet\u0151s\u00e9g megrendel\u00e9sre. M\u00e1s m\u00e9ret rendel\u00e9s\u00e9vel kapcsolatban szint\u00e9n vedd fel vel\u00fcnk a kapcsolatot emailben, \u00e9s egyedi \u00e1raj\u00e1nlatot k\u00fcld\u00fcnk! Ak\u00e1r karikagy\u0171r\u0171k\u00e9nt, vagy egyedi \u00e9kszerk\u00e9nt is viselheted, finom eleganci\u00e1t csemp\u00e9szve h\u00e9tk\u00f6znapi megjelen\u00e9sedbe. A s\u00e1rga arany \u00f6ntv\u00e9ny nyers fel\u00fclete \u00e9s a kiemelked\u0151, pol\u00edrozott r\u00e9szletek j\u00e1t\u00e9ka t\u00f6k\u00e9letes \u00f6sszhangot alkot, megid\u00e9zve a forr\u00f3 l\u00e1vafolyam text\u00far\u00e1j\u00e1t. K\u00e9sz\u00edt\u00e9s ideje, amennyiben nincs \u00e9ppen k\u00e9szleten a v\u00e1lasztott m\u00e9ret, 3 h\u00e9t. Minden gy\u0171r\u0171 egyedileg k\u00e9sz\u00fcl viaszb\u00f3l modellezve, \u00edgy a megrendelt darab kis m\u00e9rt\u00e9kben elt\u00e9r a fot\u00f3n szerepl\u0151 \u00e9kszert\u0151l.\" \/>\n<meta property=\"og:url\" content=\"https:\/\/dorasilagyi.hu\/en\/product\/lava-gyuru\/\" \/>\n<meta property=\"og:site_name\" content=\"Dora Silagyi Jewellery\" \/>\n<meta property=\"article:publisher\" content=\"https:\/\/www.facebook.com\/Dora-Silagyi-Jewellery-109313484673073\" \/>\n<meta property=\"article:modified_time\" content=\"2026-03-02T08:03:56+00:00\" \/>\n<meta property=\"og:image\" content=\"https:\/\/dorasilagyi.hu\/wp-content\/uploads\/2022\/07\/LAVA-scaled.jpg\" \/>\n\t<meta property=\"og:image:width\" content=\"1714\" \/>\n\t<meta property=\"og:image:height\" content=\"2560\" \/>\n\t<meta property=\"og:image:type\" content=\"image\/jpeg\" \/>\n<meta name=\"twitter:card\" content=\"summary_large_image\" \/>\n<meta name=\"twitter:label1\" content=\"Estimated reading time\" \/>\n\t<meta name=\"twitter:data1\" content=\"1 minute\" \/>\n<script type=\"application\/ld+json\" class=\"yoast-schema-graph\">{\"@context\":\"https:\/\/schema.org\",\"@graph\":[{\"@type\":\"WebPage\",\"@id\":\"https:\/\/dorasilagyi.hu\/termek\/lava-gyuru\/\",\"url\":\"https:\/\/dorasilagyi.hu\/termek\/lava-gyuru\/\",\"name\":\"LAVA gy\u0171r\u0171 14kar\u00e1tos arany \/rendelhet\u0151\/ &mdash; Dora Silagyi Jewellery\",\"isPartOf\":{\"@id\":\"https:\/\/dorasilagyi.hu\/#website\"},\"datePublished\":\"2022-07-30T16:47:03+00:00\",\"dateModified\":\"2026-03-02T08:03:56+00:00\",\"description\":\"14kar\u00e1tos s\u00e1rga arany \u00f6tv\u00f6zetb\u0151l k\u00e9sz\u00fclt LAVA gy\u0171r\u0171 51-55 m\u00e9retekig rendelhet\u0151 a felt\u0171ntetett \u00e1ron. K\u00e9szleten l\u00e9v\u0151 term\u00e9k megv\u00e1s\u00e1rl\u00e1s\u00e1ra a webshopon kereszt\u00fcl van lehet\u0151s\u00e9g, egy\u00e9bk\u00e9nt emailben van lehet\u0151s\u00e9g megrendel\u00e9sre. M\u00e1s m\u00e9ret rendel\u00e9s\u00e9vel kapcsolatban szint\u00e9n vedd fel vel\u00fcnk a kapcsolatot emailben, \u00e9s egyedi \u00e1raj\u00e1nlatot k\u00fcld\u00fcnk! Ak\u00e1r karikagy\u0171r\u0171k\u00e9nt, vagy egyedi \u00e9kszerk\u00e9nt is viselheted, finom eleganci\u00e1t csemp\u00e9szve h\u00e9tk\u00f6znapi megjelen\u00e9sedbe. A s\u00e1rga arany \u00f6ntv\u00e9ny nyers fel\u00fclete \u00e9s a kiemelked\u0151, pol\u00edrozott r\u00e9szletek j\u00e1t\u00e9ka t\u00f6k\u00e9letes \u00f6sszhangot alkot, megid\u00e9zve a forr\u00f3 l\u00e1vafolyam text\u00far\u00e1j\u00e1t. K\u00e9sz\u00edt\u00e9s ideje, amennyiben nincs \u00e9ppen k\u00e9szleten a v\u00e1lasztott m\u00e9ret, 3 h\u00e9t. Minden gy\u0171r\u0171 egyedileg k\u00e9sz\u00fcl viaszb\u00f3l modellezve, \u00edgy a megrendelt darab kis m\u00e9rt\u00e9kben elt\u00e9r a fot\u00f3n szerepl\u0151 \u00e9kszert\u0151l.\",\"breadcrumb\":{\"@id\":\"https:\/\/dorasilagyi.hu\/termek\/lava-gyuru\/#breadcrumb\"},\"inLanguage\":\"en-GB\",\"potentialAction\":[{\"@type\":\"ReadAction\",\"target\":[\"https:\/\/dorasilagyi.hu\/termek\/lava-gyuru\/\"]}]},{\"@type\":\"BreadcrumbList\",\"@id\":\"https:\/\/dorasilagyi.hu\/termek\/lava-gyuru\/#breadcrumb\",\"itemListElement\":[{\"@type\":\"ListItem\",\"position\":1,\"name\":\"Kezd\u0151lap\",\"item\":\"https:\/\/dorasilagyi.hu\/\"},{\"@type\":\"ListItem\",\"position\":2,\"name\":\"Shop\",\"item\":\"https:\/\/dorasilagyi.hu\/shop\/\"},{\"@type\":\"ListItem\",\"position\":3,\"name\":\"LAVA gy\u0171r\u0171 14kar\u00e1tos arany \/rendelhet\u0151\/\"}]},{\"@type\":\"WebSite\",\"@id\":\"https:\/\/dorasilagyi.hu\/#website\",\"url\":\"https:\/\/dorasilagyi.hu\/\",\"name\":\"Dora Silagyi Jewellery\",\"description\":\"Sophisticated, timeless jewellery design\",\"publisher\":{\"@id\":\"https:\/\/dorasilagyi.hu\/#organization\"},\"potentialAction\":[{\"@type\":\"SearchAction\",\"target\":{\"@type\":\"EntryPoint\",\"urlTemplate\":\"https:\/\/dorasilagyi.hu\/?s={search_term_string}\"},\"query-input\":\"required name=search_term_string\"}],\"inLanguage\":\"en-GB\"},{\"@type\":\"Organization\",\"@id\":\"https:\/\/dorasilagyi.hu\/#organization\",\"name\":\"Dora Silagyi Jewellery\",\"url\":\"https:\/\/dorasilagyi.hu\/\",\"logo\":{\"@type\":\"ImageObject\",\"inLanguage\":\"en-GB\",\"@id\":\"https:\/\/dorasilagyi.hu\/#\/schema\/logo\/image\/\",\"url\":\"https:\/\/dorasilagyi.hu\/wp-content\/uploads\/2021\/05\/logowebre.png\",\"contentUrl\":\"https:\/\/dorasilagyi.hu\/wp-content\/uploads\/2021\/05\/logowebre.png\",\"width\":586,\"height\":431,\"caption\":\"Dora Silagyi Jewellery\"},\"image\":{\"@id\":\"https:\/\/dorasilagyi.hu\/#\/schema\/logo\/image\/\"},\"sameAs\":[\"https:\/\/www.instagram.com\/dorasilagyi\/\",\"https:\/\/www.facebook.com\/Dora-Silagyi-Jewellery-109313484673073\"]}]}<\/script>\n<!-- \/ Yoast SEO plugin. -->","yoast_head_json":{"title":"LAVA gy\u0171r\u0171 14kar\u00e1tos arany \/rendelhet\u0151\/ &mdash; Dora Silagyi Jewellery","description":"14kar\u00e1tos s\u00e1rga arany \u00f6tv\u00f6zetb\u0151l k\u00e9sz\u00fclt LAVA gy\u0171r\u0171 51-55 m\u00e9retekig rendelhet\u0151 a felt\u0171ntetett \u00e1ron. K\u00e9szleten l\u00e9v\u0151 term\u00e9k megv\u00e1s\u00e1rl\u00e1s\u00e1ra a webshopon kereszt\u00fcl van lehet\u0151s\u00e9g, egy\u00e9bk\u00e9nt emailben van lehet\u0151s\u00e9g megrendel\u00e9sre. M\u00e1s m\u00e9ret rendel\u00e9s\u00e9vel kapcsolatban szint\u00e9n vedd fel vel\u00fcnk a kapcsolatot emailben, \u00e9s egyedi \u00e1raj\u00e1nlatot k\u00fcld\u00fcnk! Ak\u00e1r karikagy\u0171r\u0171k\u00e9nt, vagy egyedi \u00e9kszerk\u00e9nt is viselheted, finom eleganci\u00e1t csemp\u00e9szve h\u00e9tk\u00f6znapi megjelen\u00e9sedbe. A s\u00e1rga arany \u00f6ntv\u00e9ny nyers fel\u00fclete \u00e9s a kiemelked\u0151, pol\u00edrozott r\u00e9szletek j\u00e1t\u00e9ka t\u00f6k\u00e9letes \u00f6sszhangot alkot, megid\u00e9zve a forr\u00f3 l\u00e1vafolyam text\u00far\u00e1j\u00e1t. K\u00e9sz\u00edt\u00e9s ideje, amennyiben nincs \u00e9ppen k\u00e9szleten a v\u00e1lasztott m\u00e9ret, 3 h\u00e9t. Minden gy\u0171r\u0171 egyedileg k\u00e9sz\u00fcl viaszb\u00f3l modellezve, \u00edgy a megrendelt darab kis m\u00e9rt\u00e9kben elt\u00e9r a fot\u00f3n szerepl\u0151 \u00e9kszert\u0151l.","robots":{"index":"index","follow":"follow","max-snippet":"max-snippet:-1","max-image-preview":"max-image-preview:large","max-video-preview":"max-video-preview:-1"},"canonical":"https:\/\/dorasilagyi.hu\/en\/product\/lava-gyuru\/","og_locale":"en_GB","og_type":"article","og_title":"LAVA gy\u0171r\u0171 14kar\u00e1tos arany \/rendelhet\u0151\/ &mdash; Dora Silagyi Jewellery","og_description":"14kar\u00e1tos s\u00e1rga arany \u00f6tv\u00f6zetb\u0151l k\u00e9sz\u00fclt LAVA gy\u0171r\u0171 51-55 m\u00e9retekig rendelhet\u0151 a felt\u0171ntetett \u00e1ron. K\u00e9szleten l\u00e9v\u0151 term\u00e9k megv\u00e1s\u00e1rl\u00e1s\u00e1ra a webshopon kereszt\u00fcl van lehet\u0151s\u00e9g, egy\u00e9bk\u00e9nt emailben van lehet\u0151s\u00e9g megrendel\u00e9sre. M\u00e1s m\u00e9ret rendel\u00e9s\u00e9vel kapcsolatban szint\u00e9n vedd fel vel\u00fcnk a kapcsolatot emailben, \u00e9s egyedi \u00e1raj\u00e1nlatot k\u00fcld\u00fcnk! Ak\u00e1r karikagy\u0171r\u0171k\u00e9nt, vagy egyedi \u00e9kszerk\u00e9nt is viselheted, finom eleganci\u00e1t csemp\u00e9szve h\u00e9tk\u00f6znapi megjelen\u00e9sedbe. A s\u00e1rga arany \u00f6ntv\u00e9ny nyers fel\u00fclete \u00e9s a kiemelked\u0151, pol\u00edrozott r\u00e9szletek j\u00e1t\u00e9ka t\u00f6k\u00e9letes \u00f6sszhangot alkot, megid\u00e9zve a forr\u00f3 l\u00e1vafolyam text\u00far\u00e1j\u00e1t. K\u00e9sz\u00edt\u00e9s ideje, amennyiben nincs \u00e9ppen k\u00e9szleten a v\u00e1lasztott m\u00e9ret, 3 h\u00e9t. Minden gy\u0171r\u0171 egyedileg k\u00e9sz\u00fcl viaszb\u00f3l modellezve, \u00edgy a megrendelt darab kis m\u00e9rt\u00e9kben elt\u00e9r a fot\u00f3n szerepl\u0151 \u00e9kszert\u0151l.","og_url":"https:\/\/dorasilagyi.hu\/en\/product\/lava-gyuru\/","og_site_name":"Dora Silagyi Jewellery","article_publisher":"https:\/\/www.facebook.com\/Dora-Silagyi-Jewellery-109313484673073","article_modified_time":"2026-03-02T08:03:56+00:00","og_image":[{"width":1714,"height":2560,"url":"https:\/\/dorasilagyi.hu\/wp-content\/uploads\/2022\/07\/LAVA-scaled.jpg","type":"image\/jpeg"}],"twitter_card":"summary_large_image","twitter_misc":{"Estimated reading time":"1 minute"},"schema":{"@context":"https:\/\/schema.org","@graph":[{"@type":"WebPage","@id":"https:\/\/dorasilagyi.hu\/termek\/lava-gyuru\/","url":"https:\/\/dorasilagyi.hu\/termek\/lava-gyuru\/","name":"LAVA gy\u0171r\u0171 14kar\u00e1tos arany \/rendelhet\u0151\/ &mdash; Dora Silagyi Jewellery","isPartOf":{"@id":"https:\/\/dorasilagyi.hu\/#website"},"datePublished":"2022-07-30T16:47:03+00:00","dateModified":"2026-03-02T08:03:56+00:00","description":"14kar\u00e1tos s\u00e1rga arany \u00f6tv\u00f6zetb\u0151l k\u00e9sz\u00fclt LAVA gy\u0171r\u0171 51-55 m\u00e9retekig rendelhet\u0151 a felt\u0171ntetett \u00e1ron. K\u00e9szleten l\u00e9v\u0151 term\u00e9k megv\u00e1s\u00e1rl\u00e1s\u00e1ra a webshopon kereszt\u00fcl van lehet\u0151s\u00e9g, egy\u00e9bk\u00e9nt emailben van lehet\u0151s\u00e9g megrendel\u00e9sre. M\u00e1s m\u00e9ret rendel\u00e9s\u00e9vel kapcsolatban szint\u00e9n vedd fel vel\u00fcnk a kapcsolatot emailben, \u00e9s egyedi \u00e1raj\u00e1nlatot k\u00fcld\u00fcnk! Ak\u00e1r karikagy\u0171r\u0171k\u00e9nt, vagy egyedi \u00e9kszerk\u00e9nt is viselheted, finom eleganci\u00e1t csemp\u00e9szve h\u00e9tk\u00f6znapi megjelen\u00e9sedbe. A s\u00e1rga arany \u00f6ntv\u00e9ny nyers fel\u00fclete \u00e9s a kiemelked\u0151, pol\u00edrozott r\u00e9szletek j\u00e1t\u00e9ka t\u00f6k\u00e9letes \u00f6sszhangot alkot, megid\u00e9zve a forr\u00f3 l\u00e1vafolyam text\u00far\u00e1j\u00e1t. K\u00e9sz\u00edt\u00e9s ideje, amennyiben nincs \u00e9ppen k\u00e9szleten a v\u00e1lasztott m\u00e9ret, 3 h\u00e9t. Minden gy\u0171r\u0171 egyedileg k\u00e9sz\u00fcl viaszb\u00f3l modellezve, \u00edgy a megrendelt darab kis m\u00e9rt\u00e9kben elt\u00e9r a fot\u00f3n szerepl\u0151 \u00e9kszert\u0151l.","breadcrumb":{"@id":"https:\/\/dorasilagyi.hu\/termek\/lava-gyuru\/#breadcrumb"},"inLanguage":"en-GB","potentialAction":[{"@type":"ReadAction","target":["https:\/\/dorasilagyi.hu\/termek\/lava-gyuru\/"]}]},{"@type":"BreadcrumbList","@id":"https:\/\/dorasilagyi.hu\/termek\/lava-gyuru\/#breadcrumb","itemListElement":[{"@type":"ListItem","position":1,"name":"Kezd\u0151lap","item":"https:\/\/dorasilagyi.hu\/"},{"@type":"ListItem","position":2,"name":"Shop","item":"https:\/\/dorasilagyi.hu\/shop\/"},{"@type":"ListItem","position":3,"name":"LAVA gy\u0171r\u0171 14kar\u00e1tos arany \/rendelhet\u0151\/"}]},{"@type":"WebSite","@id":"https:\/\/dorasilagyi.hu\/#website","url":"https:\/\/dorasilagyi.hu\/","name":"Dora Silagyi Jewellery","description":"Sophisticated, timeless jewellery design","publisher":{"@id":"https:\/\/dorasilagyi.hu\/#organization"},"potentialAction":[{"@type":"SearchAction","target":{"@type":"EntryPoint","urlTemplate":"https:\/\/dorasilagyi.hu\/?s={search_term_string}"},"query-input":"required name=search_term_string"}],"inLanguage":"en-GB"},{"@type":"Organization","@id":"https:\/\/dorasilagyi.hu\/#organization","name":"Dora Silagyi Jewellery","url":"https:\/\/dorasilagyi.hu\/","logo":{"@type":"ImageObject","inLanguage":"en-GB","@id":"https:\/\/dorasilagyi.hu\/#\/schema\/logo\/image\/","url":"https:\/\/dorasilagyi.hu\/wp-content\/uploads\/2021\/05\/logowebre.png","contentUrl":"https:\/\/dorasilagyi.hu\/wp-content\/uploads\/2021\/05\/logowebre.png","width":586,"height":431,"caption":"Dora Silagyi Jewellery"},"image":{"@id":"https:\/\/dorasilagyi.hu\/#\/schema\/logo\/image\/"},"sameAs":["https:\/\/www.instagram.com\/dorasilagyi\/","https:\/\/www.facebook.com\/Dora-Silagyi-Jewellery-109313484673073"]}]}},"_links":{"self":[{"href":"https:\/\/dorasilagyi.hu\/en\/wp-json\/wp\/v2\/product\/229740","targetHints":{"allow":["GET"]}}],"collection":[{"href":"https:\/\/dorasilagyi.hu\/en\/wp-json\/wp\/v2\/product"}],"about":[{"href":"https:\/\/dorasilagyi.hu\/en\/wp-json\/wp\/v2\/types\/product"}],"wp:featuredmedia":[{"embeddable":true,"href":"https:\/\/dorasilagyi.hu\/en\/wp-json\/wp\/v2\/media\/230889"}],"wp:attachment":[{"href":"https:\/\/dorasilagyi.hu\/en\/wp-json\/wp\/v2\/media?parent=229740"}],"wp:term":[{"taxonomy":"product_cat","embeddable":true,"href":"https:\/\/dorasilagyi.hu\/en\/wp-json\/wp\/v2\/product_cat?post=229740"},{"taxonomy":"product_tag","embeddable":true,"href":"https:\/\/dorasilagyi.hu\/en\/wp-json\/wp\/v2\/product_tag?post=229740"}],"curies":[{"name":"wp","href":"https:\/\/api.w.org\/{rel}","templated":true}]}}