{"id":1466,"date":"2021-06-02T09:00:23","date_gmt":"2021-06-02T09:00:23","guid":{"rendered":"https:\/\/dorasilagyi.hu\/?post_type=product&#038;p=1466"},"modified":"2025-12-10T15:35:29","modified_gmt":"2025-12-10T15:35:29","slug":"serene-gyuru","status":"publish","type":"product","link":"https:\/\/dorasilagyi.hu\/en\/product\/serene-gyuru\/","title":{"rendered":"&#8216;Serene&#8217; 14kar\u00e1tos arany gy\u0171r\u0171 \/rendelhet\u0151\/"},"content":{"rendered":"<p><span style=\"font-weight: 400;\">If you require a different cut or type of gemstone or diamond, please contact us individually. <strong>For a quote, contact us at studio@dorasilagyi.hu!<\/strong><\/span><\/p>","protected":false},"excerpt":{"rendered":"<p><span style=\"font-weight: 400;\">Our Serene ring is currently available as a standalone piece. Available in 14k yellow, rose or white gold, with a choice of sapphire gemstones.\u00a0<\/span><span style=\"font-weight: 400;\"><br \/>\n<\/span><\/p>","protected":false},"featured_media":2831,"template":"","meta":{"_et_pb_use_builder":"off","_et_pb_old_content":"","_et_gb_content_width":"","_monsterinsights_skip_tracking":false,"_monsterinsights_sitenote_active":false,"_monsterinsights_sitenote_note":"","_monsterinsights_sitenote_category":0},"product_cat":[126,129],"product_tag":[53],"class_list":["post-1466","product","type-product","status-publish","has-post-thumbnail","hentry","product_cat-eljegyzesi-gyuru","product_cat-gyuru","product_tag-gyuru"],"yoast_head":"<!-- This site is optimized with the Yoast SEO plugin v19.9 - https:\/\/yoast.com\/wordpress\/plugins\/seo\/ -->\n<title>&#039;Serene&#039; 14kar\u00e1tos arany gy\u0171r\u0171 \/rendelhet\u0151\/ &mdash; Dora Silagyi Jewellery<\/title>\n<meta name=\"description\" content=\"Serene gy\u0171r\u0171nk jelenleg \u00f6n\u00e1ll\u00f3 darabk\u00e9nt szerepel k\u00edn\u00e1latunkban, a Serene kollekci\u00f3 el\u0151fut\u00e1rak\u00e9nt Bespoke rendel\u00e9s keret\u00e9n bel\u00fcl el\u00e9rhet\u0151.\" \/>\n<meta name=\"robots\" content=\"index, follow, max-snippet:-1, max-image-preview:large, max-video-preview:-1\" \/>\n<link rel=\"canonical\" href=\"https:\/\/dorasilagyi.hu\/en\/product\/serene-gyuru\/\" \/>\n<meta property=\"og:locale\" content=\"en_GB\" \/>\n<meta property=\"og:type\" content=\"article\" \/>\n<meta property=\"og:title\" content=\"&#039;Serene&#039; 14kar\u00e1tos arany gy\u0171r\u0171 \/rendelhet\u0151\/ &mdash; Dora Silagyi Jewellery\" \/>\n<meta property=\"og:description\" content=\"Serene gy\u0171r\u0171nk jelenleg \u00f6n\u00e1ll\u00f3 darabk\u00e9nt szerepel k\u00edn\u00e1latunkban, a Serene kollekci\u00f3 el\u0151fut\u00e1rak\u00e9nt Bespoke rendel\u00e9s keret\u00e9n bel\u00fcl el\u00e9rhet\u0151.\" \/>\n<meta property=\"og:url\" content=\"https:\/\/dorasilagyi.hu\/en\/product\/serene-gyuru\/\" \/>\n<meta property=\"og:site_name\" content=\"Dora Silagyi Jewellery\" \/>\n<meta property=\"article:publisher\" content=\"https:\/\/www.facebook.com\/Dora-Silagyi-Jewellery-109313484673073\" \/>\n<meta property=\"article:modified_time\" content=\"2025-12-10T15:35:29+00:00\" \/>\n<meta property=\"og:image\" content=\"https:\/\/dorasilagyi.hu\/wp-content\/uploads\/2021\/06\/kkkkkbw-scaled.jpg\" \/>\n\t<meta property=\"og:image:width\" content=\"1691\" \/>\n\t<meta property=\"og:image:height\" content=\"2560\" \/>\n\t<meta property=\"og:image:type\" content=\"image\/jpeg\" \/>\n<meta name=\"twitter:card\" content=\"summary_large_image\" \/>\n<meta name=\"twitter:label1\" content=\"Estimated reading time\" \/>\n\t<meta name=\"twitter:data1\" content=\"1 minute\" \/>\n<script type=\"application\/ld+json\" class=\"yoast-schema-graph\">{\"@context\":\"https:\/\/schema.org\",\"@graph\":[{\"@type\":\"WebPage\",\"@id\":\"https:\/\/dorasilagyi.hu\/termek\/serene-gyuru\/\",\"url\":\"https:\/\/dorasilagyi.hu\/termek\/serene-gyuru\/\",\"name\":\"'Serene' 14kar\u00e1tos arany gy\u0171r\u0171 \/rendelhet\u0151\/ &mdash; Dora Silagyi Jewellery\",\"isPartOf\":{\"@id\":\"https:\/\/dorasilagyi.hu\/#website\"},\"datePublished\":\"2021-06-02T09:00:23+00:00\",\"dateModified\":\"2025-12-10T15:35:29+00:00\",\"description\":\"Serene gy\u0171r\u0171nk jelenleg \u00f6n\u00e1ll\u00f3 darabk\u00e9nt szerepel k\u00edn\u00e1latunkban, a Serene kollekci\u00f3 el\u0151fut\u00e1rak\u00e9nt Bespoke rendel\u00e9s keret\u00e9n bel\u00fcl el\u00e9rhet\u0151.\",\"breadcrumb\":{\"@id\":\"https:\/\/dorasilagyi.hu\/termek\/serene-gyuru\/#breadcrumb\"},\"inLanguage\":\"en-GB\",\"potentialAction\":[{\"@type\":\"ReadAction\",\"target\":[\"https:\/\/dorasilagyi.hu\/termek\/serene-gyuru\/\"]}]},{\"@type\":\"BreadcrumbList\",\"@id\":\"https:\/\/dorasilagyi.hu\/termek\/serene-gyuru\/#breadcrumb\",\"itemListElement\":[{\"@type\":\"ListItem\",\"position\":1,\"name\":\"Kezd\u0151lap\",\"item\":\"https:\/\/dorasilagyi.hu\/\"},{\"@type\":\"ListItem\",\"position\":2,\"name\":\"Shop\",\"item\":\"https:\/\/dorasilagyi.hu\/shop\/\"},{\"@type\":\"ListItem\",\"position\":3,\"name\":\"&#8216;Serene&#8217; 14kar\u00e1tos arany gy\u0171r\u0171 \/rendelhet\u0151\/\"}]},{\"@type\":\"WebSite\",\"@id\":\"https:\/\/dorasilagyi.hu\/#website\",\"url\":\"https:\/\/dorasilagyi.hu\/\",\"name\":\"Dora Silagyi Jewellery\",\"description\":\"Sophisticated, timeless jewellery design\",\"publisher\":{\"@id\":\"https:\/\/dorasilagyi.hu\/#organization\"},\"potentialAction\":[{\"@type\":\"SearchAction\",\"target\":{\"@type\":\"EntryPoint\",\"urlTemplate\":\"https:\/\/dorasilagyi.hu\/?s={search_term_string}\"},\"query-input\":\"required name=search_term_string\"}],\"inLanguage\":\"en-GB\"},{\"@type\":\"Organization\",\"@id\":\"https:\/\/dorasilagyi.hu\/#organization\",\"name\":\"Dora Silagyi Jewellery\",\"url\":\"https:\/\/dorasilagyi.hu\/\",\"logo\":{\"@type\":\"ImageObject\",\"inLanguage\":\"en-GB\",\"@id\":\"https:\/\/dorasilagyi.hu\/#\/schema\/logo\/image\/\",\"url\":\"https:\/\/dorasilagyi.hu\/wp-content\/uploads\/2021\/05\/logowebre.png\",\"contentUrl\":\"https:\/\/dorasilagyi.hu\/wp-content\/uploads\/2021\/05\/logowebre.png\",\"width\":586,\"height\":431,\"caption\":\"Dora Silagyi Jewellery\"},\"image\":{\"@id\":\"https:\/\/dorasilagyi.hu\/#\/schema\/logo\/image\/\"},\"sameAs\":[\"https:\/\/www.instagram.com\/dorasilagyi\/\",\"https:\/\/www.facebook.com\/Dora-Silagyi-Jewellery-109313484673073\"]}]}<\/script>\n<!-- \/ Yoast SEO plugin. -->","yoast_head_json":{"title":"'Serene' 14kar\u00e1tos arany gy\u0171r\u0171 \/rendelhet\u0151\/ &mdash; Dora Silagyi Jewellery","description":"Serene gy\u0171r\u0171nk jelenleg \u00f6n\u00e1ll\u00f3 darabk\u00e9nt szerepel k\u00edn\u00e1latunkban, a Serene kollekci\u00f3 el\u0151fut\u00e1rak\u00e9nt Bespoke rendel\u00e9s keret\u00e9n bel\u00fcl el\u00e9rhet\u0151.","robots":{"index":"index","follow":"follow","max-snippet":"max-snippet:-1","max-image-preview":"max-image-preview:large","max-video-preview":"max-video-preview:-1"},"canonical":"https:\/\/dorasilagyi.hu\/en\/product\/serene-gyuru\/","og_locale":"en_GB","og_type":"article","og_title":"'Serene' 14kar\u00e1tos arany gy\u0171r\u0171 \/rendelhet\u0151\/ &mdash; Dora Silagyi Jewellery","og_description":"Serene gy\u0171r\u0171nk jelenleg \u00f6n\u00e1ll\u00f3 darabk\u00e9nt szerepel k\u00edn\u00e1latunkban, a Serene kollekci\u00f3 el\u0151fut\u00e1rak\u00e9nt Bespoke rendel\u00e9s keret\u00e9n bel\u00fcl el\u00e9rhet\u0151.","og_url":"https:\/\/dorasilagyi.hu\/en\/product\/serene-gyuru\/","og_site_name":"Dora Silagyi Jewellery","article_publisher":"https:\/\/www.facebook.com\/Dora-Silagyi-Jewellery-109313484673073","article_modified_time":"2025-12-10T15:35:29+00:00","og_image":[{"width":1691,"height":2560,"url":"https:\/\/dorasilagyi.hu\/wp-content\/uploads\/2021\/06\/kkkkkbw-scaled.jpg","type":"image\/jpeg"}],"twitter_card":"summary_large_image","twitter_misc":{"Estimated reading time":"1 minute"},"schema":{"@context":"https:\/\/schema.org","@graph":[{"@type":"WebPage","@id":"https:\/\/dorasilagyi.hu\/termek\/serene-gyuru\/","url":"https:\/\/dorasilagyi.hu\/termek\/serene-gyuru\/","name":"'Serene' 14kar\u00e1tos arany gy\u0171r\u0171 \/rendelhet\u0151\/ &mdash; Dora Silagyi Jewellery","isPartOf":{"@id":"https:\/\/dorasilagyi.hu\/#website"},"datePublished":"2021-06-02T09:00:23+00:00","dateModified":"2025-12-10T15:35:29+00:00","description":"Serene gy\u0171r\u0171nk jelenleg \u00f6n\u00e1ll\u00f3 darabk\u00e9nt szerepel k\u00edn\u00e1latunkban, a Serene kollekci\u00f3 el\u0151fut\u00e1rak\u00e9nt Bespoke rendel\u00e9s keret\u00e9n bel\u00fcl el\u00e9rhet\u0151.","breadcrumb":{"@id":"https:\/\/dorasilagyi.hu\/termek\/serene-gyuru\/#breadcrumb"},"inLanguage":"en-GB","potentialAction":[{"@type":"ReadAction","target":["https:\/\/dorasilagyi.hu\/termek\/serene-gyuru\/"]}]},{"@type":"BreadcrumbList","@id":"https:\/\/dorasilagyi.hu\/termek\/serene-gyuru\/#breadcrumb","itemListElement":[{"@type":"ListItem","position":1,"name":"Kezd\u0151lap","item":"https:\/\/dorasilagyi.hu\/"},{"@type":"ListItem","position":2,"name":"Shop","item":"https:\/\/dorasilagyi.hu\/shop\/"},{"@type":"ListItem","position":3,"name":"&#8216;Serene&#8217; 14kar\u00e1tos arany gy\u0171r\u0171 \/rendelhet\u0151\/"}]},{"@type":"WebSite","@id":"https:\/\/dorasilagyi.hu\/#website","url":"https:\/\/dorasilagyi.hu\/","name":"Dora Silagyi Jewellery","description":"Sophisticated, timeless jewellery design","publisher":{"@id":"https:\/\/dorasilagyi.hu\/#organization"},"potentialAction":[{"@type":"SearchAction","target":{"@type":"EntryPoint","urlTemplate":"https:\/\/dorasilagyi.hu\/?s={search_term_string}"},"query-input":"required name=search_term_string"}],"inLanguage":"en-GB"},{"@type":"Organization","@id":"https:\/\/dorasilagyi.hu\/#organization","name":"Dora Silagyi Jewellery","url":"https:\/\/dorasilagyi.hu\/","logo":{"@type":"ImageObject","inLanguage":"en-GB","@id":"https:\/\/dorasilagyi.hu\/#\/schema\/logo\/image\/","url":"https:\/\/dorasilagyi.hu\/wp-content\/uploads\/2021\/05\/logowebre.png","contentUrl":"https:\/\/dorasilagyi.hu\/wp-content\/uploads\/2021\/05\/logowebre.png","width":586,"height":431,"caption":"Dora Silagyi Jewellery"},"image":{"@id":"https:\/\/dorasilagyi.hu\/#\/schema\/logo\/image\/"},"sameAs":["https:\/\/www.instagram.com\/dorasilagyi\/","https:\/\/www.facebook.com\/Dora-Silagyi-Jewellery-109313484673073"]}]}},"_links":{"self":[{"href":"https:\/\/dorasilagyi.hu\/en\/wp-json\/wp\/v2\/product\/1466","targetHints":{"allow":["GET"]}}],"collection":[{"href":"https:\/\/dorasilagyi.hu\/en\/wp-json\/wp\/v2\/product"}],"about":[{"href":"https:\/\/dorasilagyi.hu\/en\/wp-json\/wp\/v2\/types\/product"}],"wp:featuredmedia":[{"embeddable":true,"href":"https:\/\/dorasilagyi.hu\/en\/wp-json\/wp\/v2\/media\/2831"}],"wp:attachment":[{"href":"https:\/\/dorasilagyi.hu\/en\/wp-json\/wp\/v2\/media?parent=1466"}],"wp:term":[{"taxonomy":"product_cat","embeddable":true,"href":"https:\/\/dorasilagyi.hu\/en\/wp-json\/wp\/v2\/product_cat?post=1466"},{"taxonomy":"product_tag","embeddable":true,"href":"https:\/\/dorasilagyi.hu\/en\/wp-json\/wp\/v2\/product_tag?post=1466"}],"curies":[{"name":"wp","href":"https:\/\/api.w.org\/{rel}","templated":true}]}}