{"id":1465,"date":"2021-06-02T09:00:10","date_gmt":"2021-06-02T09:00:10","guid":{"rendered":"https:\/\/dorasilagyi.hu\/?post_type=product&#038;p=1465"},"modified":"2025-10-19T21:18:29","modified_gmt":"2025-10-19T21:18:29","slug":"scala-gyuru","status":"publish","type":"product","link":"https:\/\/dorasilagyi.hu\/en\/product\/scala-gyuru\/","title":{"rendered":"&#039;Scala&#039; silver ring"},"content":{"rendered":"<p><span style=\"font-weight: 400;\">Size of rings in stock: 51<\/span><br \/>\n<span style=\"font-weight: 400;\">Material: sterling silver\u00a0<\/span><span style=\"font-weight: 400;\"><br \/>\nIf you need a different size, please contact us at studio@dorasilagyi.hu!<\/span><\/p>","protected":false},"excerpt":{"rendered":"<p><span style=\"font-weight: 400;\">The Scala ring collection is inspired by the magical natural formation called Scala dei Turchi on the southern coast of Sicily. The rhythmic waves of the white rock steps are cast in precious metal, and the sublime atmosphere of the landscape is evoked with a modern design by the designer&#039;s first-ever statement rings. The rings are available in 3 and 4-tier versions, and are made of sterling silver.<br \/>\nDue to the width of the ring, it is recommended to order one size larger.<\/span><\/p>","protected":false},"featured_media":1765,"template":"","meta":{"_et_pb_use_builder":"off","_et_pb_old_content":"<span style=\"font-weight: 400\">M\u00e9retek: 51-52-53-54-55-56<\/span><span style=\"font-weight: 400\">\r\n<\/span><span style=\"font-weight: 400\">Scala 3 emeletes\u00a0 35.000 Ft<\/span><span style=\"font-weight: 400\">\r\n<\/span><span style=\"font-weight: 400\">Scala 4 emeletes 45.000 Ft\u00a0<\/span>\r\n\r\n<span style=\"font-weight: 400\">Anyag: sterling ez\u00fcst\r\n<\/span><span style=\"font-weight: 400\">\r\n<\/span><span style=\"font-weight: 400\">Tipp: A Scala gy\u0171r\u0171kb\u0151l rendel\u00e9s eset\u00e9n sz\u00e9less\u00e9g\u00fck miatt eggyel nagyobb m\u00e9retet javaslunk!<\/span><span style=\"font-weight: 400\">\r\n<\/span>","_et_gb_content_width":"","_monsterinsights_skip_tracking":false,"_monsterinsights_sitenote_active":false,"_monsterinsights_sitenote_note":"","_monsterinsights_sitenote_category":0},"product_cat":[129,131],"product_tag":[53,39],"class_list":["post-1465","product","type-product","status-publish","has-post-thumbnail","hentry","product_cat-gyuru","product_cat-ezust-ekszer","product_tag-gyuru","product_tag-sterling-ezust","pa_anyag-sterling-ezust","pa_meret-87","pa_meret-54","pa_meret-55","pa_meret-56","pa_meret-57","pa_meret-58"],"yoast_head":"<!-- This site is optimized with the Yoast SEO plugin v19.9 - https:\/\/yoast.com\/wordpress\/plugins\/seo\/ -->\n<title>&#039;Scala&#039; ez\u00fcst gy\u0171r\u0171 &mdash; Dora Silagyi Jewellery<\/title>\n<meta name=\"description\" content=\"\u00a0A Scala gy\u0171r\u0171 kollekci\u00f3t a Szic\u00edlia d\u00e9li partj\u00e1n tal\u00e1lhat\u00f3 Scala dei Turchi n\u00e9vre hallgat\u00f3 var\u00e1zslatos term\u00e9szeti k\u00e9pz\u0151dm\u00e9ny ihlette. A feh\u00e9r szikla-l\u00e9pcs\u0151k ritmusos hull\u00e1mai nemesf\u00e9mbe \u00f6ntve, a t\u00e1jk\u00e9p magasztos hangulat\u00e1t, k\u00fcl\u00f6nleges formavil\u00e1g\u00e1t id\u00e9zik. A gy\u0171r\u0171k rendelhet\u0151k 3-4 emeletes verzi\u00f3ban, anyaguk sterling ez\u00fcst. Egyedi, k\u00e9zzel k\u00e9sz\u00fclt, id\u0151 \u00e9s \u00e9rt\u00e9k\u00e1ll\u00f3 aj\u00e1nd\u00e9k szeretteidnek kar\u00e1csonyra, vagy k\u00fcl\u00f6nleges alkalomra!\" \/>\n<meta name=\"robots\" content=\"index, follow, max-snippet:-1, max-image-preview:large, max-video-preview:-1\" \/>\n<link rel=\"canonical\" href=\"https:\/\/dorasilagyi.hu\/en\/product\/scala-gyuru\/\" \/>\n<meta property=\"og:locale\" content=\"en_GB\" \/>\n<meta property=\"og:type\" content=\"article\" \/>\n<meta property=\"og:title\" content=\"&#039;Scala&#039; ez\u00fcst gy\u0171r\u0171 &mdash; Dora Silagyi Jewellery\" \/>\n<meta property=\"og:description\" content=\"\u00a0A Scala gy\u0171r\u0171 kollekci\u00f3t a Szic\u00edlia d\u00e9li partj\u00e1n tal\u00e1lhat\u00f3 Scala dei Turchi n\u00e9vre hallgat\u00f3 var\u00e1zslatos term\u00e9szeti k\u00e9pz\u0151dm\u00e9ny ihlette. A feh\u00e9r szikla-l\u00e9pcs\u0151k ritmusos hull\u00e1mai nemesf\u00e9mbe \u00f6ntve, a t\u00e1jk\u00e9p magasztos hangulat\u00e1t, k\u00fcl\u00f6nleges formavil\u00e1g\u00e1t id\u00e9zik. A gy\u0171r\u0171k rendelhet\u0151k 3-4 emeletes verzi\u00f3ban, anyaguk sterling ez\u00fcst. Egyedi, k\u00e9zzel k\u00e9sz\u00fclt, id\u0151 \u00e9s \u00e9rt\u00e9k\u00e1ll\u00f3 aj\u00e1nd\u00e9k szeretteidnek kar\u00e1csonyra, vagy k\u00fcl\u00f6nleges alkalomra!\" \/>\n<meta property=\"og:url\" content=\"https:\/\/dorasilagyi.hu\/en\/product\/scala-gyuru\/\" \/>\n<meta property=\"og:site_name\" content=\"Dora Silagyi Jewellery\" \/>\n<meta property=\"article:publisher\" content=\"https:\/\/www.facebook.com\/Dora-Silagyi-Jewellery-109313484673073\" \/>\n<meta property=\"article:modified_time\" content=\"2025-10-19T21:18:29+00:00\" \/>\n<meta property=\"og:image\" content=\"https:\/\/dorasilagyi.hu\/wp-content\/uploads\/2021\/06\/ffffff-scaled.jpg\" \/>\n\t<meta property=\"og:image:width\" content=\"1714\" \/>\n\t<meta property=\"og:image:height\" content=\"2560\" \/>\n\t<meta property=\"og:image:type\" content=\"image\/jpeg\" \/>\n<meta name=\"twitter:card\" content=\"summary_large_image\" \/>\n<meta name=\"twitter:label1\" content=\"Estimated reading time\" \/>\n\t<meta name=\"twitter:data1\" content=\"1 minute\" \/>\n<script type=\"application\/ld+json\" class=\"yoast-schema-graph\">{\"@context\":\"https:\/\/schema.org\",\"@graph\":[{\"@type\":\"WebPage\",\"@id\":\"https:\/\/dorasilagyi.hu\/termek\/scala-gyuru\/\",\"url\":\"https:\/\/dorasilagyi.hu\/termek\/scala-gyuru\/\",\"name\":\"'Scala' ez\u00fcst gy\u0171r\u0171 &mdash; Dora Silagyi Jewellery\",\"isPartOf\":{\"@id\":\"https:\/\/dorasilagyi.hu\/#website\"},\"datePublished\":\"2021-06-02T09:00:10+00:00\",\"dateModified\":\"2025-10-19T21:18:29+00:00\",\"description\":\"\u00a0A Scala gy\u0171r\u0171 kollekci\u00f3t a Szic\u00edlia d\u00e9li partj\u00e1n tal\u00e1lhat\u00f3 Scala dei Turchi n\u00e9vre hallgat\u00f3 var\u00e1zslatos term\u00e9szeti k\u00e9pz\u0151dm\u00e9ny ihlette. A feh\u00e9r szikla-l\u00e9pcs\u0151k ritmusos hull\u00e1mai nemesf\u00e9mbe \u00f6ntve, a t\u00e1jk\u00e9p magasztos hangulat\u00e1t, k\u00fcl\u00f6nleges formavil\u00e1g\u00e1t id\u00e9zik. A gy\u0171r\u0171k rendelhet\u0151k 3-4 emeletes verzi\u00f3ban, anyaguk sterling ez\u00fcst. Egyedi, k\u00e9zzel k\u00e9sz\u00fclt, id\u0151 \u00e9s \u00e9rt\u00e9k\u00e1ll\u00f3 aj\u00e1nd\u00e9k szeretteidnek kar\u00e1csonyra, vagy k\u00fcl\u00f6nleges alkalomra!\",\"breadcrumb\":{\"@id\":\"https:\/\/dorasilagyi.hu\/termek\/scala-gyuru\/#breadcrumb\"},\"inLanguage\":\"en-GB\",\"potentialAction\":[{\"@type\":\"ReadAction\",\"target\":[\"https:\/\/dorasilagyi.hu\/termek\/scala-gyuru\/\"]}]},{\"@type\":\"BreadcrumbList\",\"@id\":\"https:\/\/dorasilagyi.hu\/termek\/scala-gyuru\/#breadcrumb\",\"itemListElement\":[{\"@type\":\"ListItem\",\"position\":1,\"name\":\"Kezd\u0151lap\",\"item\":\"https:\/\/dorasilagyi.hu\/\"},{\"@type\":\"ListItem\",\"position\":2,\"name\":\"Shop\",\"item\":\"https:\/\/dorasilagyi.hu\/shop\/\"},{\"@type\":\"ListItem\",\"position\":3,\"name\":\"&#8216;Scala&#8217; ez\u00fcst gy\u0171r\u0171\"}]},{\"@type\":\"WebSite\",\"@id\":\"https:\/\/dorasilagyi.hu\/#website\",\"url\":\"https:\/\/dorasilagyi.hu\/\",\"name\":\"Dora Silagyi Jewellery\",\"description\":\"Sophisticated, timeless jewellery design\",\"publisher\":{\"@id\":\"https:\/\/dorasilagyi.hu\/#organization\"},\"potentialAction\":[{\"@type\":\"SearchAction\",\"target\":{\"@type\":\"EntryPoint\",\"urlTemplate\":\"https:\/\/dorasilagyi.hu\/?s={search_term_string}\"},\"query-input\":\"required name=search_term_string\"}],\"inLanguage\":\"en-GB\"},{\"@type\":\"Organization\",\"@id\":\"https:\/\/dorasilagyi.hu\/#organization\",\"name\":\"Dora Silagyi Jewellery\",\"url\":\"https:\/\/dorasilagyi.hu\/\",\"logo\":{\"@type\":\"ImageObject\",\"inLanguage\":\"en-GB\",\"@id\":\"https:\/\/dorasilagyi.hu\/#\/schema\/logo\/image\/\",\"url\":\"https:\/\/dorasilagyi.hu\/wp-content\/uploads\/2021\/05\/logowebre.png\",\"contentUrl\":\"https:\/\/dorasilagyi.hu\/wp-content\/uploads\/2021\/05\/logowebre.png\",\"width\":586,\"height\":431,\"caption\":\"Dora Silagyi Jewellery\"},\"image\":{\"@id\":\"https:\/\/dorasilagyi.hu\/#\/schema\/logo\/image\/\"},\"sameAs\":[\"https:\/\/www.instagram.com\/dorasilagyi\/\",\"https:\/\/www.facebook.com\/Dora-Silagyi-Jewellery-109313484673073\"]}]}<\/script>\n<!-- \/ Yoast SEO plugin. -->","yoast_head_json":{"title":"'Scala' ez\u00fcst gy\u0171r\u0171 &mdash; Dora Silagyi Jewellery","description":"\u00a0A Scala gy\u0171r\u0171 kollekci\u00f3t a Szic\u00edlia d\u00e9li partj\u00e1n tal\u00e1lhat\u00f3 Scala dei Turchi n\u00e9vre hallgat\u00f3 var\u00e1zslatos term\u00e9szeti k\u00e9pz\u0151dm\u00e9ny ihlette. A feh\u00e9r szikla-l\u00e9pcs\u0151k ritmusos hull\u00e1mai nemesf\u00e9mbe \u00f6ntve, a t\u00e1jk\u00e9p magasztos hangulat\u00e1t, k\u00fcl\u00f6nleges formavil\u00e1g\u00e1t id\u00e9zik. A gy\u0171r\u0171k rendelhet\u0151k 3-4 emeletes verzi\u00f3ban, anyaguk sterling ez\u00fcst. Egyedi, k\u00e9zzel k\u00e9sz\u00fclt, id\u0151 \u00e9s \u00e9rt\u00e9k\u00e1ll\u00f3 aj\u00e1nd\u00e9k szeretteidnek kar\u00e1csonyra, vagy k\u00fcl\u00f6nleges alkalomra!","robots":{"index":"index","follow":"follow","max-snippet":"max-snippet:-1","max-image-preview":"max-image-preview:large","max-video-preview":"max-video-preview:-1"},"canonical":"https:\/\/dorasilagyi.hu\/en\/product\/scala-gyuru\/","og_locale":"en_GB","og_type":"article","og_title":"'Scala' ez\u00fcst gy\u0171r\u0171 &mdash; Dora Silagyi Jewellery","og_description":"\u00a0A Scala gy\u0171r\u0171 kollekci\u00f3t a Szic\u00edlia d\u00e9li partj\u00e1n tal\u00e1lhat\u00f3 Scala dei Turchi n\u00e9vre hallgat\u00f3 var\u00e1zslatos term\u00e9szeti k\u00e9pz\u0151dm\u00e9ny ihlette. A feh\u00e9r szikla-l\u00e9pcs\u0151k ritmusos hull\u00e1mai nemesf\u00e9mbe \u00f6ntve, a t\u00e1jk\u00e9p magasztos hangulat\u00e1t, k\u00fcl\u00f6nleges formavil\u00e1g\u00e1t id\u00e9zik. A gy\u0171r\u0171k rendelhet\u0151k 3-4 emeletes verzi\u00f3ban, anyaguk sterling ez\u00fcst. Egyedi, k\u00e9zzel k\u00e9sz\u00fclt, id\u0151 \u00e9s \u00e9rt\u00e9k\u00e1ll\u00f3 aj\u00e1nd\u00e9k szeretteidnek kar\u00e1csonyra, vagy k\u00fcl\u00f6nleges alkalomra!","og_url":"https:\/\/dorasilagyi.hu\/en\/product\/scala-gyuru\/","og_site_name":"Dora Silagyi Jewellery","article_publisher":"https:\/\/www.facebook.com\/Dora-Silagyi-Jewellery-109313484673073","article_modified_time":"2025-10-19T21:18:29+00:00","og_image":[{"width":1714,"height":2560,"url":"https:\/\/dorasilagyi.hu\/wp-content\/uploads\/2021\/06\/ffffff-scaled.jpg","type":"image\/jpeg"}],"twitter_card":"summary_large_image","twitter_misc":{"Estimated reading time":"1 minute"},"schema":{"@context":"https:\/\/schema.org","@graph":[{"@type":"WebPage","@id":"https:\/\/dorasilagyi.hu\/termek\/scala-gyuru\/","url":"https:\/\/dorasilagyi.hu\/termek\/scala-gyuru\/","name":"'Scala' ez\u00fcst gy\u0171r\u0171 &mdash; Dora Silagyi Jewellery","isPartOf":{"@id":"https:\/\/dorasilagyi.hu\/#website"},"datePublished":"2021-06-02T09:00:10+00:00","dateModified":"2025-10-19T21:18:29+00:00","description":"\u00a0A Scala gy\u0171r\u0171 kollekci\u00f3t a Szic\u00edlia d\u00e9li partj\u00e1n tal\u00e1lhat\u00f3 Scala dei Turchi n\u00e9vre hallgat\u00f3 var\u00e1zslatos term\u00e9szeti k\u00e9pz\u0151dm\u00e9ny ihlette. A feh\u00e9r szikla-l\u00e9pcs\u0151k ritmusos hull\u00e1mai nemesf\u00e9mbe \u00f6ntve, a t\u00e1jk\u00e9p magasztos hangulat\u00e1t, k\u00fcl\u00f6nleges formavil\u00e1g\u00e1t id\u00e9zik. A gy\u0171r\u0171k rendelhet\u0151k 3-4 emeletes verzi\u00f3ban, anyaguk sterling ez\u00fcst. Egyedi, k\u00e9zzel k\u00e9sz\u00fclt, id\u0151 \u00e9s \u00e9rt\u00e9k\u00e1ll\u00f3 aj\u00e1nd\u00e9k szeretteidnek kar\u00e1csonyra, vagy k\u00fcl\u00f6nleges alkalomra!","breadcrumb":{"@id":"https:\/\/dorasilagyi.hu\/termek\/scala-gyuru\/#breadcrumb"},"inLanguage":"en-GB","potentialAction":[{"@type":"ReadAction","target":["https:\/\/dorasilagyi.hu\/termek\/scala-gyuru\/"]}]},{"@type":"BreadcrumbList","@id":"https:\/\/dorasilagyi.hu\/termek\/scala-gyuru\/#breadcrumb","itemListElement":[{"@type":"ListItem","position":1,"name":"Kezd\u0151lap","item":"https:\/\/dorasilagyi.hu\/"},{"@type":"ListItem","position":2,"name":"Shop","item":"https:\/\/dorasilagyi.hu\/shop\/"},{"@type":"ListItem","position":3,"name":"&#8216;Scala&#8217; ez\u00fcst gy\u0171r\u0171"}]},{"@type":"WebSite","@id":"https:\/\/dorasilagyi.hu\/#website","url":"https:\/\/dorasilagyi.hu\/","name":"Dora Silagyi Jewellery","description":"Sophisticated, timeless jewellery design","publisher":{"@id":"https:\/\/dorasilagyi.hu\/#organization"},"potentialAction":[{"@type":"SearchAction","target":{"@type":"EntryPoint","urlTemplate":"https:\/\/dorasilagyi.hu\/?s={search_term_string}"},"query-input":"required name=search_term_string"}],"inLanguage":"en-GB"},{"@type":"Organization","@id":"https:\/\/dorasilagyi.hu\/#organization","name":"Dora Silagyi Jewellery","url":"https:\/\/dorasilagyi.hu\/","logo":{"@type":"ImageObject","inLanguage":"en-GB","@id":"https:\/\/dorasilagyi.hu\/#\/schema\/logo\/image\/","url":"https:\/\/dorasilagyi.hu\/wp-content\/uploads\/2021\/05\/logowebre.png","contentUrl":"https:\/\/dorasilagyi.hu\/wp-content\/uploads\/2021\/05\/logowebre.png","width":586,"height":431,"caption":"Dora Silagyi Jewellery"},"image":{"@id":"https:\/\/dorasilagyi.hu\/#\/schema\/logo\/image\/"},"sameAs":["https:\/\/www.instagram.com\/dorasilagyi\/","https:\/\/www.facebook.com\/Dora-Silagyi-Jewellery-109313484673073"]}]}},"_links":{"self":[{"href":"https:\/\/dorasilagyi.hu\/en\/wp-json\/wp\/v2\/product\/1465","targetHints":{"allow":["GET"]}}],"collection":[{"href":"https:\/\/dorasilagyi.hu\/en\/wp-json\/wp\/v2\/product"}],"about":[{"href":"https:\/\/dorasilagyi.hu\/en\/wp-json\/wp\/v2\/types\/product"}],"wp:featuredmedia":[{"embeddable":true,"href":"https:\/\/dorasilagyi.hu\/en\/wp-json\/wp\/v2\/media\/1765"}],"wp:attachment":[{"href":"https:\/\/dorasilagyi.hu\/en\/wp-json\/wp\/v2\/media?parent=1465"}],"wp:term":[{"taxonomy":"product_cat","embeddable":true,"href":"https:\/\/dorasilagyi.hu\/en\/wp-json\/wp\/v2\/product_cat?post=1465"},{"taxonomy":"product_tag","embeddable":true,"href":"https:\/\/dorasilagyi.hu\/en\/wp-json\/wp\/v2\/product_tag?post=1465"}],"curies":[{"name":"wp","href":"https:\/\/api.w.org\/{rel}","templated":true}]}}