{"id":181,"date":"2021-05-08T14:09:08","date_gmt":"2021-05-08T14:09:08","guid":{"rendered":"https:\/\/dorasilagyi.hu\/?page_id=181"},"modified":"2025-10-20T06:49:07","modified_gmt":"2025-10-20T06:49:07","slug":"custom","status":"publish","type":"page","link":"https:\/\/dorasilagyi.hu\/en\/custom\/","title":{"rendered":"Wedding-Engagement"},"content":{"rendered":"<p>[et_pb_section fb_built=\u201d1\u2033 custom_padding_last_edited=\u201don|phone\u201d admin_label=\u201dSection\u201d _builder_version=\u201d4.9.4\u2033 _module_preset=\u201ddefault\u201d background_image=\u201dhttps:\/\/dorasilagyi.hu\/wp-content\/uploads\/2022\/08\/kata-gy-2-scaled.jpg\u201d background_enable_video_mp4=\u201doff\u201d background_video_width=\u201d100%\u201d custom_margin=\u201d-150px||||false|false\u201d custom_padding=\u201d500px||289px||false|false\u201d custom_padding_tablet=\u201d200px||200px||true|false\u201d custom_padding_phone=\u201d200px||200px||true|false\u201d filter_saturate=\u201d73%\u201d da_disable_devices=\u201doff|off|off\u201d da_is_popup=\u201doff\u201d da_exit_intent=\u201doff\u201d da_has_close=\u201don\u201d da_alt_close=\u201doff\u201d da_dark_close=\u201doff\u201d da_not_modal=\u201don\u201d da_is_singular=\u201doff\u201d da_with_loader=\u201doff\u201d da_has_shadow=\u201don\u201d][et_pb_row column_structure=\u201d1_3,1_3,1_3\u2033 disabled_on=\u201don|on|off\u201d _builder_version=\u201d4.9.4\u2033 _module_preset=\u201ddefault\u201d][et_pb_column type=\u201d1_3\u2033 _builder_version=\u201d4.9.4\u2033 _module_preset=\u201ddefault\u201d][et_pb_text _builder_version=\u201d4.9.4\u2033 _module_preset=\u201ddefault\u201d header_text_color=\u201d#FFFFFF\u201d link_option_url=\u201dhttps:\/\/dorasilagyi.hu\/bespoke\/floyalat\/\u201d hover_enabled=\u201d0\u2033 sticky_enabled=\u201d0\u2033]<\/p>\n<h1 style=\"text-align: center;\">ORDER PROCESS<\/h1>\n<p>[\/et_pb_text][\/et_pb_column][et_pb_column type=\u201d1_3\u2033 _builder_version=\u201d4.9.4\u2033 _module_preset=\u201ddefault\u201d][et_pb_text _builder_version=\u201d4.9.4\u2033 _module_preset=\u201ddefault\u201d header_text_color=\u201d#FFFFFF\u201d link_option_url=\u201dhttps:\/\/dorasilagyi.hu\/bespoke\/eljegyzes\/\u201d hover_enabled=\u201d0\u2033 sticky_enabled=\u201d0\u2033]<\/p>\n<h1 style=\"text-align: center;\">ENGAGEMENT RING<\/h1>\n<p>[\/et_pb_text][\/et_pb_column][et_pb_column type=\u201d1_3\u2033 _builder_version=\u201d4.9.4\u2033 _module_preset=\u201ddefault\u201d][et_pb_text _builder_version=\u201d4.9.4\u2033 _module_preset=\u201ddefault\u201d header_text_color=\u201d#FFFFFF\u201d link_option_url=\u201dhttps:\/\/dorasilagyi.hu\/bespoke\/eskuvo\/\u201d hover_enabled=\u201d0\u2033 sticky_enabled=\u201d0\u2033]<\/p>\n<h1 style=\"text-align: center;\">RING<\/h1>\n<p>[\/et_pb_text][\/et_pb_column][\/et_pb_row][et_pb_row column_structure=&#8221;1_3,1_3,1_3&#8243; disabled_on=&#8221;off|off|on&#8221; _builder_version=&#8221;4.9.4&#8243; _module_preset=&#8221;default&#8221; custom_margin=&#8221;|auto|30px|auto||&#8221;][et_pb_column type=&#8221;1_3&#8243; _builder_version=&#8221;4.9.4&#8243; _module_preset=&#8221;default&#8221;][et_pb_text _builder_version=&#8221;4.9.4&#8243; _module_preset=&#8221;default&#8221; header_font=&#8221;Montserrat|||on|||||&#8221; header_text_color=&#8221;#FFFFFF&#8221; header_letter_spacing=&#8221;2px&#8221; link_option_url=&#8221;https:\/\/dorasilagyi.hu\/bespoke\/folyamat\/&#8221; hover_enabled=&#8221;0&#8243; header_font_size_tablet=&#8221;&#8221; header_font_size_phone=&#8221;4vw&#8221; header_font_size_last_edited=&#8221;on|phone&#8221; sticky_enabled=&#8221;0&#8243;]<\/p>\n<h1 style=\"text-align: center;\">Order process<\/h1>\n<p>[\/et_pb_text][\/et_pb_column][et_pb_column type=\u201d1_3\u2033 _builder_version=\u201d4.9.4\u2033 _module_preset=\u201ddefault\u201d][et_pb_text _builder_version=\u201d4.9.4\u2033 _module_preset=\u201ddefault\u201d header_font=\u201dMontserrat||| ||||\u201d header_text_color=\u201d#FFFFFF\u201d header_letter_spacing=\u201d2px\u201d link_option_url=\u201dhttps:\/\/dorasilagyi.hu\/bespoke\/eljegyzes\/\u201d header_font_size_tablet=\u201d\u201d header_font_size_phone=\u201d4vw\u201d header_font_size_last_edited=\u201don|phone\u201d]<\/p>\n<h1 style=\"text-align: center;\">engagement<\/h1>\n<p>[\/et_pb_text][\/et_pb_column][et_pb_column type=&#8221;1_3&#8243; _builder_version=&#8221;4.9.4&#8243; _module_preset=&#8221;default&#8221;][et_pb_text _builder_version=&#8221;4.9.4&#8243; _module_preset=&#8221;default&#8221; header_font=&#8221;Montserrat|||on|||||&#8221; header_text_color=&#8221;#FFFFFF&#8221; header_letter_spacing=&#8221;2px&#8221; link_option_url=&#8221;https:\/\/dorasilagyi.hu\/bespoke\/eskuvo\/&#8221; hover_enabled=&#8221;0&#8243; header_font_size_tablet=&#8221;&#8221; header_font_size_phone=&#8221;4vw&#8221; header_font_size_last_edited=&#8221;on|phone&#8221; sticky_enabled=&#8221;0&#8243;]<\/p>\n<h1 style=\"text-align: center;\">RING<\/h1>\n<p>[\/et_pb_text][\/et_pb_column][\/et_pb_row][\/et_pb_section]<\/p>","protected":false},"excerpt":{"rendered":"<p>[et_pb_section fb_built=&#8221;1&#8243; custom_padding_last_edited=&#8221;on|phone&#8221; admin_label=&#8221;Szakasz&#8221; _builder_version=&#8221;4.9.4&#8243; _module_preset=&#8221;default&#8221; background_image=&#8221;https:\/\/dorasilagyi.hu\/wp-content\/uploads\/2022\/08\/kata-gy-2-scaled.jpg&#8221; background_enable_video_mp4=&#8221;off&#8221; background_video_width=&#8221;100%&#8221; custom_margin=&#8221;-150px||||false|false&#8221; custom_padding=&#8221;500px||289px||false|false&#8221; custom_padding_tablet=&#8221;200px||200px||true|false&#8221; custom_padding_phone=&#8221;200px||200px||true|false&#8221; filter_saturate=&#8221;73%&#8221; da_disable_devices=&#8221;off|off|off&#8221; da_is_popup=&#8221;off&#8221; da_exit_intent=&#8221;off&#8221; da_has_close=&#8221;on&#8221; da_alt_close=&#8221;off&#8221; da_dark_close=&#8221;off&#8221; da_not_modal=&#8221;on&#8221; da_is_singular=&#8221;off&#8221; da_with_loader=&#8221;off&#8221; da_has_shadow=&#8221;on&#8221;][et_pb_row column_structure=&#8221;1_3,1_3,1_3&#8243; disabled_on=&#8221;on|on|off&#8221; _builder_version=&#8221;4.9.4&#8243; _module_preset=&#8221;default&#8221;][et_pb_column type=&#8221;1_3&#8243; _builder_version=&#8221;4.9.4&#8243; _module_preset=&#8221;default&#8221;][et_pb_text _builder_version=&#8221;4.9.4&#8243; _module_preset=&#8221;default&#8221; header_text_color=&#8221;#FFFFFF&#8221; link_option_url=&#8221;https:\/\/dorasilagyi.hu\/bespoke\/folyamat\/&#8221; hover_enabled=&#8221;0&#8243; sticky_enabled=&#8221;0&#8243;] MEGRENDEL\u00c9S MENETE [\/et_pb_text][\/et_pb_column][et_pb_column type=&#8221;1_3&#8243; _builder_version=&#8221;4.9.4&#8243; _module_preset=&#8221;default&#8221;][et_pb_text _builder_version=&#8221;4.9.4&#8243; _module_preset=&#8221;default&#8221; header_text_color=&#8221;#FFFFFF&#8221; link_option_url=&#8221;https:\/\/dorasilagyi.hu\/bespoke\/eljegyzes\/&#8221; hover_enabled=&#8221;0&#8243; sticky_enabled=&#8221;0&#8243;] ELJEGYZ\u00c9SI GY\u0170R\u0170 [\/et_pb_text][\/et_pb_column][et_pb_column type=&#8221;1_3&#8243; _builder_version=&#8221;4.9.4&#8243; _module_preset=&#8221;default&#8221;][et_pb_text [&hellip;]<\/p>","protected":false},"author":1,"featured_media":228651,"parent":0,"menu_order":0,"comment_status":"closed","ping_status":"closed","template":"","meta":{"_et_pb_use_builder":"on","_et_pb_old_content":"<!-- wp:divi\/placeholder \/-->","_et_gb_content_width":"","_monsterinsights_skip_tracking":false,"_monsterinsights_sitenote_active":false,"_monsterinsights_sitenote_note":"","_monsterinsights_sitenote_category":0,"footnotes":""},"class_list":["post-181","page","type-page","status-publish","has-post-thumbnail","hentry"],"yoast_head":"<!-- This site is optimized with the Yoast SEO plugin v19.9 - https:\/\/yoast.com\/wordpress\/plugins\/seo\/ -->\n<title>Modern eljegyz\u00e9si gy\u0171r\u0171k \u00e9s karikagy\u0171r\u0171k &mdash; Dora Silagyi Jewellery<\/title>\n<meta name=\"description\" content=\"Egyszem\u00e9lyes p\u00e9csi \u00e9kszerm\u0171hely. Egyedi tervez\u00e9s\u0171 modern \u00e9kszerek, szem\u00e9lyre szabott eljegyz\u00e9si gy\u0171r\u0171k \u00e9s karikagy\u0171r\u0171k. A kifinomult formavil\u00e1g\u00fa k\u00e9zm\u0171ves technik\u00e1kkal megalkotott darabok, mind alapanyaguk, mind kivitelez\u00e9s\u00fck szempontj\u00e1b\u00f3l a fenntarthat\u00f3s\u00e1g \u00e9s az id\u0151t\u00e1ll\u00f3s\u00e1g jegy\u00e9ben, kiz\u00e1r\u00f3lag nemesf\u00e9m \u00f6tv\u00f6zetekb\u0151l k\u00e9sz\u00fclnek.\" \/>\n<meta name=\"robots\" content=\"index, follow, max-snippet:-1, max-image-preview:large, max-video-preview:-1\" \/>\n<link rel=\"canonical\" href=\"https:\/\/dorasilagyi.hu\/en\/custom\/\" \/>\n<meta property=\"og:locale\" content=\"en_GB\" \/>\n<meta property=\"og:type\" content=\"article\" \/>\n<meta property=\"og:title\" content=\"DoraSilagyi Jewellery | BESPOKE eljegyz\u00e9si gy\u0171r\u0171k \u00e9s karikagy\u0171r\u0171k\" \/>\n<meta property=\"og:description\" content=\"Egyszem\u00e9lyes p\u00e9csi \u00e9kszerm\u0171hely. Egyedi tervez\u00e9s\u0171 \u00e9kszer, bespoke eljegyz\u00e9si gy\u0171r\u0171k \u00e9s karikagy\u0171r\u0171k. A kifinomult formavil\u00e1g\u00fa k\u00e9zm\u0171ves technik\u00e1kkal megalkotott darabok, mind alapanyaguk, mind kivitelez\u00e9s\u00fck szempontj\u00e1b\u00f3l a fenntarthat\u00f3s\u00e1g \u00e9s az id\u0151t\u00e1ll\u00f3s\u00e1g jegy\u00e9ben, kiz\u00e1r\u00f3lag nemesf\u00e9m \u00f6tv\u00f6zetekb\u0151l k\u00e9sz\u00fclnek.\" \/>\n<meta property=\"og:url\" content=\"https:\/\/dorasilagyi.hu\/en\/custom\/\" \/>\n<meta property=\"og:site_name\" content=\"Dora Silagyi Jewellery\" \/>\n<meta property=\"article:publisher\" content=\"https:\/\/www.facebook.com\/Dora-Silagyi-Jewellery-109313484673073\" \/>\n<meta property=\"article:modified_time\" content=\"2025-10-20T06:49:07+00:00\" \/>\n<meta property=\"og:image\" content=\"https:\/\/dorasilagyi.hu\/wp-content\/uploads\/2021\/06\/186555087_109322638005491_4410765713381584409_n.jpg\" \/>\n\t<meta property=\"og:image:width\" content=\"2048\" \/>\n\t<meta property=\"og:image:height\" content=\"2048\" \/>\n\t<meta property=\"og:image:type\" content=\"image\/jpeg\" \/>\n<meta name=\"twitter:card\" content=\"summary_large_image\" \/>\n<meta name=\"twitter:label1\" content=\"Estimated reading time\" \/>\n\t<meta name=\"twitter:data1\" content=\"1 minute\" \/>\n<script type=\"application\/ld+json\" class=\"yoast-schema-graph\">{\"@context\":\"https:\/\/schema.org\",\"@graph\":[{\"@type\":\"WebPage\",\"@id\":\"https:\/\/dorasilagyi.hu\/custom\/\",\"url\":\"https:\/\/dorasilagyi.hu\/custom\/\",\"name\":\"Modern eljegyz\u00e9si gy\u0171r\u0171k \u00e9s karikagy\u0171r\u0171k &mdash; Dora Silagyi Jewellery\",\"isPartOf\":{\"@id\":\"https:\/\/dorasilagyi.hu\/#website\"},\"datePublished\":\"2021-05-08T14:09:08+00:00\",\"dateModified\":\"2025-10-20T06:49:07+00:00\",\"description\":\"Egyszem\u00e9lyes p\u00e9csi \u00e9kszerm\u0171hely. Egyedi tervez\u00e9s\u0171 modern \u00e9kszerek, szem\u00e9lyre szabott eljegyz\u00e9si gy\u0171r\u0171k \u00e9s karikagy\u0171r\u0171k. A kifinomult formavil\u00e1g\u00fa k\u00e9zm\u0171ves technik\u00e1kkal megalkotott darabok, mind alapanyaguk, mind kivitelez\u00e9s\u00fck szempontj\u00e1b\u00f3l a fenntarthat\u00f3s\u00e1g \u00e9s az id\u0151t\u00e1ll\u00f3s\u00e1g jegy\u00e9ben, kiz\u00e1r\u00f3lag nemesf\u00e9m \u00f6tv\u00f6zetekb\u0151l k\u00e9sz\u00fclnek.\",\"breadcrumb\":{\"@id\":\"https:\/\/dorasilagyi.hu\/custom\/#breadcrumb\"},\"inLanguage\":\"en-GB\",\"potentialAction\":[{\"@type\":\"ReadAction\",\"target\":[\"https:\/\/dorasilagyi.hu\/custom\/\"]}]},{\"@type\":\"BreadcrumbList\",\"@id\":\"https:\/\/dorasilagyi.hu\/custom\/#breadcrumb\",\"itemListElement\":[{\"@type\":\"ListItem\",\"position\":1,\"name\":\"Kezd\u0151lap\",\"item\":\"https:\/\/dorasilagyi.hu\/\"},{\"@type\":\"ListItem\",\"position\":2,\"name\":\"Esk\u00fcv\u0151-Eljegyz\u00e9s\"}]},{\"@type\":\"WebSite\",\"@id\":\"https:\/\/dorasilagyi.hu\/#website\",\"url\":\"https:\/\/dorasilagyi.hu\/\",\"name\":\"Dora Silagyi Jewellery\",\"description\":\"Sophisticated, timeless jewellery design\",\"publisher\":{\"@id\":\"https:\/\/dorasilagyi.hu\/#organization\"},\"potentialAction\":[{\"@type\":\"SearchAction\",\"target\":{\"@type\":\"EntryPoint\",\"urlTemplate\":\"https:\/\/dorasilagyi.hu\/?s={search_term_string}\"},\"query-input\":\"required name=search_term_string\"}],\"inLanguage\":\"en-GB\"},{\"@type\":\"Organization\",\"@id\":\"https:\/\/dorasilagyi.hu\/#organization\",\"name\":\"Dora Silagyi Jewellery\",\"url\":\"https:\/\/dorasilagyi.hu\/\",\"logo\":{\"@type\":\"ImageObject\",\"inLanguage\":\"en-GB\",\"@id\":\"https:\/\/dorasilagyi.hu\/#\/schema\/logo\/image\/\",\"url\":\"https:\/\/dorasilagyi.hu\/wp-content\/uploads\/2021\/05\/logowebre.png\",\"contentUrl\":\"https:\/\/dorasilagyi.hu\/wp-content\/uploads\/2021\/05\/logowebre.png\",\"width\":586,\"height\":431,\"caption\":\"Dora Silagyi Jewellery\"},\"image\":{\"@id\":\"https:\/\/dorasilagyi.hu\/#\/schema\/logo\/image\/\"},\"sameAs\":[\"https:\/\/www.instagram.com\/dorasilagyi\/\",\"https:\/\/www.facebook.com\/Dora-Silagyi-Jewellery-109313484673073\"]}]}<\/script>\n<!-- \/ Yoast SEO plugin. -->","yoast_head_json":{"title":"Modern eljegyz\u00e9si gy\u0171r\u0171k \u00e9s karikagy\u0171r\u0171k &mdash; Dora Silagyi Jewellery","description":"Egyszem\u00e9lyes p\u00e9csi \u00e9kszerm\u0171hely. Egyedi tervez\u00e9s\u0171 modern \u00e9kszerek, szem\u00e9lyre szabott eljegyz\u00e9si gy\u0171r\u0171k \u00e9s karikagy\u0171r\u0171k. A kifinomult formavil\u00e1g\u00fa k\u00e9zm\u0171ves technik\u00e1kkal megalkotott darabok, mind alapanyaguk, mind kivitelez\u00e9s\u00fck szempontj\u00e1b\u00f3l a fenntarthat\u00f3s\u00e1g \u00e9s az id\u0151t\u00e1ll\u00f3s\u00e1g jegy\u00e9ben, kiz\u00e1r\u00f3lag nemesf\u00e9m \u00f6tv\u00f6zetekb\u0151l k\u00e9sz\u00fclnek.","robots":{"index":"index","follow":"follow","max-snippet":"max-snippet:-1","max-image-preview":"max-image-preview:large","max-video-preview":"max-video-preview:-1"},"canonical":"https:\/\/dorasilagyi.hu\/en\/custom\/","og_locale":"en_GB","og_type":"article","og_title":"DoraSilagyi Jewellery | BESPOKE eljegyz\u00e9si gy\u0171r\u0171k \u00e9s karikagy\u0171r\u0171k","og_description":"Egyszem\u00e9lyes p\u00e9csi \u00e9kszerm\u0171hely. Egyedi tervez\u00e9s\u0171 \u00e9kszer, bespoke eljegyz\u00e9si gy\u0171r\u0171k \u00e9s karikagy\u0171r\u0171k. A kifinomult formavil\u00e1g\u00fa k\u00e9zm\u0171ves technik\u00e1kkal megalkotott darabok, mind alapanyaguk, mind kivitelez\u00e9s\u00fck szempontj\u00e1b\u00f3l a fenntarthat\u00f3s\u00e1g \u00e9s az id\u0151t\u00e1ll\u00f3s\u00e1g jegy\u00e9ben, kiz\u00e1r\u00f3lag nemesf\u00e9m \u00f6tv\u00f6zetekb\u0151l k\u00e9sz\u00fclnek.","og_url":"https:\/\/dorasilagyi.hu\/en\/custom\/","og_site_name":"Dora Silagyi Jewellery","article_publisher":"https:\/\/www.facebook.com\/Dora-Silagyi-Jewellery-109313484673073","article_modified_time":"2025-10-20T06:49:07+00:00","og_image":[{"width":2048,"height":2048,"url":"https:\/\/dorasilagyi.hu\/wp-content\/uploads\/2021\/06\/186555087_109322638005491_4410765713381584409_n.jpg","type":"image\/jpeg"}],"twitter_card":"summary_large_image","twitter_misc":{"Estimated reading time":"1 minute"},"schema":{"@context":"https:\/\/schema.org","@graph":[{"@type":"WebPage","@id":"https:\/\/dorasilagyi.hu\/custom\/","url":"https:\/\/dorasilagyi.hu\/custom\/","name":"Modern eljegyz\u00e9si gy\u0171r\u0171k \u00e9s karikagy\u0171r\u0171k &mdash; Dora Silagyi Jewellery","isPartOf":{"@id":"https:\/\/dorasilagyi.hu\/#website"},"datePublished":"2021-05-08T14:09:08+00:00","dateModified":"2025-10-20T06:49:07+00:00","description":"Egyszem\u00e9lyes p\u00e9csi \u00e9kszerm\u0171hely. Egyedi tervez\u00e9s\u0171 modern \u00e9kszerek, szem\u00e9lyre szabott eljegyz\u00e9si gy\u0171r\u0171k \u00e9s karikagy\u0171r\u0171k. A kifinomult formavil\u00e1g\u00fa k\u00e9zm\u0171ves technik\u00e1kkal megalkotott darabok, mind alapanyaguk, mind kivitelez\u00e9s\u00fck szempontj\u00e1b\u00f3l a fenntarthat\u00f3s\u00e1g \u00e9s az id\u0151t\u00e1ll\u00f3s\u00e1g jegy\u00e9ben, kiz\u00e1r\u00f3lag nemesf\u00e9m \u00f6tv\u00f6zetekb\u0151l k\u00e9sz\u00fclnek.","breadcrumb":{"@id":"https:\/\/dorasilagyi.hu\/custom\/#breadcrumb"},"inLanguage":"en-GB","potentialAction":[{"@type":"ReadAction","target":["https:\/\/dorasilagyi.hu\/custom\/"]}]},{"@type":"BreadcrumbList","@id":"https:\/\/dorasilagyi.hu\/custom\/#breadcrumb","itemListElement":[{"@type":"ListItem","position":1,"name":"Kezd\u0151lap","item":"https:\/\/dorasilagyi.hu\/"},{"@type":"ListItem","position":2,"name":"Esk\u00fcv\u0151-Eljegyz\u00e9s"}]},{"@type":"WebSite","@id":"https:\/\/dorasilagyi.hu\/#website","url":"https:\/\/dorasilagyi.hu\/","name":"Dora Silagyi Jewellery","description":"Sophisticated, timeless jewellery design","publisher":{"@id":"https:\/\/dorasilagyi.hu\/#organization"},"potentialAction":[{"@type":"SearchAction","target":{"@type":"EntryPoint","urlTemplate":"https:\/\/dorasilagyi.hu\/?s={search_term_string}"},"query-input":"required name=search_term_string"}],"inLanguage":"en-GB"},{"@type":"Organization","@id":"https:\/\/dorasilagyi.hu\/#organization","name":"Dora Silagyi Jewellery","url":"https:\/\/dorasilagyi.hu\/","logo":{"@type":"ImageObject","inLanguage":"en-GB","@id":"https:\/\/dorasilagyi.hu\/#\/schema\/logo\/image\/","url":"https:\/\/dorasilagyi.hu\/wp-content\/uploads\/2021\/05\/logowebre.png","contentUrl":"https:\/\/dorasilagyi.hu\/wp-content\/uploads\/2021\/05\/logowebre.png","width":586,"height":431,"caption":"Dora Silagyi Jewellery"},"image":{"@id":"https:\/\/dorasilagyi.hu\/#\/schema\/logo\/image\/"},"sameAs":["https:\/\/www.instagram.com\/dorasilagyi\/","https:\/\/www.facebook.com\/Dora-Silagyi-Jewellery-109313484673073"]}]}},"_links":{"self":[{"href":"https:\/\/dorasilagyi.hu\/en\/wp-json\/wp\/v2\/pages\/181","targetHints":{"allow":["GET"]}}],"collection":[{"href":"https:\/\/dorasilagyi.hu\/en\/wp-json\/wp\/v2\/pages"}],"about":[{"href":"https:\/\/dorasilagyi.hu\/en\/wp-json\/wp\/v2\/types\/page"}],"author":[{"embeddable":true,"href":"https:\/\/dorasilagyi.hu\/en\/wp-json\/wp\/v2\/users\/1"}],"replies":[{"embeddable":true,"href":"https:\/\/dorasilagyi.hu\/en\/wp-json\/wp\/v2\/comments?post=181"}],"version-history":[{"count":37,"href":"https:\/\/dorasilagyi.hu\/en\/wp-json\/wp\/v2\/pages\/181\/revisions"}],"predecessor-version":[{"id":232857,"href":"https:\/\/dorasilagyi.hu\/en\/wp-json\/wp\/v2\/pages\/181\/revisions\/232857"}],"wp:featuredmedia":[{"embeddable":true,"href":"https:\/\/dorasilagyi.hu\/en\/wp-json\/wp\/v2\/media\/228651"}],"wp:attachment":[{"href":"https:\/\/dorasilagyi.hu\/en\/wp-json\/wp\/v2\/media?parent=181"}],"curies":[{"name":"wp","href":"https:\/\/api.w.org\/{rel}","templated":true}]}}