{"id":157,"date":"2021-05-08T13:51:13","date_gmt":"2021-05-08T13:51:13","guid":{"rendered":"https:\/\/dorasilagyi.hu\/?page_id=157"},"modified":"2024-11-26T20:58:12","modified_gmt":"2024-11-26T20:58:12","slug":"referenciak","status":"publish","type":"page","link":"https:\/\/dorasilagyi.hu\/en\/about\/referenciak\/","title":{"rendered":"References"},"content":{"rendered":"<p>[et_pb_section fb_built=\u201d1\u2033 custom_padding_last_edited=\u201don|phone\u201d _builder_version=\u201d4.9.4\u2033 _module_preset=\u201ddefault\u201d background_enable_color=\u201doff\u201d background_image=\u201dhttps:\/\/dorasilagyi.hu\/wp-content\/uploads\/2023\/07\/dsj-scaled.jpg\u201d background_enable_video_mp4=\u201doff\u201d background_video_width=\u201d100%\u201d min_height=\u201d100vh\u201d height=\u201d100vh\u201d max_height=\u201d100vh\u201d custom_margin_tablet=\u201d-150px||false|false\u201d custom_margin_phone=\u201d-150px||false|false\u201d custom_margin_last_edited=\u201don|tablet\u201d custom_padding=\u201d281px||0px||false|false\u201d custom_padding_tablet=\u201d300px||100px||false|false\u201d custom_padding_phone=\u201d250px||0px||false|false\u201d filter_saturate=\u201d77%\u201d da_disable_devices=\u201doff|off|off\u201d da_is_popup=\u201doff\u201d da_exit_intent=\u201doff\u201d da_has_close=\u201don\u201d da_alt_close=\u201doff\u201d da_dark_close=\u201doff\u201d da_not_modal=\u201don\u201d da_is_singular=\u201doff\u201d da_with_loader=\u201doff\u201d da_has_shadow=\u201don\u201d][et_pb_row _builder_version=\u201d4.9.4\u2033 _module_preset=\u201ddefault\u201d min_height=\u201d282px\u201d custom_margin=\u201d5px|39px||auto||\u201d][et_pb_column type=\u201d4_4\u2033 _builder_version=\u201d4.9.4\u2033 _module_preset=\u201ddefault\u201d][et_pb_text _builder_version=\u201d4.9.4\u2033 _module_preset=\u201ddefault\u201d header_text_color=\u201d#000000\u2033 header_3_font=\u201dMontserrat|500||on|||||\u201d header_3_text_color=\u201d#FFFFFF\u201d header_3_font_size=\u201d0.9vw\u201d header_3_letter_spacing=\u201d1px\u201d custom_margin=\u201d||5px|||\u201d header_3_font_size_tablet=\u201d2vw\u201d header_3_font_size_phone=\u201d3.5vw\u201d header_3_font_size_last_edited=\u201don|phone\u201d]<\/p>\n<h3 style=\"text-align: right;\"><strong>about<\/strong><\/h3>\n<p>[\/et_pb_text][et_pb_text _builder_version=\u201d4.9.4\u2033 _module_preset=\u201ddefault\u201d header_text_color=\u201d#FFFFFF\u201d min_height=\u201d191.2px\u201d]<\/p>\n<h1 style=\"text-align: right;\">View the gallery of our jewelry made so far on one of our social media platforms, or<br \/>send us an email to studio@dorasilagyi.hu and we will be happy to share our catalog with you upon request!<\/h1>\n<p>&nbsp;<\/p>\n<p>&nbsp;<\/p>\n<p>&nbsp;<\/p>\n<p>&nbsp;<\/p>\n<p>&nbsp;<\/p>\n<p>&nbsp;<\/p>\n<p>&nbsp;<\/p>\n<p>[\/et_pb_text][\/et_pb_column][\/et_pb_row][\/et_pb_section][et_pb_section fb_built=\u201d1\u2033 _builder_version=\u201d4.9.4\u2033 _module_preset=\u201ddefault\u201d min_height=\u201d596.6px\u201d custom_padding=\u201d62px|||||\u201d da_disable_devices=\u201doff|off|off\u201d da_is_popup=\u201doff\u201d da_exit_intent=\u201doff\u201d da_has_close=\u201don\u201d da_alt_close=\u201doff\u201d da_dark_close=\u201doff\u201d da_not_modal=\u201don\u201d da_is_singular=\u201doff\u201d da_with_loader=\u201doff\u201d da_has_shadow=\u201don\u201d][et_pb_row _builder_version=\u201d4.9.4\u2033 _module_preset=\u201ddefault\u201d][et_pb_column type=\u201d4_4\u2033 _builder_version=\u201d4.9.4\u2033 _module_preset=\u201ddefault\u201d][et_pb_slider show_pagination=\u201doff\u201d arrows_custom_color=\u201d#000000\u2033 dot_nav_custom_color=\u201d#000000\u2033 _builder_version=\u201d4.9.4\u2033 _module_preset=\u201ddefault\u201d header_font=\u201dMontserrat|500||on||||\u201d header_font_size=\u201d1vw\u201d header_letter_spacing=\u201d2px\u201d header_line_height=\u201d2.3em\u201d body_font=\u201dCormorant Garamond|||||||\u201d body_font_size=\u201d2vw\u201d body_line_height=\u201d1.5em\u201d background_enable_color=\u201doff\u201d auto=\u201don\u201d auto_speed=\u201d9000\u2033 header_font_size_tablet=\u201d2vw\u201d header_font_size_phone=\u201d4vw\u201d header_font_size_last_edited=\u201don|phone\u201d body_font_size_tablet=\u201d3vw\u201d body_font_size_phone=\u201d6vw\u201d body_font_size_last_edited=\u201don|phone\u201d border_width_all=\u201d2px\u201d border_color_all=\u201d#000000\u2033][et_pb_slide heading=\u201dCinge\u201d _builder_version=\u201d4.9.4\u2033 _module_preset=\u201ddefault\u201d background_layout=\u201dlight\u201d sticky_transition=\u201don\u201d]<\/p>\n<p><span style=\"font-weight: 400;\">I received a necklace from one of Dorka&#039;s works as a birthday present. A beautiful clean, minimalistic masterpiece!\u00a0<\/span><span style=\"font-weight: 400;\">My partner was also involved in the design process, so the gift became really personal for me. <\/span><\/p>\n<p>[\/et_pb_slide][et_pb_slide heading=\u201dAnna\u201d _builder_version=\u201d4.9.4\u2033 _module_preset=\u201ddefault\u201d background_layout=\u201dlight\u201d sticky_transition=\u201don\u201d]<\/p>\n<p><span style=\"font-weight: 400;\">I really like Dorka&#039;s work, because she shows us the simplest forms from a completely new point of view. That&#039;s why her jewelry is so special, yet refined. I am very proud that he made my wedding ring, which I wear every day, but I can&#039;t get enough of it!\u00a0<\/span><\/p>\n<p>[\/et_pb_slide][et_pb_slide heading=\u201dDorina\u201d _builder_version=\u201d4.9.4\u2033 _module_preset=\u201ddefault\u201d background_layout=\u201dlight\u201d sticky_transition=\u201don\u201d]<\/p>\n<p style=\"text-align: center;\"><span style=\"font-weight: 400;\">Dorka made wonderful wedding rings for us. The whole process was very smooth, every little detail turned out beautifully on our rings. We are very grateful for the excellent work and warmly recommend it to everyone!\u00a0<\/span><\/p>\n<p>[\/et_pb_slide][\/et_pb_slider][\/et_pb_column][\/et_pb_row][\/et_pb_section]<\/p>","protected":false},"excerpt":{"rendered":"<p>[et_pb_section fb_built=\u201d1\u2033 custom_padding_last_edited=\u201don|phone\u201d _builder_version=\u201d4.9.4\u2033 _module_preset=\u201ddefault\u201d background_enable_color=\u201doff\u201d background_image=\u201dhttps:\/\/dorasilagyi.hu\/wp-content\/uploads\/2023\/07\/dsj-scaled.jpg\u201d background_enable_video_mp4=\u201doff\u201d background_video_width=\u201d100%\u201d min_height=\u201d100vh\u201d height=\u201d100vh\u201d max_height=\u201d100vh\u201d custom_margin_tablet=\u201d-150px||false|false\u201d custom_margin_phone=\u201d-150px||false|false\u201d custom_margin_last_edited=\u201don|tablet\u201d custom_padding=\u201d281px||0px||false|false\u201d custom_padding_tablet=\u201d300px||100px||false|false\u201d custom_padding_phone=\u201d250px||0px||false|false\u201d filter_saturate=\u201d77%\u201d da_disable_devices=\u201doff|off|off\u201d da_is_popup=\u201doff\u201d da_exit_intent=\u201doff\u201d da_has_close=\u201don\u201d da_alt_close=\u201doff\u201d da_dark_close=\u201doff\u201d da_not_modal=\u201don\u201d da_is_singular=\u201doff\u201d da_with_loader=\u201doff\u201d da_has_shadow=\u201don\u201d][et_pb_row _builder_version=\u201d4.9.4\u2033 _module_preset=\u201ddefault\u201d min_height=\u201d282px\u201d custom_margin=\u201d5px|39px||auto||\u201d][et_pb_column type=\u201d4_4\u2033 _builder_version=\u201d4.9.4\u2033 _module_preset=\u201ddefault\u201d][et_pb_text _builder_version=\u201d4.9.4\u2033 _module_preset=\u201ddefault\u201d header_text_color=\u201d#000000\u2033 header_3_font=\u201dMontserrat|500||on|||||\u201d header_3_text_color=\u201d#FFFFFF\u201d header_3_font_size=\u201d0.9vw\u201d header_3_letter_spacing=\u201d1px\u201d custom_margin=\u201d||5px|||\u201d header_3_font_size_tablet=\u201d2vw\u201d header_3_font_size_phone=\u201d3.5vw\u201d header_3_font_size_last_edited=\u201don|phone\u201d] about [\/et_pb_text][et_pb_text _builder_version=\u201d4.9.4\u2033 _module_preset=\u201ddefault\u201d header_text_color=\u201d#FFFFFF\u201d min_height=\u201d191.2px\u201d] Created so far [\u2026]<\/p>","protected":false},"author":1,"featured_media":228651,"parent":155,"menu_order":0,"comment_status":"closed","ping_status":"closed","template":"","meta":{"_et_pb_use_builder":"on","_et_pb_old_content":"<!-- wp:divi\/placeholder \/-->","_et_gb_content_width":"","_monsterinsights_skip_tracking":false,"_monsterinsights_sitenote_active":false,"_monsterinsights_sitenote_note":"","_monsterinsights_sitenote_category":0,"footnotes":""},"class_list":["post-157","page","type-page","status-publish","has-post-thumbnail","hentry"],"yoast_head":"<!-- This site is optimized with the Yoast SEO plugin v19.9 - https:\/\/yoast.com\/wordpress\/plugins\/seo\/ -->\n<title>Referenci\u00e1k &mdash; Dora Silagyi Jewellery<\/title>\n<meta name=\"description\" content=\"Egyszem\u00e9lyes p\u00e9csi \u00e9kszerm\u0171hely. Egyedi tervez\u00e9s\u0171 \u00e9kszer, bespoke eljegyz\u00e9si gy\u0171r\u0171k \u00e9s karikagy\u0171r\u0171k. A kifinomult formavil\u00e1g\u00fa k\u00e9zm\u0171ves technik\u00e1kkal megalkotott darabok, mind alapanyaguk, mind kivitelez\u00e9s\u00fck szempontj\u00e1b\u00f3l a fenntarthat\u00f3s\u00e1g \u00e9s az id\u0151t\u00e1ll\u00f3s\u00e1g jegy\u00e9ben, kiz\u00e1r\u00f3lag nemesf\u00e9m \u00f6tv\u00f6zetekb\u0151l k\u00e9sz\u00fclnek.\" \/>\n<meta name=\"robots\" content=\"index, follow, max-snippet:-1, max-image-preview:large, max-video-preview:-1\" \/>\n<link rel=\"canonical\" href=\"https:\/\/dorasilagyi.hu\/en\/about\/referenciak\/\" \/>\n<meta property=\"og:locale\" content=\"en_GB\" \/>\n<meta property=\"og:type\" content=\"article\" \/>\n<meta property=\"og:title\" content=\"DoraSilagyi Jewellery | Referenci\u00e1k\" \/>\n<meta property=\"og:description\" content=\"Egyszem\u00e9lyes p\u00e9csi \u00e9kszerm\u0171hely. Egyedi tervez\u00e9s\u0171 \u00e9kszer, bespoke eljegyz\u00e9si gy\u0171r\u0171k \u00e9s karikagy\u0171r\u0171k. A kifinomult formavil\u00e1g\u00fa k\u00e9zm\u0171ves technik\u00e1kkal megalkotott darabok, mind alapanyaguk, mind kivitelez\u00e9s\u00fck szempontj\u00e1b\u00f3l a fenntarthat\u00f3s\u00e1g \u00e9s az id\u0151t\u00e1ll\u00f3s\u00e1g jegy\u00e9ben, kiz\u00e1r\u00f3lag nemesf\u00e9m \u00f6tv\u00f6zetekb\u0151l k\u00e9sz\u00fclnek.\" \/>\n<meta property=\"og:url\" content=\"https:\/\/dorasilagyi.hu\/en\/about\/referenciak\/\" \/>\n<meta property=\"og:site_name\" content=\"Dora Silagyi Jewellery\" \/>\n<meta property=\"article:publisher\" content=\"https:\/\/www.facebook.com\/Dora-Silagyi-Jewellery-109313484673073\" \/>\n<meta property=\"article:modified_time\" content=\"2024-11-26T20:58:12+00:00\" \/>\n<meta property=\"og:image\" content=\"https:\/\/dorasilagyi.hu\/wp-content\/uploads\/2021\/06\/186555087_109322638005491_4410765713381584409_n.jpg\" \/>\n\t<meta property=\"og:image:width\" content=\"2048\" \/>\n\t<meta property=\"og:image:height\" content=\"2048\" \/>\n\t<meta property=\"og:image:type\" content=\"image\/jpeg\" \/>\n<meta name=\"twitter:card\" content=\"summary_large_image\" \/>\n<meta name=\"twitter:label1\" content=\"Estimated reading time\" \/>\n\t<meta name=\"twitter:data1\" content=\"3 minutes\" \/>\n<script type=\"application\/ld+json\" class=\"yoast-schema-graph\">{\"@context\":\"https:\/\/schema.org\",\"@graph\":[{\"@type\":\"WebPage\",\"@id\":\"https:\/\/dorasilagyi.hu\/about\/referenciak\/\",\"url\":\"https:\/\/dorasilagyi.hu\/about\/referenciak\/\",\"name\":\"Referenci\u00e1k &mdash; Dora Silagyi Jewellery\",\"isPartOf\":{\"@id\":\"https:\/\/dorasilagyi.hu\/#website\"},\"datePublished\":\"2021-05-08T13:51:13+00:00\",\"dateModified\":\"2024-11-26T20:58:12+00:00\",\"description\":\"Egyszem\u00e9lyes p\u00e9csi \u00e9kszerm\u0171hely. Egyedi tervez\u00e9s\u0171 \u00e9kszer, bespoke eljegyz\u00e9si gy\u0171r\u0171k \u00e9s karikagy\u0171r\u0171k. A kifinomult formavil\u00e1g\u00fa k\u00e9zm\u0171ves technik\u00e1kkal megalkotott darabok, mind alapanyaguk, mind kivitelez\u00e9s\u00fck szempontj\u00e1b\u00f3l a fenntarthat\u00f3s\u00e1g \u00e9s az id\u0151t\u00e1ll\u00f3s\u00e1g jegy\u00e9ben, kiz\u00e1r\u00f3lag nemesf\u00e9m \u00f6tv\u00f6zetekb\u0151l k\u00e9sz\u00fclnek.\",\"breadcrumb\":{\"@id\":\"https:\/\/dorasilagyi.hu\/about\/referenciak\/#breadcrumb\"},\"inLanguage\":\"en-GB\",\"potentialAction\":[{\"@type\":\"ReadAction\",\"target\":[\"https:\/\/dorasilagyi.hu\/about\/referenciak\/\"]}]},{\"@type\":\"BreadcrumbList\",\"@id\":\"https:\/\/dorasilagyi.hu\/about\/referenciak\/#breadcrumb\",\"itemListElement\":[{\"@type\":\"ListItem\",\"position\":1,\"name\":\"Kezd\u0151lap\",\"item\":\"https:\/\/dorasilagyi.hu\/\"},{\"@type\":\"ListItem\",\"position\":2,\"name\":\"About\",\"item\":\"https:\/\/dorasilagyi.hu\/about\/\"},{\"@type\":\"ListItem\",\"position\":3,\"name\":\"Referenci\u00e1k\"}]},{\"@type\":\"WebSite\",\"@id\":\"https:\/\/dorasilagyi.hu\/#website\",\"url\":\"https:\/\/dorasilagyi.hu\/\",\"name\":\"Dora Silagyi Jewellery\",\"description\":\"Sophisticated, timeless jewellery design\",\"publisher\":{\"@id\":\"https:\/\/dorasilagyi.hu\/#organization\"},\"potentialAction\":[{\"@type\":\"SearchAction\",\"target\":{\"@type\":\"EntryPoint\",\"urlTemplate\":\"https:\/\/dorasilagyi.hu\/?s={search_term_string}\"},\"query-input\":\"required name=search_term_string\"}],\"inLanguage\":\"en-GB\"},{\"@type\":\"Organization\",\"@id\":\"https:\/\/dorasilagyi.hu\/#organization\",\"name\":\"Dora Silagyi Jewellery\",\"url\":\"https:\/\/dorasilagyi.hu\/\",\"logo\":{\"@type\":\"ImageObject\",\"inLanguage\":\"en-GB\",\"@id\":\"https:\/\/dorasilagyi.hu\/#\/schema\/logo\/image\/\",\"url\":\"https:\/\/dorasilagyi.hu\/wp-content\/uploads\/2021\/05\/logowebre.png\",\"contentUrl\":\"https:\/\/dorasilagyi.hu\/wp-content\/uploads\/2021\/05\/logowebre.png\",\"width\":586,\"height\":431,\"caption\":\"Dora Silagyi Jewellery\"},\"image\":{\"@id\":\"https:\/\/dorasilagyi.hu\/#\/schema\/logo\/image\/\"},\"sameAs\":[\"https:\/\/www.instagram.com\/dorasilagyi\/\",\"https:\/\/www.facebook.com\/Dora-Silagyi-Jewellery-109313484673073\"]}]}<\/script>\n<!-- \/ Yoast SEO plugin. -->","yoast_head_json":{"title":"Referenci\u00e1k &mdash; Dora Silagyi Jewellery","description":"Egyszem\u00e9lyes p\u00e9csi \u00e9kszerm\u0171hely. Egyedi tervez\u00e9s\u0171 \u00e9kszer, bespoke eljegyz\u00e9si gy\u0171r\u0171k \u00e9s karikagy\u0171r\u0171k. A kifinomult formavil\u00e1g\u00fa k\u00e9zm\u0171ves technik\u00e1kkal megalkotott darabok, mind alapanyaguk, mind kivitelez\u00e9s\u00fck szempontj\u00e1b\u00f3l a fenntarthat\u00f3s\u00e1g \u00e9s az id\u0151t\u00e1ll\u00f3s\u00e1g jegy\u00e9ben, kiz\u00e1r\u00f3lag nemesf\u00e9m \u00f6tv\u00f6zetekb\u0151l k\u00e9sz\u00fclnek.","robots":{"index":"index","follow":"follow","max-snippet":"max-snippet:-1","max-image-preview":"max-image-preview:large","max-video-preview":"max-video-preview:-1"},"canonical":"https:\/\/dorasilagyi.hu\/en\/about\/referenciak\/","og_locale":"en_GB","og_type":"article","og_title":"DoraSilagyi Jewellery | Referenci\u00e1k","og_description":"Egyszem\u00e9lyes p\u00e9csi \u00e9kszerm\u0171hely. Egyedi tervez\u00e9s\u0171 \u00e9kszer, bespoke eljegyz\u00e9si gy\u0171r\u0171k \u00e9s karikagy\u0171r\u0171k. A kifinomult formavil\u00e1g\u00fa k\u00e9zm\u0171ves technik\u00e1kkal megalkotott darabok, mind alapanyaguk, mind kivitelez\u00e9s\u00fck szempontj\u00e1b\u00f3l a fenntarthat\u00f3s\u00e1g \u00e9s az id\u0151t\u00e1ll\u00f3s\u00e1g jegy\u00e9ben, kiz\u00e1r\u00f3lag nemesf\u00e9m \u00f6tv\u00f6zetekb\u0151l k\u00e9sz\u00fclnek.","og_url":"https:\/\/dorasilagyi.hu\/en\/about\/referenciak\/","og_site_name":"Dora Silagyi Jewellery","article_publisher":"https:\/\/www.facebook.com\/Dora-Silagyi-Jewellery-109313484673073","article_modified_time":"2024-11-26T20:58:12+00:00","og_image":[{"width":2048,"height":2048,"url":"https:\/\/dorasilagyi.hu\/wp-content\/uploads\/2021\/06\/186555087_109322638005491_4410765713381584409_n.jpg","type":"image\/jpeg"}],"twitter_card":"summary_large_image","twitter_misc":{"Estimated reading time":"3 minutes"},"schema":{"@context":"https:\/\/schema.org","@graph":[{"@type":"WebPage","@id":"https:\/\/dorasilagyi.hu\/about\/referenciak\/","url":"https:\/\/dorasilagyi.hu\/about\/referenciak\/","name":"Referenci\u00e1k &mdash; Dora Silagyi Jewellery","isPartOf":{"@id":"https:\/\/dorasilagyi.hu\/#website"},"datePublished":"2021-05-08T13:51:13+00:00","dateModified":"2024-11-26T20:58:12+00:00","description":"Egyszem\u00e9lyes p\u00e9csi \u00e9kszerm\u0171hely. Egyedi tervez\u00e9s\u0171 \u00e9kszer, bespoke eljegyz\u00e9si gy\u0171r\u0171k \u00e9s karikagy\u0171r\u0171k. A kifinomult formavil\u00e1g\u00fa k\u00e9zm\u0171ves technik\u00e1kkal megalkotott darabok, mind alapanyaguk, mind kivitelez\u00e9s\u00fck szempontj\u00e1b\u00f3l a fenntarthat\u00f3s\u00e1g \u00e9s az id\u0151t\u00e1ll\u00f3s\u00e1g jegy\u00e9ben, kiz\u00e1r\u00f3lag nemesf\u00e9m \u00f6tv\u00f6zetekb\u0151l k\u00e9sz\u00fclnek.","breadcrumb":{"@id":"https:\/\/dorasilagyi.hu\/about\/referenciak\/#breadcrumb"},"inLanguage":"en-GB","potentialAction":[{"@type":"ReadAction","target":["https:\/\/dorasilagyi.hu\/about\/referenciak\/"]}]},{"@type":"BreadcrumbList","@id":"https:\/\/dorasilagyi.hu\/about\/referenciak\/#breadcrumb","itemListElement":[{"@type":"ListItem","position":1,"name":"Kezd\u0151lap","item":"https:\/\/dorasilagyi.hu\/"},{"@type":"ListItem","position":2,"name":"About","item":"https:\/\/dorasilagyi.hu\/about\/"},{"@type":"ListItem","position":3,"name":"Referenci\u00e1k"}]},{"@type":"WebSite","@id":"https:\/\/dorasilagyi.hu\/#website","url":"https:\/\/dorasilagyi.hu\/","name":"Dora Silagyi Jewellery","description":"Sophisticated, timeless jewellery design","publisher":{"@id":"https:\/\/dorasilagyi.hu\/#organization"},"potentialAction":[{"@type":"SearchAction","target":{"@type":"EntryPoint","urlTemplate":"https:\/\/dorasilagyi.hu\/?s={search_term_string}"},"query-input":"required name=search_term_string"}],"inLanguage":"en-GB"},{"@type":"Organization","@id":"https:\/\/dorasilagyi.hu\/#organization","name":"Dora Silagyi Jewellery","url":"https:\/\/dorasilagyi.hu\/","logo":{"@type":"ImageObject","inLanguage":"en-GB","@id":"https:\/\/dorasilagyi.hu\/#\/schema\/logo\/image\/","url":"https:\/\/dorasilagyi.hu\/wp-content\/uploads\/2021\/05\/logowebre.png","contentUrl":"https:\/\/dorasilagyi.hu\/wp-content\/uploads\/2021\/05\/logowebre.png","width":586,"height":431,"caption":"Dora Silagyi Jewellery"},"image":{"@id":"https:\/\/dorasilagyi.hu\/#\/schema\/logo\/image\/"},"sameAs":["https:\/\/www.instagram.com\/dorasilagyi\/","https:\/\/www.facebook.com\/Dora-Silagyi-Jewellery-109313484673073"]}]}},"_links":{"self":[{"href":"https:\/\/dorasilagyi.hu\/en\/wp-json\/wp\/v2\/pages\/157","targetHints":{"allow":["GET"]}}],"collection":[{"href":"https:\/\/dorasilagyi.hu\/en\/wp-json\/wp\/v2\/pages"}],"about":[{"href":"https:\/\/dorasilagyi.hu\/en\/wp-json\/wp\/v2\/types\/page"}],"author":[{"embeddable":true,"href":"https:\/\/dorasilagyi.hu\/en\/wp-json\/wp\/v2\/users\/1"}],"replies":[{"embeddable":true,"href":"https:\/\/dorasilagyi.hu\/en\/wp-json\/wp\/v2\/comments?post=157"}],"version-history":[{"count":27,"href":"https:\/\/dorasilagyi.hu\/en\/wp-json\/wp\/v2\/pages\/157\/revisions"}],"predecessor-version":[{"id":232311,"href":"https:\/\/dorasilagyi.hu\/en\/wp-json\/wp\/v2\/pages\/157\/revisions\/232311"}],"up":[{"embeddable":true,"href":"https:\/\/dorasilagyi.hu\/en\/wp-json\/wp\/v2\/pages\/155"}],"wp:featuredmedia":[{"embeddable":true,"href":"https:\/\/dorasilagyi.hu\/en\/wp-json\/wp\/v2\/media\/228651"}],"wp:attachment":[{"href":"https:\/\/dorasilagyi.hu\/en\/wp-json\/wp\/v2\/media?parent=157"}],"curies":[{"name":"wp","href":"https:\/\/api.w.org\/{rel}","templated":true}]}}