{"id":13,"date":"2021-05-05T13:57:18","date_gmt":"2021-05-05T13:57:18","guid":{"rendered":"https:\/\/dorasilagyi.hu\/index.php\/fiokom\/"},"modified":"2021-05-05T13:57:18","modified_gmt":"2021-05-05T13:57:18","slug":"fiokom","status":"publish","type":"page","link":"https:\/\/dorasilagyi.hu\/en\/fiokom\/","title":{"rendered":"My account"},"content":{"rendered":"<div class=\"woocommerce\"><\/div>","protected":false},"excerpt":{"rendered":"","protected":false},"author":1,"featured_media":0,"parent":0,"menu_order":0,"comment_status":"closed","ping_status":"closed","template":"","meta":{"_et_pb_use_builder":"","_et_pb_old_content":"","_et_gb_content_width":"","_monsterinsights_skip_tracking":false,"_monsterinsights_sitenote_active":false,"_monsterinsights_sitenote_note":"","_monsterinsights_sitenote_category":0,"footnotes":""},"class_list":["post-13","page","type-page","status-publish","hentry"],"yoast_head":"<!-- This site is optimized with the Yoast SEO plugin v19.9 - https:\/\/yoast.com\/wordpress\/plugins\/seo\/ -->\n<title>A fi\u00f3kom &mdash; Dora Silagyi Jewellery<\/title>\n<meta name=\"description\" content=\"Egyszem\u00e9lyes p\u00e9csi \u00e9kszerm\u0171hely. Egyedi tervez\u00e9s\u0171 \u00e9kszer, bespoke eljegyz\u00e9si gy\u0171r\u0171k \u00e9s karikagy\u0171r\u0171k. A kifinomult formavil\u00e1g\u00fa k\u00e9zm\u0171ves technik\u00e1kkal megalkotott darabok, mind alapanyaguk, mind kivitelez\u00e9s\u00fck szempontj\u00e1b\u00f3l a fenntarthat\u00f3s\u00e1g \u00e9s az id\u0151t\u00e1ll\u00f3s\u00e1g jegy\u00e9ben, kiz\u00e1r\u00f3lag nemesf\u00e9m \u00f6tv\u00f6zetekb\u0151l k\u00e9sz\u00fclnek.\" \/>\n<meta name=\"robots\" content=\"index, follow, max-snippet:-1, max-image-preview:large, max-video-preview:-1\" \/>\n<link rel=\"canonical\" href=\"https:\/\/dorasilagyi.hu\/en\/fiokom\/\" \/>\n<meta property=\"og:locale\" content=\"en_GB\" \/>\n<meta property=\"og:type\" content=\"article\" \/>\n<meta property=\"og:title\" content=\"A fi\u00f3kom &mdash; Dora Silagyi Jewellery\" \/>\n<meta property=\"og:description\" content=\"Egyszem\u00e9lyes p\u00e9csi \u00e9kszerm\u0171hely. Egyedi tervez\u00e9s\u0171 \u00e9kszer, bespoke eljegyz\u00e9si gy\u0171r\u0171k \u00e9s karikagy\u0171r\u0171k. A kifinomult formavil\u00e1g\u00fa k\u00e9zm\u0171ves technik\u00e1kkal megalkotott darabok, mind alapanyaguk, mind kivitelez\u00e9s\u00fck szempontj\u00e1b\u00f3l a fenntarthat\u00f3s\u00e1g \u00e9s az id\u0151t\u00e1ll\u00f3s\u00e1g jegy\u00e9ben, kiz\u00e1r\u00f3lag nemesf\u00e9m \u00f6tv\u00f6zetekb\u0151l k\u00e9sz\u00fclnek.\" \/>\n<meta property=\"og:url\" content=\"https:\/\/dorasilagyi.hu\/en\/fiokom\/\" \/>\n<meta property=\"og:site_name\" content=\"Dora Silagyi Jewellery\" \/>\n<meta property=\"article:publisher\" content=\"https:\/\/www.facebook.com\/Dora-Silagyi-Jewellery-109313484673073\" \/>\n<meta name=\"twitter:card\" content=\"summary_large_image\" \/>\n<script type=\"application\/ld+json\" class=\"yoast-schema-graph\">{\"@context\":\"https:\/\/schema.org\",\"@graph\":[{\"@type\":\"WebPage\",\"@id\":\"https:\/\/dorasilagyi.hu\/fiokom\/\",\"url\":\"https:\/\/dorasilagyi.hu\/fiokom\/\",\"name\":\"A fi\u00f3kom &mdash; Dora Silagyi Jewellery\",\"isPartOf\":{\"@id\":\"https:\/\/dorasilagyi.hu\/#website\"},\"datePublished\":\"2021-05-05T13:57:18+00:00\",\"dateModified\":\"2021-05-05T13:57:18+00:00\",\"description\":\"Egyszem\u00e9lyes p\u00e9csi \u00e9kszerm\u0171hely. Egyedi tervez\u00e9s\u0171 \u00e9kszer, bespoke eljegyz\u00e9si gy\u0171r\u0171k \u00e9s karikagy\u0171r\u0171k. A kifinomult formavil\u00e1g\u00fa k\u00e9zm\u0171ves technik\u00e1kkal megalkotott darabok, mind alapanyaguk, mind kivitelez\u00e9s\u00fck szempontj\u00e1b\u00f3l a fenntarthat\u00f3s\u00e1g \u00e9s az id\u0151t\u00e1ll\u00f3s\u00e1g jegy\u00e9ben, kiz\u00e1r\u00f3lag nemesf\u00e9m \u00f6tv\u00f6zetekb\u0151l k\u00e9sz\u00fclnek.\",\"breadcrumb\":{\"@id\":\"https:\/\/dorasilagyi.hu\/fiokom\/#breadcrumb\"},\"inLanguage\":\"en-GB\",\"potentialAction\":[{\"@type\":\"ReadAction\",\"target\":[\"https:\/\/dorasilagyi.hu\/fiokom\/\"]}]},{\"@type\":\"BreadcrumbList\",\"@id\":\"https:\/\/dorasilagyi.hu\/fiokom\/#breadcrumb\",\"itemListElement\":[{\"@type\":\"ListItem\",\"position\":1,\"name\":\"Kezd\u0151lap\",\"item\":\"https:\/\/dorasilagyi.hu\/\"},{\"@type\":\"ListItem\",\"position\":2,\"name\":\"A fi\u00f3kom\"}]},{\"@type\":\"WebSite\",\"@id\":\"https:\/\/dorasilagyi.hu\/#website\",\"url\":\"https:\/\/dorasilagyi.hu\/\",\"name\":\"Dora Silagyi Jewellery\",\"description\":\"Sophisticated, timeless jewellery design\",\"publisher\":{\"@id\":\"https:\/\/dorasilagyi.hu\/#organization\"},\"potentialAction\":[{\"@type\":\"SearchAction\",\"target\":{\"@type\":\"EntryPoint\",\"urlTemplate\":\"https:\/\/dorasilagyi.hu\/?s={search_term_string}\"},\"query-input\":\"required name=search_term_string\"}],\"inLanguage\":\"en-GB\"},{\"@type\":\"Organization\",\"@id\":\"https:\/\/dorasilagyi.hu\/#organization\",\"name\":\"Dora Silagyi Jewellery\",\"url\":\"https:\/\/dorasilagyi.hu\/\",\"logo\":{\"@type\":\"ImageObject\",\"inLanguage\":\"en-GB\",\"@id\":\"https:\/\/dorasilagyi.hu\/#\/schema\/logo\/image\/\",\"url\":\"https:\/\/dorasilagyi.hu\/wp-content\/uploads\/2021\/05\/logowebre.png\",\"contentUrl\":\"https:\/\/dorasilagyi.hu\/wp-content\/uploads\/2021\/05\/logowebre.png\",\"width\":586,\"height\":431,\"caption\":\"Dora Silagyi Jewellery\"},\"image\":{\"@id\":\"https:\/\/dorasilagyi.hu\/#\/schema\/logo\/image\/\"},\"sameAs\":[\"https:\/\/www.instagram.com\/dorasilagyi\/\",\"https:\/\/www.facebook.com\/Dora-Silagyi-Jewellery-109313484673073\"]}]}<\/script>\n<!-- \/ Yoast SEO plugin. -->","yoast_head_json":{"title":"A fi\u00f3kom &mdash; Dora Silagyi Jewellery","description":"Egyszem\u00e9lyes p\u00e9csi \u00e9kszerm\u0171hely. Egyedi tervez\u00e9s\u0171 \u00e9kszer, bespoke eljegyz\u00e9si gy\u0171r\u0171k \u00e9s karikagy\u0171r\u0171k. A kifinomult formavil\u00e1g\u00fa k\u00e9zm\u0171ves technik\u00e1kkal megalkotott darabok, mind alapanyaguk, mind kivitelez\u00e9s\u00fck szempontj\u00e1b\u00f3l a fenntarthat\u00f3s\u00e1g \u00e9s az id\u0151t\u00e1ll\u00f3s\u00e1g jegy\u00e9ben, kiz\u00e1r\u00f3lag nemesf\u00e9m \u00f6tv\u00f6zetekb\u0151l k\u00e9sz\u00fclnek.","robots":{"index":"index","follow":"follow","max-snippet":"max-snippet:-1","max-image-preview":"max-image-preview:large","max-video-preview":"max-video-preview:-1"},"canonical":"https:\/\/dorasilagyi.hu\/en\/fiokom\/","og_locale":"en_GB","og_type":"article","og_title":"A fi\u00f3kom &mdash; Dora Silagyi Jewellery","og_description":"Egyszem\u00e9lyes p\u00e9csi \u00e9kszerm\u0171hely. Egyedi tervez\u00e9s\u0171 \u00e9kszer, bespoke eljegyz\u00e9si gy\u0171r\u0171k \u00e9s karikagy\u0171r\u0171k. A kifinomult formavil\u00e1g\u00fa k\u00e9zm\u0171ves technik\u00e1kkal megalkotott darabok, mind alapanyaguk, mind kivitelez\u00e9s\u00fck szempontj\u00e1b\u00f3l a fenntarthat\u00f3s\u00e1g \u00e9s az id\u0151t\u00e1ll\u00f3s\u00e1g jegy\u00e9ben, kiz\u00e1r\u00f3lag nemesf\u00e9m \u00f6tv\u00f6zetekb\u0151l k\u00e9sz\u00fclnek.","og_url":"https:\/\/dorasilagyi.hu\/en\/fiokom\/","og_site_name":"Dora Silagyi Jewellery","article_publisher":"https:\/\/www.facebook.com\/Dora-Silagyi-Jewellery-109313484673073","twitter_card":"summary_large_image","schema":{"@context":"https:\/\/schema.org","@graph":[{"@type":"WebPage","@id":"https:\/\/dorasilagyi.hu\/fiokom\/","url":"https:\/\/dorasilagyi.hu\/fiokom\/","name":"A fi\u00f3kom &mdash; Dora Silagyi Jewellery","isPartOf":{"@id":"https:\/\/dorasilagyi.hu\/#website"},"datePublished":"2021-05-05T13:57:18+00:00","dateModified":"2021-05-05T13:57:18+00:00","description":"Egyszem\u00e9lyes p\u00e9csi \u00e9kszerm\u0171hely. Egyedi tervez\u00e9s\u0171 \u00e9kszer, bespoke eljegyz\u00e9si gy\u0171r\u0171k \u00e9s karikagy\u0171r\u0171k. A kifinomult formavil\u00e1g\u00fa k\u00e9zm\u0171ves technik\u00e1kkal megalkotott darabok, mind alapanyaguk, mind kivitelez\u00e9s\u00fck szempontj\u00e1b\u00f3l a fenntarthat\u00f3s\u00e1g \u00e9s az id\u0151t\u00e1ll\u00f3s\u00e1g jegy\u00e9ben, kiz\u00e1r\u00f3lag nemesf\u00e9m \u00f6tv\u00f6zetekb\u0151l k\u00e9sz\u00fclnek.","breadcrumb":{"@id":"https:\/\/dorasilagyi.hu\/fiokom\/#breadcrumb"},"inLanguage":"en-GB","potentialAction":[{"@type":"ReadAction","target":["https:\/\/dorasilagyi.hu\/fiokom\/"]}]},{"@type":"BreadcrumbList","@id":"https:\/\/dorasilagyi.hu\/fiokom\/#breadcrumb","itemListElement":[{"@type":"ListItem","position":1,"name":"Kezd\u0151lap","item":"https:\/\/dorasilagyi.hu\/"},{"@type":"ListItem","position":2,"name":"A fi\u00f3kom"}]},{"@type":"WebSite","@id":"https:\/\/dorasilagyi.hu\/#website","url":"https:\/\/dorasilagyi.hu\/","name":"Dora Silagyi Jewellery","description":"Sophisticated, timeless jewellery design","publisher":{"@id":"https:\/\/dorasilagyi.hu\/#organization"},"potentialAction":[{"@type":"SearchAction","target":{"@type":"EntryPoint","urlTemplate":"https:\/\/dorasilagyi.hu\/?s={search_term_string}"},"query-input":"required name=search_term_string"}],"inLanguage":"en-GB"},{"@type":"Organization","@id":"https:\/\/dorasilagyi.hu\/#organization","name":"Dora Silagyi Jewellery","url":"https:\/\/dorasilagyi.hu\/","logo":{"@type":"ImageObject","inLanguage":"en-GB","@id":"https:\/\/dorasilagyi.hu\/#\/schema\/logo\/image\/","url":"https:\/\/dorasilagyi.hu\/wp-content\/uploads\/2021\/05\/logowebre.png","contentUrl":"https:\/\/dorasilagyi.hu\/wp-content\/uploads\/2021\/05\/logowebre.png","width":586,"height":431,"caption":"Dora Silagyi Jewellery"},"image":{"@id":"https:\/\/dorasilagyi.hu\/#\/schema\/logo\/image\/"},"sameAs":["https:\/\/www.instagram.com\/dorasilagyi\/","https:\/\/www.facebook.com\/Dora-Silagyi-Jewellery-109313484673073"]}]}},"_links":{"self":[{"href":"https:\/\/dorasilagyi.hu\/en\/wp-json\/wp\/v2\/pages\/13","targetHints":{"allow":["GET"]}}],"collection":[{"href":"https:\/\/dorasilagyi.hu\/en\/wp-json\/wp\/v2\/pages"}],"about":[{"href":"https:\/\/dorasilagyi.hu\/en\/wp-json\/wp\/v2\/types\/page"}],"author":[{"embeddable":true,"href":"https:\/\/dorasilagyi.hu\/en\/wp-json\/wp\/v2\/users\/1"}],"replies":[{"embeddable":true,"href":"https:\/\/dorasilagyi.hu\/en\/wp-json\/wp\/v2\/comments?post=13"}],"version-history":[{"count":0,"href":"https:\/\/dorasilagyi.hu\/en\/wp-json\/wp\/v2\/pages\/13\/revisions"}],"wp:attachment":[{"href":"https:\/\/dorasilagyi.hu\/en\/wp-json\/wp\/v2\/media?parent=13"}],"curies":[{"name":"wp","href":"https:\/\/api.w.org\/{rel}","templated":true}]}}