{"id":11,"date":"2021-05-05T13:57:18","date_gmt":"2021-05-05T13:57:18","guid":{"rendered":"https:\/\/dorasilagyi.hu\/index.php\/kosar\/"},"modified":"2021-06-26T16:41:02","modified_gmt":"2021-06-26T16:41:02","slug":"kosar","status":"publish","type":"page","link":"https:\/\/dorasilagyi.hu\/en\/kosar\/","title":{"rendered":"Basket"},"content":{"rendered":"<p>[et_pb_section fb_built=\u201d1\u2033 admin_label=\u201dsection\u201d _builder_version=\u201d4.9.4\u2033 custom_margin=\u201d200px||||false|false\u201d custom_margin_tablet=\u201d0px||false|false\u201d custom_margin_phone=\u201d\u201d custom_margin_last_edited=\u201d on|phone\u201d da_disable_devices=\u201doff|off|off\u201d da_is_popup=\u201doff\u201d da_exit_intent=\u201doff\u201d da_has_close=\u201don\u201d da_alt_close=\u201doff\u201d da_dark_close=\u201doff\u201d da_not_modal=\u201don\u201d da_is_singular=\u201doff\u201d da_with_loader=\u201doff\u201d \u201doff\u201d da_has_shadow=\u201don\u201d][et_pb_row _builder_version=\u201d4.9.4\u2033 _module_preset=\u201ddefault\u201d][et_pb_column type=\u201d4_4\u2033 _builder_version=\u201d4.9.4\u2033 _module_preset=\u201ddefault\u201d][et_pb_text _builder_version=\u201d4.9\u201d .4\u2033 _module_preset=\u201ddefault\u201d header_font=\u201d|||||||||\u201d header_text_color=\u201d#000000\u2033 header_font_size=\u201d3vw\u201d header_font_size_tablet=\u201d5vw\u201d header_font_size_phone=\u201d10vw\u201d header_font_size_last_edited=\u201don|phone\u201d]<\/p>\n<h1 style=\"text-align: center;\">Basket<\/h1>\n<p>[\/et_pb_text][\/et_pb_column][\/et_pb_row][et_pb_row column_structure=&#8221;1_2,1_2&#8243; use_custom_gutter=&#8221;on&#8221; gutter_width=&#8221;1&#8243; _builder_version=&#8221;4.9.4&#8243; _module_preset=&#8221;default&#8221; max_width=&#8221;100%&#8221; hover_enabled=&#8221;0&#8243; sticky_enabled=&#8221;0&#8243;][et_pb_column type=&#8221;1_2&#8243; _builder_version=&#8221;4.9.4&#8243; _module_preset=&#8221;default&#8221;][ags_woo_cart_list col_subtotal_state=&#8221;off&#8221; col_name_text=&#8221;TERM\u00c9K&#8221; col_price_text=&#8221;\u00c1R&#8221; col_quantity_text=&#8221;DB&#8221; col_subtotal_text=&#8221;\u00d6SSZESEN&#8221; coupon_code_input_text=&#8221;aj\u00e1nd\u00e9kk\u00e1rtya &#8221; coupon_code_button_text=&#8221;hozz\u00e1ad\u00e1s&#8221; update_cart_button_text=&#8221; &#8221; thumbnail_size=&#8221;200px&#8221; remove_button_icon=&#8221;%%44%%&#8221; remove_button_color=&#8221;#000000&#8243; empty_cart_text=&#8221;A kosarad \u00fcres!&#8221; empty_cart_button_text=&#8221;megyek n\u00e9zel\u0151d\u00f6k&#8221; empty_cart_text_bg_color=&#8221;RGBA(0,0,0,0)&#8221; _builder_version=&#8221;4.9.4&#8243; _module_preset=&#8221;default&#8221; quantity_fields_background_color=&#8221;#FFFFFF&#8221; quantity_fields_text_color=&#8221;#000000&#8243; coupon_fields_background_color=&#8221;#eeeeee&#8221; coupon_fields_text_color=&#8221;#000000&#8243; coupon_fields_focus_background_color=&#8221;#903519&#8243; coupon_fields_focus_text_color=&#8221;#FFFFFF&#8221; coupon_fields_custom_padding=&#8221;||||false|false&#8221; table_headings_font=&#8221;|700||on|||||&#8221; table_headings_text_color=&#8221;#903519&#8243; table_headings_font_size=&#8221;0.7vw&#8221; table_headings_letter_spacing=&#8221;2px&#8221; table_body_text_color=&#8221;#000000&#8243; table_body_font_size=&#8221;0.8vw&#8221; empty_cart_text_font=&#8221;|800||on|||||&#8221; empty_cart_text_text_align=&#8221;left&#8221; empty_cart_text_text_color=&#8221;#000000&#8243; quantity_fields_font_size=&#8221;1vw&#8221; coupon_fields_font=&#8221;|800||on|||||&#8221; coupon_fields_text_align=&#8221;center&#8221; coupon_fields_font_size=&#8221;0.7vw&#8221; coupon_fields_letter_spacing=&#8221;1px&#8221; custom_button_update_cart=&#8221;on&#8221; button_update_cart_text_size=&#8221;0.8vw&#8221; button_update_cart_border_width=&#8221;0px&#8221; button_update_cart_use_icon=&#8221;off&#8221; button_update_cart_custom_padding=&#8221;20px|20px|20px|20px|true|true&#8221; custom_button_apply_coupon=&#8221;on&#8221; button_apply_coupon_text_color=&#8221;#000000&#8243; button_apply_coupon_bg_color=&#8221;RGBA(0,0,0,0)&#8221; button_apply_coupon_border_width=&#8221;1px&#8221; button_apply_coupon_use_icon=&#8221;off&#8221; button_apply_coupon_custom_padding=&#8221;11px||11px||true|false&#8221; hover_enabled=&#8221;0&#8243; table_headings_font_size_tablet=&#8221;3vw&#8221; table_headings_font_size_phone=&#8221;6vw&#8221; table_headings_font_size_last_edited=&#8221;on|phone&#8221; table_body_font_size_tablet=&#8221;1.9vw&#8221; table_body_font_size_phone=&#8221;3.8vw&#8221; table_body_font_size_last_edited=&#8221;on|tablet&#8221; quantity_fields_font_size_tablet=&#8221;2vw&#8221; quantity_fields_font_size_phone=&#8221;4vw&#8221; quantity_fields_font_size_last_edited=&#8221;on|phone&#8221; coupon_fields_font_size_tablet=&#8221;2vw&#8221; coupon_fields_font_size_phone=&#8221;3.1vw&#8221; coupon_fields_font_size_last_edited=&#8221;on|tablet&#8221; button_update_cart_text_size_tablet=&#8221;2.3vw&#8221; button_update_cart_text_size_phone=&#8221;3.9vw&#8221; button_update_cart_text_size_last_edited=&#8221;on|phone&#8221; border_width_all=&#8221;0px&#8221; border_width_all_table=&#8221;0px&#8221; border_radii_coupon_fields=&#8221;on|0px|0px|0px|0px&#8221; border_color_all_coupon_fields=&#8221;#903519&#8243; button_apply_coupon_bg_enable_color=&#8221;on&#8221; button_apply_coupon_font=&#8221;||||||||&#8221; sticky_enabled=&#8221;0&#8243;][\/ags_woo_cart_list][\/et_pb_column][et_pb_column type=&#8221;1_2&#8243; _builder_version=&#8221;4.9.4&#8243; _module_preset=&#8221;default&#8221; custom_padding=&#8221;|40px||40px|false|true&#8221; hover_enabled=&#8221;0&#8243; sticky_enabled=&#8221;0&#8243;][ags_woo_cart_totals cart_totals_title=&#8221;kos\u00e1r \u00f6sszes\u00edt\u00e9se&#8221; cart_totals_subtotal_text=&#8221;Megrendel\u00e9s \u00e9rt\u00e9ke&#8221; cart_totals_total_text=&#8221;\u00d6sszesen&#8221; checkout_button_text=&#8221;Tov\u00e1bb a fizet\u00e9shez&#8221; _builder_version=&#8221;4.9.4&#8243; _module_preset=&#8221;default&#8221; table_headings_font=&#8221;|700||on|||||&#8221; table_headings_text_color=&#8221;#000000&#8243; table_headings_font_size=&#8221;0.7vw&#8221; table_headings_letter_spacing=&#8221;1px&#8221; table_body_text_color=&#8221;#000000&#8243; table_body_font_size=&#8221;0.8vw&#8221; table_links_text_color=&#8221;#000000&#8243; totals_heading_font=&#8221;Montserrat|800||on|||||&#8221; totals_heading_text_align=&#8221;center&#8221; totals_heading_text_color=&#8221;#903519&#8243; totals_heading_font_size=&#8221;1.5vw&#8221; totals_heading_letter_spacing=&#8221;2px&#8221; background_color=&#8221;RGBA(0,0,0,0)&#8221; custom_button_checkout=&#8221;on&#8221; button_checkout_text_color=&#8221;#FFFFFF&#8221; button_checkout_bg_color=&#8221;#903519&#8243; button_checkout_border_width=&#8221;0px&#8221; button_checkout_letter_spacing=&#8221;2px&#8221; button_checkout_font=&#8221;|800||on|||||&#8221; button_checkout_use_icon=&#8221;off&#8221; button_checkout_custom_padding=&#8221;20px||20px||true|false&#8221; width=&#8221;100%&#8221; max_width=&#8221;100%&#8221; module_alignment=&#8221;center&#8221; custom_padding=&#8221;20px|20px|20px|20px|true|true&#8221; custom_padding_tablet=&#8221;|0px||0px|true|true&#8221; custom_padding_phone=&#8221;20px|0px|20px|0px|true|true&#8221; custom_padding_last_edited=&#8221;on|phone&#8221; hover_enabled=&#8221;0&#8243; table_body_font_size_tablet=&#8221;1.9vw&#8221; table_body_font_size_phone=&#8221;3.4vw&#8221; table_body_font_size_last_edited=&#8221;on|phone&#8221; totals_heading_font_size_tablet=&#8221;3vw&#8221; totals_heading_font_size_phone=&#8221;5vw&#8221; totals_heading_font_size_last_edited=&#8221;on|desktop&#8221; disabled_on=&#8221;on|on|off&#8221; button_checkout_custom_padding__hover_enabled=&#8221;off|hover&#8221; sticky_enabled=&#8221;0&#8243; button_checkout_custom_padding__hover=&#8221;20px||20px||true|false&#8221; button_checkout_text_size__hover_enabled=&#8221;off|desktop&#8221;][\/ags_woo_cart_totals][\/et_pb_column][\/et_pb_row][et_pb_row _builder_version=&#8221;4.9.4&#8243; _module_preset=&#8221;default&#8221; max_width=&#8221;100%&#8221; width=&#8221;90%&#8221; hover_enabled=&#8221;0&#8243; sticky_enabled=&#8221;0&#8243;][et_pb_column _builder_version=&#8221;4.9.4&#8243; _module_preset=&#8221;default&#8221; type=&#8221;4_4&#8243;][ags_woo_cart_totals cart_totals_title=&#8221;kos\u00e1r \u00f6sszes\u00edt\u00e9se&#8221; cart_totals_subtotal_text=&#8221;Megrendel\u00e9s \u00e9rt\u00e9ke&#8221; cart_totals_total_text=&#8221;\u00d6sszesen&#8221; checkout_button_text=&#8221;Tov\u00e1bb a fizet\u00e9shez&#8221; _builder_version=&#8221;4.9.4&#8243; _module_preset=&#8221;default&#8221; table_headings_font=&#8221;|700||on|||||&#8221; table_headings_text_color=&#8221;#903519&#8243; table_headings_font_size=&#8221;0.7vw&#8221; table_headings_letter_spacing=&#8221;1px&#8221; table_body_text_color=&#8221;#000000&#8243; table_body_font_size=&#8221;0.8vw&#8221; table_links_text_color=&#8221;#000000&#8243; totals_heading_font=&#8221;Montserrat|800||on|||||&#8221; totals_heading_text_align=&#8221;center&#8221; totals_heading_text_color=&#8221;#903519&#8243; totals_heading_font_size=&#8221;1.5vw&#8221; totals_heading_letter_spacing=&#8221;2px&#8221; background_color=&#8221;RGBA(0,0,0,0)&#8221; custom_button_checkout=&#8221;on&#8221; button_checkout_text_color=&#8221;#FFFFFF&#8221; button_checkout_bg_color=&#8221;#903519&#8243; button_checkout_border_width=&#8221;0px&#8221; button_checkout_letter_spacing=&#8221;2px&#8221; button_checkout_font=&#8221;|800||on|||||&#8221; button_checkout_use_icon=&#8221;off&#8221; button_checkout_custom_padding=&#8221;20px||20px||true|false&#8221; width=&#8221;100%&#8221; max_width=&#8221;100%&#8221; module_alignment=&#8221;center&#8221; custom_padding=&#8221;20px|20px|20px|20px|true|true&#8221; custom_padding_tablet=&#8221;|0px||0px|true|true&#8221; custom_padding_phone=&#8221;20px|0px|20px|0px|true|true&#8221; custom_padding_last_edited=&#8221;on|phone&#8221; hover_enabled=&#8221;0&#8243; table_body_font_size_tablet=&#8221;1.9vw&#8221; table_body_font_size_phone=&#8221;3.4vw&#8221; table_body_font_size_last_edited=&#8221;on|phone&#8221; totals_heading_font_size_tablet=&#8221;3vw&#8221; totals_heading_font_size_phone=&#8221;5vw&#8221; totals_heading_font_size_last_edited=&#8221;on|desktop&#8221; disabled_on=&#8221;off|off|on&#8221; sticky_enabled=&#8221;0&#8243;][\/ags_woo_cart_totals][\/et_pb_column][\/et_pb_row][\/et_pb_section]<\/p>","protected":false},"excerpt":{"rendered":"<p>[et_pb_section fb_built=\u201d1\u2033 admin_label=\u201dsection\u201d _builder_version=\u201d4.9.4\u2033 custom_margin=\u201d200px||||false|false\u201d custom_margin_tablet=\u201d0px||false|false\u201d custom_margin_phone=\u201d\u201d custom_margin_last_edited=\u201d on|phone\u201d da_disable_devices=\u201doff|off|off\u201d da_is_popup=\u201doff\u201d da_exit_intent=\u201doff\u201d da_has_close=\u201don\u201d da_alt_close=\u201doff\u201d da_dark_close=\u201doff\u201d da_not_modal=\u201don\u201d da_is_singular=\u201doff\u201d da_with_loader=\u201doff\u201d \u201doff\u201d da_has_shadow=\u201don\u201d][et_pb_row _builder_version=\u201d4.9.4\u2033 _module_preset=\u201ddefault\u201d][et_pb_column type=\u201d4_4\u2033 _builder_version=\u201d4.9.4\u2033 _module_preset=\u201ddefault\u201d][et_pb_text _builder_version=\u201d4.9\u201d .4\u2033 _module_preset=\u201ddefault\u201d header_font=\u201d|||||||||\u201d header_text_color=\u201d#000000\u2033 header_font_size=\u201d3vw\u201d header_font_size_tablet=\u201d5vw\u201d header_font_size_phone=\u201d10vw\u201d header_font_size_last_edited=\u201don|phone\u201d] Cart [\/et_pb_text][\/et_pb_column][\/et_pb_row][et_pb_row column_structure=\u201d1_2,1_2\u2033 use_custom_gutter=\u201don\u201d gutter_width=\u201d1\u2033 _builder_version=\u201d4.9.4\u2033 _module_preset=\u201ddefault\u201d max_width=\u201d100%\u201d hover_enabled=\u201d0\u2033 sticky_enabled=\u201d0\u2033][et_pb_column type=\u201d1_2\u2033 _builder_version=\u201d4.9.4\u2033 4\u2033 _module_preset=\u201ddefault\u201d][ags_woo_cart_list col_subtotal_state=\u201doff\u201d col_name_text=\u201dPRODUCT\u201d col_price_text=\u201dPRICE\u201d col_quantity_text=\u201dDB\u201d col_subtotal_text=\u201dTOTAL\u201d coupon_code_input_text=\u201dgift card\u201d coupon_code_button_text=\u201dadd\u201d update_cart_button_text=\u201d\u201d thumbnail_size =\u201d200px\u201d [\u2026]<\/p>","protected":false},"author":1,"featured_media":0,"parent":0,"menu_order":0,"comment_status":"closed","ping_status":"closed","template":"","meta":{"_et_pb_use_builder":"on","_et_pb_old_content":"<!-- wp:shortcode -->[woocommerce_cart]<!-- \/wp:shortcode -->","_et_gb_content_width":"","_monsterinsights_skip_tracking":false,"_monsterinsights_sitenote_active":false,"_monsterinsights_sitenote_note":"","_monsterinsights_sitenote_category":0,"footnotes":""},"class_list":["post-11","page","type-page","status-publish","hentry"],"yoast_head":"<!-- This site is optimized with the Yoast SEO plugin v19.9 - https:\/\/yoast.com\/wordpress\/plugins\/seo\/ -->\n<title>Kos\u00e1r &mdash; Dora Silagyi Jewellery<\/title>\n<meta name=\"robots\" content=\"index, follow, max-snippet:-1, max-image-preview:large, max-video-preview:-1\" \/>\n<link rel=\"canonical\" href=\"https:\/\/dorasilagyi.hu\/en\/kosar\/\" \/>\n<meta property=\"og:locale\" content=\"en_GB\" \/>\n<meta property=\"og:type\" content=\"article\" \/>\n<meta property=\"og:title\" content=\"Kos\u00e1r &mdash; Dora Silagyi Jewellery\" \/>\n<meta property=\"og:description\" content=\"[et_pb_section fb_built=&#8221;1&#8243; admin_label=&#8221;section&#8221; _builder_version=&#8221;4.9.4&#8243; custom_margin=&#8221;200px||||false|false&#8221; custom_margin_tablet=&#8221;0px||||false|false&#8221; custom_margin_phone=&#8221;&#8221; custom_margin_last_edited=&#8221;on|phone&#8221; da_disable_devices=&#8221;off|off|off&#8221; da_is_popup=&#8221;off&#8221; da_exit_intent=&#8221;off&#8221; da_has_close=&#8221;on&#8221; da_alt_close=&#8221;off&#8221; da_dark_close=&#8221;off&#8221; da_not_modal=&#8221;on&#8221; da_is_singular=&#8221;off&#8221; da_with_loader=&#8221;off&#8221; da_has_shadow=&#8221;on&#8221;][et_pb_row _builder_version=&#8221;4.9.4&#8243; _module_preset=&#8221;default&#8221;][et_pb_column type=&#8221;4_4&#8243; _builder_version=&#8221;4.9.4&#8243; _module_preset=&#8221;default&#8221;][et_pb_text _builder_version=&#8221;4.9.4&#8243; _module_preset=&#8221;default&#8221; header_font=&#8221;||||||||&#8221; header_text_color=&#8221;#000000&#8243; header_font_size=&#8221;3vw&#8221; header_font_size_tablet=&#8221;5vw&#8221; header_font_size_phone=&#8221;10vw&#8221; header_font_size_last_edited=&#8221;on|phone&#8221;] Kos\u00e1r [\/et_pb_text][\/et_pb_column][\/et_pb_row][et_pb_row column_structure=&#8221;1_2,1_2&#8243; use_custom_gutter=&#8221;on&#8221; gutter_width=&#8221;1&#8243; _builder_version=&#8221;4.9.4&#8243; _module_preset=&#8221;default&#8221; max_width=&#8221;100%&#8221; hover_enabled=&#8221;0&#8243; sticky_enabled=&#8221;0&#8243;][et_pb_column type=&#8221;1_2&#8243; _builder_version=&#8221;4.9.4&#8243; _module_preset=&#8221;default&#8221;][ags_woo_cart_list col_subtotal_state=&#8221;off&#8221; col_name_text=&#8221;TERM\u00c9K&#8221; col_price_text=&#8221;\u00c1R&#8221; col_quantity_text=&#8221;DB&#8221; col_subtotal_text=&#8221;\u00d6SSZESEN&#8221; coupon_code_input_text=&#8221;aj\u00e1nd\u00e9kk\u00e1rtya &#8221; coupon_code_button_text=&#8221;hozz\u00e1ad\u00e1s&#8221; update_cart_button_text=&#8221; &#8221; thumbnail_size=&#8221;200px&#8221; [&hellip;]\" \/>\n<meta property=\"og:url\" content=\"https:\/\/dorasilagyi.hu\/en\/kosar\/\" \/>\n<meta property=\"og:site_name\" content=\"Dora Silagyi Jewellery\" \/>\n<meta property=\"article:publisher\" content=\"https:\/\/www.facebook.com\/Dora-Silagyi-Jewellery-109313484673073\" \/>\n<meta property=\"article:modified_time\" content=\"2021-06-26T16:41:02+00:00\" \/>\n<meta name=\"twitter:card\" content=\"summary_large_image\" \/>\n<meta name=\"twitter:label1\" content=\"Estimated reading time\" \/>\n\t<meta name=\"twitter:data1\" content=\"5 minutes\" \/>\n<script type=\"application\/ld+json\" class=\"yoast-schema-graph\">{\"@context\":\"https:\/\/schema.org\",\"@graph\":[{\"@type\":\"WebPage\",\"@id\":\"https:\/\/dorasilagyi.hu\/kosar\/\",\"url\":\"https:\/\/dorasilagyi.hu\/kosar\/\",\"name\":\"Kos\u00e1r &mdash; Dora Silagyi Jewellery\",\"isPartOf\":{\"@id\":\"https:\/\/dorasilagyi.hu\/#website\"},\"datePublished\":\"2021-05-05T13:57:18+00:00\",\"dateModified\":\"2021-06-26T16:41:02+00:00\",\"breadcrumb\":{\"@id\":\"https:\/\/dorasilagyi.hu\/kosar\/#breadcrumb\"},\"inLanguage\":\"en-GB\",\"potentialAction\":[{\"@type\":\"ReadAction\",\"target\":[\"https:\/\/dorasilagyi.hu\/kosar\/\"]}]},{\"@type\":\"BreadcrumbList\",\"@id\":\"https:\/\/dorasilagyi.hu\/kosar\/#breadcrumb\",\"itemListElement\":[{\"@type\":\"ListItem\",\"position\":1,\"name\":\"Kezd\u0151lap\",\"item\":\"https:\/\/dorasilagyi.hu\/\"},{\"@type\":\"ListItem\",\"position\":2,\"name\":\"Kos\u00e1r\"}]},{\"@type\":\"WebSite\",\"@id\":\"https:\/\/dorasilagyi.hu\/#website\",\"url\":\"https:\/\/dorasilagyi.hu\/\",\"name\":\"Dora Silagyi Jewellery\",\"description\":\"Sophisticated, timeless jewellery design\",\"publisher\":{\"@id\":\"https:\/\/dorasilagyi.hu\/#organization\"},\"potentialAction\":[{\"@type\":\"SearchAction\",\"target\":{\"@type\":\"EntryPoint\",\"urlTemplate\":\"https:\/\/dorasilagyi.hu\/?s={search_term_string}\"},\"query-input\":\"required name=search_term_string\"}],\"inLanguage\":\"en-GB\"},{\"@type\":\"Organization\",\"@id\":\"https:\/\/dorasilagyi.hu\/#organization\",\"name\":\"Dora Silagyi Jewellery\",\"url\":\"https:\/\/dorasilagyi.hu\/\",\"logo\":{\"@type\":\"ImageObject\",\"inLanguage\":\"en-GB\",\"@id\":\"https:\/\/dorasilagyi.hu\/#\/schema\/logo\/image\/\",\"url\":\"https:\/\/dorasilagyi.hu\/wp-content\/uploads\/2021\/05\/logowebre.png\",\"contentUrl\":\"https:\/\/dorasilagyi.hu\/wp-content\/uploads\/2021\/05\/logowebre.png\",\"width\":586,\"height\":431,\"caption\":\"Dora Silagyi Jewellery\"},\"image\":{\"@id\":\"https:\/\/dorasilagyi.hu\/#\/schema\/logo\/image\/\"},\"sameAs\":[\"https:\/\/www.instagram.com\/dorasilagyi\/\",\"https:\/\/www.facebook.com\/Dora-Silagyi-Jewellery-109313484673073\"]}]}<\/script>\n<!-- \/ Yoast SEO plugin. -->","yoast_head_json":{"title":"Kos\u00e1r &mdash; Dora Silagyi Jewellery","robots":{"index":"index","follow":"follow","max-snippet":"max-snippet:-1","max-image-preview":"max-image-preview:large","max-video-preview":"max-video-preview:-1"},"canonical":"https:\/\/dorasilagyi.hu\/en\/kosar\/","og_locale":"en_GB","og_type":"article","og_title":"Kos\u00e1r &mdash; Dora Silagyi Jewellery","og_description":"[et_pb_section fb_built=&#8221;1&#8243; admin_label=&#8221;section&#8221; _builder_version=&#8221;4.9.4&#8243; custom_margin=&#8221;200px||||false|false&#8221; custom_margin_tablet=&#8221;0px||||false|false&#8221; custom_margin_phone=&#8221;&#8221; custom_margin_last_edited=&#8221;on|phone&#8221; da_disable_devices=&#8221;off|off|off&#8221; da_is_popup=&#8221;off&#8221; da_exit_intent=&#8221;off&#8221; da_has_close=&#8221;on&#8221; da_alt_close=&#8221;off&#8221; da_dark_close=&#8221;off&#8221; da_not_modal=&#8221;on&#8221; da_is_singular=&#8221;off&#8221; da_with_loader=&#8221;off&#8221; da_has_shadow=&#8221;on&#8221;][et_pb_row _builder_version=&#8221;4.9.4&#8243; _module_preset=&#8221;default&#8221;][et_pb_column type=&#8221;4_4&#8243; _builder_version=&#8221;4.9.4&#8243; _module_preset=&#8221;default&#8221;][et_pb_text _builder_version=&#8221;4.9.4&#8243; _module_preset=&#8221;default&#8221; header_font=&#8221;||||||||&#8221; header_text_color=&#8221;#000000&#8243; header_font_size=&#8221;3vw&#8221; header_font_size_tablet=&#8221;5vw&#8221; header_font_size_phone=&#8221;10vw&#8221; header_font_size_last_edited=&#8221;on|phone&#8221;] Kos\u00e1r [\/et_pb_text][\/et_pb_column][\/et_pb_row][et_pb_row column_structure=&#8221;1_2,1_2&#8243; use_custom_gutter=&#8221;on&#8221; gutter_width=&#8221;1&#8243; _builder_version=&#8221;4.9.4&#8243; _module_preset=&#8221;default&#8221; max_width=&#8221;100%&#8221; hover_enabled=&#8221;0&#8243; sticky_enabled=&#8221;0&#8243;][et_pb_column type=&#8221;1_2&#8243; _builder_version=&#8221;4.9.4&#8243; _module_preset=&#8221;default&#8221;][ags_woo_cart_list col_subtotal_state=&#8221;off&#8221; col_name_text=&#8221;TERM\u00c9K&#8221; col_price_text=&#8221;\u00c1R&#8221; col_quantity_text=&#8221;DB&#8221; col_subtotal_text=&#8221;\u00d6SSZESEN&#8221; coupon_code_input_text=&#8221;aj\u00e1nd\u00e9kk\u00e1rtya &#8221; coupon_code_button_text=&#8221;hozz\u00e1ad\u00e1s&#8221; update_cart_button_text=&#8221; &#8221; thumbnail_size=&#8221;200px&#8221; [&hellip;]","og_url":"https:\/\/dorasilagyi.hu\/en\/kosar\/","og_site_name":"Dora Silagyi Jewellery","article_publisher":"https:\/\/www.facebook.com\/Dora-Silagyi-Jewellery-109313484673073","article_modified_time":"2021-06-26T16:41:02+00:00","twitter_card":"summary_large_image","twitter_misc":{"Estimated reading time":"5 minutes"},"schema":{"@context":"https:\/\/schema.org","@graph":[{"@type":"WebPage","@id":"https:\/\/dorasilagyi.hu\/kosar\/","url":"https:\/\/dorasilagyi.hu\/kosar\/","name":"Kos\u00e1r &mdash; Dora Silagyi Jewellery","isPartOf":{"@id":"https:\/\/dorasilagyi.hu\/#website"},"datePublished":"2021-05-05T13:57:18+00:00","dateModified":"2021-06-26T16:41:02+00:00","breadcrumb":{"@id":"https:\/\/dorasilagyi.hu\/kosar\/#breadcrumb"},"inLanguage":"en-GB","potentialAction":[{"@type":"ReadAction","target":["https:\/\/dorasilagyi.hu\/kosar\/"]}]},{"@type":"BreadcrumbList","@id":"https:\/\/dorasilagyi.hu\/kosar\/#breadcrumb","itemListElement":[{"@type":"ListItem","position":1,"name":"Kezd\u0151lap","item":"https:\/\/dorasilagyi.hu\/"},{"@type":"ListItem","position":2,"name":"Kos\u00e1r"}]},{"@type":"WebSite","@id":"https:\/\/dorasilagyi.hu\/#website","url":"https:\/\/dorasilagyi.hu\/","name":"Dora Silagyi Jewellery","description":"Sophisticated, timeless jewellery design","publisher":{"@id":"https:\/\/dorasilagyi.hu\/#organization"},"potentialAction":[{"@type":"SearchAction","target":{"@type":"EntryPoint","urlTemplate":"https:\/\/dorasilagyi.hu\/?s={search_term_string}"},"query-input":"required name=search_term_string"}],"inLanguage":"en-GB"},{"@type":"Organization","@id":"https:\/\/dorasilagyi.hu\/#organization","name":"Dora Silagyi Jewellery","url":"https:\/\/dorasilagyi.hu\/","logo":{"@type":"ImageObject","inLanguage":"en-GB","@id":"https:\/\/dorasilagyi.hu\/#\/schema\/logo\/image\/","url":"https:\/\/dorasilagyi.hu\/wp-content\/uploads\/2021\/05\/logowebre.png","contentUrl":"https:\/\/dorasilagyi.hu\/wp-content\/uploads\/2021\/05\/logowebre.png","width":586,"height":431,"caption":"Dora Silagyi Jewellery"},"image":{"@id":"https:\/\/dorasilagyi.hu\/#\/schema\/logo\/image\/"},"sameAs":["https:\/\/www.instagram.com\/dorasilagyi\/","https:\/\/www.facebook.com\/Dora-Silagyi-Jewellery-109313484673073"]}]}},"_links":{"self":[{"href":"https:\/\/dorasilagyi.hu\/en\/wp-json\/wp\/v2\/pages\/11","targetHints":{"allow":["GET"]}}],"collection":[{"href":"https:\/\/dorasilagyi.hu\/en\/wp-json\/wp\/v2\/pages"}],"about":[{"href":"https:\/\/dorasilagyi.hu\/en\/wp-json\/wp\/v2\/types\/page"}],"author":[{"embeddable":true,"href":"https:\/\/dorasilagyi.hu\/en\/wp-json\/wp\/v2\/users\/1"}],"replies":[{"embeddable":true,"href":"https:\/\/dorasilagyi.hu\/en\/wp-json\/wp\/v2\/comments?post=11"}],"version-history":[{"count":46,"href":"https:\/\/dorasilagyi.hu\/en\/wp-json\/wp\/v2\/pages\/11\/revisions"}],"predecessor-version":[{"id":229197,"href":"https:\/\/dorasilagyi.hu\/en\/wp-json\/wp\/v2\/pages\/11\/revisions\/229197"}],"wp:attachment":[{"href":"https:\/\/dorasilagyi.hu\/en\/wp-json\/wp\/v2\/media?parent=11"}],"curies":[{"name":"wp","href":"https:\/\/api.w.org\/{rel}","templated":true}]}}